{"id":20192,"date":"2017-10-03T16:58:39","date_gmt":"2017-10-03T16:58:39","guid":{"rendered":"https:\/\/www.navarroaubanell.com\/producto\/dome\/"},"modified":"2024-10-01T17:33:31","modified_gmt":"2024-10-01T15:33:31","slug":"cadira-dome-pedrali-navarroaubanell","status":"publish","type":"product","link":"https:\/\/www.navarroaubanell.com\/ca\/producte\/cadira-dome-pedrali-navarroaubanell\/","title":{"rendered":"Cadira Dome"},"content":{"rendered":"<h5>Cadira Dome: Eleg\u00e0ncia i Funcionalitat Inspirades en la Tradici\u00f3<\/h5>\n<p>La<strong> cadira Dome<\/strong>, una joia dins de la prestigiosa <a href=\"https:\/\/www.navarroaubanell.com\/ca\/?post_type=product&amp;p=34474&amp;preview=true\">fam\u00edlia Dome<\/a>, evoquen la gloriosa tradici\u00f3 de les cadires <span class=\"hiddenSpellError\">bistr\u00f3<\/span>\u00a0amb les seves siluetes arquejades i la seva est\u00e8tica distintiva que recorda a les c\u00fapules dels monuments m\u00e9s emblem\u00e0tics.<\/p>\n<h5>Durabilitat i Seguretat d&#8217;Alta Qualitat<\/h5>\n<p>Fabricats mitjan\u00e7ant <strong>emmotllament d&#8217;injecci\u00f3<\/strong>, aquestes cadires asseguren una estructura forta, compacta i resistent. L&#8217;\u00fas de <strong>polipropil\u00e8<\/strong> refor\u00e7at amb<strong> fibra de vid<\/strong>re no sols proporciona comoditat, sin\u00f3 tamb\u00e9 una durabilitat i seguretat incomparables, garantint que les teves <strong>cadires Dome<\/strong> es mantinguin en perfecte estat al llarg del temps.<\/p>\n<h5>Perfectes per a Qualsevol Espai, Interior o Exterior<\/h5>\n<p>L&#8217;estructura de les<strong> cadires Dome<\/strong> est\u00e0 envernissada amb una <strong>pintura <span class=\"hiddenSpellError\">microtexturada<\/span><\/strong>\u00a0especialment dissenyada per a exteriors, permetent que puguis decorar la teva terrassa sense preocupacions. A m\u00e9s, per a aquelles situacions que requereixen un extra de seguretat, comptem amb una<strong> versi\u00f3 ign\u00edfuga<\/strong> en elegant color blanc.<\/p>\n<h5>Protecci\u00f3 i Facilitat de Magatzematge<\/h5>\n<p>Est\u00e0 equipat amb dos tractaments clau:\u00a0<strong>antiest\u00e0tic<\/strong>, per a la correcta dissipaci\u00f3 de c\u00e0rregues electroest\u00e0tiques, i\u00a0<strong>antiraigs UV<\/strong>, garantint que pugui resistir condicions exteriors sense perdre la seva bellesa i funcionalitat. A m\u00e9s, per a protegir les superf\u00edcies i garantir la durabilitat de les cadires, les potes estan equipades amb <strong>tacs de polietil\u00e8<\/strong>. Aquestes cadires s\u00f3n tamb\u00e9 <strong>apilables<\/strong>, facilitant el seu magatzematge i permetent-te guardar-los de manera pr\u00e0ctica i eficient quan no estan en \u00fas.<\/p>\n<h5>Dues Versions, Un\u00a0Mateix Estil Inconfusible<\/h5>\n<p>La <strong>cadira Dome<\/strong> est\u00e0 disponible en <strong>dues versions<\/strong>: una amb<strong> estructura llisa<\/strong> i una altra amb <strong>estructura perforada,<\/strong> oferint opcions que s&#8217;adapten a diversos gustos i necessitats, sense perdre l&#8217;estil i l&#8217;eleg\u00e0ncia que caracteritzen a la fam\u00edlia Dome.<\/p>\n<h5><strong>Transforma els teus Espais amb les Cadires Dome: On Tradici\u00f3 i Modernitat es Troben<\/strong><\/h5>\n<p>Fitxa t\u00e8cnica:<\/p>\n<ul>\n<li><strong>Estructura llisa:<\/strong><a href=\"https:\/\/cdn-assets.pedrali.com\/media\/pedrali\/media\/assets\/originals\/documenti\/st\/st-dome-260-260-cl1.pdf\"> https:\/\/cdn-assets.pedrali.com\/media\/pedrali\/media\/assets\/originals\/documenti\/st\/st-dome-260-260-cl1.pdf<\/a><\/li>\n<li><strong>Estructura perforada<\/strong>:<a href=\"https:\/\/cdn-assets.pedrali.com\/media\/pedrali\/media\/assets\/originals\/documenti\/st\/st-dome-261.pdf\"> https:\/\/cdn-assets.pedrali.com\/media\/pedrali\/media\/assets\/originals\/documenti\/st\/st-dome-261.pdf<\/a><\/li>\n<\/ul>\n","protected":false},"excerpt":{"rendered":"<p>&nbsp;<\/p>\n<p>&nbsp;<\/p>\n","protected":false},"featured_media":34479,"template":"","meta":{"_acf_changed":false},"product_brand":[882],"product_cat":[563],"product_tag":[1263,587,866,618,629,640,834,720,729],"class_list":{"0":"post-20192","1":"product","2":"type-product","3":"status-publish","4":"has-post-thumbnail","6":"product_brand-pedrali-ca","7":"product_cat-exterior-ca","8":"product_tag-anti-rayos-uv-ca","9":"product_tag-apilable-ca","10":"product_tag-cadires","11":"product_tag-contract-ca","12":"product_tag-dome-ca","13":"product_tag-exterior-ca","14":"product_tag-ignifuga-ca","15":"product_tag-outdoor-ca","16":"product_tag-pedrali-ca","17":"description-off","19":"first","20":"instock","21":"shipping-taxable","22":"product-type-simple"},"acf":[],"yoast_head":"<!-- This site is optimized with the Yoast SEO plugin v27.0 - https:\/\/yoast.com\/product\/yoast-seo-wordpress\/ -->\n<title>Cadira Dome, Pedrali - Navarro Aubanell<\/title>\n<meta name=\"description\" content=\"Cadira Dome: resist\u00e8ncia i eleg\u00e0ncia en un sol producte. Polipropil\u00e8 refor\u00e7at amb fibra de vidre. Disponible amb suport llis o perforat.\" \/>\n<meta name=\"robots\" content=\"index, follow, max-snippet:-1, max-image-preview:large, max-video-preview:-1\" \/>\n<link rel=\"canonical\" href=\"https:\/\/www.navarroaubanell.com\/ca\/producte\/cadira-dome-pedrali-navarroaubanell\/\" \/>\n<meta property=\"og:locale\" content=\"ca_ES\" \/>\n<meta property=\"og:type\" content=\"article\" \/>\n<meta property=\"og:title\" content=\"Cadira Dome, Pedrali - Navarro Aubanell\" \/>\n<meta property=\"og:description\" content=\"Cadira Dome: resist\u00e8ncia i eleg\u00e0ncia en un sol producte. Polipropil\u00e8 refor\u00e7at amb fibra de vidre. Disponible amb suport llis o perforat.\" \/>\n<meta property=\"og:url\" content=\"https:\/\/www.navarroaubanell.com\/ca\/producte\/cadira-dome-pedrali-navarroaubanell\/\" \/>\n<meta property=\"og:site_name\" content=\"Navarro Aubanell\" \/>\n<meta property=\"article:modified_time\" content=\"2024-10-01T15:33:31+00:00\" \/>\n<meta property=\"og:image\" content=\"https:\/\/www.navarroaubanell.com\/wp-content\/uploads\/2017\/10\/Dome-260_VE.jpg\" \/>\n\t<meta property=\"og:image:width\" content=\"800\" \/>\n\t<meta property=\"og:image:height\" content=\"650\" \/>\n\t<meta property=\"og:image:type\" content=\"image\/jpeg\" \/>\n<meta name=\"twitter:label1\" content=\"Est. reading time\" \/>\n\t<meta name=\"twitter:data1\" content=\"2 minutes\" \/>\n<script type=\"application\/ld+json\" class=\"yoast-schema-graph\">{\"@context\":\"https:\/\/schema.org\",\"@graph\":[{\"@type\":\"WebPage\",\"@id\":\"https:\/\/www.navarroaubanell.com\/ca\/producte\/cadira-dome-pedrali-navarroaubanell\/\",\"url\":\"https:\/\/www.navarroaubanell.com\/ca\/producte\/cadira-dome-pedrali-navarroaubanell\/\",\"name\":\"Cadira Dome, Pedrali - Navarro Aubanell\",\"isPartOf\":{\"@id\":\"https:\/\/www.navarroaubanell.com\/ca\/#website\"},\"primaryImageOfPage\":{\"@id\":\"https:\/\/www.navarroaubanell.com\/ca\/producte\/cadira-dome-pedrali-navarroaubanell\/#primaryimage\"},\"image\":{\"@id\":\"https:\/\/www.navarroaubanell.com\/ca\/producte\/cadira-dome-pedrali-navarroaubanell\/#primaryimage\"},\"thumbnailUrl\":\"https:\/\/www.navarroaubanell.com\/wp-content\/uploads\/2017\/10\/Dome-260_VE.jpg\",\"datePublished\":\"2017-10-03T16:58:39+00:00\",\"dateModified\":\"2024-10-01T15:33:31+00:00\",\"description\":\"Cadira Dome: resist\u00e8ncia i eleg\u00e0ncia en un sol producte. Polipropil\u00e8 refor\u00e7at amb fibra de vidre. Disponible amb suport llis o perforat.\",\"breadcrumb\":{\"@id\":\"https:\/\/www.navarroaubanell.com\/ca\/producte\/cadira-dome-pedrali-navarroaubanell\/#breadcrumb\"},\"inLanguage\":\"ca\",\"potentialAction\":[{\"@type\":\"ReadAction\",\"target\":[\"https:\/\/www.navarroaubanell.com\/ca\/producte\/cadira-dome-pedrali-navarroaubanell\/\"]}]},{\"@type\":\"ImageObject\",\"inLanguage\":\"ca\",\"@id\":\"https:\/\/www.navarroaubanell.com\/ca\/producte\/cadira-dome-pedrali-navarroaubanell\/#primaryimage\",\"url\":\"https:\/\/www.navarroaubanell.com\/wp-content\/uploads\/2017\/10\/Dome-260_VE.jpg\",\"contentUrl\":\"https:\/\/www.navarroaubanell.com\/wp-content\/uploads\/2017\/10\/Dome-260_VE.jpg\",\"width\":800,\"height\":650},{\"@type\":\"BreadcrumbList\",\"@id\":\"https:\/\/www.navarroaubanell.com\/ca\/producte\/cadira-dome-pedrali-navarroaubanell\/#breadcrumb\",\"itemListElement\":[{\"@type\":\"ListItem\",\"position\":1,\"name\":\"Portada\",\"item\":\"https:\/\/www.navarroaubanell.com\/ca\/\"},{\"@type\":\"ListItem\",\"position\":2,\"name\":\"Productes\",\"item\":\"https:\/\/www.navarroaubanell.com\/productos\/\"},{\"@type\":\"ListItem\",\"position\":3,\"name\":\"Cadira Dome\"}]},{\"@type\":\"WebSite\",\"@id\":\"https:\/\/www.navarroaubanell.com\/ca\/#website\",\"url\":\"https:\/\/www.navarroaubanell.com\/ca\/\",\"name\":\"Navarro Aubanell\",\"description\":\"Mobiliario para hoteler\u00eda, colectividades y oficinas\",\"publisher\":{\"@id\":\"https:\/\/www.navarroaubanell.com\/ca\/#organization\"},\"potentialAction\":[{\"@type\":\"SearchAction\",\"target\":{\"@type\":\"EntryPoint\",\"urlTemplate\":\"https:\/\/www.navarroaubanell.com\/ca\/?s={search_term_string}\"},\"query-input\":{\"@type\":\"PropertyValueSpecification\",\"valueRequired\":true,\"valueName\":\"search_term_string\"}}],\"inLanguage\":\"ca\"},{\"@type\":\"Organization\",\"@id\":\"https:\/\/www.navarroaubanell.com\/ca\/#organization\",\"name\":\"COMERCIAL NAVARRO AUBANELL, S.A\",\"url\":\"https:\/\/www.navarroaubanell.com\/ca\/\",\"logo\":{\"@type\":\"ImageObject\",\"inLanguage\":\"ca\",\"@id\":\"https:\/\/www.navarroaubanell.com\/ca\/#\/schema\/logo\/image\/\",\"url\":\"https:\/\/www.navarroaubanell.com\/wp-content\/uploads\/2017\/07\/logo-navarro-aubuanell.png\",\"contentUrl\":\"https:\/\/www.navarroaubanell.com\/wp-content\/uploads\/2017\/07\/logo-navarro-aubuanell.png\",\"width\":6304,\"height\":1154,\"caption\":\"COMERCIAL NAVARRO AUBANELL, S.A\"},\"image\":{\"@id\":\"https:\/\/www.navarroaubanell.com\/ca\/#\/schema\/logo\/image\/\"}}]}<\/script>\n<!-- \/ Yoast SEO plugin. -->","yoast_head_json":{"title":"Cadira Dome, Pedrali - Navarro Aubanell","description":"Cadira Dome: resist\u00e8ncia i eleg\u00e0ncia en un sol producte. Polipropil\u00e8 refor\u00e7at amb fibra de vidre. Disponible amb suport llis o perforat.","robots":{"index":"index","follow":"follow","max-snippet":"max-snippet:-1","max-image-preview":"max-image-preview:large","max-video-preview":"max-video-preview:-1"},"canonical":"https:\/\/www.navarroaubanell.com\/ca\/producte\/cadira-dome-pedrali-navarroaubanell\/","og_locale":"ca_ES","og_type":"article","og_title":"Cadira Dome, Pedrali - Navarro Aubanell","og_description":"Cadira Dome: resist\u00e8ncia i eleg\u00e0ncia en un sol producte. Polipropil\u00e8 refor\u00e7at amb fibra de vidre. Disponible amb suport llis o perforat.","og_url":"https:\/\/www.navarroaubanell.com\/ca\/producte\/cadira-dome-pedrali-navarroaubanell\/","og_site_name":"Navarro Aubanell","article_modified_time":"2024-10-01T15:33:31+00:00","og_image":[{"width":800,"height":650,"url":"https:\/\/www.navarroaubanell.com\/wp-content\/uploads\/2017\/10\/Dome-260_VE.jpg","type":"image\/jpeg"}],"twitter_misc":{"Est. reading time":"2 minutes"},"schema":{"@context":"https:\/\/schema.org","@graph":[{"@type":"WebPage","@id":"https:\/\/www.navarroaubanell.com\/ca\/producte\/cadira-dome-pedrali-navarroaubanell\/","url":"https:\/\/www.navarroaubanell.com\/ca\/producte\/cadira-dome-pedrali-navarroaubanell\/","name":"Cadira Dome, Pedrali - Navarro Aubanell","isPartOf":{"@id":"https:\/\/www.navarroaubanell.com\/ca\/#website"},"primaryImageOfPage":{"@id":"https:\/\/www.navarroaubanell.com\/ca\/producte\/cadira-dome-pedrali-navarroaubanell\/#primaryimage"},"image":{"@id":"https:\/\/www.navarroaubanell.com\/ca\/producte\/cadira-dome-pedrali-navarroaubanell\/#primaryimage"},"thumbnailUrl":"https:\/\/www.navarroaubanell.com\/wp-content\/uploads\/2017\/10\/Dome-260_VE.jpg","datePublished":"2017-10-03T16:58:39+00:00","dateModified":"2024-10-01T15:33:31+00:00","description":"Cadira Dome: resist\u00e8ncia i eleg\u00e0ncia en un sol producte. Polipropil\u00e8 refor\u00e7at amb fibra de vidre. Disponible amb suport llis o perforat.","breadcrumb":{"@id":"https:\/\/www.navarroaubanell.com\/ca\/producte\/cadira-dome-pedrali-navarroaubanell\/#breadcrumb"},"inLanguage":"ca","potentialAction":[{"@type":"ReadAction","target":["https:\/\/www.navarroaubanell.com\/ca\/producte\/cadira-dome-pedrali-navarroaubanell\/"]}]},{"@type":"ImageObject","inLanguage":"ca","@id":"https:\/\/www.navarroaubanell.com\/ca\/producte\/cadira-dome-pedrali-navarroaubanell\/#primaryimage","url":"https:\/\/www.navarroaubanell.com\/wp-content\/uploads\/2017\/10\/Dome-260_VE.jpg","contentUrl":"https:\/\/www.navarroaubanell.com\/wp-content\/uploads\/2017\/10\/Dome-260_VE.jpg","width":800,"height":650},{"@type":"BreadcrumbList","@id":"https:\/\/www.navarroaubanell.com\/ca\/producte\/cadira-dome-pedrali-navarroaubanell\/#breadcrumb","itemListElement":[{"@type":"ListItem","position":1,"name":"Portada","item":"https:\/\/www.navarroaubanell.com\/ca\/"},{"@type":"ListItem","position":2,"name":"Productes","item":"https:\/\/www.navarroaubanell.com\/productos\/"},{"@type":"ListItem","position":3,"name":"Cadira Dome"}]},{"@type":"WebSite","@id":"https:\/\/www.navarroaubanell.com\/ca\/#website","url":"https:\/\/www.navarroaubanell.com\/ca\/","name":"Navarro Aubanell","description":"Mobiliario para hoteler\u00eda, colectividades y oficinas","publisher":{"@id":"https:\/\/www.navarroaubanell.com\/ca\/#organization"},"potentialAction":[{"@type":"SearchAction","target":{"@type":"EntryPoint","urlTemplate":"https:\/\/www.navarroaubanell.com\/ca\/?s={search_term_string}"},"query-input":{"@type":"PropertyValueSpecification","valueRequired":true,"valueName":"search_term_string"}}],"inLanguage":"ca"},{"@type":"Organization","@id":"https:\/\/www.navarroaubanell.com\/ca\/#organization","name":"COMERCIAL NAVARRO AUBANELL, S.A","url":"https:\/\/www.navarroaubanell.com\/ca\/","logo":{"@type":"ImageObject","inLanguage":"ca","@id":"https:\/\/www.navarroaubanell.com\/ca\/#\/schema\/logo\/image\/","url":"https:\/\/www.navarroaubanell.com\/wp-content\/uploads\/2017\/07\/logo-navarro-aubuanell.png","contentUrl":"https:\/\/www.navarroaubanell.com\/wp-content\/uploads\/2017\/07\/logo-navarro-aubuanell.png","width":6304,"height":1154,"caption":"COMERCIAL NAVARRO AUBANELL, S.A"},"image":{"@id":"https:\/\/www.navarroaubanell.com\/ca\/#\/schema\/logo\/image\/"}}]}},"_links":{"self":[{"href":"https:\/\/www.navarroaubanell.com\/ca\/wp-json\/wp\/v2\/product\/20192","targetHints":{"allow":["GET"]}}],"collection":[{"href":"https:\/\/www.navarroaubanell.com\/ca\/wp-json\/wp\/v2\/product"}],"about":[{"href":"https:\/\/www.navarroaubanell.com\/ca\/wp-json\/wp\/v2\/types\/product"}],"wp:featuredmedia":[{"embeddable":true,"href":"https:\/\/www.navarroaubanell.com\/ca\/wp-json\/wp\/v2\/media\/34479"}],"wp:attachment":[{"href":"https:\/\/www.navarroaubanell.com\/ca\/wp-json\/wp\/v2\/media?parent=20192"}],"wp:term":[{"taxonomy":"product_brand","embeddable":true,"href":"https:\/\/www.navarroaubanell.com\/ca\/wp-json\/wp\/v2\/product_brand?post=20192"},{"taxonomy":"product_cat","embeddable":true,"href":"https:\/\/www.navarroaubanell.com\/ca\/wp-json\/wp\/v2\/product_cat?post=20192"},{"taxonomy":"product_tag","embeddable":true,"href":"https:\/\/www.navarroaubanell.com\/ca\/wp-json\/wp\/v2\/product_tag?post=20192"}],"curies":[{"name":"wp","href":"https:\/\/api.w.org\/{rel}","templated":true}]}}