{"id":20189,"date":"2017-10-03T18:16:37","date_gmt":"2017-10-03T18:16:37","guid":{"rendered":"https:\/\/www.navarroaubanell.com\/producto\/nolita-silla\/"},"modified":"2024-10-01T17:29:20","modified_gmt":"2024-10-01T15:29:20","slug":"cadires-nolita-pedrali-navarroaubanell","status":"publish","type":"product","link":"https:\/\/www.navarroaubanell.com\/ca\/producte\/cadires-nolita-pedrali-navarroaubanell\/","title":{"rendered":"Cadires Nolita"},"content":{"rendered":"<p><strong>Descobreix l&#8217;Eleg\u00e0ncia i Funcionalitat de les Cadires\u00a0Nolita\u00a0de\u00a0Pedrali<\/strong><\/p>\n<p>La <a href=\"https:\/\/www.navarroaubanell.com\/ca\/producte\/familia-nolita-pedrali-navarroaubanell\/\">fam\u00edlia\u00a0Nolita\u00a0<\/a>presenta<strong> dues opcions<\/strong> de cadires que destaquen pel seu disseny i robustesa. La cadira de <strong>respatller baix<\/strong> i la cadira de <strong>respatller alt<\/strong>. Totes dues versions comparteixen una estructura de tub d<strong>&#8216;acer galvanitzat<\/strong> de\u00a0\u00d816\u00a0mm, recoberta amb un <strong>vern\u00eds en pols<\/strong> especialment preparat per a resistir les <strong>condicions exteriors.<\/strong><\/p>\n<p>Cada<strong> cadira\u00a0Nolita<\/strong> compta amb tacs de\u00a0<strong>tecnopol\u00edmer<\/strong>, que no sols protegeixen la cadira, sin\u00f3 tamb\u00e9 la superf\u00edcie sobre la qual es col\u00b7loquen. Els respatllers i seients estan composts per <strong>12 barres d&#8217;acer electrogalvanitza<\/strong>t de \u00d86 mm, unides de manera compacta a l&#8217;estructura per a garantir una combinaci\u00f3 perfecta de fortalesa i eleg\u00e0ncia.<\/p>\n<p>Disponible en una \u00e0mplia<strong> gamma de colors<\/strong>, s&#8217;adapten a qualsevol disseny i estil desitjat, afegint un toc de sofisticaci\u00f3 a qualsevol espai exterior. A m\u00e9s, el seu disseny <strong>apilable<\/strong> facilita l&#8217;emmagatzematge, fent-les pr\u00e0ctiques i convenients per a qualsevol situaci\u00f3.<\/p>\n<p>Per a aquells que busquen un extra de confort, aquestes cadires ofereixen l&#8217;opci\u00f3 d&#8217;afegir <strong>coixins addicionals<\/strong>, elevant l&#8217;experi\u00e8ncia d&#8217;asseure&#8217;s a l&#8217;aire lliure a un nou nivell de comoditat.<\/p>\n<p>Transforma el teu espai exterior amb l&#8217;eleg\u00e0ncia i funcionalitat de les <strong>cadires\u00a0Nolita,<\/strong> on el disseny modern es troba amb la durabilitat i la comoditat. Tria\u00a0Nolita\u00a0i dona-li al teu jard\u00ed, terrassa o pati l&#8217;estil que mereix!<\/p>\n<ul>\n<li>Enlla\u00e7 cadira Nolita amb el resptaller baix: <a href=\"https:\/\/www.pedrali.com\/es-es\/productos\/sillas-design\/nolita-3650\">https:\/\/www.pedrali.com\/es-es\/productos\/sillas-design\/nolita-3650<\/a><\/li>\n<li>Enlla\u00e7 cadira Nolita amb el respatller alt: <a href=\"https:\/\/www.pedrali.com\/es-es\/productos\/sillas-design\/nolita-3651\">https:\/\/www.pedrali.com\/es-es\/productos\/sillas-design\/nolita-3651<\/a><\/li>\n<\/ul>\n","protected":false},"excerpt":{"rendered":"<p>&nbsp;<\/p>\n<p>&nbsp;<\/p>\n","protected":false},"featured_media":34016,"template":"","meta":{"_acf_changed":false},"product_brand":[882],"product_cat":[572,563],"product_tag":[587,866,618,709,720,729],"class_list":{"0":"post-20189","1":"product","2":"type-product","3":"status-publish","4":"has-post-thumbnail","6":"product_brand-pedrali-ca","7":"product_cat-cadires-exterior","8":"product_cat-exterior-ca","9":"product_tag-apilable-ca","10":"product_tag-cadires","11":"product_tag-contract-ca","12":"product_tag-nolita-ca","13":"product_tag-outdoor-ca","14":"product_tag-pedrali-ca","15":"description-off","17":"first","18":"instock","19":"shipping-taxable","20":"product-type-simple"},"acf":[],"yoast_head":"<!-- This site is optimized with the Yoast SEO plugin v27.0 - https:\/\/yoast.com\/product\/yoast-seo-wordpress\/ -->\n<title>Cadires Nolita, Pedrali- Navarro Aubanell<\/title>\n<meta name=\"description\" content=\"Cadires Nolita: opci\u00f3 amb suport alt o suport baix. Estructura d&#039;acer galvanitzat amb pintura per a exterior, apilable. Coix\u00ed addicional.\" \/>\n<meta name=\"robots\" content=\"index, follow, max-snippet:-1, max-image-preview:large, max-video-preview:-1\" \/>\n<link rel=\"canonical\" href=\"https:\/\/www.navarroaubanell.com\/ca\/producte\/cadires-nolita-pedrali-navarroaubanell\/\" \/>\n<meta property=\"og:locale\" content=\"ca_ES\" \/>\n<meta property=\"og:type\" content=\"article\" \/>\n<meta property=\"og:title\" content=\"Cadires Nolita, Pedrali- Navarro Aubanell\" \/>\n<meta property=\"og:description\" content=\"Cadires Nolita: opci\u00f3 amb suport alt o suport baix. Estructura d&#039;acer galvanitzat amb pintura per a exterior, apilable. Coix\u00ed addicional.\" \/>\n<meta property=\"og:url\" content=\"https:\/\/www.navarroaubanell.com\/ca\/producte\/cadires-nolita-pedrali-navarroaubanell\/\" \/>\n<meta property=\"og:site_name\" content=\"Navarro Aubanell\" \/>\n<meta property=\"article:modified_time\" content=\"2024-10-01T15:29:20+00:00\" \/>\n<meta property=\"og:image\" content=\"https:\/\/www.navarroaubanell.com\/wp-content\/uploads\/2017\/10\/Nolita-3650-3-cojin.png\" \/>\n\t<meta property=\"og:image:width\" content=\"881\" \/>\n\t<meta property=\"og:image:height\" content=\"1181\" \/>\n\t<meta property=\"og:image:type\" content=\"image\/png\" \/>\n<meta name=\"twitter:label1\" content=\"Est. reading time\" \/>\n\t<meta name=\"twitter:data1\" content=\"2 minutes\" \/>\n<script type=\"application\/ld+json\" class=\"yoast-schema-graph\">{\"@context\":\"https:\/\/schema.org\",\"@graph\":[{\"@type\":\"WebPage\",\"@id\":\"https:\/\/www.navarroaubanell.com\/ca\/producte\/cadires-nolita-pedrali-navarroaubanell\/\",\"url\":\"https:\/\/www.navarroaubanell.com\/ca\/producte\/cadires-nolita-pedrali-navarroaubanell\/\",\"name\":\"Cadires Nolita, Pedrali- Navarro Aubanell\",\"isPartOf\":{\"@id\":\"https:\/\/www.navarroaubanell.com\/ca\/#website\"},\"primaryImageOfPage\":{\"@id\":\"https:\/\/www.navarroaubanell.com\/ca\/producte\/cadires-nolita-pedrali-navarroaubanell\/#primaryimage\"},\"image\":{\"@id\":\"https:\/\/www.navarroaubanell.com\/ca\/producte\/cadires-nolita-pedrali-navarroaubanell\/#primaryimage\"},\"thumbnailUrl\":\"https:\/\/www.navarroaubanell.com\/wp-content\/uploads\/2017\/10\/Nolita-3650-3-cojin.png\",\"datePublished\":\"2017-10-03T18:16:37+00:00\",\"dateModified\":\"2024-10-01T15:29:20+00:00\",\"description\":\"Cadires Nolita: opci\u00f3 amb suport alt o suport baix. Estructura d'acer galvanitzat amb pintura per a exterior, apilable. Coix\u00ed addicional.\",\"breadcrumb\":{\"@id\":\"https:\/\/www.navarroaubanell.com\/ca\/producte\/cadires-nolita-pedrali-navarroaubanell\/#breadcrumb\"},\"inLanguage\":\"ca\",\"potentialAction\":[{\"@type\":\"ReadAction\",\"target\":[\"https:\/\/www.navarroaubanell.com\/ca\/producte\/cadires-nolita-pedrali-navarroaubanell\/\"]}]},{\"@type\":\"ImageObject\",\"inLanguage\":\"ca\",\"@id\":\"https:\/\/www.navarroaubanell.com\/ca\/producte\/cadires-nolita-pedrali-navarroaubanell\/#primaryimage\",\"url\":\"https:\/\/www.navarroaubanell.com\/wp-content\/uploads\/2017\/10\/Nolita-3650-3-cojin.png\",\"contentUrl\":\"https:\/\/www.navarroaubanell.com\/wp-content\/uploads\/2017\/10\/Nolita-3650-3-cojin.png\",\"width\":881,\"height\":1181,\"caption\":\"Cadira Nolita 3650-3 coix\u00ed\"},{\"@type\":\"BreadcrumbList\",\"@id\":\"https:\/\/www.navarroaubanell.com\/ca\/producte\/cadires-nolita-pedrali-navarroaubanell\/#breadcrumb\",\"itemListElement\":[{\"@type\":\"ListItem\",\"position\":1,\"name\":\"Portada\",\"item\":\"https:\/\/www.navarroaubanell.com\/ca\/\"},{\"@type\":\"ListItem\",\"position\":2,\"name\":\"Productes\",\"item\":\"https:\/\/www.navarroaubanell.com\/productos\/\"},{\"@type\":\"ListItem\",\"position\":3,\"name\":\"Cadires Nolita\"}]},{\"@type\":\"WebSite\",\"@id\":\"https:\/\/www.navarroaubanell.com\/ca\/#website\",\"url\":\"https:\/\/www.navarroaubanell.com\/ca\/\",\"name\":\"Navarro Aubanell\",\"description\":\"Mobiliario para hoteler\u00eda, colectividades y oficinas\",\"publisher\":{\"@id\":\"https:\/\/www.navarroaubanell.com\/ca\/#organization\"},\"potentialAction\":[{\"@type\":\"SearchAction\",\"target\":{\"@type\":\"EntryPoint\",\"urlTemplate\":\"https:\/\/www.navarroaubanell.com\/ca\/?s={search_term_string}\"},\"query-input\":{\"@type\":\"PropertyValueSpecification\",\"valueRequired\":true,\"valueName\":\"search_term_string\"}}],\"inLanguage\":\"ca\"},{\"@type\":\"Organization\",\"@id\":\"https:\/\/www.navarroaubanell.com\/ca\/#organization\",\"name\":\"COMERCIAL NAVARRO AUBANELL, S.A\",\"url\":\"https:\/\/www.navarroaubanell.com\/ca\/\",\"logo\":{\"@type\":\"ImageObject\",\"inLanguage\":\"ca\",\"@id\":\"https:\/\/www.navarroaubanell.com\/ca\/#\/schema\/logo\/image\/\",\"url\":\"https:\/\/www.navarroaubanell.com\/wp-content\/uploads\/2017\/07\/logo-navarro-aubuanell.png\",\"contentUrl\":\"https:\/\/www.navarroaubanell.com\/wp-content\/uploads\/2017\/07\/logo-navarro-aubuanell.png\",\"width\":6304,\"height\":1154,\"caption\":\"COMERCIAL NAVARRO AUBANELL, S.A\"},\"image\":{\"@id\":\"https:\/\/www.navarroaubanell.com\/ca\/#\/schema\/logo\/image\/\"}}]}<\/script>\n<!-- \/ Yoast SEO plugin. -->","yoast_head_json":{"title":"Cadires Nolita, Pedrali- Navarro Aubanell","description":"Cadires Nolita: opci\u00f3 amb suport alt o suport baix. Estructura d'acer galvanitzat amb pintura per a exterior, apilable. Coix\u00ed addicional.","robots":{"index":"index","follow":"follow","max-snippet":"max-snippet:-1","max-image-preview":"max-image-preview:large","max-video-preview":"max-video-preview:-1"},"canonical":"https:\/\/www.navarroaubanell.com\/ca\/producte\/cadires-nolita-pedrali-navarroaubanell\/","og_locale":"ca_ES","og_type":"article","og_title":"Cadires Nolita, Pedrali- Navarro Aubanell","og_description":"Cadires Nolita: opci\u00f3 amb suport alt o suport baix. Estructura d'acer galvanitzat amb pintura per a exterior, apilable. Coix\u00ed addicional.","og_url":"https:\/\/www.navarroaubanell.com\/ca\/producte\/cadires-nolita-pedrali-navarroaubanell\/","og_site_name":"Navarro Aubanell","article_modified_time":"2024-10-01T15:29:20+00:00","og_image":[{"width":881,"height":1181,"url":"https:\/\/www.navarroaubanell.com\/wp-content\/uploads\/2017\/10\/Nolita-3650-3-cojin.png","type":"image\/png"}],"twitter_misc":{"Est. reading time":"2 minutes"},"schema":{"@context":"https:\/\/schema.org","@graph":[{"@type":"WebPage","@id":"https:\/\/www.navarroaubanell.com\/ca\/producte\/cadires-nolita-pedrali-navarroaubanell\/","url":"https:\/\/www.navarroaubanell.com\/ca\/producte\/cadires-nolita-pedrali-navarroaubanell\/","name":"Cadires Nolita, Pedrali- Navarro Aubanell","isPartOf":{"@id":"https:\/\/www.navarroaubanell.com\/ca\/#website"},"primaryImageOfPage":{"@id":"https:\/\/www.navarroaubanell.com\/ca\/producte\/cadires-nolita-pedrali-navarroaubanell\/#primaryimage"},"image":{"@id":"https:\/\/www.navarroaubanell.com\/ca\/producte\/cadires-nolita-pedrali-navarroaubanell\/#primaryimage"},"thumbnailUrl":"https:\/\/www.navarroaubanell.com\/wp-content\/uploads\/2017\/10\/Nolita-3650-3-cojin.png","datePublished":"2017-10-03T18:16:37+00:00","dateModified":"2024-10-01T15:29:20+00:00","description":"Cadires Nolita: opci\u00f3 amb suport alt o suport baix. Estructura d'acer galvanitzat amb pintura per a exterior, apilable. Coix\u00ed addicional.","breadcrumb":{"@id":"https:\/\/www.navarroaubanell.com\/ca\/producte\/cadires-nolita-pedrali-navarroaubanell\/#breadcrumb"},"inLanguage":"ca","potentialAction":[{"@type":"ReadAction","target":["https:\/\/www.navarroaubanell.com\/ca\/producte\/cadires-nolita-pedrali-navarroaubanell\/"]}]},{"@type":"ImageObject","inLanguage":"ca","@id":"https:\/\/www.navarroaubanell.com\/ca\/producte\/cadires-nolita-pedrali-navarroaubanell\/#primaryimage","url":"https:\/\/www.navarroaubanell.com\/wp-content\/uploads\/2017\/10\/Nolita-3650-3-cojin.png","contentUrl":"https:\/\/www.navarroaubanell.com\/wp-content\/uploads\/2017\/10\/Nolita-3650-3-cojin.png","width":881,"height":1181,"caption":"Cadira Nolita 3650-3 coix\u00ed"},{"@type":"BreadcrumbList","@id":"https:\/\/www.navarroaubanell.com\/ca\/producte\/cadires-nolita-pedrali-navarroaubanell\/#breadcrumb","itemListElement":[{"@type":"ListItem","position":1,"name":"Portada","item":"https:\/\/www.navarroaubanell.com\/ca\/"},{"@type":"ListItem","position":2,"name":"Productes","item":"https:\/\/www.navarroaubanell.com\/productos\/"},{"@type":"ListItem","position":3,"name":"Cadires Nolita"}]},{"@type":"WebSite","@id":"https:\/\/www.navarroaubanell.com\/ca\/#website","url":"https:\/\/www.navarroaubanell.com\/ca\/","name":"Navarro Aubanell","description":"Mobiliario para hoteler\u00eda, colectividades y oficinas","publisher":{"@id":"https:\/\/www.navarroaubanell.com\/ca\/#organization"},"potentialAction":[{"@type":"SearchAction","target":{"@type":"EntryPoint","urlTemplate":"https:\/\/www.navarroaubanell.com\/ca\/?s={search_term_string}"},"query-input":{"@type":"PropertyValueSpecification","valueRequired":true,"valueName":"search_term_string"}}],"inLanguage":"ca"},{"@type":"Organization","@id":"https:\/\/www.navarroaubanell.com\/ca\/#organization","name":"COMERCIAL NAVARRO AUBANELL, S.A","url":"https:\/\/www.navarroaubanell.com\/ca\/","logo":{"@type":"ImageObject","inLanguage":"ca","@id":"https:\/\/www.navarroaubanell.com\/ca\/#\/schema\/logo\/image\/","url":"https:\/\/www.navarroaubanell.com\/wp-content\/uploads\/2017\/07\/logo-navarro-aubuanell.png","contentUrl":"https:\/\/www.navarroaubanell.com\/wp-content\/uploads\/2017\/07\/logo-navarro-aubuanell.png","width":6304,"height":1154,"caption":"COMERCIAL NAVARRO AUBANELL, S.A"},"image":{"@id":"https:\/\/www.navarroaubanell.com\/ca\/#\/schema\/logo\/image\/"}}]}},"_links":{"self":[{"href":"https:\/\/www.navarroaubanell.com\/ca\/wp-json\/wp\/v2\/product\/20189","targetHints":{"allow":["GET"]}}],"collection":[{"href":"https:\/\/www.navarroaubanell.com\/ca\/wp-json\/wp\/v2\/product"}],"about":[{"href":"https:\/\/www.navarroaubanell.com\/ca\/wp-json\/wp\/v2\/types\/product"}],"wp:featuredmedia":[{"embeddable":true,"href":"https:\/\/www.navarroaubanell.com\/ca\/wp-json\/wp\/v2\/media\/34016"}],"wp:attachment":[{"href":"https:\/\/www.navarroaubanell.com\/ca\/wp-json\/wp\/v2\/media?parent=20189"}],"wp:term":[{"taxonomy":"product_brand","embeddable":true,"href":"https:\/\/www.navarroaubanell.com\/ca\/wp-json\/wp\/v2\/product_brand?post=20189"},{"taxonomy":"product_cat","embeddable":true,"href":"https:\/\/www.navarroaubanell.com\/ca\/wp-json\/wp\/v2\/product_cat?post=20189"},{"taxonomy":"product_tag","embeddable":true,"href":"https:\/\/www.navarroaubanell.com\/ca\/wp-json\/wp\/v2\/product_tag?post=20189"}],"curies":[{"name":"wp","href":"https:\/\/api.w.org\/{rel}","templated":true}]}}