{"id":20185,"date":"2017-10-04T15:37:47","date_gmt":"2017-10-04T15:37:47","guid":{"rendered":"https:\/\/www.navarroaubanell.com\/producto\/babila-sillon\/"},"modified":"2024-10-01T17:22:00","modified_gmt":"2024-10-01T15:22:00","slug":"cadira-de-bracos-babila-pedrali-navarroaubanell","status":"publish","type":"product","link":"https:\/\/www.navarroaubanell.com\/ca\/producte\/cadira-de-bracos-babila-pedrali-navarroaubanell\/","title":{"rendered":"Cadires de bra\u00e7os Babila"},"content":{"rendered":"<p>Descobreix l&#8217;exquisida l\u00ednia de <strong>cadires de bra\u00e7os <\/strong><span class=\"hiddenSpellError\"><strong>Babil<\/strong>a<\/span>\u00a0de\u00a0<em><span class=\"hiddenSpellError\">Pedrali<\/span><\/em>, una joia dins de la <a href=\"https:\/\/www.navarroaubanell.com\/ca\/producte\/familia-babila-pedrali-navarroaubanell\/\">fam\u00edlia\u00a0<span class=\"hiddenSpellError\">Babila<\/span><\/a>, dissenyada per a brindar una experi\u00e8ncia de luxe i confort incomparable. Cada cadira de bra\u00e7os reflecteix la combinaci\u00f3 perfecta entre innovaci\u00f3 i artesania tradicional, ideal per als qui busquen elevar l&#8217;est\u00e8tica i funcionalitat dels seus espais.<\/p>\n<p>Aquestes cadires de bra\u00e7os es destaquen per la seva estructura <strong>d&#8217;acer<\/strong>, <strong>fusta de freixe<\/strong> i <strong>alumini<\/strong>, materials que garanteixen resist\u00e8ncia i una est\u00e8tica impecable. Els acabats disponibles en la l\u00ednia <span class=\"hiddenSpellError\">Babila<\/span> s\u00f3n una mostra de la seva versatilitat. Les cadires de bra\u00e7os estan disponibles en <strong>vellut, pell sint\u00e8tica, polipropil\u00e8, tela i teixit.<\/strong> A m\u00e9s, per a aquells que prioritzen la seguretat, molts d&#8217;aquests acabats estan disponibles en versions <strong>ign\u00edfugues<\/strong>, assegurant tranquil\u00b7litat i protecci\u00f3 sense comprometre l&#8217;estil. Per a major versatilitat, alguns models estan disponibles en <strong>versi\u00f3 exterior<\/strong>, amb materials preparats per a suportar els diversos climes.<\/p>\n<p>La l\u00ednia\u00a0<span class=\"hiddenSpellError\">Babila<\/span> ofereix una <strong>varietat de mesures i altures<\/strong>, adaptant-se perfectament a qualsevol espai i necessitat. Des d&#8217;\u00e0rees residencials fins a entorns comercials, hi ha una<strong> cadira de bra\u00e7os <span class=\"hiddenSpellError\">Babila<\/span><\/strong> perfecta per a cada context. Per a aquells que busquen un confort superior, la <strong>l\u00ednia XL<\/strong> \u00e9s l&#8217;opci\u00f3 ideal, a m\u00e9s, alguns d&#8217;aquests models estan fabricats amb <strong>materials reciclats<\/strong>, contribuint a la sostenibilitat. D&#8217;altra banda, tenim la <strong>l\u00ednia Twist<\/strong>, cadira de bra\u00e7os preparada espec\u00edficament per a resistir les condicions <strong>exteriors<\/strong>, sense sacrificar estil ni comoditat.<\/p>\n<p>Transforma els teus ambients amb les <strong>cadires de bra\u00e7os <span class=\"hiddenSpellError\">Babila<\/span>\u00a0<\/strong>de\u00a0<em><span class=\"hiddenSpellError\">Pedrali<\/span><\/em>, on la innovaci\u00f3, l&#8217;eleg\u00e0ncia i la versatilitat es combinen per a crear peces \u00faniques i funcionals.<\/p>\n<p>&nbsp;<\/p>\n<p>Enlla\u00e7 a la p\u00e0gina per a m\u00e9s informaci\u00f3: <a href=\"https:\/\/www.pedrali.com\/es-es\/productos\/sillas-design\/babila-2735?search=sill%C3%B3n%20babila&amp;section=products&amp;page=1\">https:\/\/www.pedrali.com\/es-es\/productos\/sillas-design\/babila-2735?search=sill%C3%B3n%20babila&amp;section=products&amp;page=1<\/a><\/p>\n","protected":false},"excerpt":{"rendered":"<p>&nbsp;<\/p>\n<p>&nbsp;<\/p>\n","protected":false},"featured_media":33841,"template":"","meta":{"_acf_changed":false},"product_brand":[882],"product_cat":[534,525,1519],"product_tag":[592,867,618,729],"class_list":{"0":"post-20185","1":"product","2":"type-product","3":"status-publish","4":"has-post-thumbnail","6":"product_brand-pedrali-ca","7":"product_cat-cadires-de-bracos","8":"product_cat-interior","9":"product_cat-reciclat","10":"product_tag-babila-ca","11":"product_tag-cadires-de-bracos","12":"product_tag-contract-ca","13":"product_tag-pedrali-ca","14":"description-off","16":"first","17":"instock","18":"shipping-taxable","19":"product-type-simple"},"acf":[],"yoast_head":"<!-- This site is optimized with the Yoast SEO plugin v27.5 - https:\/\/yoast.com\/product\/yoast-seo-wordpress\/ -->\n<title>Cadires de bra\u00e7os Babila, Pedrali- Navarro Aubanell<\/title>\n<meta name=\"description\" content=\"Cadires de bra\u00e7os Babila: eleg\u00e0ncia, confort i versatilitat. Materials d&#039;alta qualitat i models varioados i dissenys perfectes per a interiors i exteriors.\" \/>\n<meta name=\"robots\" content=\"index, follow, max-snippet:-1, max-image-preview:large, max-video-preview:-1\" \/>\n<link rel=\"canonical\" href=\"https:\/\/www.navarroaubanell.com\/ca\/producte\/cadira-de-bracos-babila-pedrali-navarroaubanell\/\" \/>\n<meta property=\"og:locale\" content=\"ca_ES\" \/>\n<meta property=\"og:type\" content=\"article\" \/>\n<meta property=\"og:title\" content=\"Cadires de bra\u00e7os Babila, Pedrali- Navarro Aubanell\" \/>\n<meta property=\"og:description\" content=\"Cadires de bra\u00e7os Babila: eleg\u00e0ncia, confort i versatilitat. Materials d&#039;alta qualitat i models varioados i dissenys perfectes per a interiors i exteriors.\" \/>\n<meta property=\"og:url\" content=\"https:\/\/www.navarroaubanell.com\/ca\/producte\/cadira-de-bracos-babila-pedrali-navarroaubanell\/\" \/>\n<meta property=\"og:site_name\" content=\"Navarro Aubanell\" \/>\n<meta property=\"article:modified_time\" content=\"2024-10-01T15:22:00+00:00\" \/>\n<meta property=\"og:image\" content=\"https:\/\/www.navarroaubanell.com\/wp-content\/uploads\/2017\/10\/Babila-2736-2.png\" \/>\n\t<meta property=\"og:image:width\" content=\"881\" \/>\n\t<meta property=\"og:image:height\" content=\"1181\" \/>\n\t<meta property=\"og:image:type\" content=\"image\/png\" \/>\n<meta name=\"twitter:label1\" content=\"Est. reading time\" \/>\n\t<meta name=\"twitter:data1\" content=\"2 minutes\" \/>\n<script type=\"application\/ld+json\" class=\"yoast-schema-graph\">{\"@context\":\"https:\\\/\\\/schema.org\",\"@graph\":[{\"@type\":\"WebPage\",\"@id\":\"https:\\\/\\\/www.navarroaubanell.com\\\/ca\\\/producte\\\/cadira-de-bracos-babila-pedrali-navarroaubanell\\\/\",\"url\":\"https:\\\/\\\/www.navarroaubanell.com\\\/ca\\\/producte\\\/cadira-de-bracos-babila-pedrali-navarroaubanell\\\/\",\"name\":\"Cadires de bra\u00e7os Babila, Pedrali- Navarro Aubanell\",\"isPartOf\":{\"@id\":\"https:\\\/\\\/www.navarroaubanell.com\\\/ca\\\/#website\"},\"primaryImageOfPage\":{\"@id\":\"https:\\\/\\\/www.navarroaubanell.com\\\/ca\\\/producte\\\/cadira-de-bracos-babila-pedrali-navarroaubanell\\\/#primaryimage\"},\"image\":{\"@id\":\"https:\\\/\\\/www.navarroaubanell.com\\\/ca\\\/producte\\\/cadira-de-bracos-babila-pedrali-navarroaubanell\\\/#primaryimage\"},\"thumbnailUrl\":\"https:\\\/\\\/www.navarroaubanell.com\\\/wp-content\\\/uploads\\\/2017\\\/10\\\/Babila-2736-2.png\",\"datePublished\":\"2017-10-04T15:37:47+00:00\",\"dateModified\":\"2024-10-01T15:22:00+00:00\",\"description\":\"Cadires de bra\u00e7os Babila: eleg\u00e0ncia, confort i versatilitat. Materials d'alta qualitat i models varioados i dissenys perfectes per a interiors i exteriors.\",\"breadcrumb\":{\"@id\":\"https:\\\/\\\/www.navarroaubanell.com\\\/ca\\\/producte\\\/cadira-de-bracos-babila-pedrali-navarroaubanell\\\/#breadcrumb\"},\"inLanguage\":\"ca\",\"potentialAction\":[{\"@type\":\"ReadAction\",\"target\":[\"https:\\\/\\\/www.navarroaubanell.com\\\/ca\\\/producte\\\/cadira-de-bracos-babila-pedrali-navarroaubanell\\\/\"]}]},{\"@type\":\"ImageObject\",\"inLanguage\":\"ca\",\"@id\":\"https:\\\/\\\/www.navarroaubanell.com\\\/ca\\\/producte\\\/cadira-de-bracos-babila-pedrali-navarroaubanell\\\/#primaryimage\",\"url\":\"https:\\\/\\\/www.navarroaubanell.com\\\/wp-content\\\/uploads\\\/2017\\\/10\\\/Babila-2736-2.png\",\"contentUrl\":\"https:\\\/\\\/www.navarroaubanell.com\\\/wp-content\\\/uploads\\\/2017\\\/10\\\/Babila-2736-2.png\",\"width\":881,\"height\":1181,\"caption\":\"Cadira de bra\u00e7os Babila 2736\"},{\"@type\":\"BreadcrumbList\",\"@id\":\"https:\\\/\\\/www.navarroaubanell.com\\\/ca\\\/producte\\\/cadira-de-bracos-babila-pedrali-navarroaubanell\\\/#breadcrumb\",\"itemListElement\":[{\"@type\":\"ListItem\",\"position\":1,\"name\":\"Portada\",\"item\":\"https:\\\/\\\/www.navarroaubanell.com\\\/ca\\\/\"},{\"@type\":\"ListItem\",\"position\":2,\"name\":\"Productes\",\"item\":\"https:\\\/\\\/www.navarroaubanell.com\\\/productos\\\/\"},{\"@type\":\"ListItem\",\"position\":3,\"name\":\"Cadires de bra\u00e7os Babila\"}]},{\"@type\":\"WebSite\",\"@id\":\"https:\\\/\\\/www.navarroaubanell.com\\\/ca\\\/#website\",\"url\":\"https:\\\/\\\/www.navarroaubanell.com\\\/ca\\\/\",\"name\":\"Navarro Aubanell\",\"description\":\"Mobiliario para hoteler\u00eda, colectividades y oficinas\",\"publisher\":{\"@id\":\"https:\\\/\\\/www.navarroaubanell.com\\\/ca\\\/#organization\"},\"potentialAction\":[{\"@type\":\"SearchAction\",\"target\":{\"@type\":\"EntryPoint\",\"urlTemplate\":\"https:\\\/\\\/www.navarroaubanell.com\\\/ca\\\/?s={search_term_string}\"},\"query-input\":{\"@type\":\"PropertyValueSpecification\",\"valueRequired\":true,\"valueName\":\"search_term_string\"}}],\"inLanguage\":\"ca\"},{\"@type\":\"Organization\",\"@id\":\"https:\\\/\\\/www.navarroaubanell.com\\\/ca\\\/#organization\",\"name\":\"COMERCIAL NAVARRO AUBANELL, S.A\",\"url\":\"https:\\\/\\\/www.navarroaubanell.com\\\/ca\\\/\",\"logo\":{\"@type\":\"ImageObject\",\"inLanguage\":\"ca\",\"@id\":\"https:\\\/\\\/www.navarroaubanell.com\\\/ca\\\/#\\\/schema\\\/logo\\\/image\\\/\",\"url\":\"https:\\\/\\\/www.navarroaubanell.com\\\/wp-content\\\/uploads\\\/2017\\\/07\\\/logo-navarro-aubuanell.png\",\"contentUrl\":\"https:\\\/\\\/www.navarroaubanell.com\\\/wp-content\\\/uploads\\\/2017\\\/07\\\/logo-navarro-aubuanell.png\",\"width\":6304,\"height\":1154,\"caption\":\"COMERCIAL NAVARRO AUBANELL, S.A\"},\"image\":{\"@id\":\"https:\\\/\\\/www.navarroaubanell.com\\\/ca\\\/#\\\/schema\\\/logo\\\/image\\\/\"}}]}<\/script>\n<!-- \/ Yoast SEO plugin. -->","yoast_head_json":{"title":"Cadires de bra\u00e7os Babila, Pedrali- Navarro Aubanell","description":"Cadires de bra\u00e7os Babila: eleg\u00e0ncia, confort i versatilitat. Materials d'alta qualitat i models varioados i dissenys perfectes per a interiors i exteriors.","robots":{"index":"index","follow":"follow","max-snippet":"max-snippet:-1","max-image-preview":"max-image-preview:large","max-video-preview":"max-video-preview:-1"},"canonical":"https:\/\/www.navarroaubanell.com\/ca\/producte\/cadira-de-bracos-babila-pedrali-navarroaubanell\/","og_locale":"ca_ES","og_type":"article","og_title":"Cadires de bra\u00e7os Babila, Pedrali- Navarro Aubanell","og_description":"Cadires de bra\u00e7os Babila: eleg\u00e0ncia, confort i versatilitat. Materials d'alta qualitat i models varioados i dissenys perfectes per a interiors i exteriors.","og_url":"https:\/\/www.navarroaubanell.com\/ca\/producte\/cadira-de-bracos-babila-pedrali-navarroaubanell\/","og_site_name":"Navarro Aubanell","article_modified_time":"2024-10-01T15:22:00+00:00","og_image":[{"width":881,"height":1181,"url":"https:\/\/www.navarroaubanell.com\/wp-content\/uploads\/2017\/10\/Babila-2736-2.png","type":"image\/png"}],"twitter_misc":{"Est. reading time":"2 minutes"},"schema":{"@context":"https:\/\/schema.org","@graph":[{"@type":"WebPage","@id":"https:\/\/www.navarroaubanell.com\/ca\/producte\/cadira-de-bracos-babila-pedrali-navarroaubanell\/","url":"https:\/\/www.navarroaubanell.com\/ca\/producte\/cadira-de-bracos-babila-pedrali-navarroaubanell\/","name":"Cadires de bra\u00e7os Babila, Pedrali- Navarro Aubanell","isPartOf":{"@id":"https:\/\/www.navarroaubanell.com\/ca\/#website"},"primaryImageOfPage":{"@id":"https:\/\/www.navarroaubanell.com\/ca\/producte\/cadira-de-bracos-babila-pedrali-navarroaubanell\/#primaryimage"},"image":{"@id":"https:\/\/www.navarroaubanell.com\/ca\/producte\/cadira-de-bracos-babila-pedrali-navarroaubanell\/#primaryimage"},"thumbnailUrl":"https:\/\/www.navarroaubanell.com\/wp-content\/uploads\/2017\/10\/Babila-2736-2.png","datePublished":"2017-10-04T15:37:47+00:00","dateModified":"2024-10-01T15:22:00+00:00","description":"Cadires de bra\u00e7os Babila: eleg\u00e0ncia, confort i versatilitat. Materials d'alta qualitat i models varioados i dissenys perfectes per a interiors i exteriors.","breadcrumb":{"@id":"https:\/\/www.navarroaubanell.com\/ca\/producte\/cadira-de-bracos-babila-pedrali-navarroaubanell\/#breadcrumb"},"inLanguage":"ca","potentialAction":[{"@type":"ReadAction","target":["https:\/\/www.navarroaubanell.com\/ca\/producte\/cadira-de-bracos-babila-pedrali-navarroaubanell\/"]}]},{"@type":"ImageObject","inLanguage":"ca","@id":"https:\/\/www.navarroaubanell.com\/ca\/producte\/cadira-de-bracos-babila-pedrali-navarroaubanell\/#primaryimage","url":"https:\/\/www.navarroaubanell.com\/wp-content\/uploads\/2017\/10\/Babila-2736-2.png","contentUrl":"https:\/\/www.navarroaubanell.com\/wp-content\/uploads\/2017\/10\/Babila-2736-2.png","width":881,"height":1181,"caption":"Cadira de bra\u00e7os Babila 2736"},{"@type":"BreadcrumbList","@id":"https:\/\/www.navarroaubanell.com\/ca\/producte\/cadira-de-bracos-babila-pedrali-navarroaubanell\/#breadcrumb","itemListElement":[{"@type":"ListItem","position":1,"name":"Portada","item":"https:\/\/www.navarroaubanell.com\/ca\/"},{"@type":"ListItem","position":2,"name":"Productes","item":"https:\/\/www.navarroaubanell.com\/productos\/"},{"@type":"ListItem","position":3,"name":"Cadires de bra\u00e7os Babila"}]},{"@type":"WebSite","@id":"https:\/\/www.navarroaubanell.com\/ca\/#website","url":"https:\/\/www.navarroaubanell.com\/ca\/","name":"Navarro Aubanell","description":"Mobiliario para hoteler\u00eda, colectividades y oficinas","publisher":{"@id":"https:\/\/www.navarroaubanell.com\/ca\/#organization"},"potentialAction":[{"@type":"SearchAction","target":{"@type":"EntryPoint","urlTemplate":"https:\/\/www.navarroaubanell.com\/ca\/?s={search_term_string}"},"query-input":{"@type":"PropertyValueSpecification","valueRequired":true,"valueName":"search_term_string"}}],"inLanguage":"ca"},{"@type":"Organization","@id":"https:\/\/www.navarroaubanell.com\/ca\/#organization","name":"COMERCIAL NAVARRO AUBANELL, S.A","url":"https:\/\/www.navarroaubanell.com\/ca\/","logo":{"@type":"ImageObject","inLanguage":"ca","@id":"https:\/\/www.navarroaubanell.com\/ca\/#\/schema\/logo\/image\/","url":"https:\/\/www.navarroaubanell.com\/wp-content\/uploads\/2017\/07\/logo-navarro-aubuanell.png","contentUrl":"https:\/\/www.navarroaubanell.com\/wp-content\/uploads\/2017\/07\/logo-navarro-aubuanell.png","width":6304,"height":1154,"caption":"COMERCIAL NAVARRO AUBANELL, S.A"},"image":{"@id":"https:\/\/www.navarroaubanell.com\/ca\/#\/schema\/logo\/image\/"}}]}},"_links":{"self":[{"href":"https:\/\/www.navarroaubanell.com\/ca\/wp-json\/wp\/v2\/product\/20185","targetHints":{"allow":["GET"]}}],"collection":[{"href":"https:\/\/www.navarroaubanell.com\/ca\/wp-json\/wp\/v2\/product"}],"about":[{"href":"https:\/\/www.navarroaubanell.com\/ca\/wp-json\/wp\/v2\/types\/product"}],"wp:featuredmedia":[{"embeddable":true,"href":"https:\/\/www.navarroaubanell.com\/ca\/wp-json\/wp\/v2\/media\/33841"}],"wp:attachment":[{"href":"https:\/\/www.navarroaubanell.com\/ca\/wp-json\/wp\/v2\/media?parent=20185"}],"wp:term":[{"taxonomy":"product_brand","embeddable":true,"href":"https:\/\/www.navarroaubanell.com\/ca\/wp-json\/wp\/v2\/product_brand?post=20185"},{"taxonomy":"product_cat","embeddable":true,"href":"https:\/\/www.navarroaubanell.com\/ca\/wp-json\/wp\/v2\/product_cat?post=20185"},{"taxonomy":"product_tag","embeddable":true,"href":"https:\/\/www.navarroaubanell.com\/ca\/wp-json\/wp\/v2\/product_tag?post=20185"}],"curies":[{"name":"wp","href":"https:\/\/api.w.org\/{rel}","templated":true}]}}