{"id":20178,"date":"2017-10-04T17:02:16","date_gmt":"2017-10-04T17:02:16","guid":{"rendered":"https:\/\/www.navarroaubanell.com\/producto\/volt-sillon\/"},"modified":"2024-10-01T16:52:35","modified_gmt":"2024-10-01T14:52:35","slug":"cadira-de-bracos-volt-pedrali-navarroaubanell","status":"publish","type":"product","link":"https:\/\/www.navarroaubanell.com\/ca\/producte\/cadira-de-bracos-volt-pedrali-navarroaubanell\/","title":{"rendered":"Cadira de bra\u00e7os Volt"},"content":{"rendered":"<h5>Cadira de bra\u00e7os Volt: Eleg\u00e0ncia i Versatilitat en Cada Detall<\/h5>\n<p>La cadira de bra\u00e7os Volt, membre de la <a href=\"https:\/\/www.navarroaubanell.com\/ca\/producte\/familia-volt-pedrali-navarroaubanell\/\">fam\u00edlia Volt<\/a>, destaca pel seu tracte subtil, forma ergon\u00f2mica i agradables proporcions, combinant eleg\u00e0ncia i confort en qualsevol entorn. Amb diverses versions per a exteriors i interiors, ofereix una soluci\u00f3 vers\u00e0til per a totes les teves necessitats.<\/p>\n<h6><strong>Per a Exteriors: Volt HB 674 i Volt 675<\/strong><\/h6>\n<ul>\n<li><strong>HB 674: <a href=\"https:\/\/cdn-assets.pedrali.com\/media\/pedrali\/media\/assets\/originals\/documenti\/st\/st-volt-hb-674.pdf\">fitxa t\u00e8cnica<\/a><\/strong>\n<ul>\n<li><strong>Material<\/strong>: Polipropil\u00e8 amb fibra de vidre.<\/li>\n<li><strong>Tecnologia<\/strong>: Modelat per injecci\u00f3.<\/li>\n<li><strong>Tractaments<\/strong>: Antiest\u00e0tic i anti-UV.<\/li>\n<li><strong>Colors<\/strong>: Superf\u00edcie\u00a0microtexturada\u00a0en 9 colors.<\/li>\n<li><strong>Protecci\u00f3<\/strong>: Tacs de polietil\u00e8.<\/li>\n<li><strong>Funcionalitat<\/strong>: Apilable, ideal per a hostaleria.<\/li>\n<\/ul>\n<\/li>\n<li><strong>675: <a href=\"https:\/\/cdn-assets.pedrali.com\/media\/pedrali\/media\/assets\/originals\/documenti\/st\/st-volt-675-675-cl1.pdf\">fitxa t\u00e8cnica<\/a><\/strong>\n<ul>\n<li><strong>Material<\/strong>: Polipropil\u00e8 amb fibra de vidre.<\/li>\n<li><strong>Tecnologia<\/strong>: Modelat per injecci\u00f3.<\/li>\n<li><strong>Tractaments<\/strong>: Antiest\u00e0tic i anti-UV.<\/li>\n<li><strong>Colors<\/strong>: Superf\u00edcie\u00a0microtexturada\u00a0en 9 colors, opci\u00f3 ign\u00edfuga en blanc.<\/li>\n<li><strong>Protecci\u00f3<\/strong>: Tacs de polietil\u00e8 en blanc o negre.<\/li>\n<li><strong>Funcionalitat<\/strong>: Apilable.<\/li>\n<\/ul>\n<\/li>\n<\/ul>\n<h6><strong>Per a Interiors: Volt 676, Volt 674-2 i Volt 676-2<\/strong><\/h6>\n<ul>\n<li><strong>676: <a href=\"https:\/\/cdn-assets.pedrali.com\/media\/pedrali\/media\/assets\/originals\/documenti\/st\/st-volt-676.pdf\">fitxa t\u00e8cnica<\/a><\/strong>\n<ul>\n<li><strong>Material<\/strong>: Polipropil\u00e8 amb fibra de vidre.<\/li>\n<li><strong>Tecnologia<\/strong>: Modelat per injecci\u00f3.<\/li>\n<li><strong>Tractaments<\/strong>: Antiest\u00e0tic i anti-UV.<\/li>\n<li><strong>Colors<\/strong>: Superf\u00edcie\u00a0microtexturada\u00a0en diversos colors.<\/li>\n<li><strong>Seient<\/strong>: Polietil\u00e8, entapissat en escuma de poliuret\u00e0 flexible i ign\u00edfug.<\/li>\n<li><strong>Acabats<\/strong>: teles ign\u00edfugues i pell sint\u00e8tica ign\u00edfuga<\/li>\n<li><strong>Protecci\u00f3<\/strong>: Tacs de polietil\u00e8\u00a0opalino\u00a0o negre.<\/li>\n<li><strong>Funcionalitat<\/strong>: Apilable.<\/li>\n<\/ul>\n<\/li>\n<li><strong>674-2:<a href=\"https:\/\/cdn-assets.pedrali.com\/media\/pedrali\/media\/assets\/originals\/documenti\/st\/st-volt-hb-674-2.pdf\"> fitxa t\u00e8cnica<\/a><\/strong>\n<ul>\n<li><strong>Material<\/strong>: Polipropil\u00e8 amb fibra de vidre.<\/li>\n<li><strong>Tecnologia<\/strong>: Modelat per injecci\u00f3.<\/li>\n<li><strong>Tractaments<\/strong>: Antiest\u00e0tic i anti-UV.<\/li>\n<li><strong>Colors<\/strong>: Superf\u00edcie\u00a0microtexturada\u00a0en 9 colors.<\/li>\n<li><strong>Seient<\/strong>: Polietil\u00e8, entapissat en escuma de poliuret\u00e0 flexible i ign\u00edfug.<\/li>\n<li><strong>Acabats<\/strong>: Tela ign\u00edfuga, vellut, vellut ign\u00edfug, pell sint\u00e8tica i pell sint\u00e8tica ign\u00edfuga.<\/li>\n<li><strong>Protecci\u00f3<\/strong>: Tacs de polietil\u00e8\u00a0opalino\u00a0o negre.<\/li>\n<li><strong>Funcionalitat<\/strong>: Apilable.<\/li>\n<\/ul>\n<\/li>\n<li><strong>676-2: <a href=\"https:\/\/cdn-assets.pedrali.com\/media\/pedrali\/media\/assets\/originals\/documenti\/st\/st-volt-676-2.pdf\">fitxa t\u00e8cnica<\/a><\/strong>\n<ul>\n<li><strong>Material<\/strong>: Polipropil\u00e8 amb fibra de vidre.<\/li>\n<li><strong>Tecnologia<\/strong>: Modelat per injecci\u00f3.<\/li>\n<li><strong>Tractaments<\/strong>: Antiest\u00e0tic i anti-UV.<\/li>\n<li><strong>Colors:<\/strong> Superf\u00edcie\u00a0microtexturada\u00a0en diversos colors.<\/li>\n<li><strong>Seient<\/strong>: Polietil\u00e8, entapissat en escuma de poliuret\u00e0 flexible i ign\u00edfug.<\/li>\n<li><strong>Acabats<\/strong>: Tela ign\u00edfuga, vellut, vellut ign\u00edfug, pell sint\u00e8tica i pell sint\u00e8tica ign\u00edfuga.<\/li>\n<li><strong>Protecci\u00f3<\/strong>: Tacs de polietil\u00e8\u00a0opalino\u00a0o negre.<\/li>\n<li><strong>Funcionalitat<\/strong>: Apilable.<\/li>\n<\/ul>\n<\/li>\n<\/ul>\n<h6>Beneficis Clau<\/h6>\n<ul>\n<li><strong>Alta Qualitat:<\/strong> Materials duradors i resistents.<\/li>\n<li><strong>Tecnologia Avan\u00e7ada:<\/strong> Modelat per injecci\u00f3 per a productes compactes.<\/li>\n<li><strong>Opcions Vers\u00e0tils:<\/strong> Disponibilitat per a exteriors i interiors i versions ign\u00edfugues.<\/li>\n<li><strong>Personalitzaci\u00f3<\/strong>: \u00c0mplia gamma de colors i acabats.<\/li>\n<li><strong>Funcionalitat:<\/strong> Disseny apilable per a un magatzematge eficient.<\/li>\n<li><strong>Protecci\u00f3<\/strong>: Tractaments antiest\u00e0tic i anti-UV.<\/li>\n<\/ul>\n<p>Transforma els teus espais amb la cadira de bra\u00e7os Volt, on l&#8217;eleg\u00e0ncia i la funcionalitat es troben en cada detall. Tria Volt per a una experi\u00e8ncia \u00fanica de confort i estil!<\/p>\n","protected":false},"excerpt":{"rendered":"<p>&nbsp;<\/p>\n<p>&nbsp;<\/p>\n","protected":false},"featured_media":35716,"template":"","meta":{"_acf_changed":false},"product_brand":[882],"product_cat":[534,563,525],"product_tag":[587,749,867,618,640,664,720,729,790],"class_list":{"0":"post-20178","1":"product","2":"type-product","3":"status-publish","4":"has-post-thumbnail","6":"product_brand-pedrali-ca","7":"product_cat-cadires-de-bracos","8":"product_cat-exterior-ca","9":"product_cat-interior","10":"product_tag-apilable-ca","11":"product_tag-cadira-de-barcos","12":"product_tag-cadires-de-bracos","13":"product_tag-contract-ca","14":"product_tag-exterior-ca","15":"product_tag-interior-ca","16":"product_tag-outdoor-ca","17":"product_tag-pedrali-ca","18":"product_tag-volt-ca","19":"description-off","21":"first","22":"instock","23":"shipping-taxable","24":"product-type-simple"},"acf":[],"yoast_head":"<!-- This site is optimized with the Yoast SEO plugin v27.0 - https:\/\/yoast.com\/product\/yoast-seo-wordpress\/ -->\n<title>Cadira de bra\u00e7os Volt, Pedrali- Navarro Aubanell<\/title>\n<meta name=\"description\" content=\"Cadira de bra\u00e7os Volt: vers\u00e0til, versi\u00f3 per a interiors i per a exteriors. Polipropil\u00e8 refor\u00e7at amb fibra de vidre i diferents acabats. Apilable\" \/>\n<meta name=\"robots\" content=\"index, follow, max-snippet:-1, max-image-preview:large, max-video-preview:-1\" \/>\n<link rel=\"canonical\" href=\"https:\/\/www.navarroaubanell.com\/ca\/producte\/cadira-de-bracos-volt-pedrali-navarroaubanell\/\" \/>\n<meta property=\"og:locale\" content=\"ca_ES\" \/>\n<meta property=\"og:type\" content=\"article\" \/>\n<meta property=\"og:title\" content=\"Cadira de bra\u00e7os Volt, Pedrali- Navarro Aubanell\" \/>\n<meta property=\"og:description\" content=\"Cadira de bra\u00e7os Volt: vers\u00e0til, versi\u00f3 per a interiors i per a exteriors. Polipropil\u00e8 refor\u00e7at amb fibra de vidre i diferents acabats. Apilable\" \/>\n<meta property=\"og:url\" content=\"https:\/\/www.navarroaubanell.com\/ca\/producte\/cadira-de-bracos-volt-pedrali-navarroaubanell\/\" \/>\n<meta property=\"og:site_name\" content=\"Navarro Aubanell\" \/>\n<meta property=\"article:modified_time\" content=\"2024-10-01T14:52:35+00:00\" \/>\n<meta property=\"og:image\" content=\"https:\/\/www.navarroaubanell.com\/wp-content\/uploads\/2017\/10\/Sillon-Volt-676.png\" \/>\n\t<meta property=\"og:image:width\" content=\"881\" \/>\n\t<meta property=\"og:image:height\" content=\"1181\" \/>\n\t<meta property=\"og:image:type\" content=\"image\/png\" \/>\n<meta name=\"twitter:label1\" content=\"Est. reading time\" \/>\n\t<meta name=\"twitter:data1\" content=\"2 minutes\" \/>\n<script type=\"application\/ld+json\" class=\"yoast-schema-graph\">{\"@context\":\"https:\/\/schema.org\",\"@graph\":[{\"@type\":\"WebPage\",\"@id\":\"https:\/\/www.navarroaubanell.com\/ca\/producte\/cadira-de-bracos-volt-pedrali-navarroaubanell\/\",\"url\":\"https:\/\/www.navarroaubanell.com\/ca\/producte\/cadira-de-bracos-volt-pedrali-navarroaubanell\/\",\"name\":\"Cadira de bra\u00e7os Volt, Pedrali- Navarro Aubanell\",\"isPartOf\":{\"@id\":\"https:\/\/www.navarroaubanell.com\/ca\/#website\"},\"primaryImageOfPage\":{\"@id\":\"https:\/\/www.navarroaubanell.com\/ca\/producte\/cadira-de-bracos-volt-pedrali-navarroaubanell\/#primaryimage\"},\"image\":{\"@id\":\"https:\/\/www.navarroaubanell.com\/ca\/producte\/cadira-de-bracos-volt-pedrali-navarroaubanell\/#primaryimage\"},\"thumbnailUrl\":\"https:\/\/www.navarroaubanell.com\/wp-content\/uploads\/2017\/10\/Sillon-Volt-676.png\",\"datePublished\":\"2017-10-04T17:02:16+00:00\",\"dateModified\":\"2024-10-01T14:52:35+00:00\",\"description\":\"Cadira de bra\u00e7os Volt: vers\u00e0til, versi\u00f3 per a interiors i per a exteriors. Polipropil\u00e8 refor\u00e7at amb fibra de vidre i diferents acabats. Apilable\",\"breadcrumb\":{\"@id\":\"https:\/\/www.navarroaubanell.com\/ca\/producte\/cadira-de-bracos-volt-pedrali-navarroaubanell\/#breadcrumb\"},\"inLanguage\":\"ca\",\"potentialAction\":[{\"@type\":\"ReadAction\",\"target\":[\"https:\/\/www.navarroaubanell.com\/ca\/producte\/cadira-de-bracos-volt-pedrali-navarroaubanell\/\"]}]},{\"@type\":\"ImageObject\",\"inLanguage\":\"ca\",\"@id\":\"https:\/\/www.navarroaubanell.com\/ca\/producte\/cadira-de-bracos-volt-pedrali-navarroaubanell\/#primaryimage\",\"url\":\"https:\/\/www.navarroaubanell.com\/wp-content\/uploads\/2017\/10\/Sillon-Volt-676.png\",\"contentUrl\":\"https:\/\/www.navarroaubanell.com\/wp-content\/uploads\/2017\/10\/Sillon-Volt-676.png\",\"width\":881,\"height\":1181,\"caption\":\"Cadira de bra\u00e7os Volt 676\"},{\"@type\":\"BreadcrumbList\",\"@id\":\"https:\/\/www.navarroaubanell.com\/ca\/producte\/cadira-de-bracos-volt-pedrali-navarroaubanell\/#breadcrumb\",\"itemListElement\":[{\"@type\":\"ListItem\",\"position\":1,\"name\":\"Portada\",\"item\":\"https:\/\/www.navarroaubanell.com\/ca\/\"},{\"@type\":\"ListItem\",\"position\":2,\"name\":\"Productes\",\"item\":\"https:\/\/www.navarroaubanell.com\/productos\/\"},{\"@type\":\"ListItem\",\"position\":3,\"name\":\"Cadira de bra\u00e7os Volt\"}]},{\"@type\":\"WebSite\",\"@id\":\"https:\/\/www.navarroaubanell.com\/ca\/#website\",\"url\":\"https:\/\/www.navarroaubanell.com\/ca\/\",\"name\":\"Navarro Aubanell\",\"description\":\"Mobiliario para hoteler\u00eda, colectividades y oficinas\",\"publisher\":{\"@id\":\"https:\/\/www.navarroaubanell.com\/ca\/#organization\"},\"potentialAction\":[{\"@type\":\"SearchAction\",\"target\":{\"@type\":\"EntryPoint\",\"urlTemplate\":\"https:\/\/www.navarroaubanell.com\/ca\/?s={search_term_string}\"},\"query-input\":{\"@type\":\"PropertyValueSpecification\",\"valueRequired\":true,\"valueName\":\"search_term_string\"}}],\"inLanguage\":\"ca\"},{\"@type\":\"Organization\",\"@id\":\"https:\/\/www.navarroaubanell.com\/ca\/#organization\",\"name\":\"COMERCIAL NAVARRO AUBANELL, S.A\",\"url\":\"https:\/\/www.navarroaubanell.com\/ca\/\",\"logo\":{\"@type\":\"ImageObject\",\"inLanguage\":\"ca\",\"@id\":\"https:\/\/www.navarroaubanell.com\/ca\/#\/schema\/logo\/image\/\",\"url\":\"https:\/\/www.navarroaubanell.com\/wp-content\/uploads\/2017\/07\/logo-navarro-aubuanell.png\",\"contentUrl\":\"https:\/\/www.navarroaubanell.com\/wp-content\/uploads\/2017\/07\/logo-navarro-aubuanell.png\",\"width\":6304,\"height\":1154,\"caption\":\"COMERCIAL NAVARRO AUBANELL, S.A\"},\"image\":{\"@id\":\"https:\/\/www.navarroaubanell.com\/ca\/#\/schema\/logo\/image\/\"}}]}<\/script>\n<!-- \/ Yoast SEO plugin. -->","yoast_head_json":{"title":"Cadira de bra\u00e7os Volt, Pedrali- Navarro Aubanell","description":"Cadira de bra\u00e7os Volt: vers\u00e0til, versi\u00f3 per a interiors i per a exteriors. Polipropil\u00e8 refor\u00e7at amb fibra de vidre i diferents acabats. Apilable","robots":{"index":"index","follow":"follow","max-snippet":"max-snippet:-1","max-image-preview":"max-image-preview:large","max-video-preview":"max-video-preview:-1"},"canonical":"https:\/\/www.navarroaubanell.com\/ca\/producte\/cadira-de-bracos-volt-pedrali-navarroaubanell\/","og_locale":"ca_ES","og_type":"article","og_title":"Cadira de bra\u00e7os Volt, Pedrali- Navarro Aubanell","og_description":"Cadira de bra\u00e7os Volt: vers\u00e0til, versi\u00f3 per a interiors i per a exteriors. Polipropil\u00e8 refor\u00e7at amb fibra de vidre i diferents acabats. Apilable","og_url":"https:\/\/www.navarroaubanell.com\/ca\/producte\/cadira-de-bracos-volt-pedrali-navarroaubanell\/","og_site_name":"Navarro Aubanell","article_modified_time":"2024-10-01T14:52:35+00:00","og_image":[{"width":881,"height":1181,"url":"https:\/\/www.navarroaubanell.com\/wp-content\/uploads\/2017\/10\/Sillon-Volt-676.png","type":"image\/png"}],"twitter_misc":{"Est. reading time":"2 minutes"},"schema":{"@context":"https:\/\/schema.org","@graph":[{"@type":"WebPage","@id":"https:\/\/www.navarroaubanell.com\/ca\/producte\/cadira-de-bracos-volt-pedrali-navarroaubanell\/","url":"https:\/\/www.navarroaubanell.com\/ca\/producte\/cadira-de-bracos-volt-pedrali-navarroaubanell\/","name":"Cadira de bra\u00e7os Volt, Pedrali- Navarro Aubanell","isPartOf":{"@id":"https:\/\/www.navarroaubanell.com\/ca\/#website"},"primaryImageOfPage":{"@id":"https:\/\/www.navarroaubanell.com\/ca\/producte\/cadira-de-bracos-volt-pedrali-navarroaubanell\/#primaryimage"},"image":{"@id":"https:\/\/www.navarroaubanell.com\/ca\/producte\/cadira-de-bracos-volt-pedrali-navarroaubanell\/#primaryimage"},"thumbnailUrl":"https:\/\/www.navarroaubanell.com\/wp-content\/uploads\/2017\/10\/Sillon-Volt-676.png","datePublished":"2017-10-04T17:02:16+00:00","dateModified":"2024-10-01T14:52:35+00:00","description":"Cadira de bra\u00e7os Volt: vers\u00e0til, versi\u00f3 per a interiors i per a exteriors. Polipropil\u00e8 refor\u00e7at amb fibra de vidre i diferents acabats. Apilable","breadcrumb":{"@id":"https:\/\/www.navarroaubanell.com\/ca\/producte\/cadira-de-bracos-volt-pedrali-navarroaubanell\/#breadcrumb"},"inLanguage":"ca","potentialAction":[{"@type":"ReadAction","target":["https:\/\/www.navarroaubanell.com\/ca\/producte\/cadira-de-bracos-volt-pedrali-navarroaubanell\/"]}]},{"@type":"ImageObject","inLanguage":"ca","@id":"https:\/\/www.navarroaubanell.com\/ca\/producte\/cadira-de-bracos-volt-pedrali-navarroaubanell\/#primaryimage","url":"https:\/\/www.navarroaubanell.com\/wp-content\/uploads\/2017\/10\/Sillon-Volt-676.png","contentUrl":"https:\/\/www.navarroaubanell.com\/wp-content\/uploads\/2017\/10\/Sillon-Volt-676.png","width":881,"height":1181,"caption":"Cadira de bra\u00e7os Volt 676"},{"@type":"BreadcrumbList","@id":"https:\/\/www.navarroaubanell.com\/ca\/producte\/cadira-de-bracos-volt-pedrali-navarroaubanell\/#breadcrumb","itemListElement":[{"@type":"ListItem","position":1,"name":"Portada","item":"https:\/\/www.navarroaubanell.com\/ca\/"},{"@type":"ListItem","position":2,"name":"Productes","item":"https:\/\/www.navarroaubanell.com\/productos\/"},{"@type":"ListItem","position":3,"name":"Cadira de bra\u00e7os Volt"}]},{"@type":"WebSite","@id":"https:\/\/www.navarroaubanell.com\/ca\/#website","url":"https:\/\/www.navarroaubanell.com\/ca\/","name":"Navarro Aubanell","description":"Mobiliario para hoteler\u00eda, colectividades y oficinas","publisher":{"@id":"https:\/\/www.navarroaubanell.com\/ca\/#organization"},"potentialAction":[{"@type":"SearchAction","target":{"@type":"EntryPoint","urlTemplate":"https:\/\/www.navarroaubanell.com\/ca\/?s={search_term_string}"},"query-input":{"@type":"PropertyValueSpecification","valueRequired":true,"valueName":"search_term_string"}}],"inLanguage":"ca"},{"@type":"Organization","@id":"https:\/\/www.navarroaubanell.com\/ca\/#organization","name":"COMERCIAL NAVARRO AUBANELL, S.A","url":"https:\/\/www.navarroaubanell.com\/ca\/","logo":{"@type":"ImageObject","inLanguage":"ca","@id":"https:\/\/www.navarroaubanell.com\/ca\/#\/schema\/logo\/image\/","url":"https:\/\/www.navarroaubanell.com\/wp-content\/uploads\/2017\/07\/logo-navarro-aubuanell.png","contentUrl":"https:\/\/www.navarroaubanell.com\/wp-content\/uploads\/2017\/07\/logo-navarro-aubuanell.png","width":6304,"height":1154,"caption":"COMERCIAL NAVARRO AUBANELL, S.A"},"image":{"@id":"https:\/\/www.navarroaubanell.com\/ca\/#\/schema\/logo\/image\/"}}]}},"_links":{"self":[{"href":"https:\/\/www.navarroaubanell.com\/ca\/wp-json\/wp\/v2\/product\/20178","targetHints":{"allow":["GET"]}}],"collection":[{"href":"https:\/\/www.navarroaubanell.com\/ca\/wp-json\/wp\/v2\/product"}],"about":[{"href":"https:\/\/www.navarroaubanell.com\/ca\/wp-json\/wp\/v2\/types\/product"}],"wp:featuredmedia":[{"embeddable":true,"href":"https:\/\/www.navarroaubanell.com\/ca\/wp-json\/wp\/v2\/media\/35716"}],"wp:attachment":[{"href":"https:\/\/www.navarroaubanell.com\/ca\/wp-json\/wp\/v2\/media?parent=20178"}],"wp:term":[{"taxonomy":"product_brand","embeddable":true,"href":"https:\/\/www.navarroaubanell.com\/ca\/wp-json\/wp\/v2\/product_brand?post=20178"},{"taxonomy":"product_cat","embeddable":true,"href":"https:\/\/www.navarroaubanell.com\/ca\/wp-json\/wp\/v2\/product_cat?post=20178"},{"taxonomy":"product_tag","embeddable":true,"href":"https:\/\/www.navarroaubanell.com\/ca\/wp-json\/wp\/v2\/product_tag?post=20178"}],"curies":[{"name":"wp","href":"https:\/\/api.w.org\/{rel}","templated":true}]}}