{"id":20177,"date":"2017-10-05T09:57:12","date_gmt":"2017-10-05T09:57:12","guid":{"rendered":"https:\/\/www.navarroaubanell.com\/producto\/babila-taburete\/"},"modified":"2024-10-01T16:50:17","modified_gmt":"2024-10-01T14:50:17","slug":"tamboret-babila-pedrali-navarroaubanell","status":"publish","type":"product","link":"https:\/\/www.navarroaubanell.com\/ca\/producte\/tamboret-babila-pedrali-navarroaubanell\/","title":{"rendered":"Tamboret Babila"},"content":{"rendered":"<p>Dins de la <a href=\"https:\/\/www.navarroaubanell.com\/ca\/producte\/familia-babila-pedrali-navarroaubanell\/\">fam\u00edlia\u00a0<span class=\"hiddenSpellError\">Babila<\/span><\/a>\u00a0tenim: la l\u00ednia de<strong> tamboret\u00a0<span class=\"hiddenSpellError\">Babila<\/span><\/strong>\u00a0de\u00a0<em><span class=\"hiddenSpellError\">Pedrali<\/span><\/em>. Es destaca, entre moltes altres virtuts, per la seva versatilitat i \u00e0mplia varietat d&#8217;opcions. Aquests tamborets estan disponibles en diferents <em>mesures, acabats, teixits i models<\/em>, la qual cosa permet una gran adaptabilitat a diversos espais i estils de disseny. Aquesta col\u00b7lecci\u00f3 evoca les formes cl\u00e0ssiques mantenint-se fidel al seu car\u00e0cter i despla\u00e7ant-se \u00e0gilment entre tradici\u00f3 i innovaci\u00f3.<\/p>\n<p>Els materials principals utilitzats en la fabricaci\u00f3 dels <strong>tamborets\u00a0<span class=\"hiddenSpellError\">Babila<\/span>\u00a0<\/strong>s\u00f3n el<strong> tub d&#8217;acer<\/strong>, <strong>pat\u00ed d&#8217;acer<\/strong> i la <strong>fusta de freixe<\/strong>, la qual cosa garanteix durabilitat i una est\u00e8tica elegant. Els seients estan disponibles en una \u00e0mplia <strong>gamma d&#8217;acabats<\/strong>, incloent-hi <em>pell, pell sint\u00e8tica, vellut, polipropil\u00e8 i fusta de freixe<\/em>, oferint opcions per a tots els gustos i necessitats decoratives. Tots aquests materials garanteixen una durabilitat excepcional i una est\u00e8tica refinada.<\/p>\n<p>A m\u00e9s, la l\u00ednia\u00a0<span class=\"hiddenSpellError\">Babila<\/span> ofereix <strong>diferents altures<\/strong> i\u00a0 <strong>mesures<\/strong> de tamborets per a adaptar-se a qualsevol espai disponible, sigui en entorns residencials o comercials. Alguns models inclouen <em>reposapeus<\/em> de fosa d&#8217;alumini, la qual cosa afegeix un toc de confort i sofisticaci\u00f3.<\/p>\n<p>Per a major flexibilitat en el disseny, la col\u00b7lecci\u00f3 de tamboret\u00a0<span class=\"hiddenSpellError\">Babila<\/span> es presenten tant amb <strong>respatller<\/strong> com sense respatller, permetent aix\u00ed una personalitzaci\u00f3 addicional segons les prefer\u00e8ncies de l&#8217;usuari i l&#8217;estil de l&#8217;ambient en el qual es vagin a utilitzar.<\/p>\n<p><strong>Models<\/strong>:<\/p>\n<ul>\n<li><a href=\"https:\/\/www.pedrali.com\/es-es\/productos\/taburetes-design-taburetes-bajos\/babila-2702\">https:\/\/www.pedrali.com\/es-es\/productos\/taburetes-design-taburetes-bajos\/babila-2702<\/a><\/li>\n<li><a href=\"https:\/\/www.pedrali.com\/es-es\/productos\/taburetes-design-taburetes-bajos\/babila-2702-a\">https:\/\/www.pedrali.com\/es-es\/productos\/taburetes-design-taburetes-bajos\/babila-2702-a<\/a><\/li>\n<li><a href=\"https:\/\/www.pedrali.com\/es-es\/productos\/taburetes-design-taburetes-bajos\/babila-2703\">https:\/\/www.pedrali.com\/es-es\/productos\/taburetes-design-taburetes-bajos\/babila-2703<\/a><\/li>\n<li><a href=\"https:\/\/www.pedrali.com\/es-es\/productos\/taburetes-design-taburetes-bajos\">https:\/\/www.pedrali.com\/es-es\/productos\/taburetes-design-taburetes-bajos<\/a>\/<a href=\"https:\/\/www.pedrali.com\/es-es\/productos\/taburetes-design-taburetes-bajos\/babila-2706-a\">babila-2706<\/a><\/li>\n<li><a href=\"https:\/\/www.pedrali.com\/es-es\/productos\/taburetes-design-taburetes-bajos\/babila-2706-a\">https:\/\/www.pedrali.com\/es-es\/productos\/taburetes-design-taburetes-bajos\/babila-2706-a<\/a><\/li>\n<li><a href=\"https:\/\/www.pedrali.com\/es-es\/productos\/taburetes-design-taburetes-bajos\">https:\/\/www.pedrali.com\/es-es\/productos\/taburetes-design-taburetes-bajos<\/a>\/<a href=\"https:\/\/www.pedrali.com\/es-es\/productos\/taburetes-design-taburetes-bajos\/babila-2747-2\">babila-2747<\/a><\/li>\n<li><a href=\"https:\/\/www.pedrali.com\/es-es\/productos\/taburetes-design-taburetes-bajos\/babila-2747-2\">https:\/\/www.pedrali.com\/es-es\/productos\/taburetes-design-taburetes-bajos\/babila-2747-2<\/a><\/li>\n<li><a href=\"https:\/\/www.pedrali.com\/es-es\/productos\/taburetes-design-taburetes-bajos\">https:\/\/www.pedrali.com\/es-es\/productos\/taburetes-design-taburetes-bajos<\/a>\/<a href=\"https:\/\/www.pedrali.com\/es-es\/productos\/taburetes-design-taburetes-bajos\/babila-2748-2\">babila-2748<\/a><\/li>\n<li><a href=\"https:\/\/www.pedrali.com\/es-es\/productos\/taburetes-design-taburetes-bajos\/babila-2748-2\">https:\/\/www.pedrali.com\/es-es\/productos\/taburetes-design-taburetes-bajos\/babila-2748-2<\/a><\/li>\n<li><a href=\"https:\/\/www.pedrali.com\/es-es\/productos\/taburetes-design-taburetes-bajos\">https:\/\/www.pedrali.com\/es-es\/productos\/taburetes-design-taburetes-bajos<\/a>\/<a href=\"https:\/\/www.pedrali.com\/es-es\/productos\/taburetes-design-taburetes-bajos\/babila-2757-2\">babila-2757<\/a><\/li>\n<li><a href=\"https:\/\/www.pedrali.com\/es-es\/productos\/taburetes-design-taburetes-bajos\/babila-2757-2\">https:\/\/www.pedrali.com\/es-es\/productos\/taburetes-design-taburetes-bajos\/babila-2757-2<\/a><\/li>\n<li><a href=\"https:\/\/www.pedrali.com\/es-es\/productos\/taburetes-design-taburetes-bajos\">https:\/\/www.pedrali.com\/es-es\/productos\/taburetes-design-taburetes-bajos<\/a>\/<a href=\"https:\/\/www.pedrali.com\/es-es\/productos\/taburetes-design-taburetes-bajos\/babila-2758-2\">babila-2758<\/a><\/li>\n<li><a href=\"https:\/\/www.pedrali.com\/es-es\/productos\/taburetes-design-taburetes-bajos\/babila-2758-2\">https:\/\/www.pedrali.com\/es-es\/productos\/taburetes-design-taburetes-bajos\/babila-2758-2<\/a><\/li>\n<\/ul>\n","protected":false},"excerpt":{"rendered":"<p>&nbsp;<\/p>\n<p>&nbsp;<\/p>\n","protected":false},"featured_media":33828,"template":"","meta":{"_acf_changed":false},"product_brand":[882],"product_cat":[525,538],"product_tag":[592,618,729,769],"class_list":{"0":"post-20177","1":"product","2":"type-product","3":"status-publish","4":"has-post-thumbnail","6":"product_brand-pedrali-ca","7":"product_cat-interior","8":"product_cat-tamborets","9":"product_tag-babila-ca","10":"product_tag-contract-ca","11":"product_tag-pedrali-ca","12":"product_tag-tamboret","13":"description-off","15":"first","16":"instock","17":"shipping-taxable","18":"product-type-simple"},"acf":[],"yoast_head":"<!-- This site is optimized with the Yoast SEO plugin v27.0 - https:\/\/yoast.com\/product\/yoast-seo-wordpress\/ -->\n<title>Tamboret Babila, Pedrali- Navarro Aubanell<\/title>\n<meta name=\"description\" content=\"Tamborets Babila: combina versatilitat i eleg\u00e0ncia, amb m\u00faltiples grand\u00e0ries, acabats i models, adaptant-se a qualsevol espai i estil de disseny.\" \/>\n<meta name=\"robots\" content=\"index, follow, max-snippet:-1, max-image-preview:large, max-video-preview:-1\" \/>\n<link rel=\"canonical\" href=\"https:\/\/www.navarroaubanell.com\/ca\/producte\/tamboret-babila-pedrali-navarroaubanell\/\" \/>\n<meta property=\"og:locale\" content=\"ca_ES\" \/>\n<meta property=\"og:type\" content=\"article\" \/>\n<meta property=\"og:title\" content=\"Tamboret Babila, Pedrali- Navarro Aubanell\" \/>\n<meta property=\"og:description\" content=\"Tamborets Babila: combina versatilitat i eleg\u00e0ncia, amb m\u00faltiples grand\u00e0ries, acabats i models, adaptant-se a qualsevol espai i estil de disseny.\" \/>\n<meta property=\"og:url\" content=\"https:\/\/www.navarroaubanell.com\/ca\/producte\/tamboret-babila-pedrali-navarroaubanell\/\" \/>\n<meta property=\"og:site_name\" content=\"Navarro Aubanell\" \/>\n<meta property=\"article:modified_time\" content=\"2024-10-01T14:50:17+00:00\" \/>\n<meta property=\"og:image\" content=\"https:\/\/www.navarroaubanell.com\/wp-content\/uploads\/2017\/10\/Babila-2758-2.jpg\" \/>\n\t<meta property=\"og:image:width\" content=\"881\" \/>\n\t<meta property=\"og:image:height\" content=\"1181\" \/>\n\t<meta property=\"og:image:type\" content=\"image\/jpeg\" \/>\n<meta name=\"twitter:label1\" content=\"Est. reading time\" \/>\n\t<meta name=\"twitter:data1\" content=\"2 minutes\" \/>\n<script type=\"application\/ld+json\" class=\"yoast-schema-graph\">{\"@context\":\"https:\/\/schema.org\",\"@graph\":[{\"@type\":\"WebPage\",\"@id\":\"https:\/\/www.navarroaubanell.com\/ca\/producte\/tamboret-babila-pedrali-navarroaubanell\/\",\"url\":\"https:\/\/www.navarroaubanell.com\/ca\/producte\/tamboret-babila-pedrali-navarroaubanell\/\",\"name\":\"Tamboret Babila, Pedrali- Navarro Aubanell\",\"isPartOf\":{\"@id\":\"https:\/\/www.navarroaubanell.com\/ca\/#website\"},\"primaryImageOfPage\":{\"@id\":\"https:\/\/www.navarroaubanell.com\/ca\/producte\/tamboret-babila-pedrali-navarroaubanell\/#primaryimage\"},\"image\":{\"@id\":\"https:\/\/www.navarroaubanell.com\/ca\/producte\/tamboret-babila-pedrali-navarroaubanell\/#primaryimage\"},\"thumbnailUrl\":\"https:\/\/www.navarroaubanell.com\/wp-content\/uploads\/2017\/10\/Babila-2758-2.jpg\",\"datePublished\":\"2017-10-05T09:57:12+00:00\",\"dateModified\":\"2024-10-01T14:50:17+00:00\",\"description\":\"Tamborets Babila: combina versatilitat i eleg\u00e0ncia, amb m\u00faltiples grand\u00e0ries, acabats i models, adaptant-se a qualsevol espai i estil de disseny.\",\"breadcrumb\":{\"@id\":\"https:\/\/www.navarroaubanell.com\/ca\/producte\/tamboret-babila-pedrali-navarroaubanell\/#breadcrumb\"},\"inLanguage\":\"ca\",\"potentialAction\":[{\"@type\":\"ReadAction\",\"target\":[\"https:\/\/www.navarroaubanell.com\/ca\/producte\/tamboret-babila-pedrali-navarroaubanell\/\"]}]},{\"@type\":\"ImageObject\",\"inLanguage\":\"ca\",\"@id\":\"https:\/\/www.navarroaubanell.com\/ca\/producte\/tamboret-babila-pedrali-navarroaubanell\/#primaryimage\",\"url\":\"https:\/\/www.navarroaubanell.com\/wp-content\/uploads\/2017\/10\/Babila-2758-2.jpg\",\"contentUrl\":\"https:\/\/www.navarroaubanell.com\/wp-content\/uploads\/2017\/10\/Babila-2758-2.jpg\",\"width\":881,\"height\":1181,\"caption\":\"Tamboret Babila 2758-2\"},{\"@type\":\"BreadcrumbList\",\"@id\":\"https:\/\/www.navarroaubanell.com\/ca\/producte\/tamboret-babila-pedrali-navarroaubanell\/#breadcrumb\",\"itemListElement\":[{\"@type\":\"ListItem\",\"position\":1,\"name\":\"Portada\",\"item\":\"https:\/\/www.navarroaubanell.com\/ca\/\"},{\"@type\":\"ListItem\",\"position\":2,\"name\":\"Productes\",\"item\":\"https:\/\/www.navarroaubanell.com\/productos\/\"},{\"@type\":\"ListItem\",\"position\":3,\"name\":\"Tamboret Babila\"}]},{\"@type\":\"WebSite\",\"@id\":\"https:\/\/www.navarroaubanell.com\/ca\/#website\",\"url\":\"https:\/\/www.navarroaubanell.com\/ca\/\",\"name\":\"Navarro Aubanell\",\"description\":\"Mobiliario para hoteler\u00eda, colectividades y oficinas\",\"publisher\":{\"@id\":\"https:\/\/www.navarroaubanell.com\/ca\/#organization\"},\"potentialAction\":[{\"@type\":\"SearchAction\",\"target\":{\"@type\":\"EntryPoint\",\"urlTemplate\":\"https:\/\/www.navarroaubanell.com\/ca\/?s={search_term_string}\"},\"query-input\":{\"@type\":\"PropertyValueSpecification\",\"valueRequired\":true,\"valueName\":\"search_term_string\"}}],\"inLanguage\":\"ca\"},{\"@type\":\"Organization\",\"@id\":\"https:\/\/www.navarroaubanell.com\/ca\/#organization\",\"name\":\"COMERCIAL NAVARRO AUBANELL, S.A\",\"url\":\"https:\/\/www.navarroaubanell.com\/ca\/\",\"logo\":{\"@type\":\"ImageObject\",\"inLanguage\":\"ca\",\"@id\":\"https:\/\/www.navarroaubanell.com\/ca\/#\/schema\/logo\/image\/\",\"url\":\"https:\/\/www.navarroaubanell.com\/wp-content\/uploads\/2017\/07\/logo-navarro-aubuanell.png\",\"contentUrl\":\"https:\/\/www.navarroaubanell.com\/wp-content\/uploads\/2017\/07\/logo-navarro-aubuanell.png\",\"width\":6304,\"height\":1154,\"caption\":\"COMERCIAL NAVARRO AUBANELL, S.A\"},\"image\":{\"@id\":\"https:\/\/www.navarroaubanell.com\/ca\/#\/schema\/logo\/image\/\"}}]}<\/script>\n<!-- \/ Yoast SEO plugin. -->","yoast_head_json":{"title":"Tamboret Babila, Pedrali- Navarro Aubanell","description":"Tamborets Babila: combina versatilitat i eleg\u00e0ncia, amb m\u00faltiples grand\u00e0ries, acabats i models, adaptant-se a qualsevol espai i estil de disseny.","robots":{"index":"index","follow":"follow","max-snippet":"max-snippet:-1","max-image-preview":"max-image-preview:large","max-video-preview":"max-video-preview:-1"},"canonical":"https:\/\/www.navarroaubanell.com\/ca\/producte\/tamboret-babila-pedrali-navarroaubanell\/","og_locale":"ca_ES","og_type":"article","og_title":"Tamboret Babila, Pedrali- Navarro Aubanell","og_description":"Tamborets Babila: combina versatilitat i eleg\u00e0ncia, amb m\u00faltiples grand\u00e0ries, acabats i models, adaptant-se a qualsevol espai i estil de disseny.","og_url":"https:\/\/www.navarroaubanell.com\/ca\/producte\/tamboret-babila-pedrali-navarroaubanell\/","og_site_name":"Navarro Aubanell","article_modified_time":"2024-10-01T14:50:17+00:00","og_image":[{"width":881,"height":1181,"url":"https:\/\/www.navarroaubanell.com\/wp-content\/uploads\/2017\/10\/Babila-2758-2.jpg","type":"image\/jpeg"}],"twitter_misc":{"Est. reading time":"2 minutes"},"schema":{"@context":"https:\/\/schema.org","@graph":[{"@type":"WebPage","@id":"https:\/\/www.navarroaubanell.com\/ca\/producte\/tamboret-babila-pedrali-navarroaubanell\/","url":"https:\/\/www.navarroaubanell.com\/ca\/producte\/tamboret-babila-pedrali-navarroaubanell\/","name":"Tamboret Babila, Pedrali- Navarro Aubanell","isPartOf":{"@id":"https:\/\/www.navarroaubanell.com\/ca\/#website"},"primaryImageOfPage":{"@id":"https:\/\/www.navarroaubanell.com\/ca\/producte\/tamboret-babila-pedrali-navarroaubanell\/#primaryimage"},"image":{"@id":"https:\/\/www.navarroaubanell.com\/ca\/producte\/tamboret-babila-pedrali-navarroaubanell\/#primaryimage"},"thumbnailUrl":"https:\/\/www.navarroaubanell.com\/wp-content\/uploads\/2017\/10\/Babila-2758-2.jpg","datePublished":"2017-10-05T09:57:12+00:00","dateModified":"2024-10-01T14:50:17+00:00","description":"Tamborets Babila: combina versatilitat i eleg\u00e0ncia, amb m\u00faltiples grand\u00e0ries, acabats i models, adaptant-se a qualsevol espai i estil de disseny.","breadcrumb":{"@id":"https:\/\/www.navarroaubanell.com\/ca\/producte\/tamboret-babila-pedrali-navarroaubanell\/#breadcrumb"},"inLanguage":"ca","potentialAction":[{"@type":"ReadAction","target":["https:\/\/www.navarroaubanell.com\/ca\/producte\/tamboret-babila-pedrali-navarroaubanell\/"]}]},{"@type":"ImageObject","inLanguage":"ca","@id":"https:\/\/www.navarroaubanell.com\/ca\/producte\/tamboret-babila-pedrali-navarroaubanell\/#primaryimage","url":"https:\/\/www.navarroaubanell.com\/wp-content\/uploads\/2017\/10\/Babila-2758-2.jpg","contentUrl":"https:\/\/www.navarroaubanell.com\/wp-content\/uploads\/2017\/10\/Babila-2758-2.jpg","width":881,"height":1181,"caption":"Tamboret Babila 2758-2"},{"@type":"BreadcrumbList","@id":"https:\/\/www.navarroaubanell.com\/ca\/producte\/tamboret-babila-pedrali-navarroaubanell\/#breadcrumb","itemListElement":[{"@type":"ListItem","position":1,"name":"Portada","item":"https:\/\/www.navarroaubanell.com\/ca\/"},{"@type":"ListItem","position":2,"name":"Productes","item":"https:\/\/www.navarroaubanell.com\/productos\/"},{"@type":"ListItem","position":3,"name":"Tamboret Babila"}]},{"@type":"WebSite","@id":"https:\/\/www.navarroaubanell.com\/ca\/#website","url":"https:\/\/www.navarroaubanell.com\/ca\/","name":"Navarro Aubanell","description":"Mobiliario para hoteler\u00eda, colectividades y oficinas","publisher":{"@id":"https:\/\/www.navarroaubanell.com\/ca\/#organization"},"potentialAction":[{"@type":"SearchAction","target":{"@type":"EntryPoint","urlTemplate":"https:\/\/www.navarroaubanell.com\/ca\/?s={search_term_string}"},"query-input":{"@type":"PropertyValueSpecification","valueRequired":true,"valueName":"search_term_string"}}],"inLanguage":"ca"},{"@type":"Organization","@id":"https:\/\/www.navarroaubanell.com\/ca\/#organization","name":"COMERCIAL NAVARRO AUBANELL, S.A","url":"https:\/\/www.navarroaubanell.com\/ca\/","logo":{"@type":"ImageObject","inLanguage":"ca","@id":"https:\/\/www.navarroaubanell.com\/ca\/#\/schema\/logo\/image\/","url":"https:\/\/www.navarroaubanell.com\/wp-content\/uploads\/2017\/07\/logo-navarro-aubuanell.png","contentUrl":"https:\/\/www.navarroaubanell.com\/wp-content\/uploads\/2017\/07\/logo-navarro-aubuanell.png","width":6304,"height":1154,"caption":"COMERCIAL NAVARRO AUBANELL, S.A"},"image":{"@id":"https:\/\/www.navarroaubanell.com\/ca\/#\/schema\/logo\/image\/"}}]}},"_links":{"self":[{"href":"https:\/\/www.navarroaubanell.com\/ca\/wp-json\/wp\/v2\/product\/20177","targetHints":{"allow":["GET"]}}],"collection":[{"href":"https:\/\/www.navarroaubanell.com\/ca\/wp-json\/wp\/v2\/product"}],"about":[{"href":"https:\/\/www.navarroaubanell.com\/ca\/wp-json\/wp\/v2\/types\/product"}],"wp:featuredmedia":[{"embeddable":true,"href":"https:\/\/www.navarroaubanell.com\/ca\/wp-json\/wp\/v2\/media\/33828"}],"wp:attachment":[{"href":"https:\/\/www.navarroaubanell.com\/ca\/wp-json\/wp\/v2\/media?parent=20177"}],"wp:term":[{"taxonomy":"product_brand","embeddable":true,"href":"https:\/\/www.navarroaubanell.com\/ca\/wp-json\/wp\/v2\/product_brand?post=20177"},{"taxonomy":"product_cat","embeddable":true,"href":"https:\/\/www.navarroaubanell.com\/ca\/wp-json\/wp\/v2\/product_cat?post=20177"},{"taxonomy":"product_tag","embeddable":true,"href":"https:\/\/www.navarroaubanell.com\/ca\/wp-json\/wp\/v2\/product_tag?post=20177"}],"curies":[{"name":"wp","href":"https:\/\/api.w.org\/{rel}","templated":true}]}}