{"id":20170,"date":"2017-10-05T14:28:40","date_gmt":"2017-10-05T14:28:40","guid":{"rendered":"https:\/\/www.navarroaubanell.com\/producto\/volt-taburete\/"},"modified":"2024-10-01T16:29:58","modified_gmt":"2024-10-01T14:29:58","slug":"tamboret-volt-pedrali-navarroaubanell","status":"publish","type":"product","link":"https:\/\/www.navarroaubanell.com\/ca\/producte\/tamboret-volt-pedrali-navarroaubanell\/","title":{"rendered":"Tamboret Volt"},"content":{"rendered":"<h5>Descobreix l&#8217;Eleg\u00e0ncia i Funcionalitat del Tamboret Volt, de la <a href=\"https:\/\/www.navarroaubanell.com\/ca\/producte\/familia-volt-pedrali-navarroaubanell\/\">fam\u00edlia Volt<\/a><\/h5>\n<p>El <strong>tamboret Volt<\/strong>, amb els seus volums purs i l\u00ednies definides, \u00e9s l&#8217;ep\u00edtom del disseny modern i sofisticat. Sense comprometre els detalls ni la tecnologia que defineixen aquesta col\u00b7lecci\u00f3, Volt es destaca per la seva funcionalitat i confort, gr\u00e0cies a les seves dimensions redu\u00efdes i formes geom\u00e8triques. Aquest tamboret ofereix una experi\u00e8ncia superior tant en interiors com en exteriors, adaptant-se a qualsevol entorn amb estil i efic\u00e0cia.<\/p>\n<h6>Dues L\u00ednies Diferents per a Qualsevol Ambient<\/h6>\n<p><strong>Per a Exteriors: Tamboret Volt 677 i 678, <a href=\"https:\/\/cdn-assets.pedrali.com\/media\/pedrali\/media\/assets\/originals\/documenti\/st\/st-volt-677-678.pdf\">fitxa t\u00e8cnica<\/a><\/strong><\/p>\n<p>Els models Volt 677 i 678 estan dissenyats espec\u00edficament per a resistir les exig\u00e8ncies d&#8217;\u00fas en l&#8217;ambient <strong>exterior<\/strong>. La seva estructura de polipropil\u00e8 refor\u00e7at amb fibra de vidre, fabricada mitjan\u00e7ant modelat per injecci\u00f3, garanteix una durabilitat i resist\u00e8ncia excepcionals. Incorporen formulacions anti-UV i antiest\u00e0tiques per a major efectivitat a l&#8217;aire lliure, assegurant que es mantindran impecables sota qualsevol condici\u00f3 clim\u00e0tica.<\/p>\n<p>La superf\u00edcie\u00a0microtexturada\u00a0est\u00e0 disponible en 9 colors vibrants, permetent una personalitzaci\u00f3 perfecta per a qualsevol espai. A m\u00e9s, els tacs de polietil\u00e8 en blanc o negre protegeixen tant el tamboret com a les superf\u00edcies, evitant\u00a0rayaduras.<\/p>\n<p><strong>Per a Interiors: Tamborets Entapissats 677-2 i 678-2, <a href=\"https:\/\/cdn-assets.pedrali.com\/media\/pedrali\/media\/assets\/originals\/documenti\/st\/st-volt-677-2-678-2.pdf\">fitxa t\u00e8cnica<\/a><\/strong><\/p>\n<p>Per als espais <strong>interiors<\/strong>, els models 677-2 i 678-2 combinen resist\u00e8ncia i eleg\u00e0ncia. Fabricats tamb\u00e9 en polipropil\u00e8 refor\u00e7at amb fibra de vidre i modelats per injecci\u00f3, aquests tamborets asseguren una estructura compacta i robusta. Aquests tamborets tamb\u00e9 compten amb tractament anti-UV i antiest\u00e0tic, i estan disponibles en 9 colors diferents gr\u00e0cies a la seva superf\u00edcie\u00a0microtexturada.<\/p>\n<p>El confort es maximitza amb un seient de polietil\u00e8 entapissat amb escuma de poliuret\u00e0 flexible i ign\u00edfug, disponible en una varietat de teles, velluts i pells sint\u00e8tiques, totes amb opcions ign\u00edfugues. Els tacs en polietil\u00e8 opal\u00ed o negre garanteixen la protecci\u00f3 tant del tamboret com de la superf\u00edcie.<\/p>\n<h6>Comoditat i Versatilitat<\/h6>\n<p>Tots els models de<strong> tamborets Volt<\/strong> estan equipats amb un <strong>reposapeus<\/strong> que embolica les potes, augmentant la seva resist\u00e8ncia i estabilitat. Aquest disseny no sols maximitza la comoditat, sin\u00f3 que tamb\u00e9 permet <strong>apilar<\/strong> els tamborets, fent-los ideals per a entorns comercials com a hotels, restaurants i botigues.<\/p>\n<p>Ja sigui que busquis afegir un toc d&#8217;eleg\u00e0ncia al teu jard\u00ed o renovar l&#8217;interior del teu hotel o negoci, els tamborets Volt s\u00f3n l&#8217;opci\u00f3 ideal per als qui valoren la qualitat i el disseny en cada detall.<\/p>\n","protected":false},"excerpt":{"rendered":"<p>&nbsp;<\/p>\n<p>&nbsp;<\/p>\n","protected":false},"featured_media":35649,"template":"","meta":{"_acf_changed":false},"product_brand":[882],"product_cat":[525,538,574],"product_tag":[587,618,640,664,720,729,769,790],"class_list":{"0":"post-20170","1":"product","2":"type-product","3":"status-publish","4":"has-post-thumbnail","6":"product_brand-pedrali-ca","7":"product_cat-interior","8":"product_cat-tamborets","9":"product_cat-tamborets-exterior","10":"product_tag-apilable-ca","11":"product_tag-contract-ca","12":"product_tag-exterior-ca","13":"product_tag-interior-ca","14":"product_tag-outdoor-ca","15":"product_tag-pedrali-ca","16":"product_tag-tamboret","17":"product_tag-volt-ca","18":"description-off","20":"first","21":"instock","22":"shipping-taxable","23":"product-type-simple"},"acf":[],"yoast_head":"<!-- This site is optimized with the Yoast SEO plugin v27.0 - https:\/\/yoast.com\/product\/yoast-seo-wordpress\/ -->\n<title>Tamboret Volt, Pedrali- Navarro Aubanell<\/title>\n<meta name=\"description\" content=\"Tamboret Volt: versions per a interior i per a exterior. Polipropil\u00e8 refor\u00e7at amb fibra de vidres. T\u00e9 reposapeus i \u00e9s apilable.\" \/>\n<meta name=\"robots\" content=\"index, follow, max-snippet:-1, max-image-preview:large, max-video-preview:-1\" \/>\n<link rel=\"canonical\" href=\"https:\/\/www.navarroaubanell.com\/ca\/producte\/tamboret-volt-pedrali-navarroaubanell\/\" \/>\n<meta property=\"og:locale\" content=\"ca_ES\" \/>\n<meta property=\"og:type\" content=\"article\" \/>\n<meta property=\"og:title\" content=\"Tamboret Volt, Pedrali- Navarro Aubanell\" \/>\n<meta property=\"og:description\" content=\"Tamboret Volt: versions per a interior i per a exterior. Polipropil\u00e8 refor\u00e7at amb fibra de vidres. T\u00e9 reposapeus i \u00e9s apilable.\" \/>\n<meta property=\"og:url\" content=\"https:\/\/www.navarroaubanell.com\/ca\/producte\/tamboret-volt-pedrali-navarroaubanell\/\" \/>\n<meta property=\"og:site_name\" content=\"Navarro Aubanell\" \/>\n<meta property=\"article:modified_time\" content=\"2024-10-01T14:29:58+00:00\" \/>\n<meta property=\"og:image\" content=\"https:\/\/www.navarroaubanell.com\/wp-content\/uploads\/2017\/10\/Taburete-Volt-678-4-1.png\" \/>\n\t<meta property=\"og:image:width\" content=\"881\" \/>\n\t<meta property=\"og:image:height\" content=\"1181\" \/>\n\t<meta property=\"og:image:type\" content=\"image\/png\" \/>\n<meta name=\"twitter:label1\" content=\"Est. reading time\" \/>\n\t<meta name=\"twitter:data1\" content=\"3 minutes\" \/>\n<script type=\"application\/ld+json\" class=\"yoast-schema-graph\">{\"@context\":\"https:\/\/schema.org\",\"@graph\":[{\"@type\":\"WebPage\",\"@id\":\"https:\/\/www.navarroaubanell.com\/ca\/producte\/tamboret-volt-pedrali-navarroaubanell\/\",\"url\":\"https:\/\/www.navarroaubanell.com\/ca\/producte\/tamboret-volt-pedrali-navarroaubanell\/\",\"name\":\"Tamboret Volt, Pedrali- Navarro Aubanell\",\"isPartOf\":{\"@id\":\"https:\/\/www.navarroaubanell.com\/ca\/#website\"},\"primaryImageOfPage\":{\"@id\":\"https:\/\/www.navarroaubanell.com\/ca\/producte\/tamboret-volt-pedrali-navarroaubanell\/#primaryimage\"},\"image\":{\"@id\":\"https:\/\/www.navarroaubanell.com\/ca\/producte\/tamboret-volt-pedrali-navarroaubanell\/#primaryimage\"},\"thumbnailUrl\":\"https:\/\/www.navarroaubanell.com\/wp-content\/uploads\/2017\/10\/Taburete-Volt-678-4-1.png\",\"datePublished\":\"2017-10-05T14:28:40+00:00\",\"dateModified\":\"2024-10-01T14:29:58+00:00\",\"description\":\"Tamboret Volt: versions per a interior i per a exterior. Polipropil\u00e8 refor\u00e7at amb fibra de vidres. T\u00e9 reposapeus i \u00e9s apilable.\",\"breadcrumb\":{\"@id\":\"https:\/\/www.navarroaubanell.com\/ca\/producte\/tamboret-volt-pedrali-navarroaubanell\/#breadcrumb\"},\"inLanguage\":\"ca\",\"potentialAction\":[{\"@type\":\"ReadAction\",\"target\":[\"https:\/\/www.navarroaubanell.com\/ca\/producte\/tamboret-volt-pedrali-navarroaubanell\/\"]}]},{\"@type\":\"ImageObject\",\"inLanguage\":\"ca\",\"@id\":\"https:\/\/www.navarroaubanell.com\/ca\/producte\/tamboret-volt-pedrali-navarroaubanell\/#primaryimage\",\"url\":\"https:\/\/www.navarroaubanell.com\/wp-content\/uploads\/2017\/10\/Taburete-Volt-678-4-1.png\",\"contentUrl\":\"https:\/\/www.navarroaubanell.com\/wp-content\/uploads\/2017\/10\/Taburete-Volt-678-4-1.png\",\"width\":881,\"height\":1181,\"caption\":\"Taburete Volt 678\"},{\"@type\":\"BreadcrumbList\",\"@id\":\"https:\/\/www.navarroaubanell.com\/ca\/producte\/tamboret-volt-pedrali-navarroaubanell\/#breadcrumb\",\"itemListElement\":[{\"@type\":\"ListItem\",\"position\":1,\"name\":\"Portada\",\"item\":\"https:\/\/www.navarroaubanell.com\/ca\/\"},{\"@type\":\"ListItem\",\"position\":2,\"name\":\"Productes\",\"item\":\"https:\/\/www.navarroaubanell.com\/productos\/\"},{\"@type\":\"ListItem\",\"position\":3,\"name\":\"Tamboret Volt\"}]},{\"@type\":\"WebSite\",\"@id\":\"https:\/\/www.navarroaubanell.com\/ca\/#website\",\"url\":\"https:\/\/www.navarroaubanell.com\/ca\/\",\"name\":\"Navarro Aubanell\",\"description\":\"Mobiliario para hoteler\u00eda, colectividades y oficinas\",\"publisher\":{\"@id\":\"https:\/\/www.navarroaubanell.com\/ca\/#organization\"},\"potentialAction\":[{\"@type\":\"SearchAction\",\"target\":{\"@type\":\"EntryPoint\",\"urlTemplate\":\"https:\/\/www.navarroaubanell.com\/ca\/?s={search_term_string}\"},\"query-input\":{\"@type\":\"PropertyValueSpecification\",\"valueRequired\":true,\"valueName\":\"search_term_string\"}}],\"inLanguage\":\"ca\"},{\"@type\":\"Organization\",\"@id\":\"https:\/\/www.navarroaubanell.com\/ca\/#organization\",\"name\":\"COMERCIAL NAVARRO AUBANELL, S.A\",\"url\":\"https:\/\/www.navarroaubanell.com\/ca\/\",\"logo\":{\"@type\":\"ImageObject\",\"inLanguage\":\"ca\",\"@id\":\"https:\/\/www.navarroaubanell.com\/ca\/#\/schema\/logo\/image\/\",\"url\":\"https:\/\/www.navarroaubanell.com\/wp-content\/uploads\/2017\/07\/logo-navarro-aubuanell.png\",\"contentUrl\":\"https:\/\/www.navarroaubanell.com\/wp-content\/uploads\/2017\/07\/logo-navarro-aubuanell.png\",\"width\":6304,\"height\":1154,\"caption\":\"COMERCIAL NAVARRO AUBANELL, S.A\"},\"image\":{\"@id\":\"https:\/\/www.navarroaubanell.com\/ca\/#\/schema\/logo\/image\/\"}}]}<\/script>\n<!-- \/ Yoast SEO plugin. -->","yoast_head_json":{"title":"Tamboret Volt, Pedrali- Navarro Aubanell","description":"Tamboret Volt: versions per a interior i per a exterior. Polipropil\u00e8 refor\u00e7at amb fibra de vidres. T\u00e9 reposapeus i \u00e9s apilable.","robots":{"index":"index","follow":"follow","max-snippet":"max-snippet:-1","max-image-preview":"max-image-preview:large","max-video-preview":"max-video-preview:-1"},"canonical":"https:\/\/www.navarroaubanell.com\/ca\/producte\/tamboret-volt-pedrali-navarroaubanell\/","og_locale":"ca_ES","og_type":"article","og_title":"Tamboret Volt, Pedrali- Navarro Aubanell","og_description":"Tamboret Volt: versions per a interior i per a exterior. Polipropil\u00e8 refor\u00e7at amb fibra de vidres. T\u00e9 reposapeus i \u00e9s apilable.","og_url":"https:\/\/www.navarroaubanell.com\/ca\/producte\/tamboret-volt-pedrali-navarroaubanell\/","og_site_name":"Navarro Aubanell","article_modified_time":"2024-10-01T14:29:58+00:00","og_image":[{"width":881,"height":1181,"url":"https:\/\/www.navarroaubanell.com\/wp-content\/uploads\/2017\/10\/Taburete-Volt-678-4-1.png","type":"image\/png"}],"twitter_misc":{"Est. reading time":"3 minutes"},"schema":{"@context":"https:\/\/schema.org","@graph":[{"@type":"WebPage","@id":"https:\/\/www.navarroaubanell.com\/ca\/producte\/tamboret-volt-pedrali-navarroaubanell\/","url":"https:\/\/www.navarroaubanell.com\/ca\/producte\/tamboret-volt-pedrali-navarroaubanell\/","name":"Tamboret Volt, Pedrali- Navarro Aubanell","isPartOf":{"@id":"https:\/\/www.navarroaubanell.com\/ca\/#website"},"primaryImageOfPage":{"@id":"https:\/\/www.navarroaubanell.com\/ca\/producte\/tamboret-volt-pedrali-navarroaubanell\/#primaryimage"},"image":{"@id":"https:\/\/www.navarroaubanell.com\/ca\/producte\/tamboret-volt-pedrali-navarroaubanell\/#primaryimage"},"thumbnailUrl":"https:\/\/www.navarroaubanell.com\/wp-content\/uploads\/2017\/10\/Taburete-Volt-678-4-1.png","datePublished":"2017-10-05T14:28:40+00:00","dateModified":"2024-10-01T14:29:58+00:00","description":"Tamboret Volt: versions per a interior i per a exterior. Polipropil\u00e8 refor\u00e7at amb fibra de vidres. T\u00e9 reposapeus i \u00e9s apilable.","breadcrumb":{"@id":"https:\/\/www.navarroaubanell.com\/ca\/producte\/tamboret-volt-pedrali-navarroaubanell\/#breadcrumb"},"inLanguage":"ca","potentialAction":[{"@type":"ReadAction","target":["https:\/\/www.navarroaubanell.com\/ca\/producte\/tamboret-volt-pedrali-navarroaubanell\/"]}]},{"@type":"ImageObject","inLanguage":"ca","@id":"https:\/\/www.navarroaubanell.com\/ca\/producte\/tamboret-volt-pedrali-navarroaubanell\/#primaryimage","url":"https:\/\/www.navarroaubanell.com\/wp-content\/uploads\/2017\/10\/Taburete-Volt-678-4-1.png","contentUrl":"https:\/\/www.navarroaubanell.com\/wp-content\/uploads\/2017\/10\/Taburete-Volt-678-4-1.png","width":881,"height":1181,"caption":"Taburete Volt 678"},{"@type":"BreadcrumbList","@id":"https:\/\/www.navarroaubanell.com\/ca\/producte\/tamboret-volt-pedrali-navarroaubanell\/#breadcrumb","itemListElement":[{"@type":"ListItem","position":1,"name":"Portada","item":"https:\/\/www.navarroaubanell.com\/ca\/"},{"@type":"ListItem","position":2,"name":"Productes","item":"https:\/\/www.navarroaubanell.com\/productos\/"},{"@type":"ListItem","position":3,"name":"Tamboret Volt"}]},{"@type":"WebSite","@id":"https:\/\/www.navarroaubanell.com\/ca\/#website","url":"https:\/\/www.navarroaubanell.com\/ca\/","name":"Navarro Aubanell","description":"Mobiliario para hoteler\u00eda, colectividades y oficinas","publisher":{"@id":"https:\/\/www.navarroaubanell.com\/ca\/#organization"},"potentialAction":[{"@type":"SearchAction","target":{"@type":"EntryPoint","urlTemplate":"https:\/\/www.navarroaubanell.com\/ca\/?s={search_term_string}"},"query-input":{"@type":"PropertyValueSpecification","valueRequired":true,"valueName":"search_term_string"}}],"inLanguage":"ca"},{"@type":"Organization","@id":"https:\/\/www.navarroaubanell.com\/ca\/#organization","name":"COMERCIAL NAVARRO AUBANELL, S.A","url":"https:\/\/www.navarroaubanell.com\/ca\/","logo":{"@type":"ImageObject","inLanguage":"ca","@id":"https:\/\/www.navarroaubanell.com\/ca\/#\/schema\/logo\/image\/","url":"https:\/\/www.navarroaubanell.com\/wp-content\/uploads\/2017\/07\/logo-navarro-aubuanell.png","contentUrl":"https:\/\/www.navarroaubanell.com\/wp-content\/uploads\/2017\/07\/logo-navarro-aubuanell.png","width":6304,"height":1154,"caption":"COMERCIAL NAVARRO AUBANELL, S.A"},"image":{"@id":"https:\/\/www.navarroaubanell.com\/ca\/#\/schema\/logo\/image\/"}}]}},"_links":{"self":[{"href":"https:\/\/www.navarroaubanell.com\/ca\/wp-json\/wp\/v2\/product\/20170","targetHints":{"allow":["GET"]}}],"collection":[{"href":"https:\/\/www.navarroaubanell.com\/ca\/wp-json\/wp\/v2\/product"}],"about":[{"href":"https:\/\/www.navarroaubanell.com\/ca\/wp-json\/wp\/v2\/types\/product"}],"wp:featuredmedia":[{"embeddable":true,"href":"https:\/\/www.navarroaubanell.com\/ca\/wp-json\/wp\/v2\/media\/35649"}],"wp:attachment":[{"href":"https:\/\/www.navarroaubanell.com\/ca\/wp-json\/wp\/v2\/media?parent=20170"}],"wp:term":[{"taxonomy":"product_brand","embeddable":true,"href":"https:\/\/www.navarroaubanell.com\/ca\/wp-json\/wp\/v2\/product_brand?post=20170"},{"taxonomy":"product_cat","embeddable":true,"href":"https:\/\/www.navarroaubanell.com\/ca\/wp-json\/wp\/v2\/product_cat?post=20170"},{"taxonomy":"product_tag","embeddable":true,"href":"https:\/\/www.navarroaubanell.com\/ca\/wp-json\/wp\/v2\/product_tag?post=20170"}],"curies":[{"name":"wp","href":"https:\/\/api.w.org\/{rel}","templated":true}]}}