{"id":20123,"date":"2017-10-23T14:47:15","date_gmt":"2017-10-23T14:47:15","guid":{"rendered":"https:\/\/www.navarroaubanell.com\/producto\/almacenaje-bilaminado\/"},"modified":"2017-11-16T12:28:44","modified_gmt":"2017-11-16T11:28:44","slug":"almacenaje-bilaminado","status":"publish","type":"product","link":"https:\/\/www.navarroaubanell.com\/ca\/producte\/almacenaje-bilaminado\/","title":{"rendered":"Emmagatzematge bilaminat"},"content":{"rendered":"<p>La versatilitat i l&#8217;adaptabilitat a l&#8217;espai de l&#8217;oficina \u00e9s la principal caracter\u00edstica del programa d&#8217;armaris bilaminats.<\/p>\n<p>Dividint-se entre dues categories, Basic i Plus, el programa compta amb quatre armaris d&#8217;altures diferents per\u00f2 podent-se combinar entre ells fins a aconseguir 12 altures diferents. A m\u00e9s, el programa est\u00e0 pensat perqu\u00e8 pugui cr\u00e9ixer tamb\u00e9 horitzontalment.<\/p>\n","protected":false},"excerpt":{"rendered":"<p>&nbsp;<\/p>\n<p>&nbsp;<\/p>\n","protected":false},"featured_media":19303,"template":"","meta":{"_acf_changed":false},"product_brand":[886],"product_cat":[556,555],"product_tag":[596,800,647,701],"class_list":{"0":"post-20123","1":"product","2":"type-product","3":"status-publish","4":"has-post-thumbnail","6":"product_brand-forma-5-ca","7":"product_cat-emmagatzematge-ca","8":"product_cat-oficina","9":"product_tag-bilaminat","10":"product_tag-emmagatzematge","11":"product_tag-forma5-ca","12":"product_tag-mobiliari-oficina","13":"description-off","15":"first","16":"instock","17":"shipping-taxable","18":"product-type-simple"},"acf":[],"yoast_head":"<!-- This site is optimized with the Yoast SEO plugin v27.0 - https:\/\/yoast.com\/product\/yoast-seo-wordpress\/ -->\n<title>Emmagatzematge bilaminat, Forma 5, mobles oficina - Navarro Aubanell<\/title>\n<meta name=\"description\" content=\"La versatilitat i l&#039;adaptabilitat a l&#039;espai de l&#039;oficina \u00e9s la principal caracter\u00edstica del programa d&#039;armaris bilaminats. De Forma 5, mobles d&#039;oficina.\" \/>\n<meta name=\"robots\" content=\"index, follow, max-snippet:-1, max-image-preview:large, max-video-preview:-1\" \/>\n<link rel=\"canonical\" href=\"https:\/\/www.navarroaubanell.com\/ca\/producte\/almacenaje-bilaminado\/\" \/>\n<meta property=\"og:locale\" content=\"ca_ES\" \/>\n<meta property=\"og:type\" content=\"article\" \/>\n<meta property=\"og:title\" content=\"Emmagatzematge bilaminat, Forma 5, mobles oficina - Navarro Aubanell\" \/>\n<meta property=\"og:description\" content=\"La versatilitat i l&#039;adaptabilitat a l&#039;espai de l&#039;oficina \u00e9s la principal caracter\u00edstica del programa d&#039;armaris bilaminats. De Forma 5, mobles d&#039;oficina.\" \/>\n<meta property=\"og:url\" content=\"https:\/\/www.navarroaubanell.com\/ca\/producte\/almacenaje-bilaminado\/\" \/>\n<meta property=\"og:site_name\" content=\"Navarro Aubanell\" \/>\n<meta property=\"article:modified_time\" content=\"2017-11-16T11:28:44+00:00\" \/>\n<meta property=\"og:image\" content=\"https:\/\/www.navarroaubanell.com\/wp-content\/uploads\/2017\/10\/img-destacada-bilaminado.jpg\" \/>\n\t<meta property=\"og:image:width\" content=\"512\" \/>\n\t<meta property=\"og:image:height\" content=\"512\" \/>\n\t<meta property=\"og:image:type\" content=\"image\/jpeg\" \/>\n<script type=\"application\/ld+json\" class=\"yoast-schema-graph\">{\"@context\":\"https:\/\/schema.org\",\"@graph\":[{\"@type\":\"WebPage\",\"@id\":\"https:\/\/www.navarroaubanell.com\/ca\/producte\/almacenaje-bilaminado\/\",\"url\":\"https:\/\/www.navarroaubanell.com\/ca\/producte\/almacenaje-bilaminado\/\",\"name\":\"Emmagatzematge bilaminat, Forma 5, mobles oficina - Navarro Aubanell\",\"isPartOf\":{\"@id\":\"https:\/\/www.navarroaubanell.com\/ca\/#website\"},\"primaryImageOfPage\":{\"@id\":\"https:\/\/www.navarroaubanell.com\/ca\/producte\/almacenaje-bilaminado\/#primaryimage\"},\"image\":{\"@id\":\"https:\/\/www.navarroaubanell.com\/ca\/producte\/almacenaje-bilaminado\/#primaryimage\"},\"thumbnailUrl\":\"https:\/\/www.navarroaubanell.com\/wp-content\/uploads\/2017\/10\/img-destacada-bilaminado.jpg\",\"datePublished\":\"2017-10-23T14:47:15+00:00\",\"dateModified\":\"2017-11-16T11:28:44+00:00\",\"description\":\"La versatilitat i l'adaptabilitat a l'espai de l'oficina \u00e9s la principal caracter\u00edstica del programa d'armaris bilaminats. De Forma 5, mobles d'oficina.\",\"breadcrumb\":{\"@id\":\"https:\/\/www.navarroaubanell.com\/ca\/producte\/almacenaje-bilaminado\/#breadcrumb\"},\"inLanguage\":\"ca\",\"potentialAction\":[{\"@type\":\"ReadAction\",\"target\":[\"https:\/\/www.navarroaubanell.com\/ca\/producte\/almacenaje-bilaminado\/\"]}]},{\"@type\":\"ImageObject\",\"inLanguage\":\"ca\",\"@id\":\"https:\/\/www.navarroaubanell.com\/ca\/producte\/almacenaje-bilaminado\/#primaryimage\",\"url\":\"https:\/\/www.navarroaubanell.com\/wp-content\/uploads\/2017\/10\/img-destacada-bilaminado.jpg\",\"contentUrl\":\"https:\/\/www.navarroaubanell.com\/wp-content\/uploads\/2017\/10\/img-destacada-bilaminado.jpg\",\"width\":512,\"height\":512},{\"@type\":\"BreadcrumbList\",\"@id\":\"https:\/\/www.navarroaubanell.com\/ca\/producte\/almacenaje-bilaminado\/#breadcrumb\",\"itemListElement\":[{\"@type\":\"ListItem\",\"position\":1,\"name\":\"Portada\",\"item\":\"https:\/\/www.navarroaubanell.com\/ca\/\"},{\"@type\":\"ListItem\",\"position\":2,\"name\":\"Productes\",\"item\":\"https:\/\/www.navarroaubanell.com\/productos\/\"},{\"@type\":\"ListItem\",\"position\":3,\"name\":\"Emmagatzematge bilaminat\"}]},{\"@type\":\"WebSite\",\"@id\":\"https:\/\/www.navarroaubanell.com\/ca\/#website\",\"url\":\"https:\/\/www.navarroaubanell.com\/ca\/\",\"name\":\"Navarro Aubanell\",\"description\":\"Mobiliario para hoteler\u00eda, colectividades y oficinas\",\"publisher\":{\"@id\":\"https:\/\/www.navarroaubanell.com\/ca\/#organization\"},\"potentialAction\":[{\"@type\":\"SearchAction\",\"target\":{\"@type\":\"EntryPoint\",\"urlTemplate\":\"https:\/\/www.navarroaubanell.com\/ca\/?s={search_term_string}\"},\"query-input\":{\"@type\":\"PropertyValueSpecification\",\"valueRequired\":true,\"valueName\":\"search_term_string\"}}],\"inLanguage\":\"ca\"},{\"@type\":\"Organization\",\"@id\":\"https:\/\/www.navarroaubanell.com\/ca\/#organization\",\"name\":\"COMERCIAL NAVARRO AUBANELL, S.A\",\"url\":\"https:\/\/www.navarroaubanell.com\/ca\/\",\"logo\":{\"@type\":\"ImageObject\",\"inLanguage\":\"ca\",\"@id\":\"https:\/\/www.navarroaubanell.com\/ca\/#\/schema\/logo\/image\/\",\"url\":\"https:\/\/www.navarroaubanell.com\/wp-content\/uploads\/2017\/07\/logo-navarro-aubuanell.png\",\"contentUrl\":\"https:\/\/www.navarroaubanell.com\/wp-content\/uploads\/2017\/07\/logo-navarro-aubuanell.png\",\"width\":6304,\"height\":1154,\"caption\":\"COMERCIAL NAVARRO AUBANELL, S.A\"},\"image\":{\"@id\":\"https:\/\/www.navarroaubanell.com\/ca\/#\/schema\/logo\/image\/\"}}]}<\/script>\n<!-- \/ Yoast SEO plugin. -->","yoast_head_json":{"title":"Emmagatzematge bilaminat, Forma 5, mobles oficina - Navarro Aubanell","description":"La versatilitat i l'adaptabilitat a l'espai de l'oficina \u00e9s la principal caracter\u00edstica del programa d'armaris bilaminats. De Forma 5, mobles d'oficina.","robots":{"index":"index","follow":"follow","max-snippet":"max-snippet:-1","max-image-preview":"max-image-preview:large","max-video-preview":"max-video-preview:-1"},"canonical":"https:\/\/www.navarroaubanell.com\/ca\/producte\/almacenaje-bilaminado\/","og_locale":"ca_ES","og_type":"article","og_title":"Emmagatzematge bilaminat, Forma 5, mobles oficina - Navarro Aubanell","og_description":"La versatilitat i l'adaptabilitat a l'espai de l'oficina \u00e9s la principal caracter\u00edstica del programa d'armaris bilaminats. De Forma 5, mobles d'oficina.","og_url":"https:\/\/www.navarroaubanell.com\/ca\/producte\/almacenaje-bilaminado\/","og_site_name":"Navarro Aubanell","article_modified_time":"2017-11-16T11:28:44+00:00","og_image":[{"width":512,"height":512,"url":"https:\/\/www.navarroaubanell.com\/wp-content\/uploads\/2017\/10\/img-destacada-bilaminado.jpg","type":"image\/jpeg"}],"schema":{"@context":"https:\/\/schema.org","@graph":[{"@type":"WebPage","@id":"https:\/\/www.navarroaubanell.com\/ca\/producte\/almacenaje-bilaminado\/","url":"https:\/\/www.navarroaubanell.com\/ca\/producte\/almacenaje-bilaminado\/","name":"Emmagatzematge bilaminat, Forma 5, mobles oficina - Navarro Aubanell","isPartOf":{"@id":"https:\/\/www.navarroaubanell.com\/ca\/#website"},"primaryImageOfPage":{"@id":"https:\/\/www.navarroaubanell.com\/ca\/producte\/almacenaje-bilaminado\/#primaryimage"},"image":{"@id":"https:\/\/www.navarroaubanell.com\/ca\/producte\/almacenaje-bilaminado\/#primaryimage"},"thumbnailUrl":"https:\/\/www.navarroaubanell.com\/wp-content\/uploads\/2017\/10\/img-destacada-bilaminado.jpg","datePublished":"2017-10-23T14:47:15+00:00","dateModified":"2017-11-16T11:28:44+00:00","description":"La versatilitat i l'adaptabilitat a l'espai de l'oficina \u00e9s la principal caracter\u00edstica del programa d'armaris bilaminats. De Forma 5, mobles d'oficina.","breadcrumb":{"@id":"https:\/\/www.navarroaubanell.com\/ca\/producte\/almacenaje-bilaminado\/#breadcrumb"},"inLanguage":"ca","potentialAction":[{"@type":"ReadAction","target":["https:\/\/www.navarroaubanell.com\/ca\/producte\/almacenaje-bilaminado\/"]}]},{"@type":"ImageObject","inLanguage":"ca","@id":"https:\/\/www.navarroaubanell.com\/ca\/producte\/almacenaje-bilaminado\/#primaryimage","url":"https:\/\/www.navarroaubanell.com\/wp-content\/uploads\/2017\/10\/img-destacada-bilaminado.jpg","contentUrl":"https:\/\/www.navarroaubanell.com\/wp-content\/uploads\/2017\/10\/img-destacada-bilaminado.jpg","width":512,"height":512},{"@type":"BreadcrumbList","@id":"https:\/\/www.navarroaubanell.com\/ca\/producte\/almacenaje-bilaminado\/#breadcrumb","itemListElement":[{"@type":"ListItem","position":1,"name":"Portada","item":"https:\/\/www.navarroaubanell.com\/ca\/"},{"@type":"ListItem","position":2,"name":"Productes","item":"https:\/\/www.navarroaubanell.com\/productos\/"},{"@type":"ListItem","position":3,"name":"Emmagatzematge bilaminat"}]},{"@type":"WebSite","@id":"https:\/\/www.navarroaubanell.com\/ca\/#website","url":"https:\/\/www.navarroaubanell.com\/ca\/","name":"Navarro Aubanell","description":"Mobiliario para hoteler\u00eda, colectividades y oficinas","publisher":{"@id":"https:\/\/www.navarroaubanell.com\/ca\/#organization"},"potentialAction":[{"@type":"SearchAction","target":{"@type":"EntryPoint","urlTemplate":"https:\/\/www.navarroaubanell.com\/ca\/?s={search_term_string}"},"query-input":{"@type":"PropertyValueSpecification","valueRequired":true,"valueName":"search_term_string"}}],"inLanguage":"ca"},{"@type":"Organization","@id":"https:\/\/www.navarroaubanell.com\/ca\/#organization","name":"COMERCIAL NAVARRO AUBANELL, S.A","url":"https:\/\/www.navarroaubanell.com\/ca\/","logo":{"@type":"ImageObject","inLanguage":"ca","@id":"https:\/\/www.navarroaubanell.com\/ca\/#\/schema\/logo\/image\/","url":"https:\/\/www.navarroaubanell.com\/wp-content\/uploads\/2017\/07\/logo-navarro-aubuanell.png","contentUrl":"https:\/\/www.navarroaubanell.com\/wp-content\/uploads\/2017\/07\/logo-navarro-aubuanell.png","width":6304,"height":1154,"caption":"COMERCIAL NAVARRO AUBANELL, S.A"},"image":{"@id":"https:\/\/www.navarroaubanell.com\/ca\/#\/schema\/logo\/image\/"}}]}},"_links":{"self":[{"href":"https:\/\/www.navarroaubanell.com\/ca\/wp-json\/wp\/v2\/product\/20123","targetHints":{"allow":["GET"]}}],"collection":[{"href":"https:\/\/www.navarroaubanell.com\/ca\/wp-json\/wp\/v2\/product"}],"about":[{"href":"https:\/\/www.navarroaubanell.com\/ca\/wp-json\/wp\/v2\/types\/product"}],"wp:featuredmedia":[{"embeddable":true,"href":"https:\/\/www.navarroaubanell.com\/ca\/wp-json\/wp\/v2\/media\/19303"}],"wp:attachment":[{"href":"https:\/\/www.navarroaubanell.com\/ca\/wp-json\/wp\/v2\/media?parent=20123"}],"wp:term":[{"taxonomy":"product_brand","embeddable":true,"href":"https:\/\/www.navarroaubanell.com\/ca\/wp-json\/wp\/v2\/product_brand?post=20123"},{"taxonomy":"product_cat","embeddable":true,"href":"https:\/\/www.navarroaubanell.com\/ca\/wp-json\/wp\/v2\/product_cat?post=20123"},{"taxonomy":"product_tag","embeddable":true,"href":"https:\/\/www.navarroaubanell.com\/ca\/wp-json\/wp\/v2\/product_tag?post=20123"}],"curies":[{"name":"wp","href":"https:\/\/api.w.org\/{rel}","templated":true}]}}