{"id":20114,"date":"2017-10-24T08:22:49","date_gmt":"2017-10-24T06:22:49","guid":{"rendered":"https:\/\/www.navarroaubanell.com\/producto\/f25\/"},"modified":"2025-04-03T16:23:07","modified_gmt":"2025-04-03T14:23:07","slug":"taula-operativa-f25-forma5-navarroaubanell","status":"publish","type":"product","link":"https:\/\/www.navarroaubanell.com\/ca\/producte\/taula-operativa-f25-forma5-navarroaubanell\/","title":{"rendered":"Taula operativa F25"},"content":{"rendered":"<h5 data-start=\"78\" data-end=\"143\">Taula Operativa F25: Disseny, Funcionalitat i Adaptabilitat<\/h5>\n<p data-start=\"189\" data-end=\"497\">La taula operativa F25 t\u00e9 m\u00faltiples configuracions que permeten personalitzar cada zona de treball segons les necessitats espec\u00edfiques de cada usuari. El seu disseny combina funcionalitat i est\u00e8tica, optimitzant la productivitat a qualsevol oficina.<\/p>\n<h6 data-start=\"499\" data-end=\"538\">Estructura robusta i duradora<\/h6>\n<p data-start=\"539\" data-end=\"881\">La seva estructura \u00e9s en tub d&#8217;acer quadrat, garantint estabilitat i resist\u00e8ncia. El seu acabat en pintura epoxi proporciona una protecci\u00f3 duradora contra el desgast diari. A m\u00e9s, les seves cantonades aporten un toc d&#8217;eleg\u00e0ncia, i els seus anivelladors asseguren un perfecte ajust a qualsevol tipus de superf\u00edcie.<\/p>\n<h6 data-start=\"883\" data-end=\"944\">Tres opcions d&#8217;estructura per a major versatilitat<\/h6>\n<ol data-start=\"945\" data-end=\"1230\">\n<li class=\"\" data-start=\"945\" data-end=\"1040\">\n<p class=\"\" data-start=\"948\" data-end=\"1040\"><strong>Simple<\/strong>: Ideal per a llocs individuals, amb opci\u00f3 d&#8217;estructura regulable en al\u00e7ada.<\/p>\n<\/li>\n<li class=\"\" data-start=\"1041\" data-end=\"1113\">\n<p class=\"\" data-start=\"1044\" data-end=\"1113\"><strong>Doble<\/strong> <strong>(bench)<\/strong>: Perfecta per a estacions de treball compartides.<\/p>\n<\/li>\n<li class=\"\" data-start=\"1114\" data-end=\"1230\">\n<p class=\"\" data-start=\"1117\" data-end=\"1230\"><strong>Continua<\/strong>: La soluci\u00f3 ideal per a configuracions en creixement, facilitant la redistribuci\u00f3 d&#8217;espais.<\/p>\n<\/li>\n<\/ol>\n<h6 data-start=\"1232\" data-end=\"1282\">Tauler bilaminat en m\u00faltiples acabats<\/h6>\n<p data-start=\"1283\" data-end=\"1511\">El tauler de la taula F25 est\u00e0 fabricat en aglomerat bilaminat, amb un cant\u00f3 termofusionat per a major resist\u00e8ncia. Disponible en una \u00e0mplia varietat d&#8217;acabats.<\/p>\n<h6 data-start=\"1513\" data-end=\"1567\">Accessoris per a major comoditat i efici\u00e8ncia<\/h6>\n<p>F25 ofereix una s\u00e8rie de complements dissenyats per a millorar l&#8217;organitzaci\u00f3 i el confort:<\/p>\n<ul>\n<li>Separadors bilaminats, de vidre o entapissats.<\/li>\n<li>Top acces d&#8217;alumini o poliamida.<\/li>\n<li>Separadors ac\u00fastics.<\/li>\n<li>Faldons bilaminats o met\u00e0l\u00b7lics<\/li>\n<li>Reixetes de polipropil\u00e8 o met\u00e0l\u00b7lics.<\/li>\n<\/ul>\n","protected":false},"excerpt":{"rendered":"<p>&nbsp;<\/p>\n<p>&nbsp;<\/p>\n","protected":false},"featured_media":45706,"template":"","meta":{"_acf_changed":false},"product_brand":[886],"product_cat":[555,559],"product_tag":[641,647,701,1238,695,845],"class_list":{"0":"post-20114","1":"product","2":"type-product","3":"status-publish","4":"has-post-thumbnail","6":"product_brand-forma-5-ca","7":"product_cat-oficina","8":"product_cat-taules-ca","9":"product_tag-f25-ca","10":"product_tag-forma5-ca","11":"product_tag-mobiliari-oficina","12":"product_tag-oficina-ca","13":"product_tag-taula","14":"product_tag-taules-oficina","15":"description-off","17":"first","18":"instock","19":"shipping-taxable","20":"product-type-simple"},"acf":[],"yoast_head":"<!-- This site is optimized with the Yoast SEO plugin v27.5 - https:\/\/yoast.com\/product\/yoast-seo-wordpress\/ -->\n<title>Taula operativa F25, de Forma 5 - Navarro Aubanell<\/title>\n<meta name=\"description\" content=\"Taula operativa F25: disseny funcional, estructura d&#039;acer robusta i opcions modulars que optimitzen l&#039;espai de treball amb eleg\u00e0ncia i efici\u00e8ncia.\" \/>\n<meta name=\"robots\" content=\"index, follow, max-snippet:-1, max-image-preview:large, max-video-preview:-1\" \/>\n<link rel=\"canonical\" href=\"https:\/\/www.navarroaubanell.com\/ca\/producte\/taula-operativa-f25-forma5-navarroaubanell\/\" \/>\n<meta property=\"og:locale\" content=\"ca_ES\" \/>\n<meta property=\"og:type\" content=\"article\" \/>\n<meta property=\"og:title\" content=\"Taula operativa F25, de Forma 5 - Navarro Aubanell\" \/>\n<meta property=\"og:description\" content=\"Taula operativa F25: disseny funcional, estructura d&#039;acer robusta i opcions modulars que optimitzen l&#039;espai de treball amb eleg\u00e0ncia i efici\u00e8ncia.\" \/>\n<meta property=\"og:url\" content=\"https:\/\/www.navarroaubanell.com\/ca\/producte\/taula-operativa-f25-forma5-navarroaubanell\/\" \/>\n<meta property=\"og:site_name\" content=\"Navarro Aubanell\" \/>\n<meta property=\"article:modified_time\" content=\"2025-04-03T14:23:07+00:00\" \/>\n<meta property=\"og:image\" content=\"https:\/\/www.navarroaubanell.com\/wp-content\/uploads\/2017\/10\/f25-1-Photoroom.png\" \/>\n\t<meta property=\"og:image:width\" content=\"800\" \/>\n\t<meta property=\"og:image:height\" content=\"650\" \/>\n\t<meta property=\"og:image:type\" content=\"image\/png\" \/>\n<meta name=\"twitter:label1\" content=\"Est. reading time\" \/>\n\t<meta name=\"twitter:data1\" content=\"2 minutes\" \/>\n<script type=\"application\/ld+json\" class=\"yoast-schema-graph\">{\"@context\":\"https:\\\/\\\/schema.org\",\"@graph\":[{\"@type\":\"WebPage\",\"@id\":\"https:\\\/\\\/www.navarroaubanell.com\\\/ca\\\/producte\\\/taula-operativa-f25-forma5-navarroaubanell\\\/\",\"url\":\"https:\\\/\\\/www.navarroaubanell.com\\\/ca\\\/producte\\\/taula-operativa-f25-forma5-navarroaubanell\\\/\",\"name\":\"Taula operativa F25, de Forma 5 - Navarro Aubanell\",\"isPartOf\":{\"@id\":\"https:\\\/\\\/www.navarroaubanell.com\\\/ca\\\/#website\"},\"primaryImageOfPage\":{\"@id\":\"https:\\\/\\\/www.navarroaubanell.com\\\/ca\\\/producte\\\/taula-operativa-f25-forma5-navarroaubanell\\\/#primaryimage\"},\"image\":{\"@id\":\"https:\\\/\\\/www.navarroaubanell.com\\\/ca\\\/producte\\\/taula-operativa-f25-forma5-navarroaubanell\\\/#primaryimage\"},\"thumbnailUrl\":\"https:\\\/\\\/www.navarroaubanell.com\\\/wp-content\\\/uploads\\\/2017\\\/10\\\/f25-1-Photoroom.png\",\"datePublished\":\"2017-10-24T06:22:49+00:00\",\"dateModified\":\"2025-04-03T14:23:07+00:00\",\"description\":\"Taula operativa F25: disseny funcional, estructura d'acer robusta i opcions modulars que optimitzen l'espai de treball amb eleg\u00e0ncia i efici\u00e8ncia.\",\"breadcrumb\":{\"@id\":\"https:\\\/\\\/www.navarroaubanell.com\\\/ca\\\/producte\\\/taula-operativa-f25-forma5-navarroaubanell\\\/#breadcrumb\"},\"inLanguage\":\"ca\",\"potentialAction\":[{\"@type\":\"ReadAction\",\"target\":[\"https:\\\/\\\/www.navarroaubanell.com\\\/ca\\\/producte\\\/taula-operativa-f25-forma5-navarroaubanell\\\/\"]}]},{\"@type\":\"ImageObject\",\"inLanguage\":\"ca\",\"@id\":\"https:\\\/\\\/www.navarroaubanell.com\\\/ca\\\/producte\\\/taula-operativa-f25-forma5-navarroaubanell\\\/#primaryimage\",\"url\":\"https:\\\/\\\/www.navarroaubanell.com\\\/wp-content\\\/uploads\\\/2017\\\/10\\\/f25-1-Photoroom.png\",\"contentUrl\":\"https:\\\/\\\/www.navarroaubanell.com\\\/wp-content\\\/uploads\\\/2017\\\/10\\\/f25-1-Photoroom.png\",\"width\":800,\"height\":650,\"caption\":\"Mesa operativa F25\"},{\"@type\":\"BreadcrumbList\",\"@id\":\"https:\\\/\\\/www.navarroaubanell.com\\\/ca\\\/producte\\\/taula-operativa-f25-forma5-navarroaubanell\\\/#breadcrumb\",\"itemListElement\":[{\"@type\":\"ListItem\",\"position\":1,\"name\":\"Portada\",\"item\":\"https:\\\/\\\/www.navarroaubanell.com\\\/ca\\\/\"},{\"@type\":\"ListItem\",\"position\":2,\"name\":\"Productes\",\"item\":\"https:\\\/\\\/www.navarroaubanell.com\\\/productos\\\/\"},{\"@type\":\"ListItem\",\"position\":3,\"name\":\"Taula operativa F25\"}]},{\"@type\":\"WebSite\",\"@id\":\"https:\\\/\\\/www.navarroaubanell.com\\\/ca\\\/#website\",\"url\":\"https:\\\/\\\/www.navarroaubanell.com\\\/ca\\\/\",\"name\":\"Navarro Aubanell\",\"description\":\"Mobiliario para hoteler\u00eda, colectividades y oficinas\",\"publisher\":{\"@id\":\"https:\\\/\\\/www.navarroaubanell.com\\\/ca\\\/#organization\"},\"potentialAction\":[{\"@type\":\"SearchAction\",\"target\":{\"@type\":\"EntryPoint\",\"urlTemplate\":\"https:\\\/\\\/www.navarroaubanell.com\\\/ca\\\/?s={search_term_string}\"},\"query-input\":{\"@type\":\"PropertyValueSpecification\",\"valueRequired\":true,\"valueName\":\"search_term_string\"}}],\"inLanguage\":\"ca\"},{\"@type\":\"Organization\",\"@id\":\"https:\\\/\\\/www.navarroaubanell.com\\\/ca\\\/#organization\",\"name\":\"COMERCIAL NAVARRO AUBANELL, S.A\",\"url\":\"https:\\\/\\\/www.navarroaubanell.com\\\/ca\\\/\",\"logo\":{\"@type\":\"ImageObject\",\"inLanguage\":\"ca\",\"@id\":\"https:\\\/\\\/www.navarroaubanell.com\\\/ca\\\/#\\\/schema\\\/logo\\\/image\\\/\",\"url\":\"https:\\\/\\\/www.navarroaubanell.com\\\/wp-content\\\/uploads\\\/2017\\\/07\\\/logo-navarro-aubuanell.png\",\"contentUrl\":\"https:\\\/\\\/www.navarroaubanell.com\\\/wp-content\\\/uploads\\\/2017\\\/07\\\/logo-navarro-aubuanell.png\",\"width\":6304,\"height\":1154,\"caption\":\"COMERCIAL NAVARRO AUBANELL, S.A\"},\"image\":{\"@id\":\"https:\\\/\\\/www.navarroaubanell.com\\\/ca\\\/#\\\/schema\\\/logo\\\/image\\\/\"}}]}<\/script>\n<!-- \/ Yoast SEO plugin. -->","yoast_head_json":{"title":"Taula operativa F25, de Forma 5 - Navarro Aubanell","description":"Taula operativa F25: disseny funcional, estructura d'acer robusta i opcions modulars que optimitzen l'espai de treball amb eleg\u00e0ncia i efici\u00e8ncia.","robots":{"index":"index","follow":"follow","max-snippet":"max-snippet:-1","max-image-preview":"max-image-preview:large","max-video-preview":"max-video-preview:-1"},"canonical":"https:\/\/www.navarroaubanell.com\/ca\/producte\/taula-operativa-f25-forma5-navarroaubanell\/","og_locale":"ca_ES","og_type":"article","og_title":"Taula operativa F25, de Forma 5 - Navarro Aubanell","og_description":"Taula operativa F25: disseny funcional, estructura d'acer robusta i opcions modulars que optimitzen l'espai de treball amb eleg\u00e0ncia i efici\u00e8ncia.","og_url":"https:\/\/www.navarroaubanell.com\/ca\/producte\/taula-operativa-f25-forma5-navarroaubanell\/","og_site_name":"Navarro Aubanell","article_modified_time":"2025-04-03T14:23:07+00:00","og_image":[{"width":800,"height":650,"url":"https:\/\/www.navarroaubanell.com\/wp-content\/uploads\/2017\/10\/f25-1-Photoroom.png","type":"image\/png"}],"twitter_misc":{"Est. reading time":"2 minutes"},"schema":{"@context":"https:\/\/schema.org","@graph":[{"@type":"WebPage","@id":"https:\/\/www.navarroaubanell.com\/ca\/producte\/taula-operativa-f25-forma5-navarroaubanell\/","url":"https:\/\/www.navarroaubanell.com\/ca\/producte\/taula-operativa-f25-forma5-navarroaubanell\/","name":"Taula operativa F25, de Forma 5 - Navarro Aubanell","isPartOf":{"@id":"https:\/\/www.navarroaubanell.com\/ca\/#website"},"primaryImageOfPage":{"@id":"https:\/\/www.navarroaubanell.com\/ca\/producte\/taula-operativa-f25-forma5-navarroaubanell\/#primaryimage"},"image":{"@id":"https:\/\/www.navarroaubanell.com\/ca\/producte\/taula-operativa-f25-forma5-navarroaubanell\/#primaryimage"},"thumbnailUrl":"https:\/\/www.navarroaubanell.com\/wp-content\/uploads\/2017\/10\/f25-1-Photoroom.png","datePublished":"2017-10-24T06:22:49+00:00","dateModified":"2025-04-03T14:23:07+00:00","description":"Taula operativa F25: disseny funcional, estructura d'acer robusta i opcions modulars que optimitzen l'espai de treball amb eleg\u00e0ncia i efici\u00e8ncia.","breadcrumb":{"@id":"https:\/\/www.navarroaubanell.com\/ca\/producte\/taula-operativa-f25-forma5-navarroaubanell\/#breadcrumb"},"inLanguage":"ca","potentialAction":[{"@type":"ReadAction","target":["https:\/\/www.navarroaubanell.com\/ca\/producte\/taula-operativa-f25-forma5-navarroaubanell\/"]}]},{"@type":"ImageObject","inLanguage":"ca","@id":"https:\/\/www.navarroaubanell.com\/ca\/producte\/taula-operativa-f25-forma5-navarroaubanell\/#primaryimage","url":"https:\/\/www.navarroaubanell.com\/wp-content\/uploads\/2017\/10\/f25-1-Photoroom.png","contentUrl":"https:\/\/www.navarroaubanell.com\/wp-content\/uploads\/2017\/10\/f25-1-Photoroom.png","width":800,"height":650,"caption":"Mesa operativa F25"},{"@type":"BreadcrumbList","@id":"https:\/\/www.navarroaubanell.com\/ca\/producte\/taula-operativa-f25-forma5-navarroaubanell\/#breadcrumb","itemListElement":[{"@type":"ListItem","position":1,"name":"Portada","item":"https:\/\/www.navarroaubanell.com\/ca\/"},{"@type":"ListItem","position":2,"name":"Productes","item":"https:\/\/www.navarroaubanell.com\/productos\/"},{"@type":"ListItem","position":3,"name":"Taula operativa F25"}]},{"@type":"WebSite","@id":"https:\/\/www.navarroaubanell.com\/ca\/#website","url":"https:\/\/www.navarroaubanell.com\/ca\/","name":"Navarro Aubanell","description":"Mobiliario para hoteler\u00eda, colectividades y oficinas","publisher":{"@id":"https:\/\/www.navarroaubanell.com\/ca\/#organization"},"potentialAction":[{"@type":"SearchAction","target":{"@type":"EntryPoint","urlTemplate":"https:\/\/www.navarroaubanell.com\/ca\/?s={search_term_string}"},"query-input":{"@type":"PropertyValueSpecification","valueRequired":true,"valueName":"search_term_string"}}],"inLanguage":"ca"},{"@type":"Organization","@id":"https:\/\/www.navarroaubanell.com\/ca\/#organization","name":"COMERCIAL NAVARRO AUBANELL, S.A","url":"https:\/\/www.navarroaubanell.com\/ca\/","logo":{"@type":"ImageObject","inLanguage":"ca","@id":"https:\/\/www.navarroaubanell.com\/ca\/#\/schema\/logo\/image\/","url":"https:\/\/www.navarroaubanell.com\/wp-content\/uploads\/2017\/07\/logo-navarro-aubuanell.png","contentUrl":"https:\/\/www.navarroaubanell.com\/wp-content\/uploads\/2017\/07\/logo-navarro-aubuanell.png","width":6304,"height":1154,"caption":"COMERCIAL NAVARRO AUBANELL, S.A"},"image":{"@id":"https:\/\/www.navarroaubanell.com\/ca\/#\/schema\/logo\/image\/"}}]}},"_links":{"self":[{"href":"https:\/\/www.navarroaubanell.com\/ca\/wp-json\/wp\/v2\/product\/20114","targetHints":{"allow":["GET"]}}],"collection":[{"href":"https:\/\/www.navarroaubanell.com\/ca\/wp-json\/wp\/v2\/product"}],"about":[{"href":"https:\/\/www.navarroaubanell.com\/ca\/wp-json\/wp\/v2\/types\/product"}],"wp:featuredmedia":[{"embeddable":true,"href":"https:\/\/www.navarroaubanell.com\/ca\/wp-json\/wp\/v2\/media\/45706"}],"wp:attachment":[{"href":"https:\/\/www.navarroaubanell.com\/ca\/wp-json\/wp\/v2\/media?parent=20114"}],"wp:term":[{"taxonomy":"product_brand","embeddable":true,"href":"https:\/\/www.navarroaubanell.com\/ca\/wp-json\/wp\/v2\/product_brand?post=20114"},{"taxonomy":"product_cat","embeddable":true,"href":"https:\/\/www.navarroaubanell.com\/ca\/wp-json\/wp\/v2\/product_cat?post=20114"},{"taxonomy":"product_tag","embeddable":true,"href":"https:\/\/www.navarroaubanell.com\/ca\/wp-json\/wp\/v2\/product_tag?post=20114"}],"curies":[{"name":"wp","href":"https:\/\/api.w.org\/{rel}","templated":true}]}}