{"id":20111,"date":"2017-10-24T09:44:39","date_gmt":"2017-10-24T07:44:39","guid":{"rendered":"https:\/\/www.navarroaubanell.com\/producto\/m10\/"},"modified":"2025-04-08T17:21:04","modified_gmt":"2025-04-08T15:21:04","slug":"taula-operativa-m10-forma5-navarroaubanell","status":"publish","type":"product","link":"https:\/\/www.navarroaubanell.com\/ca\/producte\/taula-operativa-m10-forma5-navarroaubanell\/","title":{"rendered":"Taula Operativa M10"},"content":{"rendered":"<h5 data-start=\"201\" data-end=\"241\">M10: Molt m\u00e9s que una taula operativa<\/h5>\n<article class=\"text-token-text-primary w-full\" dir=\"auto\" data-testid=\"conversation-turn-6\" data-scroll-anchor=\"true\">\n<div class=\"text-base my-auto mx-auto py-5 px-6\">\n<div class=\"mx-auto flex flex-1 text-base gap-4 md:gap-5 lg:gap-6 md:max-w-3xl group\/turn-messages focus-visible:outline-hidden\" tabindex=\"-1\">\n<div class=\"group\/conversation-turn relative flex w-full min-w-0 flex-col agent-turn @xs\/thread:px-0 @sm\/thread:px-1.5 @md\/thread:px-4\">\n<div class=\"relative flex-col gap-1 md:gap-3\">\n<div class=\"flex max-w-full flex-col grow\">\n<div class=\"min-h-8 text-message relative flex w-full flex-col items-end gap-2 text-start break-words whitespace-normal [.text-message+&amp;]:mt-5\" dir=\"auto\" data-message-author-role=\"assistant\" data-message-id=\"ecf1264c-4abf-48dc-9c1b-e3bf1cdc0ae9\" data-message-model-slug=\"gpt-4o\">\n<div class=\"flex w-full flex-col gap-1 empty:hidden first:pt-[3px]\">\n<div class=\"markdown prose dark:prose-invert w-full break-words light\">\n<p data-start=\"51\" data-end=\"241\">La taula operativa M10 transforma els espais de treball amb solucions intel\u00b7ligents, combinant funcionalitat, versatilitat i una est\u00e8tica pensada per a din\u00e0miques laborals modernes.<\/p>\n<\/div>\n<\/div>\n<\/div>\n<\/div>\n<\/div>\n<\/div>\n<\/div>\n<\/div>\n<\/article>\n<h6 data-start=\"640\" data-end=\"686\">Estructura resistent i disseny amb car\u00e0cter<\/h6>\n<article class=\"text-token-text-primary w-full\" dir=\"auto\" data-testid=\"conversation-turn-10\" data-scroll-anchor=\"true\">\n<div class=\"text-base my-auto mx-auto py-5 px-6\">\n<div class=\"mx-auto flex flex-1 text-base gap-4 md:gap-5 lg:gap-6 md:max-w-3xl group\/turn-messages focus-visible:outline-hidden\" tabindex=\"-1\">\n<div class=\"group\/conversation-turn relative flex w-full min-w-0 flex-col agent-turn @xs\/thread:px-0 @sm\/thread:px-1.5 @md\/thread:px-4\">\n<div class=\"relative flex-col gap-1 md:gap-3\">\n<div class=\"flex max-w-full flex-col grow\">\n<div class=\"min-h-8 text-message relative flex w-full flex-col items-end gap-2 text-start break-words whitespace-normal [.text-message+&amp;]:mt-5\" dir=\"auto\" data-message-author-role=\"assistant\" data-message-id=\"934e517e-759e-4226-b865-99d547fc0903\" data-message-model-slug=\"gpt-4o\">\n<div class=\"flex w-full flex-col gap-1 empty:hidden first:pt-[3px]\">\n<div class=\"markdown prose dark:prose-invert w-full break-words light\">\n<p data-start=\"75\" data-end=\"313\">L&#8217;estructura de la taula M10 est\u00e0 fabricada en tub d&#8217;acer semioval amb pintura epoxi, garantint durabilitat. El seu disseny de tipus cavallet amb unions a biaix, aporta car\u00e0cter, mentre que els anivelladors de polipropil\u00e8 asseguren estabilitat.<\/p>\n<\/div>\n<\/div>\n<\/div>\n<\/div>\n<\/div>\n<\/div>\n<\/div>\n<\/div>\n<\/article>\n<h6 data-start=\"1065\" data-end=\"1096\">Tauler funcional i durador<\/h6>\n<p data-start=\"1098\" data-end=\"1363\">El tauler est\u00e0 fabricat amb part\u00edcules recobertes en melamina, un material resistent al desgast i f\u00e0cil de mantenir. Aquest acabat no nom\u00e9s garanteix una llarga vida \u00fatil, sin\u00f3 que tamb\u00e9 aporta un toc modern i professional a l&#8217;espai de treball.<\/p>\n<h6 data-start=\"1095\" data-end=\"1134\">Solucions per a cada tipus d&#8217;oficina<\/h6>\n<p data-start=\"1136\" data-end=\"1229\">M10 s&#8217;adapta a diferents necessitats gr\u00e0cies a les seves tres configuracions estructurals:<\/p>\n<ul data-start=\"1230\" data-end=\"1467\">\n<li class=\"\" data-start=\"1230\" data-end=\"1320\">\n<p class=\"\" data-start=\"1232\" data-end=\"1320\"><strong>Simple<\/strong>: ideal per a llocs individuals, amb opci\u00f3 de potes regulables en al\u00e7ada.<\/p>\n<\/li>\n<li class=\"\" data-start=\"1321\" data-end=\"1379\">\n<p class=\"\" data-start=\"1323\" data-end=\"1379\"><strong>Doble<\/strong>: perfecta per a configuracions tipus <em data-start=\"1369\" data-end=\"1376\">bench<\/em>.<\/p>\n<\/li>\n<li class=\"\" data-start=\"1380\" data-end=\"1467\">\n<p class=\"\" data-start=\"1382\" data-end=\"1467\"><strong>Continuidad<\/strong>: pensada per a cr\u00e9ixer en forma modular, facilitant la redistribuci\u00f3.<\/p>\n<\/li>\n<\/ul>\n<h6 data-start=\"1469\" data-end=\"1506\">Accessoris que sumen funcionalitat<\/h6>\n<p class=\"\" data-start=\"1508\" data-end=\"1580\">Pensat pel dia a dia, M10 incorpora una \u00e0mplia gamma d&#8217;accessoris:<\/p>\n<ul data-start=\"1581\" data-end=\"1789\">\n<li class=\"\" data-start=\"1581\" data-end=\"1633\">\n<p class=\"\" data-start=\"1583\" data-end=\"1633\">Separadors (bilaminats, entapissats o de vidre)<\/p>\n<\/li>\n<li class=\"\" data-start=\"1634\" data-end=\"1672\">\n<p class=\"\" data-start=\"1636\" data-end=\"1672\">Top access d&#8217;alumini o poliamida<\/p>\n<\/li>\n<li class=\"\" data-start=\"1673\" data-end=\"1695\">\n<p class=\"\" data-start=\"1675\" data-end=\"1695\">Separador ac\u00fastic<\/p>\n<\/li>\n<li class=\"\" data-start=\"1696\" data-end=\"1732\">\n<p class=\"\" data-start=\"1698\" data-end=\"1732\">Faldons bilaminats o met\u00e0l\u00b7lics<\/p>\n<\/li>\n<li class=\"\" data-start=\"1733\" data-end=\"1776\">\n<p class=\"\" data-start=\"1735\" data-end=\"1776\">Reixetes (met\u00e0l\u00b7liques o de polipropil\u00e8)<\/p>\n<\/li>\n<li class=\"\" data-start=\"1777\" data-end=\"1789\">\n<p class=\"\" data-start=\"1779\" data-end=\"1789\">Passacables<\/p>\n<\/li>\n<\/ul>\n<p><em>Per a m\u00e9s informaci\u00f3, contacta&#8217;ns.<\/em><\/p>\n","protected":false},"excerpt":{"rendered":"<p>&nbsp;<\/p>\n<p>&nbsp;<\/p>\n","protected":false},"featured_media":45785,"template":"","meta":{"_acf_changed":false},"product_brand":[886],"product_cat":[555,559],"product_tag":[647,683,701,1238,860,695,845],"class_list":{"0":"post-20111","1":"product","2":"type-product","3":"status-publish","4":"has-post-thumbnail","6":"product_brand-forma-5-ca","7":"product_cat-oficina","8":"product_cat-taules-ca","9":"product_tag-forma5-ca","10":"product_tag-m10-ca","11":"product_tag-mobiliari-oficina","12":"product_tag-oficina-ca","13":"product_tag-regulable-ca","14":"product_tag-taula","15":"product_tag-taules-oficina","16":"description-off","18":"first","19":"instock","20":"shipping-taxable","21":"product-type-simple"},"acf":[],"yoast_head":"<!-- This site is optimized with the Yoast SEO plugin v27.0 - https:\/\/yoast.com\/product\/yoast-seo-wordpress\/ -->\n<title>Taula operativa M10, Forma 5- Navarro Aubanell<\/title>\n<meta name=\"description\" content=\"Taula operativa M10: disseny vers\u00e0til o robust amb estructura en acer, tauler melam\u00ednic i accessoris funcionals per a oficines modernes.\" \/>\n<meta name=\"robots\" content=\"index, follow, max-snippet:-1, max-image-preview:large, max-video-preview:-1\" \/>\n<link rel=\"canonical\" href=\"https:\/\/www.navarroaubanell.com\/ca\/producte\/taula-operativa-m10-forma5-navarroaubanell\/\" \/>\n<meta property=\"og:locale\" content=\"ca_ES\" \/>\n<meta property=\"og:type\" content=\"article\" \/>\n<meta property=\"og:title\" content=\"Taula operativa M10, Forma 5- Navarro Aubanell\" \/>\n<meta property=\"og:description\" content=\"Taula operativa M10: disseny vers\u00e0til o robust amb estructura en acer, tauler melam\u00ednic i accessoris funcionals per a oficines modernes.\" \/>\n<meta property=\"og:url\" content=\"https:\/\/www.navarroaubanell.com\/ca\/producte\/taula-operativa-m10-forma5-navarroaubanell\/\" \/>\n<meta property=\"og:site_name\" content=\"Navarro Aubanell\" \/>\n<meta property=\"article:modified_time\" content=\"2025-04-08T15:21:04+00:00\" \/>\n<meta property=\"og:image\" content=\"https:\/\/www.navarroaubanell.com\/wp-content\/uploads\/2017\/10\/Mesa-operativa-M10-1.png\" \/>\n\t<meta property=\"og:image:width\" content=\"1280\" \/>\n\t<meta property=\"og:image:height\" content=\"1040\" \/>\n\t<meta property=\"og:image:type\" content=\"image\/png\" \/>\n<meta name=\"twitter:label1\" content=\"Est. reading time\" \/>\n\t<meta name=\"twitter:data1\" content=\"2 minutes\" \/>\n<script type=\"application\/ld+json\" class=\"yoast-schema-graph\">{\"@context\":\"https:\/\/schema.org\",\"@graph\":[{\"@type\":\"WebPage\",\"@id\":\"https:\/\/www.navarroaubanell.com\/ca\/producte\/taula-operativa-m10-forma5-navarroaubanell\/\",\"url\":\"https:\/\/www.navarroaubanell.com\/ca\/producte\/taula-operativa-m10-forma5-navarroaubanell\/\",\"name\":\"Taula operativa M10, Forma 5- Navarro Aubanell\",\"isPartOf\":{\"@id\":\"https:\/\/www.navarroaubanell.com\/ca\/#website\"},\"primaryImageOfPage\":{\"@id\":\"https:\/\/www.navarroaubanell.com\/ca\/producte\/taula-operativa-m10-forma5-navarroaubanell\/#primaryimage\"},\"image\":{\"@id\":\"https:\/\/www.navarroaubanell.com\/ca\/producte\/taula-operativa-m10-forma5-navarroaubanell\/#primaryimage\"},\"thumbnailUrl\":\"https:\/\/www.navarroaubanell.com\/wp-content\/uploads\/2017\/10\/Mesa-operativa-M10-1.png\",\"datePublished\":\"2017-10-24T07:44:39+00:00\",\"dateModified\":\"2025-04-08T15:21:04+00:00\",\"description\":\"Taula operativa M10: disseny vers\u00e0til o robust amb estructura en acer, tauler melam\u00ednic i accessoris funcionals per a oficines modernes.\",\"breadcrumb\":{\"@id\":\"https:\/\/www.navarroaubanell.com\/ca\/producte\/taula-operativa-m10-forma5-navarroaubanell\/#breadcrumb\"},\"inLanguage\":\"ca\",\"potentialAction\":[{\"@type\":\"ReadAction\",\"target\":[\"https:\/\/www.navarroaubanell.com\/ca\/producte\/taula-operativa-m10-forma5-navarroaubanell\/\"]}]},{\"@type\":\"ImageObject\",\"inLanguage\":\"ca\",\"@id\":\"https:\/\/www.navarroaubanell.com\/ca\/producte\/taula-operativa-m10-forma5-navarroaubanell\/#primaryimage\",\"url\":\"https:\/\/www.navarroaubanell.com\/wp-content\/uploads\/2017\/10\/Mesa-operativa-M10-1.png\",\"contentUrl\":\"https:\/\/www.navarroaubanell.com\/wp-content\/uploads\/2017\/10\/Mesa-operativa-M10-1.png\",\"width\":1280,\"height\":1040,\"caption\":\"Mesa operativa M10\"},{\"@type\":\"BreadcrumbList\",\"@id\":\"https:\/\/www.navarroaubanell.com\/ca\/producte\/taula-operativa-m10-forma5-navarroaubanell\/#breadcrumb\",\"itemListElement\":[{\"@type\":\"ListItem\",\"position\":1,\"name\":\"Portada\",\"item\":\"https:\/\/www.navarroaubanell.com\/ca\/\"},{\"@type\":\"ListItem\",\"position\":2,\"name\":\"Productes\",\"item\":\"https:\/\/www.navarroaubanell.com\/productos\/\"},{\"@type\":\"ListItem\",\"position\":3,\"name\":\"Taula Operativa M10\"}]},{\"@type\":\"WebSite\",\"@id\":\"https:\/\/www.navarroaubanell.com\/ca\/#website\",\"url\":\"https:\/\/www.navarroaubanell.com\/ca\/\",\"name\":\"Navarro Aubanell\",\"description\":\"Mobiliario para hoteler\u00eda, colectividades y oficinas\",\"publisher\":{\"@id\":\"https:\/\/www.navarroaubanell.com\/ca\/#organization\"},\"potentialAction\":[{\"@type\":\"SearchAction\",\"target\":{\"@type\":\"EntryPoint\",\"urlTemplate\":\"https:\/\/www.navarroaubanell.com\/ca\/?s={search_term_string}\"},\"query-input\":{\"@type\":\"PropertyValueSpecification\",\"valueRequired\":true,\"valueName\":\"search_term_string\"}}],\"inLanguage\":\"ca\"},{\"@type\":\"Organization\",\"@id\":\"https:\/\/www.navarroaubanell.com\/ca\/#organization\",\"name\":\"COMERCIAL NAVARRO AUBANELL, S.A\",\"url\":\"https:\/\/www.navarroaubanell.com\/ca\/\",\"logo\":{\"@type\":\"ImageObject\",\"inLanguage\":\"ca\",\"@id\":\"https:\/\/www.navarroaubanell.com\/ca\/#\/schema\/logo\/image\/\",\"url\":\"https:\/\/www.navarroaubanell.com\/wp-content\/uploads\/2017\/07\/logo-navarro-aubuanell.png\",\"contentUrl\":\"https:\/\/www.navarroaubanell.com\/wp-content\/uploads\/2017\/07\/logo-navarro-aubuanell.png\",\"width\":6304,\"height\":1154,\"caption\":\"COMERCIAL NAVARRO AUBANELL, S.A\"},\"image\":{\"@id\":\"https:\/\/www.navarroaubanell.com\/ca\/#\/schema\/logo\/image\/\"}}]}<\/script>\n<!-- \/ Yoast SEO plugin. -->","yoast_head_json":{"title":"Taula operativa M10, Forma 5- Navarro Aubanell","description":"Taula operativa M10: disseny vers\u00e0til o robust amb estructura en acer, tauler melam\u00ednic i accessoris funcionals per a oficines modernes.","robots":{"index":"index","follow":"follow","max-snippet":"max-snippet:-1","max-image-preview":"max-image-preview:large","max-video-preview":"max-video-preview:-1"},"canonical":"https:\/\/www.navarroaubanell.com\/ca\/producte\/taula-operativa-m10-forma5-navarroaubanell\/","og_locale":"ca_ES","og_type":"article","og_title":"Taula operativa M10, Forma 5- Navarro Aubanell","og_description":"Taula operativa M10: disseny vers\u00e0til o robust amb estructura en acer, tauler melam\u00ednic i accessoris funcionals per a oficines modernes.","og_url":"https:\/\/www.navarroaubanell.com\/ca\/producte\/taula-operativa-m10-forma5-navarroaubanell\/","og_site_name":"Navarro Aubanell","article_modified_time":"2025-04-08T15:21:04+00:00","og_image":[{"width":1280,"height":1040,"url":"https:\/\/www.navarroaubanell.com\/wp-content\/uploads\/2017\/10\/Mesa-operativa-M10-1.png","type":"image\/png"}],"twitter_misc":{"Est. reading time":"2 minutes"},"schema":{"@context":"https:\/\/schema.org","@graph":[{"@type":"WebPage","@id":"https:\/\/www.navarroaubanell.com\/ca\/producte\/taula-operativa-m10-forma5-navarroaubanell\/","url":"https:\/\/www.navarroaubanell.com\/ca\/producte\/taula-operativa-m10-forma5-navarroaubanell\/","name":"Taula operativa M10, Forma 5- Navarro Aubanell","isPartOf":{"@id":"https:\/\/www.navarroaubanell.com\/ca\/#website"},"primaryImageOfPage":{"@id":"https:\/\/www.navarroaubanell.com\/ca\/producte\/taula-operativa-m10-forma5-navarroaubanell\/#primaryimage"},"image":{"@id":"https:\/\/www.navarroaubanell.com\/ca\/producte\/taula-operativa-m10-forma5-navarroaubanell\/#primaryimage"},"thumbnailUrl":"https:\/\/www.navarroaubanell.com\/wp-content\/uploads\/2017\/10\/Mesa-operativa-M10-1.png","datePublished":"2017-10-24T07:44:39+00:00","dateModified":"2025-04-08T15:21:04+00:00","description":"Taula operativa M10: disseny vers\u00e0til o robust amb estructura en acer, tauler melam\u00ednic i accessoris funcionals per a oficines modernes.","breadcrumb":{"@id":"https:\/\/www.navarroaubanell.com\/ca\/producte\/taula-operativa-m10-forma5-navarroaubanell\/#breadcrumb"},"inLanguage":"ca","potentialAction":[{"@type":"ReadAction","target":["https:\/\/www.navarroaubanell.com\/ca\/producte\/taula-operativa-m10-forma5-navarroaubanell\/"]}]},{"@type":"ImageObject","inLanguage":"ca","@id":"https:\/\/www.navarroaubanell.com\/ca\/producte\/taula-operativa-m10-forma5-navarroaubanell\/#primaryimage","url":"https:\/\/www.navarroaubanell.com\/wp-content\/uploads\/2017\/10\/Mesa-operativa-M10-1.png","contentUrl":"https:\/\/www.navarroaubanell.com\/wp-content\/uploads\/2017\/10\/Mesa-operativa-M10-1.png","width":1280,"height":1040,"caption":"Mesa operativa M10"},{"@type":"BreadcrumbList","@id":"https:\/\/www.navarroaubanell.com\/ca\/producte\/taula-operativa-m10-forma5-navarroaubanell\/#breadcrumb","itemListElement":[{"@type":"ListItem","position":1,"name":"Portada","item":"https:\/\/www.navarroaubanell.com\/ca\/"},{"@type":"ListItem","position":2,"name":"Productes","item":"https:\/\/www.navarroaubanell.com\/productos\/"},{"@type":"ListItem","position":3,"name":"Taula Operativa M10"}]},{"@type":"WebSite","@id":"https:\/\/www.navarroaubanell.com\/ca\/#website","url":"https:\/\/www.navarroaubanell.com\/ca\/","name":"Navarro Aubanell","description":"Mobiliario para hoteler\u00eda, colectividades y oficinas","publisher":{"@id":"https:\/\/www.navarroaubanell.com\/ca\/#organization"},"potentialAction":[{"@type":"SearchAction","target":{"@type":"EntryPoint","urlTemplate":"https:\/\/www.navarroaubanell.com\/ca\/?s={search_term_string}"},"query-input":{"@type":"PropertyValueSpecification","valueRequired":true,"valueName":"search_term_string"}}],"inLanguage":"ca"},{"@type":"Organization","@id":"https:\/\/www.navarroaubanell.com\/ca\/#organization","name":"COMERCIAL NAVARRO AUBANELL, S.A","url":"https:\/\/www.navarroaubanell.com\/ca\/","logo":{"@type":"ImageObject","inLanguage":"ca","@id":"https:\/\/www.navarroaubanell.com\/ca\/#\/schema\/logo\/image\/","url":"https:\/\/www.navarroaubanell.com\/wp-content\/uploads\/2017\/07\/logo-navarro-aubuanell.png","contentUrl":"https:\/\/www.navarroaubanell.com\/wp-content\/uploads\/2017\/07\/logo-navarro-aubuanell.png","width":6304,"height":1154,"caption":"COMERCIAL NAVARRO AUBANELL, S.A"},"image":{"@id":"https:\/\/www.navarroaubanell.com\/ca\/#\/schema\/logo\/image\/"}}]}},"_links":{"self":[{"href":"https:\/\/www.navarroaubanell.com\/ca\/wp-json\/wp\/v2\/product\/20111","targetHints":{"allow":["GET"]}}],"collection":[{"href":"https:\/\/www.navarroaubanell.com\/ca\/wp-json\/wp\/v2\/product"}],"about":[{"href":"https:\/\/www.navarroaubanell.com\/ca\/wp-json\/wp\/v2\/types\/product"}],"wp:featuredmedia":[{"embeddable":true,"href":"https:\/\/www.navarroaubanell.com\/ca\/wp-json\/wp\/v2\/media\/45785"}],"wp:attachment":[{"href":"https:\/\/www.navarroaubanell.com\/ca\/wp-json\/wp\/v2\/media?parent=20111"}],"wp:term":[{"taxonomy":"product_brand","embeddable":true,"href":"https:\/\/www.navarroaubanell.com\/ca\/wp-json\/wp\/v2\/product_brand?post=20111"},{"taxonomy":"product_cat","embeddable":true,"href":"https:\/\/www.navarroaubanell.com\/ca\/wp-json\/wp\/v2\/product_cat?post=20111"},{"taxonomy":"product_tag","embeddable":true,"href":"https:\/\/www.navarroaubanell.com\/ca\/wp-json\/wp\/v2\/product_tag?post=20111"}],"curies":[{"name":"wp","href":"https:\/\/api.w.org\/{rel}","templated":true}]}}