{"id":20110,"date":"2017-10-24T09:55:54","date_gmt":"2017-10-24T07:55:54","guid":{"rendered":"https:\/\/www.navarroaubanell.com\/producto\/neo\/"},"modified":"2025-04-11T17:05:20","modified_gmt":"2025-04-11T15:05:20","slug":"mesa-operativa-neo-forma5-navarroaubanell","status":"publish","type":"product","link":"https:\/\/www.navarroaubanell.com\/ca\/producte\/mesa-operativa-neo-forma5-navarroaubanell\/","title":{"rendered":"Mesa Operativa Neo"},"content":{"rendered":"<h5 data-start=\"226\" data-end=\"249\">Taula Operativa Neo: Estil cl\u00e0ssic amb \u00e0nima contempor\u00e0nia<\/h5>\n<p data-start=\"293\" data-end=\"582\">La taula operativa Neo combina el millor de dos mons: un disseny d&#8217;inspiraci\u00f3 cl\u00e0ssica amb acabats i configuracions modernes. \u00c9s l&#8217;opci\u00f3 ideal per a oficines que busquen funcionalitat sense renunciar a l&#8217;est\u00e8tica. Harmonia, versatilitat i resist\u00e8ncia s\u00f3n els pilars d&#8217;aquesta colecci\u00f3.<\/p>\n<h6 data-start=\"293\" data-end=\"582\">Estructura resistent, dissenyada per a durar<\/h6>\n<p data-start=\"636\" data-end=\"1045\">Neo compta amb una estructura met\u00e0l\u00b7lica fabricada en xapa d&#8217;acer, laminat en fred i polimeritzat, el que garanteix robustesa i estabilitat incl\u00fas en entorns d&#8217;\u00fas intensiu. La superf\u00edcie est\u00e0 recoberta amb pintura epoxi, oferint un acabat durador, uniforme i resistent al desgast. A m\u00e9s, incorpora anivelladors ajustables que asseguren una correcta instal\u00b7laci\u00f3 sobre qualsevol superf\u00edcie.<\/p>\n<h6 data-start=\"636\" data-end=\"1045\">Detalls que marquen la difer\u00e8ncia<\/h6>\n<p data-start=\"1090\" data-end=\"1336\">El tauler est\u00e0 compost per part\u00edcules amb recobriment melam\u00ednic i cantonades termofusionades, aportant un tacte agradable i una gran resist\u00e8ncia. La tapa es fixa mitjan\u00e7ant acer plegat en forma de biga, garantint solidesa estructural.<\/p>\n<h6 data-start=\"1090\" data-end=\"1336\">Accessoris funcionals i personalitzables<\/h6>\n<p class=\"\" data-start=\"1388\" data-end=\"1453\">Neo s&#8217;adapta a cada necessitat amb una \u00e0mplia gamma d&#8217;accessoris:<\/p>\n<ul data-start=\"1455\" data-end=\"1736\">\n<li class=\"\" data-start=\"1455\" data-end=\"1497\">\n<p class=\"\" data-start=\"1457\" data-end=\"1497\">Tapetes electrificables termopl\u00e0stiques<\/p>\n<\/li>\n<li class=\"\" data-start=\"1498\" data-end=\"1550\">\n<p class=\"\" data-start=\"1500\" data-end=\"1550\">Separadors (bilaminats, entapissats o de vidre)<\/p>\n<\/li>\n<li class=\"\" data-start=\"1551\" data-end=\"1589\">\n<p class=\"\" data-start=\"1553\" data-end=\"1589\">Top access en alumini o poliamida<\/p>\n<\/li>\n<li class=\"\" data-start=\"1590\" data-end=\"1615\">\n<p class=\"\" data-start=\"1592\" data-end=\"1615\">Separadors ac\u00fastics<\/p>\n<\/li>\n<li class=\"\" data-start=\"1616\" data-end=\"1652\">\n<p class=\"\" data-start=\"1618\" data-end=\"1652\">Faldons met\u00e0l\u00b7lics o bilaminats<\/p>\n<\/li>\n<li class=\"\" data-start=\"1653\" data-end=\"1710\">\n<p class=\"\" data-start=\"1655\" data-end=\"1710\">Reixetes per al cablejat (met\u00e0l\u00b7liques o de polipropil\u00e8)<\/p>\n<\/li>\n<li class=\"\" data-start=\"1711\" data-end=\"1736\">\n<p class=\"\" data-start=\"1713\" data-end=\"1736\">Passacables<\/p>\n<\/li>\n<\/ul>\n<article class=\"text-token-text-primary w-full\" dir=\"auto\" data-testid=\"conversation-turn-2\" data-scroll-anchor=\"true\">\n<div class=\"text-base my-auto mx-auto py-5 [--thread-content-margin:--spacing(4)] @[37rem]:[--thread-content-margin:--spacing(6)] @[70rem]:[--thread-content-margin:--spacing(12)] px-(--thread-content-margin)\">\n<div class=\"[--thread-content-max-width:32rem] @[34rem]:[--thread-content-max-width:40rem] @[64rem]:[--thread-content-max-width:48rem] mx-auto flex max-w-(--thread-content-max-width) flex-1 text-base gap-4 md:gap-5 lg:gap-6 group\/turn-messages focus-visible:outline-hidden\" tabindex=\"-1\">\n<div class=\"group\/conversation-turn relative flex w-full min-w-0 flex-col agent-turn\">\n<div class=\"relative flex-col gap-1 md:gap-3\">\n<div class=\"flex max-w-full flex-col grow\">\n<div class=\"min-h-8 text-message relative flex w-full flex-col items-end gap-2 text-start break-words whitespace-normal [.text-message+&amp;]:mt-5\" dir=\"auto\" data-message-author-role=\"assistant\" data-message-id=\"7fa4f0e0-7cef-4548-8fa8-6cc95009e72c\" data-message-model-slug=\"gpt-4o\">\n<div class=\"flex w-full flex-col gap-1 empty:hidden first:pt-[3px]\">\n<div class=\"markdown prose dark:prose-invert w-full break-words light\">\n<p class=\"\" data-start=\"1743\" data-end=\"1875\"><em data-start=\"1826\" data-end=\"1875\" data-is-last-node=\"\">*Per a m\u00e9s informaci\u00f3, no dubti a contactar amb nosaltres<\/em><\/p>\n<\/div>\n<\/div>\n<\/div>\n<\/div>\n<\/div>\n<\/div>\n<\/div>\n<\/div>\n<\/article>\n","protected":false},"excerpt":{"rendered":"<p>&nbsp;<\/p>\n<p>&nbsp;<\/p>\n","protected":false},"featured_media":45811,"template":"","meta":{"_acf_changed":false},"product_brand":[886],"product_cat":[555,559],"product_tag":[647,701,708,1238,1683,695,845],"class_list":{"0":"post-20110","1":"product","2":"type-product","3":"status-publish","4":"has-post-thumbnail","6":"product_brand-forma-5-ca","7":"product_cat-oficina","8":"product_cat-taules-ca","9":"product_tag-forma5-ca","10":"product_tag-mobiliari-oficina","11":"product_tag-neo-ca","12":"product_tag-oficina-ca","13":"product_tag-operativa-ca","14":"product_tag-taula","15":"product_tag-taules-oficina","16":"description-off","18":"first","19":"instock","20":"shipping-taxable","21":"product-type-simple"},"acf":[],"yoast_head":"<!-- This site is optimized with the Yoast SEO plugin v27.6 - https:\/\/yoast.com\/product\/yoast-seo-wordpress\/ -->\n<title>Taula Operativa Neo, Forma 5 - Navarro Aubanell<\/title>\n<meta name=\"description\" content=\"Taula operativa Neo: disseny cl\u00e0ssic i funcionalitat moderna amb estructura met\u00e0l\u00b7lica, acabats resistents i m\u00faltiples accessoris personalitzables.\" \/>\n<meta name=\"robots\" content=\"index, follow, max-snippet:-1, max-image-preview:large, max-video-preview:-1\" \/>\n<link rel=\"canonical\" href=\"https:\/\/www.navarroaubanell.com\/ca\/producte\/mesa-operativa-neo-forma5-navarroaubanell\/\" \/>\n<meta property=\"og:locale\" content=\"ca_ES\" \/>\n<meta property=\"og:type\" content=\"article\" \/>\n<meta property=\"og:title\" content=\"Taula Operativa Neo, Forma 5 - Navarro Aubanell\" \/>\n<meta property=\"og:description\" content=\"Taula operativa Neo: disseny cl\u00e0ssic i funcionalitat moderna amb estructura met\u00e0l\u00b7lica, acabats resistents i m\u00faltiples accessoris personalitzables.\" \/>\n<meta property=\"og:url\" content=\"https:\/\/www.navarroaubanell.com\/ca\/producte\/mesa-operativa-neo-forma5-navarroaubanell\/\" \/>\n<meta property=\"og:site_name\" content=\"Navarro Aubanell\" \/>\n<meta property=\"article:modified_time\" content=\"2025-04-11T15:05:20+00:00\" \/>\n<meta property=\"og:image\" content=\"https:\/\/www.navarroaubanell.com\/wp-content\/uploads\/2017\/10\/neo-fff8.jpg\" \/>\n\t<meta property=\"og:image:width\" content=\"1280\" \/>\n\t<meta property=\"og:image:height\" content=\"1040\" \/>\n\t<meta property=\"og:image:type\" content=\"image\/jpeg\" \/>\n<meta name=\"twitter:label1\" content=\"Est. reading time\" \/>\n\t<meta name=\"twitter:data1\" content=\"2 minutes\" \/>\n<script type=\"application\/ld+json\" class=\"yoast-schema-graph\">{\"@context\":\"https:\\\/\\\/schema.org\",\"@graph\":[{\"@type\":\"WebPage\",\"@id\":\"https:\\\/\\\/www.navarroaubanell.com\\\/ca\\\/producte\\\/mesa-operativa-neo-forma5-navarroaubanell\\\/\",\"url\":\"https:\\\/\\\/www.navarroaubanell.com\\\/ca\\\/producte\\\/mesa-operativa-neo-forma5-navarroaubanell\\\/\",\"name\":\"Taula Operativa Neo, Forma 5 - Navarro Aubanell\",\"isPartOf\":{\"@id\":\"https:\\\/\\\/www.navarroaubanell.com\\\/ca\\\/#website\"},\"primaryImageOfPage\":{\"@id\":\"https:\\\/\\\/www.navarroaubanell.com\\\/ca\\\/producte\\\/mesa-operativa-neo-forma5-navarroaubanell\\\/#primaryimage\"},\"image\":{\"@id\":\"https:\\\/\\\/www.navarroaubanell.com\\\/ca\\\/producte\\\/mesa-operativa-neo-forma5-navarroaubanell\\\/#primaryimage\"},\"thumbnailUrl\":\"https:\\\/\\\/www.navarroaubanell.com\\\/wp-content\\\/uploads\\\/2017\\\/10\\\/neo-fff8.jpg\",\"datePublished\":\"2017-10-24T07:55:54+00:00\",\"dateModified\":\"2025-04-11T15:05:20+00:00\",\"description\":\"Taula operativa Neo: disseny cl\u00e0ssic i funcionalitat moderna amb estructura met\u00e0l\u00b7lica, acabats resistents i m\u00faltiples accessoris personalitzables.\",\"breadcrumb\":{\"@id\":\"https:\\\/\\\/www.navarroaubanell.com\\\/ca\\\/producte\\\/mesa-operativa-neo-forma5-navarroaubanell\\\/#breadcrumb\"},\"inLanguage\":\"ca\",\"potentialAction\":[{\"@type\":\"ReadAction\",\"target\":[\"https:\\\/\\\/www.navarroaubanell.com\\\/ca\\\/producte\\\/mesa-operativa-neo-forma5-navarroaubanell\\\/\"]}]},{\"@type\":\"ImageObject\",\"inLanguage\":\"ca\",\"@id\":\"https:\\\/\\\/www.navarroaubanell.com\\\/ca\\\/producte\\\/mesa-operativa-neo-forma5-navarroaubanell\\\/#primaryimage\",\"url\":\"https:\\\/\\\/www.navarroaubanell.com\\\/wp-content\\\/uploads\\\/2017\\\/10\\\/neo-fff8.jpg\",\"contentUrl\":\"https:\\\/\\\/www.navarroaubanell.com\\\/wp-content\\\/uploads\\\/2017\\\/10\\\/neo-fff8.jpg\",\"width\":1280,\"height\":1040,\"caption\":\"Mesa operativa Neo\"},{\"@type\":\"BreadcrumbList\",\"@id\":\"https:\\\/\\\/www.navarroaubanell.com\\\/ca\\\/producte\\\/mesa-operativa-neo-forma5-navarroaubanell\\\/#breadcrumb\",\"itemListElement\":[{\"@type\":\"ListItem\",\"position\":1,\"name\":\"Portada\",\"item\":\"https:\\\/\\\/www.navarroaubanell.com\\\/ca\\\/\"},{\"@type\":\"ListItem\",\"position\":2,\"name\":\"Productes\",\"item\":\"https:\\\/\\\/www.navarroaubanell.com\\\/productos\\\/\"},{\"@type\":\"ListItem\",\"position\":3,\"name\":\"Mesa Operativa Neo\"}]},{\"@type\":\"WebSite\",\"@id\":\"https:\\\/\\\/www.navarroaubanell.com\\\/ca\\\/#website\",\"url\":\"https:\\\/\\\/www.navarroaubanell.com\\\/ca\\\/\",\"name\":\"Navarro Aubanell\",\"description\":\"Mobiliario para hoteler\u00eda, colectividades y oficinas\",\"publisher\":{\"@id\":\"https:\\\/\\\/www.navarroaubanell.com\\\/ca\\\/#organization\"},\"potentialAction\":[{\"@type\":\"SearchAction\",\"target\":{\"@type\":\"EntryPoint\",\"urlTemplate\":\"https:\\\/\\\/www.navarroaubanell.com\\\/ca\\\/?s={search_term_string}\"},\"query-input\":{\"@type\":\"PropertyValueSpecification\",\"valueRequired\":true,\"valueName\":\"search_term_string\"}}],\"inLanguage\":\"ca\"},{\"@type\":\"Organization\",\"@id\":\"https:\\\/\\\/www.navarroaubanell.com\\\/ca\\\/#organization\",\"name\":\"COMERCIAL NAVARRO AUBANELL, S.A\",\"url\":\"https:\\\/\\\/www.navarroaubanell.com\\\/ca\\\/\",\"logo\":{\"@type\":\"ImageObject\",\"inLanguage\":\"ca\",\"@id\":\"https:\\\/\\\/www.navarroaubanell.com\\\/ca\\\/#\\\/schema\\\/logo\\\/image\\\/\",\"url\":\"https:\\\/\\\/www.navarroaubanell.com\\\/wp-content\\\/uploads\\\/2017\\\/07\\\/logo-navarro-aubuanell.png\",\"contentUrl\":\"https:\\\/\\\/www.navarroaubanell.com\\\/wp-content\\\/uploads\\\/2017\\\/07\\\/logo-navarro-aubuanell.png\",\"width\":6304,\"height\":1154,\"caption\":\"COMERCIAL NAVARRO AUBANELL, S.A\"},\"image\":{\"@id\":\"https:\\\/\\\/www.navarroaubanell.com\\\/ca\\\/#\\\/schema\\\/logo\\\/image\\\/\"}}]}<\/script>\n<!-- \/ Yoast SEO plugin. -->","yoast_head_json":{"title":"Taula Operativa Neo, Forma 5 - Navarro Aubanell","description":"Taula operativa Neo: disseny cl\u00e0ssic i funcionalitat moderna amb estructura met\u00e0l\u00b7lica, acabats resistents i m\u00faltiples accessoris personalitzables.","robots":{"index":"index","follow":"follow","max-snippet":"max-snippet:-1","max-image-preview":"max-image-preview:large","max-video-preview":"max-video-preview:-1"},"canonical":"https:\/\/www.navarroaubanell.com\/ca\/producte\/mesa-operativa-neo-forma5-navarroaubanell\/","og_locale":"ca_ES","og_type":"article","og_title":"Taula Operativa Neo, Forma 5 - Navarro Aubanell","og_description":"Taula operativa Neo: disseny cl\u00e0ssic i funcionalitat moderna amb estructura met\u00e0l\u00b7lica, acabats resistents i m\u00faltiples accessoris personalitzables.","og_url":"https:\/\/www.navarroaubanell.com\/ca\/producte\/mesa-operativa-neo-forma5-navarroaubanell\/","og_site_name":"Navarro Aubanell","article_modified_time":"2025-04-11T15:05:20+00:00","og_image":[{"width":1280,"height":1040,"url":"https:\/\/www.navarroaubanell.com\/wp-content\/uploads\/2017\/10\/neo-fff8.jpg","type":"image\/jpeg"}],"twitter_misc":{"Est. reading time":"2 minutes"},"schema":{"@context":"https:\/\/schema.org","@graph":[{"@type":"WebPage","@id":"https:\/\/www.navarroaubanell.com\/ca\/producte\/mesa-operativa-neo-forma5-navarroaubanell\/","url":"https:\/\/www.navarroaubanell.com\/ca\/producte\/mesa-operativa-neo-forma5-navarroaubanell\/","name":"Taula Operativa Neo, Forma 5 - Navarro Aubanell","isPartOf":{"@id":"https:\/\/www.navarroaubanell.com\/ca\/#website"},"primaryImageOfPage":{"@id":"https:\/\/www.navarroaubanell.com\/ca\/producte\/mesa-operativa-neo-forma5-navarroaubanell\/#primaryimage"},"image":{"@id":"https:\/\/www.navarroaubanell.com\/ca\/producte\/mesa-operativa-neo-forma5-navarroaubanell\/#primaryimage"},"thumbnailUrl":"https:\/\/www.navarroaubanell.com\/wp-content\/uploads\/2017\/10\/neo-fff8.jpg","datePublished":"2017-10-24T07:55:54+00:00","dateModified":"2025-04-11T15:05:20+00:00","description":"Taula operativa Neo: disseny cl\u00e0ssic i funcionalitat moderna amb estructura met\u00e0l\u00b7lica, acabats resistents i m\u00faltiples accessoris personalitzables.","breadcrumb":{"@id":"https:\/\/www.navarroaubanell.com\/ca\/producte\/mesa-operativa-neo-forma5-navarroaubanell\/#breadcrumb"},"inLanguage":"ca","potentialAction":[{"@type":"ReadAction","target":["https:\/\/www.navarroaubanell.com\/ca\/producte\/mesa-operativa-neo-forma5-navarroaubanell\/"]}]},{"@type":"ImageObject","inLanguage":"ca","@id":"https:\/\/www.navarroaubanell.com\/ca\/producte\/mesa-operativa-neo-forma5-navarroaubanell\/#primaryimage","url":"https:\/\/www.navarroaubanell.com\/wp-content\/uploads\/2017\/10\/neo-fff8.jpg","contentUrl":"https:\/\/www.navarroaubanell.com\/wp-content\/uploads\/2017\/10\/neo-fff8.jpg","width":1280,"height":1040,"caption":"Mesa operativa Neo"},{"@type":"BreadcrumbList","@id":"https:\/\/www.navarroaubanell.com\/ca\/producte\/mesa-operativa-neo-forma5-navarroaubanell\/#breadcrumb","itemListElement":[{"@type":"ListItem","position":1,"name":"Portada","item":"https:\/\/www.navarroaubanell.com\/ca\/"},{"@type":"ListItem","position":2,"name":"Productes","item":"https:\/\/www.navarroaubanell.com\/productos\/"},{"@type":"ListItem","position":3,"name":"Mesa Operativa Neo"}]},{"@type":"WebSite","@id":"https:\/\/www.navarroaubanell.com\/ca\/#website","url":"https:\/\/www.navarroaubanell.com\/ca\/","name":"Navarro Aubanell","description":"Mobiliario para hoteler\u00eda, colectividades y oficinas","publisher":{"@id":"https:\/\/www.navarroaubanell.com\/ca\/#organization"},"potentialAction":[{"@type":"SearchAction","target":{"@type":"EntryPoint","urlTemplate":"https:\/\/www.navarroaubanell.com\/ca\/?s={search_term_string}"},"query-input":{"@type":"PropertyValueSpecification","valueRequired":true,"valueName":"search_term_string"}}],"inLanguage":"ca"},{"@type":"Organization","@id":"https:\/\/www.navarroaubanell.com\/ca\/#organization","name":"COMERCIAL NAVARRO AUBANELL, S.A","url":"https:\/\/www.navarroaubanell.com\/ca\/","logo":{"@type":"ImageObject","inLanguage":"ca","@id":"https:\/\/www.navarroaubanell.com\/ca\/#\/schema\/logo\/image\/","url":"https:\/\/www.navarroaubanell.com\/wp-content\/uploads\/2017\/07\/logo-navarro-aubuanell.png","contentUrl":"https:\/\/www.navarroaubanell.com\/wp-content\/uploads\/2017\/07\/logo-navarro-aubuanell.png","width":6304,"height":1154,"caption":"COMERCIAL NAVARRO AUBANELL, S.A"},"image":{"@id":"https:\/\/www.navarroaubanell.com\/ca\/#\/schema\/logo\/image\/"}}]}},"_links":{"self":[{"href":"https:\/\/www.navarroaubanell.com\/ca\/wp-json\/wp\/v2\/product\/20110","targetHints":{"allow":["GET"]}}],"collection":[{"href":"https:\/\/www.navarroaubanell.com\/ca\/wp-json\/wp\/v2\/product"}],"about":[{"href":"https:\/\/www.navarroaubanell.com\/ca\/wp-json\/wp\/v2\/types\/product"}],"wp:featuredmedia":[{"embeddable":true,"href":"https:\/\/www.navarroaubanell.com\/ca\/wp-json\/wp\/v2\/media\/45811"}],"wp:attachment":[{"href":"https:\/\/www.navarroaubanell.com\/ca\/wp-json\/wp\/v2\/media?parent=20110"}],"wp:term":[{"taxonomy":"product_brand","embeddable":true,"href":"https:\/\/www.navarroaubanell.com\/ca\/wp-json\/wp\/v2\/product_brand?post=20110"},{"taxonomy":"product_cat","embeddable":true,"href":"https:\/\/www.navarroaubanell.com\/ca\/wp-json\/wp\/v2\/product_cat?post=20110"},{"taxonomy":"product_tag","embeddable":true,"href":"https:\/\/www.navarroaubanell.com\/ca\/wp-json\/wp\/v2\/product_tag?post=20110"}],"curies":[{"name":"wp","href":"https:\/\/api.w.org\/{rel}","templated":true}]}}