{"id":20105,"date":"2017-10-25T16:11:46","date_gmt":"2017-10-25T14:11:46","guid":{"rendered":"https:\/\/www.navarroaubanell.com\/producto\/cappa\/"},"modified":"2025-03-27T17:34:06","modified_gmt":"2025-03-27T16:34:06","slug":"cadira-confident-cappa-forma5-navarroaubanell","status":"publish","type":"product","link":"https:\/\/www.navarroaubanell.com\/ca\/producte\/cadira-confident-cappa-forma5-navarroaubanell\/","title":{"rendered":"Cadira confident Cappa"},"content":{"rendered":"<h5 data-start=\"0\" data-end=\"81\">Cadira Confident Cappa: Equilibri entre Est\u00e8tica i Funcionalitat<\/h5>\n<p class=\"\" data-start=\"83\" data-end=\"369\">Cada l\u00ednia i corba de la cadira confident Cappa ha sigut pensada per a oferir una experi\u00e8ncia de confort visual i f\u00edsic, creant aix\u00ed un ambient acollidor i modern.<\/p>\n<h6 data-start=\"371\" data-end=\"663\">Cadira Monobloc<\/h6>\n<article class=\"w-full text-token-text-primary\" dir=\"auto\" data-testid=\"conversation-turn-8\" data-scroll-anchor=\"true\">\n<div class=\"text-base my-auto mx-auto py-5 px-6\">\n<div class=\"mx-auto flex flex-1 text-base gap-4 md:gap-5 lg:gap-6 md:max-w-3xl lg:max-w-[40rem] xl:max-w-[48rem] group\/turn-messages focus-visible:outline-none\" tabindex=\"-1\">\n<div class=\"group\/conversation-turn relative flex w-full min-w-0 flex-col agent-turn @xs\/thread:px-0 @sm\/thread:px-1.5 @md\/thread:px-4\">\n<div class=\"relative flex-col gap-1 md:gap-3\">\n<div class=\"flex max-w-full flex-col flex-grow\">\n<div class=\"min-h-8 text-message relative flex w-full flex-col items-end gap-2 whitespace-normal break-words text-start [.text-message+&amp;]:mt-5\" dir=\"auto\" data-message-author-role=\"assistant\" data-message-id=\"6abe6865-9389-4d17-babf-899dd8648593\" data-message-model-slug=\"gpt-4o\">\n<div class=\"flex w-full flex-col gap-1 empty:hidden first:pt-[3px]\">\n<div class=\"markdown prose w-full break-words dark:prose-invert light\">\n<p data-start=\"0\" data-end=\"305\">La cadira Cappa est\u00e0 fabricada mitjan\u00e7ant un monobloc de polipropil\u00e8, assegurant durabilitat i confort. Les seves vores arrodonides i la seva forma envolupant, ofereixen ergonomia i proporcionen un suport \u00f2ptim, convertint-la en ideal per a oficines o sales de reuni\u00f3.<\/p>\n<\/div>\n<\/div>\n<\/div>\n<\/div>\n<\/div>\n<\/div>\n<\/div>\n<\/div>\n<\/article>\n<h6 data-start=\"665\" data-end=\"905\">Opcions de Seient<\/h6>\n<p class=\"\" data-start=\"665\" data-end=\"905\">El seient s&#8217;ofereix en dues opcions: un tauler de fibres amb escuma de poliuret\u00e0 o un seien de galeta entapissada.<\/p>\n<h6 data-start=\"907\" data-end=\"1024\">Varietat de Bases<\/h6>\n<p class=\"\" data-start=\"907\" data-end=\"1024\">Cappa t\u00e9 diverses opcions de base:<\/p>\n<ul data-start=\"1025\" data-end=\"1429\">\n<li class=\"\" data-start=\"1025\" data-end=\"1136\">\n<p class=\"\" data-start=\"1027\" data-end=\"1136\"><strong>Base de 4 potes:<\/strong> Amb estructura d&#8217;acer encorbat, disponible en acabat cromat, gris fosc o blanc. Amb un suport al terra de virolles de poliamida.<\/p>\n<\/li>\n<li class=\"\" data-start=\"1137\" data-end=\"1241\">\n<p class=\"\" data-start=\"1139\" data-end=\"1241\"><strong>Base en pat\u00ed<\/strong>: Amb varetes massisses d&#8217;acer encorbades, disponible en acabat cromat, blanc o gris fosc. Amb suport all terra de virolles de polipropil\u00e8 semitransparent.<\/p>\n<\/li>\n<li class=\"\" data-start=\"1242\" data-end=\"1335\">\n<p class=\"\" data-start=\"1244\" data-end=\"1335\"><strong>Base girat\u00f2ria: <\/strong>Amb 4 radis de vareta massissa d&#8217;acer. Disposa de 4 suports al terra troncoc\u00f2nics fabricats en polipropil\u00e8 semitransparent.<\/p>\n<\/li>\n<li class=\"\" data-start=\"1242\" data-end=\"1335\">\n<p class=\"\" data-start=\"1244\" data-end=\"1335\"><strong data-start=\"1383\" data-end=\"1427\">Base girat\u00f2ria amb regulaci\u00f3 d&#8217;al\u00e7ada:<\/strong> Disponible en poliamida o alumini, amb acabats cromats o blancs. Amb anivelladors o rodes de doble rodada.<\/p>\n<\/li>\n<li class=\"\" data-start=\"1242\" data-end=\"1335\">\n<p class=\"\" data-start=\"1244\" data-end=\"1335\"><strong data-start=\"1619\" data-end=\"1653\">Base amb pist\u00f3 autocentrant:<\/strong> Base plana d&#8217;alumini polit amb suport al terra de 4 virolles de polipropil\u00e9.<\/p>\n<\/li>\n<\/ul>\n","protected":false},"excerpt":{"rendered":"<p>&nbsp;<\/p>\n<p>&nbsp;<\/p>\n","protected":false},"featured_media":45574,"template":"","meta":{"_acf_changed":false},"product_brand":[886],"product_cat":[560,555],"product_tag":[863,747,612,647,1679,701,1238,860],"class_list":{"0":"post-20105","1":"product","2":"type-product","3":"status-publish","4":"has-post-thumbnail","6":"product_brand-forma-5-ca","7":"product_cat-cadires-confidents","8":"product_cat-oficina","9":"product_tag-cadira","10":"product_tag-cadira-confident","11":"product_tag-cappa-ca","12":"product_tag-forma5-ca","13":"product_tag-giratoria-ca","14":"product_tag-mobiliari-oficina","15":"product_tag-oficina-ca","16":"product_tag-regulable-ca","17":"description-off","19":"first","20":"instock","21":"shipping-taxable","22":"product-type-simple"},"acf":[],"yoast_head":"<!-- This site is optimized with the Yoast SEO plugin v27.6 - https:\/\/yoast.com\/product\/yoast-seo-wordpress\/ -->\n<title>Cadira confident Cappa, Forma 5- Navarro Aubanell<\/title>\n<meta name=\"description\" content=\"La cadira confident Cappa ofereix durabilitat, confort i ergonomia amb un disseny envolupant, ideal per a oficines i espais de reuni\u00f3.\" \/>\n<meta name=\"robots\" content=\"index, follow, max-snippet:-1, max-image-preview:large, max-video-preview:-1\" \/>\n<link rel=\"canonical\" href=\"https:\/\/www.navarroaubanell.com\/ca\/producte\/cadira-confident-cappa-forma5-navarroaubanell\/\" \/>\n<meta property=\"og:locale\" content=\"ca_ES\" \/>\n<meta property=\"og:type\" content=\"article\" \/>\n<meta property=\"og:title\" content=\"Cadira confident Cappa, Forma 5- Navarro Aubanell\" \/>\n<meta property=\"og:description\" content=\"La cadira confident Cappa ofereix durabilitat, confort i ergonomia amb un disseny envolupant, ideal per a oficines i espais de reuni\u00f3.\" \/>\n<meta property=\"og:url\" content=\"https:\/\/www.navarroaubanell.com\/ca\/producte\/cadira-confident-cappa-forma5-navarroaubanell\/\" \/>\n<meta property=\"og:site_name\" content=\"Navarro Aubanell\" \/>\n<meta property=\"article:modified_time\" content=\"2025-03-27T16:34:06+00:00\" \/>\n<meta property=\"og:image\" content=\"https:\/\/www.navarroaubanell.com\/wp-content\/uploads\/2017\/10\/Silla-confidente-Cappa-9.png\" \/>\n\t<meta property=\"og:image:width\" content=\"1280\" \/>\n\t<meta property=\"og:image:height\" content=\"1040\" \/>\n\t<meta property=\"og:image:type\" content=\"image\/png\" \/>\n<meta name=\"twitter:label1\" content=\"Est. reading time\" \/>\n\t<meta name=\"twitter:data1\" content=\"2 minutes\" \/>\n<script type=\"application\/ld+json\" class=\"yoast-schema-graph\">{\"@context\":\"https:\\\/\\\/schema.org\",\"@graph\":[{\"@type\":\"WebPage\",\"@id\":\"https:\\\/\\\/www.navarroaubanell.com\\\/ca\\\/producte\\\/cadira-confident-cappa-forma5-navarroaubanell\\\/\",\"url\":\"https:\\\/\\\/www.navarroaubanell.com\\\/ca\\\/producte\\\/cadira-confident-cappa-forma5-navarroaubanell\\\/\",\"name\":\"Cadira confident Cappa, Forma 5- Navarro Aubanell\",\"isPartOf\":{\"@id\":\"https:\\\/\\\/www.navarroaubanell.com\\\/ca\\\/#website\"},\"primaryImageOfPage\":{\"@id\":\"https:\\\/\\\/www.navarroaubanell.com\\\/ca\\\/producte\\\/cadira-confident-cappa-forma5-navarroaubanell\\\/#primaryimage\"},\"image\":{\"@id\":\"https:\\\/\\\/www.navarroaubanell.com\\\/ca\\\/producte\\\/cadira-confident-cappa-forma5-navarroaubanell\\\/#primaryimage\"},\"thumbnailUrl\":\"https:\\\/\\\/www.navarroaubanell.com\\\/wp-content\\\/uploads\\\/2017\\\/10\\\/Silla-confidente-Cappa-9.png\",\"datePublished\":\"2017-10-25T14:11:46+00:00\",\"dateModified\":\"2025-03-27T16:34:06+00:00\",\"description\":\"La cadira confident Cappa ofereix durabilitat, confort i ergonomia amb un disseny envolupant, ideal per a oficines i espais de reuni\u00f3.\",\"breadcrumb\":{\"@id\":\"https:\\\/\\\/www.navarroaubanell.com\\\/ca\\\/producte\\\/cadira-confident-cappa-forma5-navarroaubanell\\\/#breadcrumb\"},\"inLanguage\":\"ca\",\"potentialAction\":[{\"@type\":\"ReadAction\",\"target\":[\"https:\\\/\\\/www.navarroaubanell.com\\\/ca\\\/producte\\\/cadira-confident-cappa-forma5-navarroaubanell\\\/\"]}]},{\"@type\":\"ImageObject\",\"inLanguage\":\"ca\",\"@id\":\"https:\\\/\\\/www.navarroaubanell.com\\\/ca\\\/producte\\\/cadira-confident-cappa-forma5-navarroaubanell\\\/#primaryimage\",\"url\":\"https:\\\/\\\/www.navarroaubanell.com\\\/wp-content\\\/uploads\\\/2017\\\/10\\\/Silla-confidente-Cappa-9.png\",\"contentUrl\":\"https:\\\/\\\/www.navarroaubanell.com\\\/wp-content\\\/uploads\\\/2017\\\/10\\\/Silla-confidente-Cappa-9.png\",\"width\":1280,\"height\":1040,\"caption\":\"Cadira confident Cappa\"},{\"@type\":\"BreadcrumbList\",\"@id\":\"https:\\\/\\\/www.navarroaubanell.com\\\/ca\\\/producte\\\/cadira-confident-cappa-forma5-navarroaubanell\\\/#breadcrumb\",\"itemListElement\":[{\"@type\":\"ListItem\",\"position\":1,\"name\":\"Portada\",\"item\":\"https:\\\/\\\/www.navarroaubanell.com\\\/ca\\\/\"},{\"@type\":\"ListItem\",\"position\":2,\"name\":\"Productes\",\"item\":\"https:\\\/\\\/www.navarroaubanell.com\\\/productos\\\/\"},{\"@type\":\"ListItem\",\"position\":3,\"name\":\"Cadira confident Cappa\"}]},{\"@type\":\"WebSite\",\"@id\":\"https:\\\/\\\/www.navarroaubanell.com\\\/ca\\\/#website\",\"url\":\"https:\\\/\\\/www.navarroaubanell.com\\\/ca\\\/\",\"name\":\"Navarro Aubanell\",\"description\":\"Mobiliario para hoteler\u00eda, colectividades y oficinas\",\"publisher\":{\"@id\":\"https:\\\/\\\/www.navarroaubanell.com\\\/ca\\\/#organization\"},\"potentialAction\":[{\"@type\":\"SearchAction\",\"target\":{\"@type\":\"EntryPoint\",\"urlTemplate\":\"https:\\\/\\\/www.navarroaubanell.com\\\/ca\\\/?s={search_term_string}\"},\"query-input\":{\"@type\":\"PropertyValueSpecification\",\"valueRequired\":true,\"valueName\":\"search_term_string\"}}],\"inLanguage\":\"ca\"},{\"@type\":\"Organization\",\"@id\":\"https:\\\/\\\/www.navarroaubanell.com\\\/ca\\\/#organization\",\"name\":\"COMERCIAL NAVARRO AUBANELL, S.A\",\"url\":\"https:\\\/\\\/www.navarroaubanell.com\\\/ca\\\/\",\"logo\":{\"@type\":\"ImageObject\",\"inLanguage\":\"ca\",\"@id\":\"https:\\\/\\\/www.navarroaubanell.com\\\/ca\\\/#\\\/schema\\\/logo\\\/image\\\/\",\"url\":\"https:\\\/\\\/www.navarroaubanell.com\\\/wp-content\\\/uploads\\\/2017\\\/07\\\/logo-navarro-aubuanell.png\",\"contentUrl\":\"https:\\\/\\\/www.navarroaubanell.com\\\/wp-content\\\/uploads\\\/2017\\\/07\\\/logo-navarro-aubuanell.png\",\"width\":6304,\"height\":1154,\"caption\":\"COMERCIAL NAVARRO AUBANELL, S.A\"},\"image\":{\"@id\":\"https:\\\/\\\/www.navarroaubanell.com\\\/ca\\\/#\\\/schema\\\/logo\\\/image\\\/\"}}]}<\/script>\n<!-- \/ Yoast SEO plugin. -->","yoast_head_json":{"title":"Cadira confident Cappa, Forma 5- Navarro Aubanell","description":"La cadira confident Cappa ofereix durabilitat, confort i ergonomia amb un disseny envolupant, ideal per a oficines i espais de reuni\u00f3.","robots":{"index":"index","follow":"follow","max-snippet":"max-snippet:-1","max-image-preview":"max-image-preview:large","max-video-preview":"max-video-preview:-1"},"canonical":"https:\/\/www.navarroaubanell.com\/ca\/producte\/cadira-confident-cappa-forma5-navarroaubanell\/","og_locale":"ca_ES","og_type":"article","og_title":"Cadira confident Cappa, Forma 5- Navarro Aubanell","og_description":"La cadira confident Cappa ofereix durabilitat, confort i ergonomia amb un disseny envolupant, ideal per a oficines i espais de reuni\u00f3.","og_url":"https:\/\/www.navarroaubanell.com\/ca\/producte\/cadira-confident-cappa-forma5-navarroaubanell\/","og_site_name":"Navarro Aubanell","article_modified_time":"2025-03-27T16:34:06+00:00","og_image":[{"width":1280,"height":1040,"url":"https:\/\/www.navarroaubanell.com\/wp-content\/uploads\/2017\/10\/Silla-confidente-Cappa-9.png","type":"image\/png"}],"twitter_misc":{"Est. reading time":"2 minutes"},"schema":{"@context":"https:\/\/schema.org","@graph":[{"@type":"WebPage","@id":"https:\/\/www.navarroaubanell.com\/ca\/producte\/cadira-confident-cappa-forma5-navarroaubanell\/","url":"https:\/\/www.navarroaubanell.com\/ca\/producte\/cadira-confident-cappa-forma5-navarroaubanell\/","name":"Cadira confident Cappa, Forma 5- Navarro Aubanell","isPartOf":{"@id":"https:\/\/www.navarroaubanell.com\/ca\/#website"},"primaryImageOfPage":{"@id":"https:\/\/www.navarroaubanell.com\/ca\/producte\/cadira-confident-cappa-forma5-navarroaubanell\/#primaryimage"},"image":{"@id":"https:\/\/www.navarroaubanell.com\/ca\/producte\/cadira-confident-cappa-forma5-navarroaubanell\/#primaryimage"},"thumbnailUrl":"https:\/\/www.navarroaubanell.com\/wp-content\/uploads\/2017\/10\/Silla-confidente-Cappa-9.png","datePublished":"2017-10-25T14:11:46+00:00","dateModified":"2025-03-27T16:34:06+00:00","description":"La cadira confident Cappa ofereix durabilitat, confort i ergonomia amb un disseny envolupant, ideal per a oficines i espais de reuni\u00f3.","breadcrumb":{"@id":"https:\/\/www.navarroaubanell.com\/ca\/producte\/cadira-confident-cappa-forma5-navarroaubanell\/#breadcrumb"},"inLanguage":"ca","potentialAction":[{"@type":"ReadAction","target":["https:\/\/www.navarroaubanell.com\/ca\/producte\/cadira-confident-cappa-forma5-navarroaubanell\/"]}]},{"@type":"ImageObject","inLanguage":"ca","@id":"https:\/\/www.navarroaubanell.com\/ca\/producte\/cadira-confident-cappa-forma5-navarroaubanell\/#primaryimage","url":"https:\/\/www.navarroaubanell.com\/wp-content\/uploads\/2017\/10\/Silla-confidente-Cappa-9.png","contentUrl":"https:\/\/www.navarroaubanell.com\/wp-content\/uploads\/2017\/10\/Silla-confidente-Cappa-9.png","width":1280,"height":1040,"caption":"Cadira confident Cappa"},{"@type":"BreadcrumbList","@id":"https:\/\/www.navarroaubanell.com\/ca\/producte\/cadira-confident-cappa-forma5-navarroaubanell\/#breadcrumb","itemListElement":[{"@type":"ListItem","position":1,"name":"Portada","item":"https:\/\/www.navarroaubanell.com\/ca\/"},{"@type":"ListItem","position":2,"name":"Productes","item":"https:\/\/www.navarroaubanell.com\/productos\/"},{"@type":"ListItem","position":3,"name":"Cadira confident Cappa"}]},{"@type":"WebSite","@id":"https:\/\/www.navarroaubanell.com\/ca\/#website","url":"https:\/\/www.navarroaubanell.com\/ca\/","name":"Navarro Aubanell","description":"Mobiliario para hoteler\u00eda, colectividades y oficinas","publisher":{"@id":"https:\/\/www.navarroaubanell.com\/ca\/#organization"},"potentialAction":[{"@type":"SearchAction","target":{"@type":"EntryPoint","urlTemplate":"https:\/\/www.navarroaubanell.com\/ca\/?s={search_term_string}"},"query-input":{"@type":"PropertyValueSpecification","valueRequired":true,"valueName":"search_term_string"}}],"inLanguage":"ca"},{"@type":"Organization","@id":"https:\/\/www.navarroaubanell.com\/ca\/#organization","name":"COMERCIAL NAVARRO AUBANELL, S.A","url":"https:\/\/www.navarroaubanell.com\/ca\/","logo":{"@type":"ImageObject","inLanguage":"ca","@id":"https:\/\/www.navarroaubanell.com\/ca\/#\/schema\/logo\/image\/","url":"https:\/\/www.navarroaubanell.com\/wp-content\/uploads\/2017\/07\/logo-navarro-aubuanell.png","contentUrl":"https:\/\/www.navarroaubanell.com\/wp-content\/uploads\/2017\/07\/logo-navarro-aubuanell.png","width":6304,"height":1154,"caption":"COMERCIAL NAVARRO AUBANELL, S.A"},"image":{"@id":"https:\/\/www.navarroaubanell.com\/ca\/#\/schema\/logo\/image\/"}}]}},"_links":{"self":[{"href":"https:\/\/www.navarroaubanell.com\/ca\/wp-json\/wp\/v2\/product\/20105","targetHints":{"allow":["GET"]}}],"collection":[{"href":"https:\/\/www.navarroaubanell.com\/ca\/wp-json\/wp\/v2\/product"}],"about":[{"href":"https:\/\/www.navarroaubanell.com\/ca\/wp-json\/wp\/v2\/types\/product"}],"wp:featuredmedia":[{"embeddable":true,"href":"https:\/\/www.navarroaubanell.com\/ca\/wp-json\/wp\/v2\/media\/45574"}],"wp:attachment":[{"href":"https:\/\/www.navarroaubanell.com\/ca\/wp-json\/wp\/v2\/media?parent=20105"}],"wp:term":[{"taxonomy":"product_brand","embeddable":true,"href":"https:\/\/www.navarroaubanell.com\/ca\/wp-json\/wp\/v2\/product_brand?post=20105"},{"taxonomy":"product_cat","embeddable":true,"href":"https:\/\/www.navarroaubanell.com\/ca\/wp-json\/wp\/v2\/product_cat?post=20105"},{"taxonomy":"product_tag","embeddable":true,"href":"https:\/\/www.navarroaubanell.com\/ca\/wp-json\/wp\/v2\/product_tag?post=20105"}],"curies":[{"name":"wp","href":"https:\/\/api.w.org\/{rel}","templated":true}]}}