{"id":20104,"date":"2017-10-25T16:28:24","date_gmt":"2017-10-25T14:28:24","guid":{"rendered":"https:\/\/www.navarroaubanell.com\/producto\/glove\/"},"modified":"2025-03-28T17:39:24","modified_gmt":"2025-03-28T16:39:24","slug":"cadira-confident-glove-forma5-navarroaubanell","status":"publish","type":"product","link":"https:\/\/www.navarroaubanell.com\/ca\/producte\/cadira-confident-glove-forma5-navarroaubanell\/","title":{"rendered":"Cadira confident Glove"},"content":{"rendered":"<h5>Cadira confident Glove: Versatilitat i Estil<\/h5>\n<p>La cadira confident Glove est\u00e0 dissenyada per a destacar en qualsevol entorn, marcant la difer\u00e8ncia amb la seva versatilitat i polival\u00e8ncia. La l\u00ednia de cadires Glove s&#8217;ha creat pensant en la funcionalitat, combinant un disseny modern amb formes suaus i arrodonides.<\/p>\n<div class=\"text-base my-auto mx-auto py-5 px-6\">\n<div class=\"mx-auto flex flex-1 text-base gap-4 md:gap-5 lg:gap-6 md:max-w-3xl lg:max-w-[40rem] xl:max-w-[48rem] group\/turn-messages focus-visible:outline-none\" tabindex=\"-1\">\n<div class=\"group\/conversation-turn relative flex w-full min-w-0 flex-col agent-turn @xs\/thread:px-0 @sm\/thread:px-1.5 @md\/thread:px-4\">\n<div class=\"relative flex-col gap-1 md:gap-3\">\n<div class=\"flex max-w-full flex-col flex-grow\">\n<div class=\"min-h-8 text-message relative flex w-full flex-col items-end gap-2 whitespace-normal break-words text-start [.text-message+&amp;]:mt-5\" dir=\"auto\" data-message-author-role=\"assistant\" data-message-id=\"086f6f00-c2bc-4cfa-8547-69bb525e6edf\" data-message-model-slug=\"gpt-4o\">\n<div class=\"flex w-full flex-col gap-1 empty:hidden first:pt-[3px]\">\n<div class=\"markdown prose w-full break-words dark:prose-invert light\">\n<h6 data-start=\"258\" data-end=\"282\">Estructura Monocasc<\/h6>\n<p class=\"\" data-start=\"284\" data-end=\"298\">Disponible en:<\/p>\n<ul>\n<li data-start=\"561\" data-end=\"752\"><strong data-start=\"561\" data-end=\"608\">Polipropil\u00e8 refor\u00e7at amb fibra de vidre<\/strong>, amb un disseny perforat que aporta lleugeresa i transpirabilitat. A m\u00e9s, es pot afegir una galeta entapissada al seient per a m\u00e9s confort.<\/li>\n<li data-start=\"561\" data-end=\"752\"><strong data-start=\"755\" data-end=\"795\">Polipropil\u00e8 completament entapissat<\/strong>, amb una capa d&#8217;escuma integrada que millora l&#8217;ergonomia i l&#8217;est\u00e8tica.<\/li>\n<li data-start=\"561\" data-end=\"752\"><strong data-start=\"871\" data-end=\"912\">Fusta polilaminada de faig rexapat<\/strong>, amb opci\u00f3 d&#8217;afegir una tapeta entapissada per a un toc extra de confort.<\/li>\n<\/ul>\n<h6 data-start=\"588\" data-end=\"609\">Opcions de Potas<\/h6>\n<ul data-start=\"611\" data-end=\"1127\">\n<li class=\"\" data-start=\"611\" data-end=\"697\">\n<p class=\"\" data-start=\"613\" data-end=\"697\"><strong data-start=\"613\" data-end=\"640\">4 potes fixes met\u00e0l\u00b7liques <\/strong>de tub d&#8217;acer, pintades amb pintura epoxi, apilables.<\/p>\n<\/li>\n<li class=\"\" data-start=\"698\" data-end=\"770\">\n<p class=\"\" data-start=\"700\" data-end=\"770\"><strong data-start=\"700\" data-end=\"729\">4 potes de fusta de faig<\/strong> envernissades, amb forma lleugerament c\u00f2nica.<\/p>\n<\/li>\n<li class=\"\" data-start=\"771\" data-end=\"842\">\n<p class=\"\" data-start=\"773\" data-end=\"842\"><strong data-start=\"773\" data-end=\"796\">Estructura de pat\u00ed<\/strong>, en vareta massissa encorbada amb pintura epoxi.<\/p>\n<\/li>\n<li class=\"\" data-start=\"843\" data-end=\"917\">\n<p class=\"\" data-start=\"845\" data-end=\"917\"><strong data-start=\"845\" data-end=\"870\">Base fixa de 4 radis<\/strong>, en tub d&#8217;acer que proporciona estabilitat.<\/p>\n<\/li>\n<li class=\"\" data-start=\"918\" data-end=\"1030\">\n<p class=\"\" data-start=\"920\" data-end=\"1030\"><strong data-start=\"920\" data-end=\"963\">Base girat\u00f2ria amb regulaci\u00f3 d&#8217;al\u00e7ada<\/strong>, amb pist\u00f3 a gas, base de poliamida amb rodes de doble rodada.<\/p>\n<\/li>\n<li class=\"\" data-start=\"1031\" data-end=\"1127\">\n<p class=\"\" data-start=\"1033\" data-end=\"1127\"><strong data-start=\"1033\" data-end=\"1076\">Base girat\u00f2ria amb pist\u00f3 autocentrant<\/strong>, d&#8217;alumini polit amb virolles de polipropil\u00e8.<\/p>\n<\/li>\n<\/ul>\n<h6 data-start=\"1129\" data-end=\"1143\">Accessoris<\/h6>\n<ul data-start=\"1145\" data-end=\"1281\">\n<li class=\"\" data-start=\"1145\" data-end=\"1181\">\n<p class=\"\" data-start=\"1147\" data-end=\"1181\"><strong data-start=\"1147\" data-end=\"1180\">Reposabra\u00e7os de polipropil\u00e8<\/strong>.<\/p>\n<\/li>\n<li class=\"\" data-start=\"1182\" data-end=\"1237\">\n<p class=\"\" data-start=\"1184\" data-end=\"1237\"><strong data-start=\"1184\" data-end=\"1214\">Pala d&#8217;escriptura plegable,<\/strong> amb tauler Kompress.<\/p>\n<\/li>\n<li class=\"\" data-start=\"1238\" data-end=\"1281\">\n<p class=\"\" data-start=\"1240\" data-end=\"1281\"><strong data-start=\"1240\" data-end=\"1264\">Reixeta portaobjectes <\/strong>sota el seient.<\/p>\n<\/li>\n<\/ul>\n<\/div>\n<\/div>\n<\/div>\n<\/div>\n<\/div>\n<\/div>\n<\/div>\n<\/div>\n","protected":false},"excerpt":{"rendered":"<p>&nbsp;<\/p>\n<p>&nbsp;<\/p>\n","protected":false},"featured_media":45580,"template":"","meta":{"_acf_changed":false},"product_brand":[886],"product_cat":[560,555],"product_tag":[863,747,647,655,701,1238,860],"class_list":{"0":"post-20104","1":"product","2":"type-product","3":"status-publish","4":"has-post-thumbnail","6":"product_brand-forma-5-ca","7":"product_cat-cadires-confidents","8":"product_cat-oficina","9":"product_tag-cadira","10":"product_tag-cadira-confident","11":"product_tag-forma5-ca","12":"product_tag-glove-ca","13":"product_tag-mobiliari-oficina","14":"product_tag-oficina-ca","15":"product_tag-regulable-ca","16":"description-off","18":"first","19":"instock","20":"shipping-taxable","21":"product-type-simple"},"acf":[],"yoast_head":"<!-- This site is optimized with the Yoast SEO plugin v27.0 - https:\/\/yoast.com\/product\/yoast-seo-wordpress\/ -->\n<title>Cadira confident Glove, Forma 5- Navarro Aubanell<\/title>\n<meta name=\"description\" content=\"Cadira confident Glove: disseny vers\u00e0til i funcional amb opcions de personalitzaci\u00f3, monocasc innovador i m\u00faltiples configuracions de potes i accessoris.\" \/>\n<meta name=\"robots\" content=\"index, follow, max-snippet:-1, max-image-preview:large, max-video-preview:-1\" \/>\n<link rel=\"canonical\" href=\"https:\/\/www.navarroaubanell.com\/ca\/producte\/cadira-confident-glove-forma5-navarroaubanell\/\" \/>\n<meta property=\"og:locale\" content=\"ca_ES\" \/>\n<meta property=\"og:type\" content=\"article\" \/>\n<meta property=\"og:title\" content=\"Cadira confident Glove, Forma 5- Navarro Aubanell\" \/>\n<meta property=\"og:description\" content=\"Cadira confident Glove: disseny vers\u00e0til i funcional amb opcions de personalitzaci\u00f3, monocasc innovador i m\u00faltiples configuracions de potes i accessoris.\" \/>\n<meta property=\"og:url\" content=\"https:\/\/www.navarroaubanell.com\/ca\/producte\/cadira-confident-glove-forma5-navarroaubanell\/\" \/>\n<meta property=\"og:site_name\" content=\"Navarro Aubanell\" \/>\n<meta property=\"article:modified_time\" content=\"2025-03-28T16:39:24+00:00\" \/>\n<meta property=\"og:image\" content=\"https:\/\/www.navarroaubanell.com\/wp-content\/uploads\/2017\/10\/Silla-confidente-Glove-22.png\" \/>\n\t<meta property=\"og:image:width\" content=\"800\" \/>\n\t<meta property=\"og:image:height\" content=\"650\" \/>\n\t<meta property=\"og:image:type\" content=\"image\/png\" \/>\n<meta name=\"twitter:label1\" content=\"Est. reading time\" \/>\n\t<meta name=\"twitter:data1\" content=\"2 minutes\" \/>\n<script type=\"application\/ld+json\" class=\"yoast-schema-graph\">{\"@context\":\"https:\/\/schema.org\",\"@graph\":[{\"@type\":\"WebPage\",\"@id\":\"https:\/\/www.navarroaubanell.com\/ca\/producte\/cadira-confident-glove-forma5-navarroaubanell\/\",\"url\":\"https:\/\/www.navarroaubanell.com\/ca\/producte\/cadira-confident-glove-forma5-navarroaubanell\/\",\"name\":\"Cadira confident Glove, Forma 5- Navarro Aubanell\",\"isPartOf\":{\"@id\":\"https:\/\/www.navarroaubanell.com\/ca\/#website\"},\"primaryImageOfPage\":{\"@id\":\"https:\/\/www.navarroaubanell.com\/ca\/producte\/cadira-confident-glove-forma5-navarroaubanell\/#primaryimage\"},\"image\":{\"@id\":\"https:\/\/www.navarroaubanell.com\/ca\/producte\/cadira-confident-glove-forma5-navarroaubanell\/#primaryimage\"},\"thumbnailUrl\":\"https:\/\/www.navarroaubanell.com\/wp-content\/uploads\/2017\/10\/Silla-confidente-Glove-22.png\",\"datePublished\":\"2017-10-25T14:28:24+00:00\",\"dateModified\":\"2025-03-28T16:39:24+00:00\",\"description\":\"Cadira confident Glove: disseny vers\u00e0til i funcional amb opcions de personalitzaci\u00f3, monocasc innovador i m\u00faltiples configuracions de potes i accessoris.\",\"breadcrumb\":{\"@id\":\"https:\/\/www.navarroaubanell.com\/ca\/producte\/cadira-confident-glove-forma5-navarroaubanell\/#breadcrumb\"},\"inLanguage\":\"ca\",\"potentialAction\":[{\"@type\":\"ReadAction\",\"target\":[\"https:\/\/www.navarroaubanell.com\/ca\/producte\/cadira-confident-glove-forma5-navarroaubanell\/\"]}]},{\"@type\":\"ImageObject\",\"inLanguage\":\"ca\",\"@id\":\"https:\/\/www.navarroaubanell.com\/ca\/producte\/cadira-confident-glove-forma5-navarroaubanell\/#primaryimage\",\"url\":\"https:\/\/www.navarroaubanell.com\/wp-content\/uploads\/2017\/10\/Silla-confidente-Glove-22.png\",\"contentUrl\":\"https:\/\/www.navarroaubanell.com\/wp-content\/uploads\/2017\/10\/Silla-confidente-Glove-22.png\",\"width\":800,\"height\":650,\"caption\":\"Cadira confident Glove\"},{\"@type\":\"BreadcrumbList\",\"@id\":\"https:\/\/www.navarroaubanell.com\/ca\/producte\/cadira-confident-glove-forma5-navarroaubanell\/#breadcrumb\",\"itemListElement\":[{\"@type\":\"ListItem\",\"position\":1,\"name\":\"Portada\",\"item\":\"https:\/\/www.navarroaubanell.com\/ca\/\"},{\"@type\":\"ListItem\",\"position\":2,\"name\":\"Productes\",\"item\":\"https:\/\/www.navarroaubanell.com\/productos\/\"},{\"@type\":\"ListItem\",\"position\":3,\"name\":\"Cadira confident Glove\"}]},{\"@type\":\"WebSite\",\"@id\":\"https:\/\/www.navarroaubanell.com\/ca\/#website\",\"url\":\"https:\/\/www.navarroaubanell.com\/ca\/\",\"name\":\"Navarro Aubanell\",\"description\":\"Mobiliario para hoteler\u00eda, colectividades y oficinas\",\"publisher\":{\"@id\":\"https:\/\/www.navarroaubanell.com\/ca\/#organization\"},\"potentialAction\":[{\"@type\":\"SearchAction\",\"target\":{\"@type\":\"EntryPoint\",\"urlTemplate\":\"https:\/\/www.navarroaubanell.com\/ca\/?s={search_term_string}\"},\"query-input\":{\"@type\":\"PropertyValueSpecification\",\"valueRequired\":true,\"valueName\":\"search_term_string\"}}],\"inLanguage\":\"ca\"},{\"@type\":\"Organization\",\"@id\":\"https:\/\/www.navarroaubanell.com\/ca\/#organization\",\"name\":\"COMERCIAL NAVARRO AUBANELL, S.A\",\"url\":\"https:\/\/www.navarroaubanell.com\/ca\/\",\"logo\":{\"@type\":\"ImageObject\",\"inLanguage\":\"ca\",\"@id\":\"https:\/\/www.navarroaubanell.com\/ca\/#\/schema\/logo\/image\/\",\"url\":\"https:\/\/www.navarroaubanell.com\/wp-content\/uploads\/2017\/07\/logo-navarro-aubuanell.png\",\"contentUrl\":\"https:\/\/www.navarroaubanell.com\/wp-content\/uploads\/2017\/07\/logo-navarro-aubuanell.png\",\"width\":6304,\"height\":1154,\"caption\":\"COMERCIAL NAVARRO AUBANELL, S.A\"},\"image\":{\"@id\":\"https:\/\/www.navarroaubanell.com\/ca\/#\/schema\/logo\/image\/\"}}]}<\/script>\n<!-- \/ Yoast SEO plugin. -->","yoast_head_json":{"title":"Cadira confident Glove, Forma 5- Navarro Aubanell","description":"Cadira confident Glove: disseny vers\u00e0til i funcional amb opcions de personalitzaci\u00f3, monocasc innovador i m\u00faltiples configuracions de potes i accessoris.","robots":{"index":"index","follow":"follow","max-snippet":"max-snippet:-1","max-image-preview":"max-image-preview:large","max-video-preview":"max-video-preview:-1"},"canonical":"https:\/\/www.navarroaubanell.com\/ca\/producte\/cadira-confident-glove-forma5-navarroaubanell\/","og_locale":"ca_ES","og_type":"article","og_title":"Cadira confident Glove, Forma 5- Navarro Aubanell","og_description":"Cadira confident Glove: disseny vers\u00e0til i funcional amb opcions de personalitzaci\u00f3, monocasc innovador i m\u00faltiples configuracions de potes i accessoris.","og_url":"https:\/\/www.navarroaubanell.com\/ca\/producte\/cadira-confident-glove-forma5-navarroaubanell\/","og_site_name":"Navarro Aubanell","article_modified_time":"2025-03-28T16:39:24+00:00","og_image":[{"width":800,"height":650,"url":"https:\/\/www.navarroaubanell.com\/wp-content\/uploads\/2017\/10\/Silla-confidente-Glove-22.png","type":"image\/png"}],"twitter_misc":{"Est. reading time":"2 minutes"},"schema":{"@context":"https:\/\/schema.org","@graph":[{"@type":"WebPage","@id":"https:\/\/www.navarroaubanell.com\/ca\/producte\/cadira-confident-glove-forma5-navarroaubanell\/","url":"https:\/\/www.navarroaubanell.com\/ca\/producte\/cadira-confident-glove-forma5-navarroaubanell\/","name":"Cadira confident Glove, Forma 5- Navarro Aubanell","isPartOf":{"@id":"https:\/\/www.navarroaubanell.com\/ca\/#website"},"primaryImageOfPage":{"@id":"https:\/\/www.navarroaubanell.com\/ca\/producte\/cadira-confident-glove-forma5-navarroaubanell\/#primaryimage"},"image":{"@id":"https:\/\/www.navarroaubanell.com\/ca\/producte\/cadira-confident-glove-forma5-navarroaubanell\/#primaryimage"},"thumbnailUrl":"https:\/\/www.navarroaubanell.com\/wp-content\/uploads\/2017\/10\/Silla-confidente-Glove-22.png","datePublished":"2017-10-25T14:28:24+00:00","dateModified":"2025-03-28T16:39:24+00:00","description":"Cadira confident Glove: disseny vers\u00e0til i funcional amb opcions de personalitzaci\u00f3, monocasc innovador i m\u00faltiples configuracions de potes i accessoris.","breadcrumb":{"@id":"https:\/\/www.navarroaubanell.com\/ca\/producte\/cadira-confident-glove-forma5-navarroaubanell\/#breadcrumb"},"inLanguage":"ca","potentialAction":[{"@type":"ReadAction","target":["https:\/\/www.navarroaubanell.com\/ca\/producte\/cadira-confident-glove-forma5-navarroaubanell\/"]}]},{"@type":"ImageObject","inLanguage":"ca","@id":"https:\/\/www.navarroaubanell.com\/ca\/producte\/cadira-confident-glove-forma5-navarroaubanell\/#primaryimage","url":"https:\/\/www.navarroaubanell.com\/wp-content\/uploads\/2017\/10\/Silla-confidente-Glove-22.png","contentUrl":"https:\/\/www.navarroaubanell.com\/wp-content\/uploads\/2017\/10\/Silla-confidente-Glove-22.png","width":800,"height":650,"caption":"Cadira confident Glove"},{"@type":"BreadcrumbList","@id":"https:\/\/www.navarroaubanell.com\/ca\/producte\/cadira-confident-glove-forma5-navarroaubanell\/#breadcrumb","itemListElement":[{"@type":"ListItem","position":1,"name":"Portada","item":"https:\/\/www.navarroaubanell.com\/ca\/"},{"@type":"ListItem","position":2,"name":"Productes","item":"https:\/\/www.navarroaubanell.com\/productos\/"},{"@type":"ListItem","position":3,"name":"Cadira confident Glove"}]},{"@type":"WebSite","@id":"https:\/\/www.navarroaubanell.com\/ca\/#website","url":"https:\/\/www.navarroaubanell.com\/ca\/","name":"Navarro Aubanell","description":"Mobiliario para hoteler\u00eda, colectividades y oficinas","publisher":{"@id":"https:\/\/www.navarroaubanell.com\/ca\/#organization"},"potentialAction":[{"@type":"SearchAction","target":{"@type":"EntryPoint","urlTemplate":"https:\/\/www.navarroaubanell.com\/ca\/?s={search_term_string}"},"query-input":{"@type":"PropertyValueSpecification","valueRequired":true,"valueName":"search_term_string"}}],"inLanguage":"ca"},{"@type":"Organization","@id":"https:\/\/www.navarroaubanell.com\/ca\/#organization","name":"COMERCIAL NAVARRO AUBANELL, S.A","url":"https:\/\/www.navarroaubanell.com\/ca\/","logo":{"@type":"ImageObject","inLanguage":"ca","@id":"https:\/\/www.navarroaubanell.com\/ca\/#\/schema\/logo\/image\/","url":"https:\/\/www.navarroaubanell.com\/wp-content\/uploads\/2017\/07\/logo-navarro-aubuanell.png","contentUrl":"https:\/\/www.navarroaubanell.com\/wp-content\/uploads\/2017\/07\/logo-navarro-aubuanell.png","width":6304,"height":1154,"caption":"COMERCIAL NAVARRO AUBANELL, S.A"},"image":{"@id":"https:\/\/www.navarroaubanell.com\/ca\/#\/schema\/logo\/image\/"}}]}},"_links":{"self":[{"href":"https:\/\/www.navarroaubanell.com\/ca\/wp-json\/wp\/v2\/product\/20104","targetHints":{"allow":["GET"]}}],"collection":[{"href":"https:\/\/www.navarroaubanell.com\/ca\/wp-json\/wp\/v2\/product"}],"about":[{"href":"https:\/\/www.navarroaubanell.com\/ca\/wp-json\/wp\/v2\/types\/product"}],"wp:featuredmedia":[{"embeddable":true,"href":"https:\/\/www.navarroaubanell.com\/ca\/wp-json\/wp\/v2\/media\/45580"}],"wp:attachment":[{"href":"https:\/\/www.navarroaubanell.com\/ca\/wp-json\/wp\/v2\/media?parent=20104"}],"wp:term":[{"taxonomy":"product_brand","embeddable":true,"href":"https:\/\/www.navarroaubanell.com\/ca\/wp-json\/wp\/v2\/product_brand?post=20104"},{"taxonomy":"product_cat","embeddable":true,"href":"https:\/\/www.navarroaubanell.com\/ca\/wp-json\/wp\/v2\/product_cat?post=20104"},{"taxonomy":"product_tag","embeddable":true,"href":"https:\/\/www.navarroaubanell.com\/ca\/wp-json\/wp\/v2\/product_tag?post=20104"}],"curies":[{"name":"wp","href":"https:\/\/api.w.org\/{rel}","templated":true}]}}