{"id":20103,"date":"2017-10-25T16:40:39","date_gmt":"2017-10-25T14:40:39","guid":{"rendered":"https:\/\/www.navarroaubanell.com\/producto\/plural\/"},"modified":"2025-03-31T16:48:20","modified_gmt":"2025-03-31T14:48:20","slug":"cadira-confident-plural-forma5-navarroaubanell","status":"publish","type":"product","link":"https:\/\/www.navarroaubanell.com\/ca\/producte\/cadira-confident-plural-forma5-navarroaubanell\/","title":{"rendered":"Cadira confident Plural"},"content":{"rendered":"<h5 data-start=\"0\" data-end=\"74\">Cadira Confident Plural: Versatilitat i Estil en un \u00fanic disseny<\/h5>\n<p data-start=\"127\" data-end=\"403\">La cadira confident Plural ha estat dissenyada per a adaptar-se a diverses necessitats dins del m\u00f3n empresarial. El seu disseny combina lleugeresa, dinamisme i funcionalitat, fent d&#8217;ella una opci\u00f3 perfecta per a oficines, sales de reunions i espais col\u00b7laboratius.<\/p>\n<h6 data-start=\"405\" data-end=\"453\">Respatller<\/h6>\n<p data-start=\"454\" data-end=\"763\">El respatller t\u00e9 una estructura de polipropil\u00e8 nervat, assegurant durabilitat i fermesa. A m\u00e9s, est\u00e0 entapissat amb escuma de poliuret\u00e0 injectat, rodejat per una platabanda que reafirma la seva est\u00e8tica. Es pot personalitzar amb diferents entapissats o tamb\u00e9 escollir una versi\u00f3 en malla.<\/p>\n<h6 data-start=\"454\" data-end=\"763\">Seient<\/h6>\n<p class=\"\" data-start=\"765\" data-end=\"977\">El seient, amb una base de polipropil\u00e8 nervat, garanteix una estructura ferma i resistent al pas del temps. El seu entapissat oculta els tubs de l&#8217;estructura, proporcionant un acabat net i elegant.<\/p>\n<h6 data-start=\"979\" data-end=\"1033\">Varietat d&#8217;estructures per a cada necessitat<\/h6>\n<p>Plural s&#8217;adapta a qualsevol espai gr\u00e0cies a les seves diferents opcions d&#8217;estructura:<\/p>\n<ul>\n<li>4 potes: Tub d&#8217;acer semioval amb pintura epoxi. Reposabra\u00e7os opcionals, de poliamida amb fibra de vidre.<\/li>\n<li>Forma cigne: Disseny tubular amb doble &#8220;S&#8221;, que proporciona un efecte amortidor al seient. Disponible amb o sense reposabra\u00e7os.<\/li>\n<li>4 potes amb rodes: Perfecta per a entorns din\u00e0mics, amb rodes per a major mobilitat.<\/li>\n<\/ul>\n<h6 data-start=\"1500\" data-end=\"1542\">Extres per a major funcionalitat<\/h6>\n<p class=\"\" data-start=\"1543\" data-end=\"1653\">Plural pot incorporar una pala d&#8217;escriptura, ideal per a sales de formaci\u00f3 o espais de confer\u00e8ncies.<\/p>\n","protected":false},"excerpt":{"rendered":"<p>&nbsp;<\/p>\n<p>&nbsp;<\/p>\n","protected":false},"featured_media":45646,"template":"","meta":{"_acf_changed":false},"product_brand":[886],"product_cat":[560,555],"product_tag":[863,747,1678,647,701,1238,732],"class_list":{"0":"post-20103","1":"product","2":"type-product","3":"status-publish","4":"has-post-thumbnail","6":"product_brand-forma-5-ca","7":"product_cat-cadires-confidents","8":"product_cat-oficina","9":"product_tag-cadira","10":"product_tag-cadira-confident","11":"product_tag-ergonomica-ca","12":"product_tag-forma5-ca","13":"product_tag-mobiliari-oficina","14":"product_tag-oficina-ca","15":"product_tag-plural-ca","16":"description-off","18":"first","19":"instock","20":"shipping-taxable","21":"product-type-simple"},"acf":[],"yoast_head":"<!-- This site is optimized with the Yoast SEO plugin v27.0 - https:\/\/yoast.com\/product\/yoast-seo-wordpress\/ -->\n<title>Cadira confident Plural, forma 5- Navarro Aubanell<\/title>\n<meta name=\"description\" content=\"Cadira confident Plural: disseny vers\u00e0til, estructura resistent i opcions ergon\u00f2miques per a oficines. Confort, est\u00e8tica i funcionalitat a una sola cadira.\" \/>\n<meta name=\"robots\" content=\"index, follow, max-snippet:-1, max-image-preview:large, max-video-preview:-1\" \/>\n<link rel=\"canonical\" href=\"https:\/\/www.navarroaubanell.com\/ca\/producte\/cadira-confident-plural-forma5-navarroaubanell\/\" \/>\n<meta property=\"og:locale\" content=\"ca_ES\" \/>\n<meta property=\"og:type\" content=\"article\" \/>\n<meta property=\"og:title\" content=\"Cadira confident Plural, forma 5- Navarro Aubanell\" \/>\n<meta property=\"og:description\" content=\"Cadira confident Plural: disseny vers\u00e0til, estructura resistent i opcions ergon\u00f2miques per a oficines. Confort, est\u00e8tica i funcionalitat a una sola cadira.\" \/>\n<meta property=\"og:url\" content=\"https:\/\/www.navarroaubanell.com\/ca\/producte\/cadira-confident-plural-forma5-navarroaubanell\/\" \/>\n<meta property=\"og:site_name\" content=\"Navarro Aubanell\" \/>\n<meta property=\"article:modified_time\" content=\"2025-03-31T14:48:20+00:00\" \/>\n<meta property=\"og:image\" content=\"https:\/\/www.navarroaubanell.com\/wp-content\/uploads\/2017\/10\/Silla-confidente-Plural-3.png\" \/>\n\t<meta property=\"og:image:width\" content=\"1280\" \/>\n\t<meta property=\"og:image:height\" content=\"1040\" \/>\n\t<meta property=\"og:image:type\" content=\"image\/png\" \/>\n<meta name=\"twitter:label1\" content=\"Est. reading time\" \/>\n\t<meta name=\"twitter:data1\" content=\"2 minutes\" \/>\n<script type=\"application\/ld+json\" class=\"yoast-schema-graph\">{\"@context\":\"https:\/\/schema.org\",\"@graph\":[{\"@type\":\"WebPage\",\"@id\":\"https:\/\/www.navarroaubanell.com\/ca\/producte\/cadira-confident-plural-forma5-navarroaubanell\/\",\"url\":\"https:\/\/www.navarroaubanell.com\/ca\/producte\/cadira-confident-plural-forma5-navarroaubanell\/\",\"name\":\"Cadira confident Plural, forma 5- Navarro Aubanell\",\"isPartOf\":{\"@id\":\"https:\/\/www.navarroaubanell.com\/ca\/#website\"},\"primaryImageOfPage\":{\"@id\":\"https:\/\/www.navarroaubanell.com\/ca\/producte\/cadira-confident-plural-forma5-navarroaubanell\/#primaryimage\"},\"image\":{\"@id\":\"https:\/\/www.navarroaubanell.com\/ca\/producte\/cadira-confident-plural-forma5-navarroaubanell\/#primaryimage\"},\"thumbnailUrl\":\"https:\/\/www.navarroaubanell.com\/wp-content\/uploads\/2017\/10\/Silla-confidente-Plural-3.png\",\"datePublished\":\"2017-10-25T14:40:39+00:00\",\"dateModified\":\"2025-03-31T14:48:20+00:00\",\"description\":\"Cadira confident Plural: disseny vers\u00e0til, estructura resistent i opcions ergon\u00f2miques per a oficines. Confort, est\u00e8tica i funcionalitat a una sola cadira.\",\"breadcrumb\":{\"@id\":\"https:\/\/www.navarroaubanell.com\/ca\/producte\/cadira-confident-plural-forma5-navarroaubanell\/#breadcrumb\"},\"inLanguage\":\"ca\",\"potentialAction\":[{\"@type\":\"ReadAction\",\"target\":[\"https:\/\/www.navarroaubanell.com\/ca\/producte\/cadira-confident-plural-forma5-navarroaubanell\/\"]}]},{\"@type\":\"ImageObject\",\"inLanguage\":\"ca\",\"@id\":\"https:\/\/www.navarroaubanell.com\/ca\/producte\/cadira-confident-plural-forma5-navarroaubanell\/#primaryimage\",\"url\":\"https:\/\/www.navarroaubanell.com\/wp-content\/uploads\/2017\/10\/Silla-confidente-Plural-3.png\",\"contentUrl\":\"https:\/\/www.navarroaubanell.com\/wp-content\/uploads\/2017\/10\/Silla-confidente-Plural-3.png\",\"width\":1280,\"height\":1040,\"caption\":\"Cadira confident Plural\"},{\"@type\":\"BreadcrumbList\",\"@id\":\"https:\/\/www.navarroaubanell.com\/ca\/producte\/cadira-confident-plural-forma5-navarroaubanell\/#breadcrumb\",\"itemListElement\":[{\"@type\":\"ListItem\",\"position\":1,\"name\":\"Portada\",\"item\":\"https:\/\/www.navarroaubanell.com\/ca\/\"},{\"@type\":\"ListItem\",\"position\":2,\"name\":\"Productes\",\"item\":\"https:\/\/www.navarroaubanell.com\/productos\/\"},{\"@type\":\"ListItem\",\"position\":3,\"name\":\"Cadira confident Plural\"}]},{\"@type\":\"WebSite\",\"@id\":\"https:\/\/www.navarroaubanell.com\/ca\/#website\",\"url\":\"https:\/\/www.navarroaubanell.com\/ca\/\",\"name\":\"Navarro Aubanell\",\"description\":\"Mobiliario para hoteler\u00eda, colectividades y oficinas\",\"publisher\":{\"@id\":\"https:\/\/www.navarroaubanell.com\/ca\/#organization\"},\"potentialAction\":[{\"@type\":\"SearchAction\",\"target\":{\"@type\":\"EntryPoint\",\"urlTemplate\":\"https:\/\/www.navarroaubanell.com\/ca\/?s={search_term_string}\"},\"query-input\":{\"@type\":\"PropertyValueSpecification\",\"valueRequired\":true,\"valueName\":\"search_term_string\"}}],\"inLanguage\":\"ca\"},{\"@type\":\"Organization\",\"@id\":\"https:\/\/www.navarroaubanell.com\/ca\/#organization\",\"name\":\"COMERCIAL NAVARRO AUBANELL, S.A\",\"url\":\"https:\/\/www.navarroaubanell.com\/ca\/\",\"logo\":{\"@type\":\"ImageObject\",\"inLanguage\":\"ca\",\"@id\":\"https:\/\/www.navarroaubanell.com\/ca\/#\/schema\/logo\/image\/\",\"url\":\"https:\/\/www.navarroaubanell.com\/wp-content\/uploads\/2017\/07\/logo-navarro-aubuanell.png\",\"contentUrl\":\"https:\/\/www.navarroaubanell.com\/wp-content\/uploads\/2017\/07\/logo-navarro-aubuanell.png\",\"width\":6304,\"height\":1154,\"caption\":\"COMERCIAL NAVARRO AUBANELL, S.A\"},\"image\":{\"@id\":\"https:\/\/www.navarroaubanell.com\/ca\/#\/schema\/logo\/image\/\"}}]}<\/script>\n<!-- \/ Yoast SEO plugin. -->","yoast_head_json":{"title":"Cadira confident Plural, forma 5- Navarro Aubanell","description":"Cadira confident Plural: disseny vers\u00e0til, estructura resistent i opcions ergon\u00f2miques per a oficines. Confort, est\u00e8tica i funcionalitat a una sola cadira.","robots":{"index":"index","follow":"follow","max-snippet":"max-snippet:-1","max-image-preview":"max-image-preview:large","max-video-preview":"max-video-preview:-1"},"canonical":"https:\/\/www.navarroaubanell.com\/ca\/producte\/cadira-confident-plural-forma5-navarroaubanell\/","og_locale":"ca_ES","og_type":"article","og_title":"Cadira confident Plural, forma 5- Navarro Aubanell","og_description":"Cadira confident Plural: disseny vers\u00e0til, estructura resistent i opcions ergon\u00f2miques per a oficines. Confort, est\u00e8tica i funcionalitat a una sola cadira.","og_url":"https:\/\/www.navarroaubanell.com\/ca\/producte\/cadira-confident-plural-forma5-navarroaubanell\/","og_site_name":"Navarro Aubanell","article_modified_time":"2025-03-31T14:48:20+00:00","og_image":[{"width":1280,"height":1040,"url":"https:\/\/www.navarroaubanell.com\/wp-content\/uploads\/2017\/10\/Silla-confidente-Plural-3.png","type":"image\/png"}],"twitter_misc":{"Est. reading time":"2 minutes"},"schema":{"@context":"https:\/\/schema.org","@graph":[{"@type":"WebPage","@id":"https:\/\/www.navarroaubanell.com\/ca\/producte\/cadira-confident-plural-forma5-navarroaubanell\/","url":"https:\/\/www.navarroaubanell.com\/ca\/producte\/cadira-confident-plural-forma5-navarroaubanell\/","name":"Cadira confident Plural, forma 5- Navarro Aubanell","isPartOf":{"@id":"https:\/\/www.navarroaubanell.com\/ca\/#website"},"primaryImageOfPage":{"@id":"https:\/\/www.navarroaubanell.com\/ca\/producte\/cadira-confident-plural-forma5-navarroaubanell\/#primaryimage"},"image":{"@id":"https:\/\/www.navarroaubanell.com\/ca\/producte\/cadira-confident-plural-forma5-navarroaubanell\/#primaryimage"},"thumbnailUrl":"https:\/\/www.navarroaubanell.com\/wp-content\/uploads\/2017\/10\/Silla-confidente-Plural-3.png","datePublished":"2017-10-25T14:40:39+00:00","dateModified":"2025-03-31T14:48:20+00:00","description":"Cadira confident Plural: disseny vers\u00e0til, estructura resistent i opcions ergon\u00f2miques per a oficines. Confort, est\u00e8tica i funcionalitat a una sola cadira.","breadcrumb":{"@id":"https:\/\/www.navarroaubanell.com\/ca\/producte\/cadira-confident-plural-forma5-navarroaubanell\/#breadcrumb"},"inLanguage":"ca","potentialAction":[{"@type":"ReadAction","target":["https:\/\/www.navarroaubanell.com\/ca\/producte\/cadira-confident-plural-forma5-navarroaubanell\/"]}]},{"@type":"ImageObject","inLanguage":"ca","@id":"https:\/\/www.navarroaubanell.com\/ca\/producte\/cadira-confident-plural-forma5-navarroaubanell\/#primaryimage","url":"https:\/\/www.navarroaubanell.com\/wp-content\/uploads\/2017\/10\/Silla-confidente-Plural-3.png","contentUrl":"https:\/\/www.navarroaubanell.com\/wp-content\/uploads\/2017\/10\/Silla-confidente-Plural-3.png","width":1280,"height":1040,"caption":"Cadira confident Plural"},{"@type":"BreadcrumbList","@id":"https:\/\/www.navarroaubanell.com\/ca\/producte\/cadira-confident-plural-forma5-navarroaubanell\/#breadcrumb","itemListElement":[{"@type":"ListItem","position":1,"name":"Portada","item":"https:\/\/www.navarroaubanell.com\/ca\/"},{"@type":"ListItem","position":2,"name":"Productes","item":"https:\/\/www.navarroaubanell.com\/productos\/"},{"@type":"ListItem","position":3,"name":"Cadira confident Plural"}]},{"@type":"WebSite","@id":"https:\/\/www.navarroaubanell.com\/ca\/#website","url":"https:\/\/www.navarroaubanell.com\/ca\/","name":"Navarro Aubanell","description":"Mobiliario para hoteler\u00eda, colectividades y oficinas","publisher":{"@id":"https:\/\/www.navarroaubanell.com\/ca\/#organization"},"potentialAction":[{"@type":"SearchAction","target":{"@type":"EntryPoint","urlTemplate":"https:\/\/www.navarroaubanell.com\/ca\/?s={search_term_string}"},"query-input":{"@type":"PropertyValueSpecification","valueRequired":true,"valueName":"search_term_string"}}],"inLanguage":"ca"},{"@type":"Organization","@id":"https:\/\/www.navarroaubanell.com\/ca\/#organization","name":"COMERCIAL NAVARRO AUBANELL, S.A","url":"https:\/\/www.navarroaubanell.com\/ca\/","logo":{"@type":"ImageObject","inLanguage":"ca","@id":"https:\/\/www.navarroaubanell.com\/ca\/#\/schema\/logo\/image\/","url":"https:\/\/www.navarroaubanell.com\/wp-content\/uploads\/2017\/07\/logo-navarro-aubuanell.png","contentUrl":"https:\/\/www.navarroaubanell.com\/wp-content\/uploads\/2017\/07\/logo-navarro-aubuanell.png","width":6304,"height":1154,"caption":"COMERCIAL NAVARRO AUBANELL, S.A"},"image":{"@id":"https:\/\/www.navarroaubanell.com\/ca\/#\/schema\/logo\/image\/"}}]}},"_links":{"self":[{"href":"https:\/\/www.navarroaubanell.com\/ca\/wp-json\/wp\/v2\/product\/20103","targetHints":{"allow":["GET"]}}],"collection":[{"href":"https:\/\/www.navarroaubanell.com\/ca\/wp-json\/wp\/v2\/product"}],"about":[{"href":"https:\/\/www.navarroaubanell.com\/ca\/wp-json\/wp\/v2\/types\/product"}],"wp:featuredmedia":[{"embeddable":true,"href":"https:\/\/www.navarroaubanell.com\/ca\/wp-json\/wp\/v2\/media\/45646"}],"wp:attachment":[{"href":"https:\/\/www.navarroaubanell.com\/ca\/wp-json\/wp\/v2\/media?parent=20103"}],"wp:term":[{"taxonomy":"product_brand","embeddable":true,"href":"https:\/\/www.navarroaubanell.com\/ca\/wp-json\/wp\/v2\/product_brand?post=20103"},{"taxonomy":"product_cat","embeddable":true,"href":"https:\/\/www.navarroaubanell.com\/ca\/wp-json\/wp\/v2\/product_cat?post=20103"},{"taxonomy":"product_tag","embeddable":true,"href":"https:\/\/www.navarroaubanell.com\/ca\/wp-json\/wp\/v2\/product_tag?post=20103"}],"curies":[{"name":"wp","href":"https:\/\/api.w.org\/{rel}","templated":true}]}}