{"id":20102,"date":"2017-10-26T07:49:24","date_gmt":"2017-10-26T05:49:24","guid":{"rendered":"https:\/\/www.navarroaubanell.com\/producto\/allure\/"},"modified":"2025-03-24T16:10:08","modified_gmt":"2025-03-24T15:10:08","slug":"cadira-directiva-allure-forma5-navarroaubanell","status":"publish","type":"product","link":"https:\/\/www.navarroaubanell.com\/ca\/producte\/cadira-directiva-allure-forma5-navarroaubanell\/","title":{"rendered":"Cadira directiva Allure"},"content":{"rendered":"<h5 data-start=\"0\" data-end=\"60\">Allure: Eleg\u00e0ncia i Funcionalitat en una Cadira Directiva<\/h5>\n<div class=\"flex max-w-full flex-col flex-grow\">\n<div class=\"min-h-8 text-message relative flex w-full flex-col items-end gap-2 whitespace-normal break-words text-start [.text-message+&amp;]:mt-5\" dir=\"auto\" data-message-author-role=\"assistant\" data-message-id=\"4a7c227e-6b4e-44c1-8154-224d12049913\" data-message-model-slug=\"gpt-4o\">\n<div class=\"flex w-full flex-col gap-1 empty:hidden first:pt-[3px]\">\n<div class=\"markdown prose w-full break-words dark:prose-invert light\">\n<div class=\"traductor-textarea form-group\">\n<div class=\"textarea-desti col-xs-12 col-sm-6\">\n<div class=\"form-control second-textarea\">La cadira directiva Allure combina eleg\u00e0ncia, confort i funcionalitat, destacant pel seu disseny sofisticat i materials d&#8217;alta qualitat, ideal per a qualsevol espai professional.<\/div>\n<\/div>\n<\/div>\n<\/div>\n<\/div>\n<\/div>\n<\/div>\n<h6 data-start=\"422\" data-end=\"461\">Respatller Alt o Baix<\/h6>\n<div class=\"traductor-textarea form-group\">\n<div class=\"textarea-desti col-xs-12 col-sm-6\">\n<div class=\"form-control second-textarea\">El respatller d&#8217;Allure presenta una forma org\u00e0nica amb vores aristades. El seu interior est\u00e0 compost per varetes d&#8217;acer i escuma de poliuret\u00e0 sobreinjectada i entapissada. Gr\u00e0cies a la seva cremallera, \u00e9s desenfundable, facilitant la seva neteja i manteniment.<\/div>\n<\/div>\n<\/div>\n<h6 data-start=\"873\" data-end=\"904\">Seient Resistent i C\u00f2mode<\/h6>\n<div class=\"traductor-textarea form-group\">\n<div class=\"textarea-desti col-xs-12 col-sm-6\">\n<div class=\"form-control second-textarea\">El seient tamb\u00e9 est\u00e0 dissenyat amb una estructura interna de vareta d&#8217;acer refor\u00e7at, cobert amb escuma de poliuret\u00e0 sobreinjectada per a proporcionar un m\u00e0xim confort. Igual que el respatller, el seient \u00e9s desenfundable.<\/div>\n<\/div>\n<\/div>\n<h6 data-start=\"1181\" data-end=\"1220\">Base d&#8217;alumini i bra\u00e7os de disseny<\/h6>\n<div class=\"traductor-textarea form-group\">\n<div class=\"textarea-desti col-xs-12 col-sm-6\">\n<div class=\"form-control second-textarea\">La base, d&#8217;alumini polit, est\u00e0 disponible en dues versions: 5 radis trapezoidals o 4 radis en forma c\u00f2nica. Els suports al s\u00f2l poden ser rodes de doble rodadura o anivelladors. Els bra\u00e7os s\u00f3n alumini polit i forma trapezoidal, oferint un suport c\u00f2mode i ergon\u00f2mic.<\/div>\n<\/div>\n<\/div>\n<h6 data-start=\"1570\" data-end=\"1618\">Mecanismes Basculants per Major Comoditat<\/h6>\n<p class=\"\" data-start=\"1620\" data-end=\"1697\">Allure compta amb dos mecanismes:<\/p>\n<ol data-start=\"1698\" data-end=\"1969\">\n<li class=\"\" data-start=\"1698\" data-end=\"1835\">\n<p class=\"\" data-start=\"1701\" data-end=\"1835\"><strong>Mecanisme basculant oscilo<\/strong>: permet la inclinaci\u00f3 del respatller fins 16\u00ba amb 4 posicions de bloqueig i ajustament de la duresa.<\/p>\n<\/li>\n<li class=\"\" data-start=\"1836\" data-end=\"1969\">\n<p class=\"\" data-start=\"1839\" data-end=\"1969\"><strong>Mecanisme conference<\/strong>: inclinaci\u00f3 fins a 8\u00ba sense regulaci\u00f3 de duresa i possibilitat de fixaci\u00f3 a la posici\u00f3 inicial.<\/p>\n<\/li>\n<\/ol>\n","protected":false},"excerpt":{"rendered":"<p>&nbsp;<\/p>\n<p>&nbsp;<\/p>\n","protected":false},"featured_media":45433,"template":"","meta":{"_acf_changed":false},"product_brand":[886],"product_cat":[561,555],"product_tag":[581,863,864,647,1679,701,1238,860],"class_list":{"0":"post-20102","1":"product","2":"type-product","3":"status-publish","4":"has-post-thumbnail","6":"product_brand-forma-5-ca","7":"product_cat-cadires-direccio","8":"product_cat-oficina","9":"product_tag-allure-ca","10":"product_tag-cadira","11":"product_tag-cadira-direccio","12":"product_tag-forma5-ca","13":"product_tag-giratoria-ca","14":"product_tag-mobiliari-oficina","15":"product_tag-oficina-ca","16":"product_tag-regulable-ca","17":"description-off","19":"first","20":"instock","21":"shipping-taxable","22":"product-type-simple"},"acf":[],"yoast_head":"<!-- This site is optimized with the Yoast SEO plugin v27.6 - https:\/\/yoast.com\/product\/yoast-seo-wordpress\/ -->\n<title>Cadira directiva Allure, Forma 5- Navarro Aubanell<\/title>\n<meta name=\"description\" content=\"La cadira directiva Allure ofereix eleg\u00e0ncia i confort amb materials nobles i disseny sofisticat, ideal per a espais professionals.\" \/>\n<meta name=\"robots\" content=\"index, follow, max-snippet:-1, max-image-preview:large, max-video-preview:-1\" \/>\n<link rel=\"canonical\" href=\"https:\/\/www.navarroaubanell.com\/ca\/producte\/cadira-directiva-allure-forma5-navarroaubanell\/\" \/>\n<meta property=\"og:locale\" content=\"ca_ES\" \/>\n<meta property=\"og:type\" content=\"article\" \/>\n<meta property=\"og:title\" content=\"Cadira directiva Allure, Forma 5- Navarro Aubanell\" \/>\n<meta property=\"og:description\" content=\"La cadira directiva Allure ofereix eleg\u00e0ncia i confort amb materials nobles i disseny sofisticat, ideal per a espais professionals.\" \/>\n<meta property=\"og:url\" content=\"https:\/\/www.navarroaubanell.com\/ca\/producte\/cadira-directiva-allure-forma5-navarroaubanell\/\" \/>\n<meta property=\"og:site_name\" content=\"Navarro Aubanell\" \/>\n<meta property=\"article:modified_time\" content=\"2025-03-24T15:10:08+00:00\" \/>\n<meta property=\"og:image\" content=\"https:\/\/www.navarroaubanell.com\/wp-content\/uploads\/2017\/10\/Silla-direccion-Allure-3.png\" \/>\n\t<meta property=\"og:image:width\" content=\"800\" \/>\n\t<meta property=\"og:image:height\" content=\"650\" \/>\n\t<meta property=\"og:image:type\" content=\"image\/png\" \/>\n<meta name=\"twitter:label1\" content=\"Est. reading time\" \/>\n\t<meta name=\"twitter:data1\" content=\"2 minutes\" \/>\n<script type=\"application\/ld+json\" class=\"yoast-schema-graph\">{\"@context\":\"https:\\\/\\\/schema.org\",\"@graph\":[{\"@type\":\"WebPage\",\"@id\":\"https:\\\/\\\/www.navarroaubanell.com\\\/ca\\\/producte\\\/cadira-directiva-allure-forma5-navarroaubanell\\\/\",\"url\":\"https:\\\/\\\/www.navarroaubanell.com\\\/ca\\\/producte\\\/cadira-directiva-allure-forma5-navarroaubanell\\\/\",\"name\":\"Cadira directiva Allure, Forma 5- Navarro Aubanell\",\"isPartOf\":{\"@id\":\"https:\\\/\\\/www.navarroaubanell.com\\\/ca\\\/#website\"},\"primaryImageOfPage\":{\"@id\":\"https:\\\/\\\/www.navarroaubanell.com\\\/ca\\\/producte\\\/cadira-directiva-allure-forma5-navarroaubanell\\\/#primaryimage\"},\"image\":{\"@id\":\"https:\\\/\\\/www.navarroaubanell.com\\\/ca\\\/producte\\\/cadira-directiva-allure-forma5-navarroaubanell\\\/#primaryimage\"},\"thumbnailUrl\":\"https:\\\/\\\/www.navarroaubanell.com\\\/wp-content\\\/uploads\\\/2017\\\/10\\\/Silla-direccion-Allure-3.png\",\"datePublished\":\"2017-10-26T05:49:24+00:00\",\"dateModified\":\"2025-03-24T15:10:08+00:00\",\"description\":\"La cadira directiva Allure ofereix eleg\u00e0ncia i confort amb materials nobles i disseny sofisticat, ideal per a espais professionals.\",\"breadcrumb\":{\"@id\":\"https:\\\/\\\/www.navarroaubanell.com\\\/ca\\\/producte\\\/cadira-directiva-allure-forma5-navarroaubanell\\\/#breadcrumb\"},\"inLanguage\":\"ca\",\"potentialAction\":[{\"@type\":\"ReadAction\",\"target\":[\"https:\\\/\\\/www.navarroaubanell.com\\\/ca\\\/producte\\\/cadira-directiva-allure-forma5-navarroaubanell\\\/\"]}]},{\"@type\":\"ImageObject\",\"inLanguage\":\"ca\",\"@id\":\"https:\\\/\\\/www.navarroaubanell.com\\\/ca\\\/producte\\\/cadira-directiva-allure-forma5-navarroaubanell\\\/#primaryimage\",\"url\":\"https:\\\/\\\/www.navarroaubanell.com\\\/wp-content\\\/uploads\\\/2017\\\/10\\\/Silla-direccion-Allure-3.png\",\"contentUrl\":\"https:\\\/\\\/www.navarroaubanell.com\\\/wp-content\\\/uploads\\\/2017\\\/10\\\/Silla-direccion-Allure-3.png\",\"width\":800,\"height\":650,\"caption\":\"Cadira directiva Allure\"},{\"@type\":\"BreadcrumbList\",\"@id\":\"https:\\\/\\\/www.navarroaubanell.com\\\/ca\\\/producte\\\/cadira-directiva-allure-forma5-navarroaubanell\\\/#breadcrumb\",\"itemListElement\":[{\"@type\":\"ListItem\",\"position\":1,\"name\":\"Portada\",\"item\":\"https:\\\/\\\/www.navarroaubanell.com\\\/ca\\\/\"},{\"@type\":\"ListItem\",\"position\":2,\"name\":\"Productes\",\"item\":\"https:\\\/\\\/www.navarroaubanell.com\\\/productos\\\/\"},{\"@type\":\"ListItem\",\"position\":3,\"name\":\"Cadira directiva Allure\"}]},{\"@type\":\"WebSite\",\"@id\":\"https:\\\/\\\/www.navarroaubanell.com\\\/ca\\\/#website\",\"url\":\"https:\\\/\\\/www.navarroaubanell.com\\\/ca\\\/\",\"name\":\"Navarro Aubanell\",\"description\":\"Mobiliario para hoteler\u00eda, colectividades y oficinas\",\"publisher\":{\"@id\":\"https:\\\/\\\/www.navarroaubanell.com\\\/ca\\\/#organization\"},\"potentialAction\":[{\"@type\":\"SearchAction\",\"target\":{\"@type\":\"EntryPoint\",\"urlTemplate\":\"https:\\\/\\\/www.navarroaubanell.com\\\/ca\\\/?s={search_term_string}\"},\"query-input\":{\"@type\":\"PropertyValueSpecification\",\"valueRequired\":true,\"valueName\":\"search_term_string\"}}],\"inLanguage\":\"ca\"},{\"@type\":\"Organization\",\"@id\":\"https:\\\/\\\/www.navarroaubanell.com\\\/ca\\\/#organization\",\"name\":\"COMERCIAL NAVARRO AUBANELL, S.A\",\"url\":\"https:\\\/\\\/www.navarroaubanell.com\\\/ca\\\/\",\"logo\":{\"@type\":\"ImageObject\",\"inLanguage\":\"ca\",\"@id\":\"https:\\\/\\\/www.navarroaubanell.com\\\/ca\\\/#\\\/schema\\\/logo\\\/image\\\/\",\"url\":\"https:\\\/\\\/www.navarroaubanell.com\\\/wp-content\\\/uploads\\\/2017\\\/07\\\/logo-navarro-aubuanell.png\",\"contentUrl\":\"https:\\\/\\\/www.navarroaubanell.com\\\/wp-content\\\/uploads\\\/2017\\\/07\\\/logo-navarro-aubuanell.png\",\"width\":6304,\"height\":1154,\"caption\":\"COMERCIAL NAVARRO AUBANELL, S.A\"},\"image\":{\"@id\":\"https:\\\/\\\/www.navarroaubanell.com\\\/ca\\\/#\\\/schema\\\/logo\\\/image\\\/\"}}]}<\/script>\n<!-- \/ Yoast SEO plugin. -->","yoast_head_json":{"title":"Cadira directiva Allure, Forma 5- Navarro Aubanell","description":"La cadira directiva Allure ofereix eleg\u00e0ncia i confort amb materials nobles i disseny sofisticat, ideal per a espais professionals.","robots":{"index":"index","follow":"follow","max-snippet":"max-snippet:-1","max-image-preview":"max-image-preview:large","max-video-preview":"max-video-preview:-1"},"canonical":"https:\/\/www.navarroaubanell.com\/ca\/producte\/cadira-directiva-allure-forma5-navarroaubanell\/","og_locale":"ca_ES","og_type":"article","og_title":"Cadira directiva Allure, Forma 5- Navarro Aubanell","og_description":"La cadira directiva Allure ofereix eleg\u00e0ncia i confort amb materials nobles i disseny sofisticat, ideal per a espais professionals.","og_url":"https:\/\/www.navarroaubanell.com\/ca\/producte\/cadira-directiva-allure-forma5-navarroaubanell\/","og_site_name":"Navarro Aubanell","article_modified_time":"2025-03-24T15:10:08+00:00","og_image":[{"width":800,"height":650,"url":"https:\/\/www.navarroaubanell.com\/wp-content\/uploads\/2017\/10\/Silla-direccion-Allure-3.png","type":"image\/png"}],"twitter_misc":{"Est. reading time":"2 minutes"},"schema":{"@context":"https:\/\/schema.org","@graph":[{"@type":"WebPage","@id":"https:\/\/www.navarroaubanell.com\/ca\/producte\/cadira-directiva-allure-forma5-navarroaubanell\/","url":"https:\/\/www.navarroaubanell.com\/ca\/producte\/cadira-directiva-allure-forma5-navarroaubanell\/","name":"Cadira directiva Allure, Forma 5- Navarro Aubanell","isPartOf":{"@id":"https:\/\/www.navarroaubanell.com\/ca\/#website"},"primaryImageOfPage":{"@id":"https:\/\/www.navarroaubanell.com\/ca\/producte\/cadira-directiva-allure-forma5-navarroaubanell\/#primaryimage"},"image":{"@id":"https:\/\/www.navarroaubanell.com\/ca\/producte\/cadira-directiva-allure-forma5-navarroaubanell\/#primaryimage"},"thumbnailUrl":"https:\/\/www.navarroaubanell.com\/wp-content\/uploads\/2017\/10\/Silla-direccion-Allure-3.png","datePublished":"2017-10-26T05:49:24+00:00","dateModified":"2025-03-24T15:10:08+00:00","description":"La cadira directiva Allure ofereix eleg\u00e0ncia i confort amb materials nobles i disseny sofisticat, ideal per a espais professionals.","breadcrumb":{"@id":"https:\/\/www.navarroaubanell.com\/ca\/producte\/cadira-directiva-allure-forma5-navarroaubanell\/#breadcrumb"},"inLanguage":"ca","potentialAction":[{"@type":"ReadAction","target":["https:\/\/www.navarroaubanell.com\/ca\/producte\/cadira-directiva-allure-forma5-navarroaubanell\/"]}]},{"@type":"ImageObject","inLanguage":"ca","@id":"https:\/\/www.navarroaubanell.com\/ca\/producte\/cadira-directiva-allure-forma5-navarroaubanell\/#primaryimage","url":"https:\/\/www.navarroaubanell.com\/wp-content\/uploads\/2017\/10\/Silla-direccion-Allure-3.png","contentUrl":"https:\/\/www.navarroaubanell.com\/wp-content\/uploads\/2017\/10\/Silla-direccion-Allure-3.png","width":800,"height":650,"caption":"Cadira directiva Allure"},{"@type":"BreadcrumbList","@id":"https:\/\/www.navarroaubanell.com\/ca\/producte\/cadira-directiva-allure-forma5-navarroaubanell\/#breadcrumb","itemListElement":[{"@type":"ListItem","position":1,"name":"Portada","item":"https:\/\/www.navarroaubanell.com\/ca\/"},{"@type":"ListItem","position":2,"name":"Productes","item":"https:\/\/www.navarroaubanell.com\/productos\/"},{"@type":"ListItem","position":3,"name":"Cadira directiva Allure"}]},{"@type":"WebSite","@id":"https:\/\/www.navarroaubanell.com\/ca\/#website","url":"https:\/\/www.navarroaubanell.com\/ca\/","name":"Navarro Aubanell","description":"Mobiliario para hoteler\u00eda, colectividades y oficinas","publisher":{"@id":"https:\/\/www.navarroaubanell.com\/ca\/#organization"},"potentialAction":[{"@type":"SearchAction","target":{"@type":"EntryPoint","urlTemplate":"https:\/\/www.navarroaubanell.com\/ca\/?s={search_term_string}"},"query-input":{"@type":"PropertyValueSpecification","valueRequired":true,"valueName":"search_term_string"}}],"inLanguage":"ca"},{"@type":"Organization","@id":"https:\/\/www.navarroaubanell.com\/ca\/#organization","name":"COMERCIAL NAVARRO AUBANELL, S.A","url":"https:\/\/www.navarroaubanell.com\/ca\/","logo":{"@type":"ImageObject","inLanguage":"ca","@id":"https:\/\/www.navarroaubanell.com\/ca\/#\/schema\/logo\/image\/","url":"https:\/\/www.navarroaubanell.com\/wp-content\/uploads\/2017\/07\/logo-navarro-aubuanell.png","contentUrl":"https:\/\/www.navarroaubanell.com\/wp-content\/uploads\/2017\/07\/logo-navarro-aubuanell.png","width":6304,"height":1154,"caption":"COMERCIAL NAVARRO AUBANELL, S.A"},"image":{"@id":"https:\/\/www.navarroaubanell.com\/ca\/#\/schema\/logo\/image\/"}}]}},"_links":{"self":[{"href":"https:\/\/www.navarroaubanell.com\/ca\/wp-json\/wp\/v2\/product\/20102","targetHints":{"allow":["GET"]}}],"collection":[{"href":"https:\/\/www.navarroaubanell.com\/ca\/wp-json\/wp\/v2\/product"}],"about":[{"href":"https:\/\/www.navarroaubanell.com\/ca\/wp-json\/wp\/v2\/types\/product"}],"wp:featuredmedia":[{"embeddable":true,"href":"https:\/\/www.navarroaubanell.com\/ca\/wp-json\/wp\/v2\/media\/45433"}],"wp:attachment":[{"href":"https:\/\/www.navarroaubanell.com\/ca\/wp-json\/wp\/v2\/media?parent=20102"}],"wp:term":[{"taxonomy":"product_brand","embeddable":true,"href":"https:\/\/www.navarroaubanell.com\/ca\/wp-json\/wp\/v2\/product_brand?post=20102"},{"taxonomy":"product_cat","embeddable":true,"href":"https:\/\/www.navarroaubanell.com\/ca\/wp-json\/wp\/v2\/product_cat?post=20102"},{"taxonomy":"product_tag","embeddable":true,"href":"https:\/\/www.navarroaubanell.com\/ca\/wp-json\/wp\/v2\/product_tag?post=20102"}],"curies":[{"name":"wp","href":"https:\/\/api.w.org\/{rel}","templated":true}]}}