{"id":20099,"date":"2017-10-26T09:13:15","date_gmt":"2017-10-26T07:13:15","guid":{"rendered":"https:\/\/www.navarroaubanell.com\/producto\/e\/"},"modified":"2025-03-25T16:17:54","modified_gmt":"2025-03-25T15:17:54","slug":"cadira-directiva-e-forma5-navarroaubanell","status":"publish","type":"product","link":"https:\/\/www.navarroaubanell.com\/ca\/producte\/cadira-directiva-e-forma5-navarroaubanell\/","title":{"rendered":"Cadira directiva E+"},"content":{"rendered":"<h5 data-start=\"0\" data-end=\"59\">E+, Ergonomia i disseny per a l&#8217;entorn executiu<\/h5>\n<p data-start=\"61\" data-end=\"309\">La cadira directiva E+ \u00e9s una fusi\u00f3 d&#8217;eleg\u00e0ncia, innovaci\u00f3 i confort, dissenyada per a satisfer les exig\u00e8ncies del treball a l&#8217;oficina. La seva estructura robusta i la seva est\u00e8tica cuidada, garanteixen un rendiment \u00f2ptim en espais professionals.<\/p>\n<h6 data-start=\"311\" data-end=\"362\">Respatller ergon\u00f2mic alt o baix<\/h6>\n<p data-start=\"364\" data-end=\"680\">El respatller est\u00e0 fabricat amb tub d&#8217;acer refor\u00e7at i recobert amb escuma de poliuret\u00e0 injectada en motlle de resina epoxi. El seu entapissat exterior real\u00e7a la seva est\u00e8tica sofisticada, mentre que la seva estructura brinda suport i estabilitat. Per a una major comoditat, la cadira ofereix l&#8217;opci\u00f3 d&#8217;afegir un cap\u00e7al opcional.<\/p>\n<h6 data-start=\"854\" data-end=\"901\">Seient dissenyat per al confort<\/h6>\n<p data-start=\"903\" data-end=\"1184\">El seient d&#8217;E+ est\u00e0 fabricat amb una base de fusta polilaminada de faig, proporcionant resist\u00e8ncia i estabilitat. Tamb\u00e9 compta amb una espuma d&#8217;alta densitat que est\u00e0 entapissada amb platabanda als laterals per garantir una comoditat excepcional i una postura segura.<\/p>\n<h6 data-start=\"1186\" data-end=\"1229\">Base estable i mecanisme avan\u00e7at<\/h6>\n<p data-start=\"1231\" data-end=\"1478\">La cadira incorpora una base de cinc bra\u00e7os trapezoidals, disponible en poliamida negra o alumini polit. Pot configurar-se amb rodes de doble rodament o anivelladors. A m\u00e9s, la cadira directiva E+ compta amb un sistema Sincro Motion que permet ajustar la inclinaci\u00f3 del respatller i del seient, aix\u00ed com regular la tensi\u00f3 del moviment, adaptant-se a les necessitats de l&#8217;usuari.<\/p>\n<p class=\"\" data-start=\"1480\" data-end=\"1663\">\n","protected":false},"excerpt":{"rendered":"<p>&nbsp;<\/p>\n<p>&nbsp;<\/p>\n","protected":false},"featured_media":45472,"template":"","meta":{"_acf_changed":false},"product_brand":[886],"product_cat":[561,555],"product_tag":[863,864,631,1678,646,1679,701,1238,860],"class_list":{"0":"post-20099","1":"product","2":"type-product","3":"status-publish","4":"has-post-thumbnail","6":"product_brand-forma-5-ca","7":"product_cat-cadires-direccio","8":"product_cat-oficina","9":"product_tag-cadira","10":"product_tag-cadira-direccio","11":"product_tag-e-ca","12":"product_tag-ergonomica-ca","13":"product_tag-forma-5-ca","14":"product_tag-giratoria-ca","15":"product_tag-mobiliari-oficina","16":"product_tag-oficina-ca","17":"product_tag-regulable-ca","18":"description-off","20":"first","21":"instock","22":"shipping-taxable","23":"product-type-simple"},"acf":[],"yoast_head":"<!-- This site is optimized with the Yoast SEO plugin v27.0 - https:\/\/yoast.com\/product\/yoast-seo-wordpress\/ -->\n<title>Cadira directiva E+, Forma 5- Navarro Aubanell<\/title>\n<meta name=\"description\" content=\"Cadira directiva E+: disseny elegant, estructura robusta i ergonomia avan\u00e7ada amb ajust personalitzat per a un m\u00e0xim confort en entorns executius.\" \/>\n<meta name=\"robots\" content=\"index, follow, max-snippet:-1, max-image-preview:large, max-video-preview:-1\" \/>\n<link rel=\"canonical\" href=\"https:\/\/www.navarroaubanell.com\/ca\/producte\/cadira-directiva-e-forma5-navarroaubanell\/\" \/>\n<meta property=\"og:locale\" content=\"ca_ES\" \/>\n<meta property=\"og:type\" content=\"article\" \/>\n<meta property=\"og:title\" content=\"Cadira directiva E+, Forma 5- Navarro Aubanell\" \/>\n<meta property=\"og:description\" content=\"Cadira directiva E+: disseny elegant, estructura robusta i ergonomia avan\u00e7ada amb ajust personalitzat per a un m\u00e0xim confort en entorns executius.\" \/>\n<meta property=\"og:url\" content=\"https:\/\/www.navarroaubanell.com\/ca\/producte\/cadira-directiva-e-forma5-navarroaubanell\/\" \/>\n<meta property=\"og:site_name\" content=\"Navarro Aubanell\" \/>\n<meta property=\"article:modified_time\" content=\"2025-03-25T15:17:54+00:00\" \/>\n<meta property=\"og:image\" content=\"https:\/\/www.navarroaubanell.com\/wp-content\/uploads\/2017\/10\/Silla-directiva-E-10.png\" \/>\n\t<meta property=\"og:image:width\" content=\"1280\" \/>\n\t<meta property=\"og:image:height\" content=\"1040\" \/>\n\t<meta property=\"og:image:type\" content=\"image\/png\" \/>\n<meta name=\"twitter:label1\" content=\"Est. reading time\" \/>\n\t<meta name=\"twitter:data1\" content=\"2 minutes\" \/>\n<script type=\"application\/ld+json\" class=\"yoast-schema-graph\">{\"@context\":\"https:\/\/schema.org\",\"@graph\":[{\"@type\":\"WebPage\",\"@id\":\"https:\/\/www.navarroaubanell.com\/ca\/producte\/cadira-directiva-e-forma5-navarroaubanell\/\",\"url\":\"https:\/\/www.navarroaubanell.com\/ca\/producte\/cadira-directiva-e-forma5-navarroaubanell\/\",\"name\":\"Cadira directiva E+, Forma 5- Navarro Aubanell\",\"isPartOf\":{\"@id\":\"https:\/\/www.navarroaubanell.com\/ca\/#website\"},\"primaryImageOfPage\":{\"@id\":\"https:\/\/www.navarroaubanell.com\/ca\/producte\/cadira-directiva-e-forma5-navarroaubanell\/#primaryimage\"},\"image\":{\"@id\":\"https:\/\/www.navarroaubanell.com\/ca\/producte\/cadira-directiva-e-forma5-navarroaubanell\/#primaryimage\"},\"thumbnailUrl\":\"https:\/\/www.navarroaubanell.com\/wp-content\/uploads\/2017\/10\/Silla-directiva-E-10.png\",\"datePublished\":\"2017-10-26T07:13:15+00:00\",\"dateModified\":\"2025-03-25T15:17:54+00:00\",\"description\":\"Cadira directiva E+: disseny elegant, estructura robusta i ergonomia avan\u00e7ada amb ajust personalitzat per a un m\u00e0xim confort en entorns executius.\",\"breadcrumb\":{\"@id\":\"https:\/\/www.navarroaubanell.com\/ca\/producte\/cadira-directiva-e-forma5-navarroaubanell\/#breadcrumb\"},\"inLanguage\":\"ca\",\"potentialAction\":[{\"@type\":\"ReadAction\",\"target\":[\"https:\/\/www.navarroaubanell.com\/ca\/producte\/cadira-directiva-e-forma5-navarroaubanell\/\"]}]},{\"@type\":\"ImageObject\",\"inLanguage\":\"ca\",\"@id\":\"https:\/\/www.navarroaubanell.com\/ca\/producte\/cadira-directiva-e-forma5-navarroaubanell\/#primaryimage\",\"url\":\"https:\/\/www.navarroaubanell.com\/wp-content\/uploads\/2017\/10\/Silla-directiva-E-10.png\",\"contentUrl\":\"https:\/\/www.navarroaubanell.com\/wp-content\/uploads\/2017\/10\/Silla-directiva-E-10.png\",\"width\":1280,\"height\":1040,\"caption\":\"Silla directiva E+\"},{\"@type\":\"BreadcrumbList\",\"@id\":\"https:\/\/www.navarroaubanell.com\/ca\/producte\/cadira-directiva-e-forma5-navarroaubanell\/#breadcrumb\",\"itemListElement\":[{\"@type\":\"ListItem\",\"position\":1,\"name\":\"Portada\",\"item\":\"https:\/\/www.navarroaubanell.com\/ca\/\"},{\"@type\":\"ListItem\",\"position\":2,\"name\":\"Productes\",\"item\":\"https:\/\/www.navarroaubanell.com\/productos\/\"},{\"@type\":\"ListItem\",\"position\":3,\"name\":\"Cadira directiva E+\"}]},{\"@type\":\"WebSite\",\"@id\":\"https:\/\/www.navarroaubanell.com\/ca\/#website\",\"url\":\"https:\/\/www.navarroaubanell.com\/ca\/\",\"name\":\"Navarro Aubanell\",\"description\":\"Mobiliario para hoteler\u00eda, colectividades y oficinas\",\"publisher\":{\"@id\":\"https:\/\/www.navarroaubanell.com\/ca\/#organization\"},\"potentialAction\":[{\"@type\":\"SearchAction\",\"target\":{\"@type\":\"EntryPoint\",\"urlTemplate\":\"https:\/\/www.navarroaubanell.com\/ca\/?s={search_term_string}\"},\"query-input\":{\"@type\":\"PropertyValueSpecification\",\"valueRequired\":true,\"valueName\":\"search_term_string\"}}],\"inLanguage\":\"ca\"},{\"@type\":\"Organization\",\"@id\":\"https:\/\/www.navarroaubanell.com\/ca\/#organization\",\"name\":\"COMERCIAL NAVARRO AUBANELL, S.A\",\"url\":\"https:\/\/www.navarroaubanell.com\/ca\/\",\"logo\":{\"@type\":\"ImageObject\",\"inLanguage\":\"ca\",\"@id\":\"https:\/\/www.navarroaubanell.com\/ca\/#\/schema\/logo\/image\/\",\"url\":\"https:\/\/www.navarroaubanell.com\/wp-content\/uploads\/2017\/07\/logo-navarro-aubuanell.png\",\"contentUrl\":\"https:\/\/www.navarroaubanell.com\/wp-content\/uploads\/2017\/07\/logo-navarro-aubuanell.png\",\"width\":6304,\"height\":1154,\"caption\":\"COMERCIAL NAVARRO AUBANELL, S.A\"},\"image\":{\"@id\":\"https:\/\/www.navarroaubanell.com\/ca\/#\/schema\/logo\/image\/\"}}]}<\/script>\n<!-- \/ Yoast SEO plugin. -->","yoast_head_json":{"title":"Cadira directiva E+, Forma 5- Navarro Aubanell","description":"Cadira directiva E+: disseny elegant, estructura robusta i ergonomia avan\u00e7ada amb ajust personalitzat per a un m\u00e0xim confort en entorns executius.","robots":{"index":"index","follow":"follow","max-snippet":"max-snippet:-1","max-image-preview":"max-image-preview:large","max-video-preview":"max-video-preview:-1"},"canonical":"https:\/\/www.navarroaubanell.com\/ca\/producte\/cadira-directiva-e-forma5-navarroaubanell\/","og_locale":"ca_ES","og_type":"article","og_title":"Cadira directiva E+, Forma 5- Navarro Aubanell","og_description":"Cadira directiva E+: disseny elegant, estructura robusta i ergonomia avan\u00e7ada amb ajust personalitzat per a un m\u00e0xim confort en entorns executius.","og_url":"https:\/\/www.navarroaubanell.com\/ca\/producte\/cadira-directiva-e-forma5-navarroaubanell\/","og_site_name":"Navarro Aubanell","article_modified_time":"2025-03-25T15:17:54+00:00","og_image":[{"width":1280,"height":1040,"url":"https:\/\/www.navarroaubanell.com\/wp-content\/uploads\/2017\/10\/Silla-directiva-E-10.png","type":"image\/png"}],"twitter_misc":{"Est. reading time":"2 minutes"},"schema":{"@context":"https:\/\/schema.org","@graph":[{"@type":"WebPage","@id":"https:\/\/www.navarroaubanell.com\/ca\/producte\/cadira-directiva-e-forma5-navarroaubanell\/","url":"https:\/\/www.navarroaubanell.com\/ca\/producte\/cadira-directiva-e-forma5-navarroaubanell\/","name":"Cadira directiva E+, Forma 5- Navarro Aubanell","isPartOf":{"@id":"https:\/\/www.navarroaubanell.com\/ca\/#website"},"primaryImageOfPage":{"@id":"https:\/\/www.navarroaubanell.com\/ca\/producte\/cadira-directiva-e-forma5-navarroaubanell\/#primaryimage"},"image":{"@id":"https:\/\/www.navarroaubanell.com\/ca\/producte\/cadira-directiva-e-forma5-navarroaubanell\/#primaryimage"},"thumbnailUrl":"https:\/\/www.navarroaubanell.com\/wp-content\/uploads\/2017\/10\/Silla-directiva-E-10.png","datePublished":"2017-10-26T07:13:15+00:00","dateModified":"2025-03-25T15:17:54+00:00","description":"Cadira directiva E+: disseny elegant, estructura robusta i ergonomia avan\u00e7ada amb ajust personalitzat per a un m\u00e0xim confort en entorns executius.","breadcrumb":{"@id":"https:\/\/www.navarroaubanell.com\/ca\/producte\/cadira-directiva-e-forma5-navarroaubanell\/#breadcrumb"},"inLanguage":"ca","potentialAction":[{"@type":"ReadAction","target":["https:\/\/www.navarroaubanell.com\/ca\/producte\/cadira-directiva-e-forma5-navarroaubanell\/"]}]},{"@type":"ImageObject","inLanguage":"ca","@id":"https:\/\/www.navarroaubanell.com\/ca\/producte\/cadira-directiva-e-forma5-navarroaubanell\/#primaryimage","url":"https:\/\/www.navarroaubanell.com\/wp-content\/uploads\/2017\/10\/Silla-directiva-E-10.png","contentUrl":"https:\/\/www.navarroaubanell.com\/wp-content\/uploads\/2017\/10\/Silla-directiva-E-10.png","width":1280,"height":1040,"caption":"Silla directiva E+"},{"@type":"BreadcrumbList","@id":"https:\/\/www.navarroaubanell.com\/ca\/producte\/cadira-directiva-e-forma5-navarroaubanell\/#breadcrumb","itemListElement":[{"@type":"ListItem","position":1,"name":"Portada","item":"https:\/\/www.navarroaubanell.com\/ca\/"},{"@type":"ListItem","position":2,"name":"Productes","item":"https:\/\/www.navarroaubanell.com\/productos\/"},{"@type":"ListItem","position":3,"name":"Cadira directiva E+"}]},{"@type":"WebSite","@id":"https:\/\/www.navarroaubanell.com\/ca\/#website","url":"https:\/\/www.navarroaubanell.com\/ca\/","name":"Navarro Aubanell","description":"Mobiliario para hoteler\u00eda, colectividades y oficinas","publisher":{"@id":"https:\/\/www.navarroaubanell.com\/ca\/#organization"},"potentialAction":[{"@type":"SearchAction","target":{"@type":"EntryPoint","urlTemplate":"https:\/\/www.navarroaubanell.com\/ca\/?s={search_term_string}"},"query-input":{"@type":"PropertyValueSpecification","valueRequired":true,"valueName":"search_term_string"}}],"inLanguage":"ca"},{"@type":"Organization","@id":"https:\/\/www.navarroaubanell.com\/ca\/#organization","name":"COMERCIAL NAVARRO AUBANELL, S.A","url":"https:\/\/www.navarroaubanell.com\/ca\/","logo":{"@type":"ImageObject","inLanguage":"ca","@id":"https:\/\/www.navarroaubanell.com\/ca\/#\/schema\/logo\/image\/","url":"https:\/\/www.navarroaubanell.com\/wp-content\/uploads\/2017\/07\/logo-navarro-aubuanell.png","contentUrl":"https:\/\/www.navarroaubanell.com\/wp-content\/uploads\/2017\/07\/logo-navarro-aubuanell.png","width":6304,"height":1154,"caption":"COMERCIAL NAVARRO AUBANELL, S.A"},"image":{"@id":"https:\/\/www.navarroaubanell.com\/ca\/#\/schema\/logo\/image\/"}}]}},"_links":{"self":[{"href":"https:\/\/www.navarroaubanell.com\/ca\/wp-json\/wp\/v2\/product\/20099","targetHints":{"allow":["GET"]}}],"collection":[{"href":"https:\/\/www.navarroaubanell.com\/ca\/wp-json\/wp\/v2\/product"}],"about":[{"href":"https:\/\/www.navarroaubanell.com\/ca\/wp-json\/wp\/v2\/types\/product"}],"wp:featuredmedia":[{"embeddable":true,"href":"https:\/\/www.navarroaubanell.com\/ca\/wp-json\/wp\/v2\/media\/45472"}],"wp:attachment":[{"href":"https:\/\/www.navarroaubanell.com\/ca\/wp-json\/wp\/v2\/media?parent=20099"}],"wp:term":[{"taxonomy":"product_brand","embeddable":true,"href":"https:\/\/www.navarroaubanell.com\/ca\/wp-json\/wp\/v2\/product_brand?post=20099"},{"taxonomy":"product_cat","embeddable":true,"href":"https:\/\/www.navarroaubanell.com\/ca\/wp-json\/wp\/v2\/product_cat?post=20099"},{"taxonomy":"product_tag","embeddable":true,"href":"https:\/\/www.navarroaubanell.com\/ca\/wp-json\/wp\/v2\/product_tag?post=20099"}],"curies":[{"name":"wp","href":"https:\/\/api.w.org\/{rel}","templated":true}]}}