{"id":20097,"date":"2017-10-26T09:34:59","date_gmt":"2017-10-26T07:34:59","guid":{"rendered":"https:\/\/www.navarroaubanell.com\/producto\/theus\/"},"modified":"2025-03-26T17:41:12","modified_gmt":"2025-03-26T16:41:12","slug":"cadira-directiva-theus-forma5-navarroaubanell","status":"publish","type":"product","link":"https:\/\/www.navarroaubanell.com\/ca\/producte\/cadira-directiva-theus-forma5-navarroaubanell\/","title":{"rendered":"Cadira directiva Theus"},"content":{"rendered":"<h5 data-start=\"0\" data-end=\"66\">Cadira Directiva Theus: Eleg\u00e0ncia i Ergonomia en un \u00danic Disseny<\/h5>\n<p class=\"\" data-start=\"68\" data-end=\"404\">La cadira directiva Theus t\u00e9 un disseny pensat per a oferir un seient sofisticat i anat\u00f2mic que proporcioni el m\u00e0xim confort durant les jornades de treball.<\/p>\n<h6 data-start=\"406\" data-end=\"444\">Monocasc Resistent i Confortable<\/h6>\n<p data-start=\"446\" data-end=\"827\">Theus est\u00e0 constru\u00efda amb un monocasc que assegura una fluidesa est\u00e8tica i fortalesa interna. L&#8217;interior de la cadira t\u00e9 una estructura perimetral de tub d&#8217;acer, refor\u00e7at amb dues platines transversals. Aquesta estructura est\u00e0 sobreinjectada amb escuma de poliuret\u00e0 i entapissada, proporcionant un respatller resistent, c\u00f2mode i durador.<\/p>\n<h6 data-start=\"829\" data-end=\"862\">Base i Rodes Personalitzables<\/h6>\n<p data-start=\"864\" data-end=\"1147\">La base de la cadira Theus est\u00e0 disponible en dues opcions: poliamida negra o alumini polit. Les rodes de doble rodada s&#8217;ofereixen en diferents opcions per adequar-se a qualsevol tipus de superf\u00edcie.<\/p>\n<h6 data-start=\"1149\" data-end=\"1180\">Bra\u00e7os fixes i sofisticats<\/h6>\n<p data-start=\"1182\" data-end=\"1364\">Els bra\u00e7os, fixes i robustos, estan fabricats amb platina polida, pintada o cromada. S&#8217;integren de manera fluida al seient i al respatller, mantenint l&#8217;harmonia visual del disseny.<\/p>\n<h6 data-start=\"1366\" data-end=\"1393\">Mecanismes de comoditat<\/h6>\n<p data-start=\"1395\" data-end=\"1684\">La cadira directiva Theus compta amb dos mecanismes clau: el regulador d&#8217;al\u00e7ada mitjan\u00e7ant gas per a una transici\u00f3 suau; i el mecanisme basculant, que permet ajustar la inclinaci\u00f3 del respatller i l&#8217;al\u00e7ada el seient, a la vegada que permet regular la duresa del moviment.<\/p>\n","protected":false},"excerpt":{"rendered":"<p>&nbsp;<\/p>\n<p>&nbsp;<\/p>\n","protected":false},"featured_media":45510,"template":"","meta":{"_acf_changed":false},"product_brand":[886],"product_cat":[561,555],"product_tag":[863,864,1678,646,1679,701,1238,860,776],"class_list":{"0":"post-20097","1":"product","2":"type-product","3":"status-publish","4":"has-post-thumbnail","6":"product_brand-forma-5-ca","7":"product_cat-cadires-direccio","8":"product_cat-oficina","9":"product_tag-cadira","10":"product_tag-cadira-direccio","11":"product_tag-ergonomica-ca","12":"product_tag-forma-5-ca","13":"product_tag-giratoria-ca","14":"product_tag-mobiliari-oficina","15":"product_tag-oficina-ca","16":"product_tag-regulable-ca","17":"product_tag-theus-ca","18":"description-off","20":"first","21":"instock","22":"shipping-taxable","23":"product-type-simple"},"acf":[],"yoast_head":"<!-- This site is optimized with the Yoast SEO plugin v27.5 - https:\/\/yoast.com\/product\/yoast-seo-wordpress\/ -->\n<title>Cadira directiva Theus, Forma 5- Navarro Aubanell<\/title>\n<meta name=\"description\" content=\"Cadira directiva Theus: disseny ergon\u00f2mic i elegant amb estructura refor\u00e7ada i mecanismes avan\u00e7ats per a m\u00e0xima comoditat i funcionalitat.\" \/>\n<meta name=\"robots\" content=\"index, follow, max-snippet:-1, max-image-preview:large, max-video-preview:-1\" \/>\n<link rel=\"canonical\" href=\"https:\/\/www.navarroaubanell.com\/ca\/producte\/cadira-directiva-theus-forma5-navarroaubanell\/\" \/>\n<meta property=\"og:locale\" content=\"ca_ES\" \/>\n<meta property=\"og:type\" content=\"article\" \/>\n<meta property=\"og:title\" content=\"Cadira directiva Theus, Forma 5- Navarro Aubanell\" \/>\n<meta property=\"og:description\" content=\"Cadira directiva Theus: disseny ergon\u00f2mic i elegant amb estructura refor\u00e7ada i mecanismes avan\u00e7ats per a m\u00e0xima comoditat i funcionalitat.\" \/>\n<meta property=\"og:url\" content=\"https:\/\/www.navarroaubanell.com\/ca\/producte\/cadira-directiva-theus-forma5-navarroaubanell\/\" \/>\n<meta property=\"og:site_name\" content=\"Navarro Aubanell\" \/>\n<meta property=\"article:modified_time\" content=\"2025-03-26T16:41:12+00:00\" \/>\n<meta property=\"og:image\" content=\"https:\/\/www.navarroaubanell.com\/wp-content\/uploads\/2017\/10\/Theus_forma5-Photoroom-1-1.png\" \/>\n\t<meta property=\"og:image:width\" content=\"1280\" \/>\n\t<meta property=\"og:image:height\" content=\"1040\" \/>\n\t<meta property=\"og:image:type\" content=\"image\/png\" \/>\n<meta name=\"twitter:label1\" content=\"Est. reading time\" \/>\n\t<meta name=\"twitter:data1\" content=\"2 minutes\" \/>\n<script type=\"application\/ld+json\" class=\"yoast-schema-graph\">{\"@context\":\"https:\\\/\\\/schema.org\",\"@graph\":[{\"@type\":\"WebPage\",\"@id\":\"https:\\\/\\\/www.navarroaubanell.com\\\/ca\\\/producte\\\/cadira-directiva-theus-forma5-navarroaubanell\\\/\",\"url\":\"https:\\\/\\\/www.navarroaubanell.com\\\/ca\\\/producte\\\/cadira-directiva-theus-forma5-navarroaubanell\\\/\",\"name\":\"Cadira directiva Theus, Forma 5- Navarro Aubanell\",\"isPartOf\":{\"@id\":\"https:\\\/\\\/www.navarroaubanell.com\\\/ca\\\/#website\"},\"primaryImageOfPage\":{\"@id\":\"https:\\\/\\\/www.navarroaubanell.com\\\/ca\\\/producte\\\/cadira-directiva-theus-forma5-navarroaubanell\\\/#primaryimage\"},\"image\":{\"@id\":\"https:\\\/\\\/www.navarroaubanell.com\\\/ca\\\/producte\\\/cadira-directiva-theus-forma5-navarroaubanell\\\/#primaryimage\"},\"thumbnailUrl\":\"https:\\\/\\\/www.navarroaubanell.com\\\/wp-content\\\/uploads\\\/2017\\\/10\\\/Theus_forma5-Photoroom-1-1.png\",\"datePublished\":\"2017-10-26T07:34:59+00:00\",\"dateModified\":\"2025-03-26T16:41:12+00:00\",\"description\":\"Cadira directiva Theus: disseny ergon\u00f2mic i elegant amb estructura refor\u00e7ada i mecanismes avan\u00e7ats per a m\u00e0xima comoditat i funcionalitat.\",\"breadcrumb\":{\"@id\":\"https:\\\/\\\/www.navarroaubanell.com\\\/ca\\\/producte\\\/cadira-directiva-theus-forma5-navarroaubanell\\\/#breadcrumb\"},\"inLanguage\":\"ca\",\"potentialAction\":[{\"@type\":\"ReadAction\",\"target\":[\"https:\\\/\\\/www.navarroaubanell.com\\\/ca\\\/producte\\\/cadira-directiva-theus-forma5-navarroaubanell\\\/\"]}]},{\"@type\":\"ImageObject\",\"inLanguage\":\"ca\",\"@id\":\"https:\\\/\\\/www.navarroaubanell.com\\\/ca\\\/producte\\\/cadira-directiva-theus-forma5-navarroaubanell\\\/#primaryimage\",\"url\":\"https:\\\/\\\/www.navarroaubanell.com\\\/wp-content\\\/uploads\\\/2017\\\/10\\\/Theus_forma5-Photoroom-1-1.png\",\"contentUrl\":\"https:\\\/\\\/www.navarroaubanell.com\\\/wp-content\\\/uploads\\\/2017\\\/10\\\/Theus_forma5-Photoroom-1-1.png\",\"width\":1280,\"height\":1040,\"caption\":\"Silla directiva Theus\"},{\"@type\":\"BreadcrumbList\",\"@id\":\"https:\\\/\\\/www.navarroaubanell.com\\\/ca\\\/producte\\\/cadira-directiva-theus-forma5-navarroaubanell\\\/#breadcrumb\",\"itemListElement\":[{\"@type\":\"ListItem\",\"position\":1,\"name\":\"Portada\",\"item\":\"https:\\\/\\\/www.navarroaubanell.com\\\/ca\\\/\"},{\"@type\":\"ListItem\",\"position\":2,\"name\":\"Productes\",\"item\":\"https:\\\/\\\/www.navarroaubanell.com\\\/productos\\\/\"},{\"@type\":\"ListItem\",\"position\":3,\"name\":\"Cadira directiva Theus\"}]},{\"@type\":\"WebSite\",\"@id\":\"https:\\\/\\\/www.navarroaubanell.com\\\/ca\\\/#website\",\"url\":\"https:\\\/\\\/www.navarroaubanell.com\\\/ca\\\/\",\"name\":\"Navarro Aubanell\",\"description\":\"Mobiliario para hoteler\u00eda, colectividades y oficinas\",\"publisher\":{\"@id\":\"https:\\\/\\\/www.navarroaubanell.com\\\/ca\\\/#organization\"},\"potentialAction\":[{\"@type\":\"SearchAction\",\"target\":{\"@type\":\"EntryPoint\",\"urlTemplate\":\"https:\\\/\\\/www.navarroaubanell.com\\\/ca\\\/?s={search_term_string}\"},\"query-input\":{\"@type\":\"PropertyValueSpecification\",\"valueRequired\":true,\"valueName\":\"search_term_string\"}}],\"inLanguage\":\"ca\"},{\"@type\":\"Organization\",\"@id\":\"https:\\\/\\\/www.navarroaubanell.com\\\/ca\\\/#organization\",\"name\":\"COMERCIAL NAVARRO AUBANELL, S.A\",\"url\":\"https:\\\/\\\/www.navarroaubanell.com\\\/ca\\\/\",\"logo\":{\"@type\":\"ImageObject\",\"inLanguage\":\"ca\",\"@id\":\"https:\\\/\\\/www.navarroaubanell.com\\\/ca\\\/#\\\/schema\\\/logo\\\/image\\\/\",\"url\":\"https:\\\/\\\/www.navarroaubanell.com\\\/wp-content\\\/uploads\\\/2017\\\/07\\\/logo-navarro-aubuanell.png\",\"contentUrl\":\"https:\\\/\\\/www.navarroaubanell.com\\\/wp-content\\\/uploads\\\/2017\\\/07\\\/logo-navarro-aubuanell.png\",\"width\":6304,\"height\":1154,\"caption\":\"COMERCIAL NAVARRO AUBANELL, S.A\"},\"image\":{\"@id\":\"https:\\\/\\\/www.navarroaubanell.com\\\/ca\\\/#\\\/schema\\\/logo\\\/image\\\/\"}}]}<\/script>\n<!-- \/ Yoast SEO plugin. -->","yoast_head_json":{"title":"Cadira directiva Theus, Forma 5- Navarro Aubanell","description":"Cadira directiva Theus: disseny ergon\u00f2mic i elegant amb estructura refor\u00e7ada i mecanismes avan\u00e7ats per a m\u00e0xima comoditat i funcionalitat.","robots":{"index":"index","follow":"follow","max-snippet":"max-snippet:-1","max-image-preview":"max-image-preview:large","max-video-preview":"max-video-preview:-1"},"canonical":"https:\/\/www.navarroaubanell.com\/ca\/producte\/cadira-directiva-theus-forma5-navarroaubanell\/","og_locale":"ca_ES","og_type":"article","og_title":"Cadira directiva Theus, Forma 5- Navarro Aubanell","og_description":"Cadira directiva Theus: disseny ergon\u00f2mic i elegant amb estructura refor\u00e7ada i mecanismes avan\u00e7ats per a m\u00e0xima comoditat i funcionalitat.","og_url":"https:\/\/www.navarroaubanell.com\/ca\/producte\/cadira-directiva-theus-forma5-navarroaubanell\/","og_site_name":"Navarro Aubanell","article_modified_time":"2025-03-26T16:41:12+00:00","og_image":[{"width":1280,"height":1040,"url":"https:\/\/www.navarroaubanell.com\/wp-content\/uploads\/2017\/10\/Theus_forma5-Photoroom-1-1.png","type":"image\/png"}],"twitter_misc":{"Est. reading time":"2 minutes"},"schema":{"@context":"https:\/\/schema.org","@graph":[{"@type":"WebPage","@id":"https:\/\/www.navarroaubanell.com\/ca\/producte\/cadira-directiva-theus-forma5-navarroaubanell\/","url":"https:\/\/www.navarroaubanell.com\/ca\/producte\/cadira-directiva-theus-forma5-navarroaubanell\/","name":"Cadira directiva Theus, Forma 5- Navarro Aubanell","isPartOf":{"@id":"https:\/\/www.navarroaubanell.com\/ca\/#website"},"primaryImageOfPage":{"@id":"https:\/\/www.navarroaubanell.com\/ca\/producte\/cadira-directiva-theus-forma5-navarroaubanell\/#primaryimage"},"image":{"@id":"https:\/\/www.navarroaubanell.com\/ca\/producte\/cadira-directiva-theus-forma5-navarroaubanell\/#primaryimage"},"thumbnailUrl":"https:\/\/www.navarroaubanell.com\/wp-content\/uploads\/2017\/10\/Theus_forma5-Photoroom-1-1.png","datePublished":"2017-10-26T07:34:59+00:00","dateModified":"2025-03-26T16:41:12+00:00","description":"Cadira directiva Theus: disseny ergon\u00f2mic i elegant amb estructura refor\u00e7ada i mecanismes avan\u00e7ats per a m\u00e0xima comoditat i funcionalitat.","breadcrumb":{"@id":"https:\/\/www.navarroaubanell.com\/ca\/producte\/cadira-directiva-theus-forma5-navarroaubanell\/#breadcrumb"},"inLanguage":"ca","potentialAction":[{"@type":"ReadAction","target":["https:\/\/www.navarroaubanell.com\/ca\/producte\/cadira-directiva-theus-forma5-navarroaubanell\/"]}]},{"@type":"ImageObject","inLanguage":"ca","@id":"https:\/\/www.navarroaubanell.com\/ca\/producte\/cadira-directiva-theus-forma5-navarroaubanell\/#primaryimage","url":"https:\/\/www.navarroaubanell.com\/wp-content\/uploads\/2017\/10\/Theus_forma5-Photoroom-1-1.png","contentUrl":"https:\/\/www.navarroaubanell.com\/wp-content\/uploads\/2017\/10\/Theus_forma5-Photoroom-1-1.png","width":1280,"height":1040,"caption":"Silla directiva Theus"},{"@type":"BreadcrumbList","@id":"https:\/\/www.navarroaubanell.com\/ca\/producte\/cadira-directiva-theus-forma5-navarroaubanell\/#breadcrumb","itemListElement":[{"@type":"ListItem","position":1,"name":"Portada","item":"https:\/\/www.navarroaubanell.com\/ca\/"},{"@type":"ListItem","position":2,"name":"Productes","item":"https:\/\/www.navarroaubanell.com\/productos\/"},{"@type":"ListItem","position":3,"name":"Cadira directiva Theus"}]},{"@type":"WebSite","@id":"https:\/\/www.navarroaubanell.com\/ca\/#website","url":"https:\/\/www.navarroaubanell.com\/ca\/","name":"Navarro Aubanell","description":"Mobiliario para hoteler\u00eda, colectividades y oficinas","publisher":{"@id":"https:\/\/www.navarroaubanell.com\/ca\/#organization"},"potentialAction":[{"@type":"SearchAction","target":{"@type":"EntryPoint","urlTemplate":"https:\/\/www.navarroaubanell.com\/ca\/?s={search_term_string}"},"query-input":{"@type":"PropertyValueSpecification","valueRequired":true,"valueName":"search_term_string"}}],"inLanguage":"ca"},{"@type":"Organization","@id":"https:\/\/www.navarroaubanell.com\/ca\/#organization","name":"COMERCIAL NAVARRO AUBANELL, S.A","url":"https:\/\/www.navarroaubanell.com\/ca\/","logo":{"@type":"ImageObject","inLanguage":"ca","@id":"https:\/\/www.navarroaubanell.com\/ca\/#\/schema\/logo\/image\/","url":"https:\/\/www.navarroaubanell.com\/wp-content\/uploads\/2017\/07\/logo-navarro-aubuanell.png","contentUrl":"https:\/\/www.navarroaubanell.com\/wp-content\/uploads\/2017\/07\/logo-navarro-aubuanell.png","width":6304,"height":1154,"caption":"COMERCIAL NAVARRO AUBANELL, S.A"},"image":{"@id":"https:\/\/www.navarroaubanell.com\/ca\/#\/schema\/logo\/image\/"}}]}},"_links":{"self":[{"href":"https:\/\/www.navarroaubanell.com\/ca\/wp-json\/wp\/v2\/product\/20097","targetHints":{"allow":["GET"]}}],"collection":[{"href":"https:\/\/www.navarroaubanell.com\/ca\/wp-json\/wp\/v2\/product"}],"about":[{"href":"https:\/\/www.navarroaubanell.com\/ca\/wp-json\/wp\/v2\/types\/product"}],"wp:featuredmedia":[{"embeddable":true,"href":"https:\/\/www.navarroaubanell.com\/ca\/wp-json\/wp\/v2\/media\/45510"}],"wp:attachment":[{"href":"https:\/\/www.navarroaubanell.com\/ca\/wp-json\/wp\/v2\/media?parent=20097"}],"wp:term":[{"taxonomy":"product_brand","embeddable":true,"href":"https:\/\/www.navarroaubanell.com\/ca\/wp-json\/wp\/v2\/product_brand?post=20097"},{"taxonomy":"product_cat","embeddable":true,"href":"https:\/\/www.navarroaubanell.com\/ca\/wp-json\/wp\/v2\/product_cat?post=20097"},{"taxonomy":"product_tag","embeddable":true,"href":"https:\/\/www.navarroaubanell.com\/ca\/wp-json\/wp\/v2\/product_tag?post=20097"}],"curies":[{"name":"wp","href":"https:\/\/api.w.org\/{rel}","templated":true}]}}