{"id":20057,"date":"2017-10-26T10:46:32","date_gmt":"2017-10-26T08:46:32","guid":{"rendered":"https:\/\/www.navarroaubanell.com\/producto\/touch\/"},"modified":"2025-03-20T16:52:47","modified_gmt":"2025-03-20T15:52:47","slug":"cadira-operativa-touch-forma5-navaroaubanell","status":"publish","type":"product","link":"https:\/\/www.navarroaubanell.com\/ca\/producte\/cadira-operativa-touch-forma5-navaroaubanell\/","title":{"rendered":"Cadira operativa Touch"},"content":{"rendered":"<h5 data-start=\"0\" data-end=\"59\">Silla Operativa Touch: Versatilitat i Confort<\/h5>\n<div class=\"traductor-textarea form-group\">\n<div class=\"textarea-desti col-xs-12 col-sm-6\">\n<div class=\"form-control second-textarea\">La cadira operativa Touch \u00e9s la combinaci\u00f3 perfecta entre prestacions avan\u00e7ades i un disseny adaptable a qualsevol entorn de treball.<\/div>\n<\/div>\n<\/div>\n<h6 data-start=\"338\" data-end=\"378\">Respatller Ergon\u00f2mic i Personalitzable<\/h6>\n<div class=\"traductor-textarea form-group\">\n<div class=\"textarea-desti col-xs-12 col-sm-6\">\n<div class=\"form-control second-textarea\">El respatller, disponible en dues altures, t\u00e9 una carcassa interior de polipropil\u00e8 i escuma de poliuret\u00e0 injectada. Pot cobrir-se amb una malla o entapissar-se amb una \u00e0mplia gamma de teixits. La carcassa exterior de polipropil\u00e8 que cobreix tot el suport t\u00e9 un acabat texturat que aporta un toc est\u00e8tic.<\/div>\n<\/div>\n<\/div>\n<h6 data-start=\"813\" data-end=\"848\">Suport Lumbar i Opcions de Comoditat<\/h6>\n<div class=\"traductor-textarea form-group\">\n<div class=\"textarea-desti col-xs-12 col-sm-6\">\n<div class=\"form-control second-textarea\">La cadira inclou un suport lumbar regulable, ideal per a adaptar-se a la forma natural de l&#8217;esquena. El cap\u00e7al \u00e9s opcional per als qui busquen un suport addicional. La cadira operativa Touch es pot adquirir amb o sense bra\u00e7os, permetent triar entre diversos models de bra\u00e7os segons les necessitats.<\/div>\n<\/div>\n<\/div>\n<h6 data-start=\"1054\" data-end=\"1088\">Seient, Base i Bra\u00e7os<\/h6>\n<div class=\"traductor-textarea form-group\">\n<div class=\"textarea-desti col-xs-12 col-sm-6\">\n<div class=\"form-control second-textarea\">El seient compta amb una safata interior de polipropil\u00e8 i escuma de poliuret\u00e0 entapissada, assegurant m\u00e0xima comoditat durant llargues jornades. La base est\u00e0 disponible en poliamida negra, alumini polit o blanc, i les rodes de doble rodadura s&#8217;adapten a diferents tipus de s\u00f2ls.<\/div>\n<\/div>\n<\/div>\n<h6 data-start=\"1383\" data-end=\"1428\">Mecanismes d&#8217;Ajustament<\/h6>\n<ul>\n<li data-start=\"1430\" data-end=\"1794\">Mecanisme de <strong>regulaci\u00f3 d&#8217;al\u00e7ada<\/strong><\/li>\n<li data-start=\"1430\" data-end=\"1794\"><strong>Mecanisme Trasla<\/strong>: ajust de la profunditat del seient<\/li>\n<li data-start=\"1367\" data-end=\"1457\"><strong>Sincro Motion: <\/strong>permet ajustar la tensi\u00f3 del respatller i la profunditat del seient.\n<div class=\"traductor-checkbox form-group\">\n<div class=\"row\">\n<div class=\"col-sm-offset-2 col-sm-5\"><\/div>\n<\/div>\n<\/div>\n<\/li>\n<\/ul>\n","protected":false},"excerpt":{"rendered":"<p>&nbsp;<\/p>\n<p>&nbsp;<\/p>\n","protected":false},"featured_media":45400,"template":"","meta":{"_acf_changed":false},"product_brand":[886],"product_cat":[562,555],"product_tag":[863,865,646,1679,701,1238,860,875],"class_list":{"0":"post-20057","1":"product","2":"type-product","3":"status-publish","4":"has-post-thumbnail","6":"product_brand-forma-5-ca","7":"product_cat-cadires-operatives","8":"product_cat-oficina","9":"product_tag-cadira","10":"product_tag-cadira-operativa-ca","11":"product_tag-forma-5-ca","12":"product_tag-giratoria-ca","13":"product_tag-mobiliari-oficina","14":"product_tag-oficina-ca","15":"product_tag-regulable-ca","16":"product_tag-touch-ca","17":"description-off","19":"first","20":"instock","21":"shipping-taxable","22":"product-type-simple"},"acf":[],"yoast_head":"<!-- This site is optimized with the Yoast SEO plugin v27.5 - https:\/\/yoast.com\/product\/yoast-seo-wordpress\/ -->\n<title>Cadira operativa Touch, Forma5 - Navarro Aubanell<\/title>\n<meta name=\"description\" content=\"Cadira operativa Touch: disseny ergon\u00f2mic, suport personalitzable, ajust lumbar i opcions addicionals. Vers\u00e0til, amb mecanismes d&#039;ajust avan\u00e7ats.\" \/>\n<meta name=\"robots\" content=\"index, follow, max-snippet:-1, max-image-preview:large, max-video-preview:-1\" \/>\n<link rel=\"canonical\" href=\"https:\/\/www.navarroaubanell.com\/ca\/producte\/cadira-operativa-touch-forma5-navaroaubanell\/\" \/>\n<meta property=\"og:locale\" content=\"ca_ES\" \/>\n<meta property=\"og:type\" content=\"article\" \/>\n<meta property=\"og:title\" content=\"Cadira operativa Touch, Forma5 - Navarro Aubanell\" \/>\n<meta property=\"og:description\" content=\"Cadira operativa Touch: disseny ergon\u00f2mic, suport personalitzable, ajust lumbar i opcions addicionals. Vers\u00e0til, amb mecanismes d&#039;ajust avan\u00e7ats.\" \/>\n<meta property=\"og:url\" content=\"https:\/\/www.navarroaubanell.com\/ca\/producte\/cadira-operativa-touch-forma5-navaroaubanell\/\" \/>\n<meta property=\"og:site_name\" content=\"Navarro Aubanell\" \/>\n<meta property=\"article:modified_time\" content=\"2025-03-20T15:52:47+00:00\" \/>\n<meta property=\"og:image\" content=\"https:\/\/www.navarroaubanell.com\/wp-content\/uploads\/2017\/10\/TOUCH_MOTION_WHITE_03-Photoroom-1.png\" \/>\n\t<meta property=\"og:image:width\" content=\"1280\" \/>\n\t<meta property=\"og:image:height\" content=\"1040\" \/>\n\t<meta property=\"og:image:type\" content=\"image\/png\" \/>\n<meta name=\"twitter:label1\" content=\"Est. reading time\" \/>\n\t<meta name=\"twitter:data1\" content=\"2 minutes\" \/>\n<script type=\"application\/ld+json\" class=\"yoast-schema-graph\">{\"@context\":\"https:\\\/\\\/schema.org\",\"@graph\":[{\"@type\":\"WebPage\",\"@id\":\"https:\\\/\\\/www.navarroaubanell.com\\\/ca\\\/producte\\\/cadira-operativa-touch-forma5-navaroaubanell\\\/\",\"url\":\"https:\\\/\\\/www.navarroaubanell.com\\\/ca\\\/producte\\\/cadira-operativa-touch-forma5-navaroaubanell\\\/\",\"name\":\"Cadira operativa Touch, Forma5 - Navarro Aubanell\",\"isPartOf\":{\"@id\":\"https:\\\/\\\/www.navarroaubanell.com\\\/ca\\\/#website\"},\"primaryImageOfPage\":{\"@id\":\"https:\\\/\\\/www.navarroaubanell.com\\\/ca\\\/producte\\\/cadira-operativa-touch-forma5-navaroaubanell\\\/#primaryimage\"},\"image\":{\"@id\":\"https:\\\/\\\/www.navarroaubanell.com\\\/ca\\\/producte\\\/cadira-operativa-touch-forma5-navaroaubanell\\\/#primaryimage\"},\"thumbnailUrl\":\"https:\\\/\\\/www.navarroaubanell.com\\\/wp-content\\\/uploads\\\/2017\\\/10\\\/TOUCH_MOTION_WHITE_03-Photoroom-1.png\",\"datePublished\":\"2017-10-26T08:46:32+00:00\",\"dateModified\":\"2025-03-20T15:52:47+00:00\",\"description\":\"Cadira operativa Touch: disseny ergon\u00f2mic, suport personalitzable, ajust lumbar i opcions addicionals. Vers\u00e0til, amb mecanismes d'ajust avan\u00e7ats.\",\"breadcrumb\":{\"@id\":\"https:\\\/\\\/www.navarroaubanell.com\\\/ca\\\/producte\\\/cadira-operativa-touch-forma5-navaroaubanell\\\/#breadcrumb\"},\"inLanguage\":\"ca\",\"potentialAction\":[{\"@type\":\"ReadAction\",\"target\":[\"https:\\\/\\\/www.navarroaubanell.com\\\/ca\\\/producte\\\/cadira-operativa-touch-forma5-navaroaubanell\\\/\"]}]},{\"@type\":\"ImageObject\",\"inLanguage\":\"ca\",\"@id\":\"https:\\\/\\\/www.navarroaubanell.com\\\/ca\\\/producte\\\/cadira-operativa-touch-forma5-navaroaubanell\\\/#primaryimage\",\"url\":\"https:\\\/\\\/www.navarroaubanell.com\\\/wp-content\\\/uploads\\\/2017\\\/10\\\/TOUCH_MOTION_WHITE_03-Photoroom-1.png\",\"contentUrl\":\"https:\\\/\\\/www.navarroaubanell.com\\\/wp-content\\\/uploads\\\/2017\\\/10\\\/TOUCH_MOTION_WHITE_03-Photoroom-1.png\",\"width\":1280,\"height\":1040,\"caption\":\"Cadira Operativa Touch\"},{\"@type\":\"BreadcrumbList\",\"@id\":\"https:\\\/\\\/www.navarroaubanell.com\\\/ca\\\/producte\\\/cadira-operativa-touch-forma5-navaroaubanell\\\/#breadcrumb\",\"itemListElement\":[{\"@type\":\"ListItem\",\"position\":1,\"name\":\"Portada\",\"item\":\"https:\\\/\\\/www.navarroaubanell.com\\\/ca\\\/\"},{\"@type\":\"ListItem\",\"position\":2,\"name\":\"Productes\",\"item\":\"https:\\\/\\\/www.navarroaubanell.com\\\/productos\\\/\"},{\"@type\":\"ListItem\",\"position\":3,\"name\":\"Cadira operativa Touch\"}]},{\"@type\":\"WebSite\",\"@id\":\"https:\\\/\\\/www.navarroaubanell.com\\\/ca\\\/#website\",\"url\":\"https:\\\/\\\/www.navarroaubanell.com\\\/ca\\\/\",\"name\":\"Navarro Aubanell\",\"description\":\"Mobiliario para hoteler\u00eda, colectividades y oficinas\",\"publisher\":{\"@id\":\"https:\\\/\\\/www.navarroaubanell.com\\\/ca\\\/#organization\"},\"potentialAction\":[{\"@type\":\"SearchAction\",\"target\":{\"@type\":\"EntryPoint\",\"urlTemplate\":\"https:\\\/\\\/www.navarroaubanell.com\\\/ca\\\/?s={search_term_string}\"},\"query-input\":{\"@type\":\"PropertyValueSpecification\",\"valueRequired\":true,\"valueName\":\"search_term_string\"}}],\"inLanguage\":\"ca\"},{\"@type\":\"Organization\",\"@id\":\"https:\\\/\\\/www.navarroaubanell.com\\\/ca\\\/#organization\",\"name\":\"COMERCIAL NAVARRO AUBANELL, S.A\",\"url\":\"https:\\\/\\\/www.navarroaubanell.com\\\/ca\\\/\",\"logo\":{\"@type\":\"ImageObject\",\"inLanguage\":\"ca\",\"@id\":\"https:\\\/\\\/www.navarroaubanell.com\\\/ca\\\/#\\\/schema\\\/logo\\\/image\\\/\",\"url\":\"https:\\\/\\\/www.navarroaubanell.com\\\/wp-content\\\/uploads\\\/2017\\\/07\\\/logo-navarro-aubuanell.png\",\"contentUrl\":\"https:\\\/\\\/www.navarroaubanell.com\\\/wp-content\\\/uploads\\\/2017\\\/07\\\/logo-navarro-aubuanell.png\",\"width\":6304,\"height\":1154,\"caption\":\"COMERCIAL NAVARRO AUBANELL, S.A\"},\"image\":{\"@id\":\"https:\\\/\\\/www.navarroaubanell.com\\\/ca\\\/#\\\/schema\\\/logo\\\/image\\\/\"}}]}<\/script>\n<!-- \/ Yoast SEO plugin. -->","yoast_head_json":{"title":"Cadira operativa Touch, Forma5 - Navarro Aubanell","description":"Cadira operativa Touch: disseny ergon\u00f2mic, suport personalitzable, ajust lumbar i opcions addicionals. Vers\u00e0til, amb mecanismes d'ajust avan\u00e7ats.","robots":{"index":"index","follow":"follow","max-snippet":"max-snippet:-1","max-image-preview":"max-image-preview:large","max-video-preview":"max-video-preview:-1"},"canonical":"https:\/\/www.navarroaubanell.com\/ca\/producte\/cadira-operativa-touch-forma5-navaroaubanell\/","og_locale":"ca_ES","og_type":"article","og_title":"Cadira operativa Touch, Forma5 - Navarro Aubanell","og_description":"Cadira operativa Touch: disseny ergon\u00f2mic, suport personalitzable, ajust lumbar i opcions addicionals. Vers\u00e0til, amb mecanismes d'ajust avan\u00e7ats.","og_url":"https:\/\/www.navarroaubanell.com\/ca\/producte\/cadira-operativa-touch-forma5-navaroaubanell\/","og_site_name":"Navarro Aubanell","article_modified_time":"2025-03-20T15:52:47+00:00","og_image":[{"width":1280,"height":1040,"url":"https:\/\/www.navarroaubanell.com\/wp-content\/uploads\/2017\/10\/TOUCH_MOTION_WHITE_03-Photoroom-1.png","type":"image\/png"}],"twitter_misc":{"Est. reading time":"2 minutes"},"schema":{"@context":"https:\/\/schema.org","@graph":[{"@type":"WebPage","@id":"https:\/\/www.navarroaubanell.com\/ca\/producte\/cadira-operativa-touch-forma5-navaroaubanell\/","url":"https:\/\/www.navarroaubanell.com\/ca\/producte\/cadira-operativa-touch-forma5-navaroaubanell\/","name":"Cadira operativa Touch, Forma5 - Navarro Aubanell","isPartOf":{"@id":"https:\/\/www.navarroaubanell.com\/ca\/#website"},"primaryImageOfPage":{"@id":"https:\/\/www.navarroaubanell.com\/ca\/producte\/cadira-operativa-touch-forma5-navaroaubanell\/#primaryimage"},"image":{"@id":"https:\/\/www.navarroaubanell.com\/ca\/producte\/cadira-operativa-touch-forma5-navaroaubanell\/#primaryimage"},"thumbnailUrl":"https:\/\/www.navarroaubanell.com\/wp-content\/uploads\/2017\/10\/TOUCH_MOTION_WHITE_03-Photoroom-1.png","datePublished":"2017-10-26T08:46:32+00:00","dateModified":"2025-03-20T15:52:47+00:00","description":"Cadira operativa Touch: disseny ergon\u00f2mic, suport personalitzable, ajust lumbar i opcions addicionals. Vers\u00e0til, amb mecanismes d'ajust avan\u00e7ats.","breadcrumb":{"@id":"https:\/\/www.navarroaubanell.com\/ca\/producte\/cadira-operativa-touch-forma5-navaroaubanell\/#breadcrumb"},"inLanguage":"ca","potentialAction":[{"@type":"ReadAction","target":["https:\/\/www.navarroaubanell.com\/ca\/producte\/cadira-operativa-touch-forma5-navaroaubanell\/"]}]},{"@type":"ImageObject","inLanguage":"ca","@id":"https:\/\/www.navarroaubanell.com\/ca\/producte\/cadira-operativa-touch-forma5-navaroaubanell\/#primaryimage","url":"https:\/\/www.navarroaubanell.com\/wp-content\/uploads\/2017\/10\/TOUCH_MOTION_WHITE_03-Photoroom-1.png","contentUrl":"https:\/\/www.navarroaubanell.com\/wp-content\/uploads\/2017\/10\/TOUCH_MOTION_WHITE_03-Photoroom-1.png","width":1280,"height":1040,"caption":"Cadira Operativa Touch"},{"@type":"BreadcrumbList","@id":"https:\/\/www.navarroaubanell.com\/ca\/producte\/cadira-operativa-touch-forma5-navaroaubanell\/#breadcrumb","itemListElement":[{"@type":"ListItem","position":1,"name":"Portada","item":"https:\/\/www.navarroaubanell.com\/ca\/"},{"@type":"ListItem","position":2,"name":"Productes","item":"https:\/\/www.navarroaubanell.com\/productos\/"},{"@type":"ListItem","position":3,"name":"Cadira operativa Touch"}]},{"@type":"WebSite","@id":"https:\/\/www.navarroaubanell.com\/ca\/#website","url":"https:\/\/www.navarroaubanell.com\/ca\/","name":"Navarro Aubanell","description":"Mobiliario para hoteler\u00eda, colectividades y oficinas","publisher":{"@id":"https:\/\/www.navarroaubanell.com\/ca\/#organization"},"potentialAction":[{"@type":"SearchAction","target":{"@type":"EntryPoint","urlTemplate":"https:\/\/www.navarroaubanell.com\/ca\/?s={search_term_string}"},"query-input":{"@type":"PropertyValueSpecification","valueRequired":true,"valueName":"search_term_string"}}],"inLanguage":"ca"},{"@type":"Organization","@id":"https:\/\/www.navarroaubanell.com\/ca\/#organization","name":"COMERCIAL NAVARRO AUBANELL, S.A","url":"https:\/\/www.navarroaubanell.com\/ca\/","logo":{"@type":"ImageObject","inLanguage":"ca","@id":"https:\/\/www.navarroaubanell.com\/ca\/#\/schema\/logo\/image\/","url":"https:\/\/www.navarroaubanell.com\/wp-content\/uploads\/2017\/07\/logo-navarro-aubuanell.png","contentUrl":"https:\/\/www.navarroaubanell.com\/wp-content\/uploads\/2017\/07\/logo-navarro-aubuanell.png","width":6304,"height":1154,"caption":"COMERCIAL NAVARRO AUBANELL, S.A"},"image":{"@id":"https:\/\/www.navarroaubanell.com\/ca\/#\/schema\/logo\/image\/"}}]}},"_links":{"self":[{"href":"https:\/\/www.navarroaubanell.com\/ca\/wp-json\/wp\/v2\/product\/20057","targetHints":{"allow":["GET"]}}],"collection":[{"href":"https:\/\/www.navarroaubanell.com\/ca\/wp-json\/wp\/v2\/product"}],"about":[{"href":"https:\/\/www.navarroaubanell.com\/ca\/wp-json\/wp\/v2\/types\/product"}],"wp:featuredmedia":[{"embeddable":true,"href":"https:\/\/www.navarroaubanell.com\/ca\/wp-json\/wp\/v2\/media\/45400"}],"wp:attachment":[{"href":"https:\/\/www.navarroaubanell.com\/ca\/wp-json\/wp\/v2\/media?parent=20057"}],"wp:term":[{"taxonomy":"product_brand","embeddable":true,"href":"https:\/\/www.navarroaubanell.com\/ca\/wp-json\/wp\/v2\/product_brand?post=20057"},{"taxonomy":"product_cat","embeddable":true,"href":"https:\/\/www.navarroaubanell.com\/ca\/wp-json\/wp\/v2\/product_cat?post=20057"},{"taxonomy":"product_tag","embeddable":true,"href":"https:\/\/www.navarroaubanell.com\/ca\/wp-json\/wp\/v2\/product_tag?post=20057"}],"curies":[{"name":"wp","href":"https:\/\/api.w.org\/{rel}","templated":true}]}}