{"id":20051,"date":"2017-10-30T10:45:25","date_gmt":"2017-10-30T10:45:25","guid":{"rendered":"https:\/\/www.navarroaubanell.com\/producto\/frou-frou\/"},"modified":"2020-03-16T09:56:34","modified_gmt":"2020-03-16T08:56:34","slug":"frou-frou","status":"publish","type":"product","link":"https:\/\/www.navarroaubanell.com\/ca\/producte\/frou-frou\/","title":{"rendered":"Para-sol Frou-frou"},"content":{"rendered":"<p>Frizzle, sizzle, \u201cFROU FROU\u201d&#8230; El para-sol m\u00e9s divertit que mai ha vist. El disseny \u00e9s una resposta als kitsch para-sols usats a les platges ex\u00f2tiques. Amb els seus ulls tancats, sota d&#8217;aquest exclusiu para-sol a la platja, s&#8217;escolta el murmuri de la Mediterr\u00e0nia entre els serrells. Tamb\u00e9 a la terrassa d&#8217;un hotel, restaurant o taverna, o al costat d&#8217;una gandula a la piscina durant les vacances, el para-sol Frou Frou li brinda la sensaci\u00f3 de luxe alliberador!<\/p>\n<p>El para-sol per a terrasses Frou Frou \u00e9s un para-sol amb pal central. En aquest tipus de para-sol, el pal es col\u00b7loca en el centre d&#8217;una base per a para-sols a la terrassa. El para-sol Frou Frou \u00e9s rod\u00f3. El pal ha estat confeccionat en acer inoxidable. La base del para-sol \u00e9s una planxa d&#8217;acer. Un para-sol amb pal central es pot obrir amb la m\u00e0, amb un sistema d&#8217;elevaci\u00f3 autom\u00e0tic, amb un sistema de politges o amb un sistema telesc\u00f2pic. El para-sol Frou Frou s&#8217;obre amb una sistema amb ressort, i per aix\u00f2, \u00e9s molt f\u00e0cil d&#8217;obrir.<\/p>\n","protected":false},"excerpt":{"rendered":"<p>&nbsp;<\/p>\n<p>&nbsp;<\/p>\n","protected":false},"featured_media":19949,"template":"","meta":{"_acf_changed":false},"product_brand":[895],"product_cat":[563,569],"product_tag":[650,720,851,765],"class_list":{"0":"post-20051","1":"product","2":"type-product","3":"status-publish","4":"has-post-thumbnail","6":"product_brand-sywawa-ca","7":"product_cat-exterior-ca","8":"product_cat-parasols","9":"product_tag-frou-frou-ca","10":"product_tag-outdoor-ca","11":"product_tag-parasols","12":"product_tag-sywawa-ca","13":"description-off","15":"first","16":"instock","17":"featured","18":"shipping-taxable","19":"product-type-simple"},"acf":[],"yoast_head":"<!-- This site is optimized with the Yoast SEO plugin v27.0 - https:\/\/yoast.com\/product\/yoast-seo-wordpress\/ -->\n<title>Frou-frou: el parasol m\u00e9s divertit de Sywawa - Navarro Aubanell<\/title>\n<meta name=\"description\" content=\"\u201cFROU FROU\u201d: El para-sol m\u00e9s divertit que mai ha vist. El disseny \u00e9s una resposta als kitsch para-sols usats a les platges ex\u00f2tiques. Navarro Aubanell.\" \/>\n<meta name=\"robots\" content=\"index, follow, max-snippet:-1, max-image-preview:large, max-video-preview:-1\" \/>\n<link rel=\"canonical\" href=\"https:\/\/www.navarroaubanell.com\/ca\/producte\/frou-frou\/\" \/>\n<meta property=\"og:locale\" content=\"ca_ES\" \/>\n<meta property=\"og:type\" content=\"article\" \/>\n<meta property=\"og:title\" content=\"Frou-frou: el parasol m\u00e9s divertit de Sywawa - Navarro Aubanell\" \/>\n<meta property=\"og:description\" content=\"\u201cFROU FROU\u201d: El para-sol m\u00e9s divertit que mai ha vist. El disseny \u00e9s una resposta als kitsch para-sols usats a les platges ex\u00f2tiques. Navarro Aubanell.\" \/>\n<meta property=\"og:url\" content=\"https:\/\/www.navarroaubanell.com\/ca\/producte\/frou-frou\/\" \/>\n<meta property=\"og:site_name\" content=\"Navarro Aubanell\" \/>\n<meta property=\"article:modified_time\" content=\"2020-03-16T08:56:34+00:00\" \/>\n<meta property=\"og:image\" content=\"https:\/\/www.navarroaubanell.com\/wp-content\/uploads\/2017\/10\/img-destacada-frou-frou-negro.jpg\" \/>\n\t<meta property=\"og:image:width\" content=\"512\" \/>\n\t<meta property=\"og:image:height\" content=\"512\" \/>\n\t<meta property=\"og:image:type\" content=\"image\/jpeg\" \/>\n<meta name=\"twitter:label1\" content=\"Est. reading time\" \/>\n\t<meta name=\"twitter:data1\" content=\"1 minute\" \/>\n<script type=\"application\/ld+json\" class=\"yoast-schema-graph\">{\"@context\":\"https:\/\/schema.org\",\"@graph\":[{\"@type\":\"WebPage\",\"@id\":\"https:\/\/www.navarroaubanell.com\/ca\/producte\/frou-frou\/\",\"url\":\"https:\/\/www.navarroaubanell.com\/ca\/producte\/frou-frou\/\",\"name\":\"Frou-frou: el parasol m\u00e9s divertit de Sywawa - Navarro Aubanell\",\"isPartOf\":{\"@id\":\"https:\/\/www.navarroaubanell.com\/ca\/#website\"},\"primaryImageOfPage\":{\"@id\":\"https:\/\/www.navarroaubanell.com\/ca\/producte\/frou-frou\/#primaryimage\"},\"image\":{\"@id\":\"https:\/\/www.navarroaubanell.com\/ca\/producte\/frou-frou\/#primaryimage\"},\"thumbnailUrl\":\"https:\/\/www.navarroaubanell.com\/wp-content\/uploads\/2017\/10\/img-destacada-frou-frou-negro.jpg\",\"datePublished\":\"2017-10-30T10:45:25+00:00\",\"dateModified\":\"2020-03-16T08:56:34+00:00\",\"description\":\"\u201cFROU FROU\u201d: El para-sol m\u00e9s divertit que mai ha vist. El disseny \u00e9s una resposta als kitsch para-sols usats a les platges ex\u00f2tiques. Navarro Aubanell.\",\"breadcrumb\":{\"@id\":\"https:\/\/www.navarroaubanell.com\/ca\/producte\/frou-frou\/#breadcrumb\"},\"inLanguage\":\"ca\",\"potentialAction\":[{\"@type\":\"ReadAction\",\"target\":[\"https:\/\/www.navarroaubanell.com\/ca\/producte\/frou-frou\/\"]}]},{\"@type\":\"ImageObject\",\"inLanguage\":\"ca\",\"@id\":\"https:\/\/www.navarroaubanell.com\/ca\/producte\/frou-frou\/#primaryimage\",\"url\":\"https:\/\/www.navarroaubanell.com\/wp-content\/uploads\/2017\/10\/img-destacada-frou-frou-negro.jpg\",\"contentUrl\":\"https:\/\/www.navarroaubanell.com\/wp-content\/uploads\/2017\/10\/img-destacada-frou-frou-negro.jpg\",\"width\":512,\"height\":512},{\"@type\":\"BreadcrumbList\",\"@id\":\"https:\/\/www.navarroaubanell.com\/ca\/producte\/frou-frou\/#breadcrumb\",\"itemListElement\":[{\"@type\":\"ListItem\",\"position\":1,\"name\":\"Portada\",\"item\":\"https:\/\/www.navarroaubanell.com\/ca\/\"},{\"@type\":\"ListItem\",\"position\":2,\"name\":\"Productes\",\"item\":\"https:\/\/www.navarroaubanell.com\/productos\/\"},{\"@type\":\"ListItem\",\"position\":3,\"name\":\"Para-sol Frou-frou\"}]},{\"@type\":\"WebSite\",\"@id\":\"https:\/\/www.navarroaubanell.com\/ca\/#website\",\"url\":\"https:\/\/www.navarroaubanell.com\/ca\/\",\"name\":\"Navarro Aubanell\",\"description\":\"Mobiliario para hoteler\u00eda, colectividades y oficinas\",\"publisher\":{\"@id\":\"https:\/\/www.navarroaubanell.com\/ca\/#organization\"},\"potentialAction\":[{\"@type\":\"SearchAction\",\"target\":{\"@type\":\"EntryPoint\",\"urlTemplate\":\"https:\/\/www.navarroaubanell.com\/ca\/?s={search_term_string}\"},\"query-input\":{\"@type\":\"PropertyValueSpecification\",\"valueRequired\":true,\"valueName\":\"search_term_string\"}}],\"inLanguage\":\"ca\"},{\"@type\":\"Organization\",\"@id\":\"https:\/\/www.navarroaubanell.com\/ca\/#organization\",\"name\":\"COMERCIAL NAVARRO AUBANELL, S.A\",\"url\":\"https:\/\/www.navarroaubanell.com\/ca\/\",\"logo\":{\"@type\":\"ImageObject\",\"inLanguage\":\"ca\",\"@id\":\"https:\/\/www.navarroaubanell.com\/ca\/#\/schema\/logo\/image\/\",\"url\":\"https:\/\/www.navarroaubanell.com\/wp-content\/uploads\/2017\/07\/logo-navarro-aubuanell.png\",\"contentUrl\":\"https:\/\/www.navarroaubanell.com\/wp-content\/uploads\/2017\/07\/logo-navarro-aubuanell.png\",\"width\":6304,\"height\":1154,\"caption\":\"COMERCIAL NAVARRO AUBANELL, S.A\"},\"image\":{\"@id\":\"https:\/\/www.navarroaubanell.com\/ca\/#\/schema\/logo\/image\/\"}}]}<\/script>\n<!-- \/ Yoast SEO plugin. -->","yoast_head_json":{"title":"Frou-frou: el parasol m\u00e9s divertit de Sywawa - Navarro Aubanell","description":"\u201cFROU FROU\u201d: El para-sol m\u00e9s divertit que mai ha vist. El disseny \u00e9s una resposta als kitsch para-sols usats a les platges ex\u00f2tiques. Navarro Aubanell.","robots":{"index":"index","follow":"follow","max-snippet":"max-snippet:-1","max-image-preview":"max-image-preview:large","max-video-preview":"max-video-preview:-1"},"canonical":"https:\/\/www.navarroaubanell.com\/ca\/producte\/frou-frou\/","og_locale":"ca_ES","og_type":"article","og_title":"Frou-frou: el parasol m\u00e9s divertit de Sywawa - Navarro Aubanell","og_description":"\u201cFROU FROU\u201d: El para-sol m\u00e9s divertit que mai ha vist. El disseny \u00e9s una resposta als kitsch para-sols usats a les platges ex\u00f2tiques. Navarro Aubanell.","og_url":"https:\/\/www.navarroaubanell.com\/ca\/producte\/frou-frou\/","og_site_name":"Navarro Aubanell","article_modified_time":"2020-03-16T08:56:34+00:00","og_image":[{"width":512,"height":512,"url":"https:\/\/www.navarroaubanell.com\/wp-content\/uploads\/2017\/10\/img-destacada-frou-frou-negro.jpg","type":"image\/jpeg"}],"twitter_misc":{"Est. reading time":"1 minute"},"schema":{"@context":"https:\/\/schema.org","@graph":[{"@type":"WebPage","@id":"https:\/\/www.navarroaubanell.com\/ca\/producte\/frou-frou\/","url":"https:\/\/www.navarroaubanell.com\/ca\/producte\/frou-frou\/","name":"Frou-frou: el parasol m\u00e9s divertit de Sywawa - Navarro Aubanell","isPartOf":{"@id":"https:\/\/www.navarroaubanell.com\/ca\/#website"},"primaryImageOfPage":{"@id":"https:\/\/www.navarroaubanell.com\/ca\/producte\/frou-frou\/#primaryimage"},"image":{"@id":"https:\/\/www.navarroaubanell.com\/ca\/producte\/frou-frou\/#primaryimage"},"thumbnailUrl":"https:\/\/www.navarroaubanell.com\/wp-content\/uploads\/2017\/10\/img-destacada-frou-frou-negro.jpg","datePublished":"2017-10-30T10:45:25+00:00","dateModified":"2020-03-16T08:56:34+00:00","description":"\u201cFROU FROU\u201d: El para-sol m\u00e9s divertit que mai ha vist. El disseny \u00e9s una resposta als kitsch para-sols usats a les platges ex\u00f2tiques. Navarro Aubanell.","breadcrumb":{"@id":"https:\/\/www.navarroaubanell.com\/ca\/producte\/frou-frou\/#breadcrumb"},"inLanguage":"ca","potentialAction":[{"@type":"ReadAction","target":["https:\/\/www.navarroaubanell.com\/ca\/producte\/frou-frou\/"]}]},{"@type":"ImageObject","inLanguage":"ca","@id":"https:\/\/www.navarroaubanell.com\/ca\/producte\/frou-frou\/#primaryimage","url":"https:\/\/www.navarroaubanell.com\/wp-content\/uploads\/2017\/10\/img-destacada-frou-frou-negro.jpg","contentUrl":"https:\/\/www.navarroaubanell.com\/wp-content\/uploads\/2017\/10\/img-destacada-frou-frou-negro.jpg","width":512,"height":512},{"@type":"BreadcrumbList","@id":"https:\/\/www.navarroaubanell.com\/ca\/producte\/frou-frou\/#breadcrumb","itemListElement":[{"@type":"ListItem","position":1,"name":"Portada","item":"https:\/\/www.navarroaubanell.com\/ca\/"},{"@type":"ListItem","position":2,"name":"Productes","item":"https:\/\/www.navarroaubanell.com\/productos\/"},{"@type":"ListItem","position":3,"name":"Para-sol Frou-frou"}]},{"@type":"WebSite","@id":"https:\/\/www.navarroaubanell.com\/ca\/#website","url":"https:\/\/www.navarroaubanell.com\/ca\/","name":"Navarro Aubanell","description":"Mobiliario para hoteler\u00eda, colectividades y oficinas","publisher":{"@id":"https:\/\/www.navarroaubanell.com\/ca\/#organization"},"potentialAction":[{"@type":"SearchAction","target":{"@type":"EntryPoint","urlTemplate":"https:\/\/www.navarroaubanell.com\/ca\/?s={search_term_string}"},"query-input":{"@type":"PropertyValueSpecification","valueRequired":true,"valueName":"search_term_string"}}],"inLanguage":"ca"},{"@type":"Organization","@id":"https:\/\/www.navarroaubanell.com\/ca\/#organization","name":"COMERCIAL NAVARRO AUBANELL, S.A","url":"https:\/\/www.navarroaubanell.com\/ca\/","logo":{"@type":"ImageObject","inLanguage":"ca","@id":"https:\/\/www.navarroaubanell.com\/ca\/#\/schema\/logo\/image\/","url":"https:\/\/www.navarroaubanell.com\/wp-content\/uploads\/2017\/07\/logo-navarro-aubuanell.png","contentUrl":"https:\/\/www.navarroaubanell.com\/wp-content\/uploads\/2017\/07\/logo-navarro-aubuanell.png","width":6304,"height":1154,"caption":"COMERCIAL NAVARRO AUBANELL, S.A"},"image":{"@id":"https:\/\/www.navarroaubanell.com\/ca\/#\/schema\/logo\/image\/"}}]}},"_links":{"self":[{"href":"https:\/\/www.navarroaubanell.com\/ca\/wp-json\/wp\/v2\/product\/20051","targetHints":{"allow":["GET"]}}],"collection":[{"href":"https:\/\/www.navarroaubanell.com\/ca\/wp-json\/wp\/v2\/product"}],"about":[{"href":"https:\/\/www.navarroaubanell.com\/ca\/wp-json\/wp\/v2\/types\/product"}],"wp:featuredmedia":[{"embeddable":true,"href":"https:\/\/www.navarroaubanell.com\/ca\/wp-json\/wp\/v2\/media\/19949"}],"wp:attachment":[{"href":"https:\/\/www.navarroaubanell.com\/ca\/wp-json\/wp\/v2\/media?parent=20051"}],"wp:term":[{"taxonomy":"product_brand","embeddable":true,"href":"https:\/\/www.navarroaubanell.com\/ca\/wp-json\/wp\/v2\/product_brand?post=20051"},{"taxonomy":"product_cat","embeddable":true,"href":"https:\/\/www.navarroaubanell.com\/ca\/wp-json\/wp\/v2\/product_cat?post=20051"},{"taxonomy":"product_tag","embeddable":true,"href":"https:\/\/www.navarroaubanell.com\/ca\/wp-json\/wp\/v2\/product_tag?post=20051"}],"curies":[{"name":"wp","href":"https:\/\/api.w.org\/{rel}","templated":true}]}}