{"id":20655,"date":"2017-11-20T10:00:59","date_gmt":"2017-11-20T09:00:59","guid":{"rendered":"https:\/\/www.navarroaubanell.com\/avis-legal\/"},"modified":"2018-07-09T17:39:39","modified_gmt":"2018-07-09T15:39:39","slug":"avis-legal","status":"publish","type":"page","link":"https:\/\/www.navarroaubanell.com\/ca\/avis-legal\/","title":{"rendered":"Av\u00eds Legal"},"content":{"rendered":"<p>En compliment de la Llei 34\/2002, d&#8217;11 de juliol, de Serveis de la Societat de la Informaci\u00f3 i de Comer\u00e7 electr\u00f2nic, s\u2019informa a l\u2019Usuari que el titular de la p\u00e0gina web <a href=\"https:\/\/www.navarroaubanell.com\">www.navarroaubanell.com<\/a> \u00e9s de COMERCIAL NAVARRO AUBANELL, S.A. i les seves dades d\u2019identificaci\u00f3 s\u00f3n les seg\u00fcents:<\/p>\n<p>Domicili social: Carrer Colom, 63<\/p>\n<p>CP: 08370<\/p>\n<p>Poblaci\u00f3: Calella<\/p>\n<p>Prov\u00edncia: Barcelona<\/p>\n<p>CIF: A08730855<\/p>\n<p>Correu electr\u00f2nic: <a href=\"mailto:info@navarroaubanell.com\">info@navarroaubanell.com<\/a><\/p>\n<p>Dades del registre: Inscrita en el Registre Mercantil de Barcelona al Tom 6577, foli 142 i fulla n\u00famero B-78451.<\/p>\n<p>&nbsp;<\/p>\n<ol>\n<li><strong>Accedir a la p\u00e0gina web<\/strong><\/li>\n<\/ol>\n<p>L\u2019Av\u00eds Legal regula l\u2019acc\u00e9s i \u00fas dels Usuaris a la p\u00e0gina web i t\u00e9 per objectiu donar a con\u00e8ixer els serveis i productes de l&#8217;entitat i permetre l&#8217;acc\u00e9s general de tots els usuaris d&#8217;Internet.<\/p>\n<p>L&#8217;acc\u00e9s i\/o \u00fas de la Web atribueix a qui ho realitza la condici\u00f3 d&#8217;Usuari i l&#8217;acceptaci\u00f3, sense reserves de cap classe, de totes i cadascuna de les presents condicions generals, aix\u00ed com d&#8217;aquelles altres particulars que, si escau, regeixin la utilitzaci\u00f3 del Portal o dels serveis vinculats al mateix.<\/p>\n<p>L&#8217;usuari ha de llegir atentament l\u2019Av\u00eds Legal i les Pol\u00edtiques de Privacitat i de Cookies quan es proposi utilitzar la P\u00e0gina Web, ja que COMERCIAL NAVARRO AUBANELL, S.A. es reserva la facultat de realitzar, en qualsevol moment i sense necessitat de cap preav\u00eds, qualsevol modificaci\u00f3 o actualitzaci\u00f3 dels continguts i serveis, de les presents disposicions d&#8217;acc\u00e9s i \u00fas i, en general, de quants elements integrin el disseny i configuraci\u00f3 del seu Web. Si no accepta les condicions d\u2019acc\u00e9s i \u00fas, li preguem s&#8217;abstingui d&#8217;utilitzar el Web i el seu contingut.<\/p>\n<p>&nbsp;<\/p>\n<ol start=\"2\">\n<li><strong>Utilitzaci\u00f3 de la p\u00e0gina web<\/strong><\/li>\n<\/ol>\n<p>L&#8217;Usuari es compromet a fer un \u00fas diligent de la P\u00e0gina Web, aix\u00ed com de la informaci\u00f3 relativa als seus serveis i\/o activitats, amb total subjecci\u00f3 tant a la normativa aplicable, aix\u00ed com amb la moral i els bons costums generalment acceptades i l&#8217;ordre p\u00fablic, les condicions d\u2019acc\u00e9s i \u00fas i qualssevol altres condicions establertes a la P\u00e0gina Web.<\/p>\n<p>A m\u00e9s, es compromet a abstenir-se d&#8217;utilitzar qualsevol dels continguts amb finalitats o efectes il\u00b7l\u00edcits, prohibits en el present text, lesius dels drets i interessos de tercers, o que de qualsevol forma puguin danyar, inutilitzar, sobrecarregar, deteriorar o impedir la normal utilitzaci\u00f3 dels continguts, d&#8217;altres Usuaris o de qualsevol usuari d&#8217;Internet (maquinari i programari).<\/p>\n<p>&nbsp;<\/p>\n<ol start=\"3\">\n<li><strong>Funcionament de la p\u00e0gina web<\/strong><\/li>\n<\/ol>\n<p>En cas d\u2019incompliment de les condicions de l\u2019Av\u00eds Legal, o les Pol\u00edtiques de Privacitat i Cookies, COMERCIAL NAVARRO AUBANELL, S.A. es reserva el dret a limitar, suspendre i\/o excloure l\u2019acc\u00e9s a la seva P\u00e0gina Web, adoptant qualsevol mesura t\u00e8cnica necess\u00e0ria al seu respecte. COMERCIAL NAVARRO AUBANELL, S.A. far\u00e0 el possible per mantenir la p\u00e0gina Web en bon funcionament, evitant errors, o b\u00e9 reparant-los i mantenint els continguts actualitzats Ara b\u00e9, COMERCIAL NAVARRO AUBANELL, S.A. no garanteix la disponibilitat i continu\u00eftat en l\u2019acc\u00e9s a la P\u00e0gina Web ni la inexist\u00e8ncia d\u2019errors en el contingut.<\/p>\n<p>&nbsp;<\/p>\n<ol start=\"4\">\n<li><strong>Responsabilitat<\/strong><\/li>\n<\/ol>\n<p>L\u2019Usuari \u00e9s l\u2019\u00fanic responsable de l\u2019\u00fas que es pugui fer de qualsevol informaci\u00f3 o mecanisme de la P\u00e0gina Web.<\/p>\n<p>COMERCIAL NAVARRO AUBANELL, S.A. no es far\u00e0 responsable de cap dany en el hardware i\/o software de l\u2019Usuari que es derivi de l\u2019acc\u00e9s i \u00fas de la P\u00e0gina Web. Aix\u00ed mateix, tampoc es responsabilitzar\u00e0 d\u2019aquests danys i\/o perjudicis que es puguin ocasionar per l\u2019acc\u00e9s i\/o \u00fas de la informaci\u00f3 de la P\u00e0gina Web, i en concret dels que es puguin produir en sistemes inform\u00e0tics o els provocats per virus \/o atacs inform\u00e0tics, caigudes, interrupcions abs\u00e8ncia o defecte en les comunicacions i\/o Internet.<\/p>\n<p>L\u2019Usuari ser\u00e0 responsable dels danys i\/o perjudicis que COMERCIAL NAVARRO AUBANELL, S.A. pugui patir com a conseq\u00fc\u00e8ncia de l\u2019incompliment de qualsevol de els obligacions a les que queda sotm\u00e8s a trav\u00e9s del present Av\u00eds Legal, la normativa aplicable i Pol\u00edtica de Privacitat i de Cookies.<\/p>\n<p>&nbsp;<\/p>\n<ol start=\"5\">\n<li><strong>Pol\u00edtica en mat\u00e8ria de \u201clinks\u201d (web enlla\u00e7ant i web enlla\u00e7ada) <\/strong><\/li>\n<li>a) Web enlla\u00e7ant:<\/li>\n<\/ol>\n<p>Els tercers que tinguin la intenci\u00f3 d\u2019incloure en una p\u00e0gina web un enlla\u00e7 de la present p\u00e0gina web hauran de complir amb la legislaci\u00f3 vigent i no podran allotjar continguts que siguin inapropiats, il\u00b7l\u00edcits, pornogr\u00e0fics, violents, etc.<\/p>\n<p>En cap cas COMERCIAL NAVARRO AUBANELL, S.A. es fa responsable del contingut de la P\u00e0gina Web, ni promou, garanteix, supervisa ni recomana els continguts d\u2019aquesta.<\/p>\n<p>Si la Web enlla\u00e7ant incompleix algun del aspectes anteriors estar\u00e0 obligat a suprimir l\u2019enlla\u00e7 de manera immediata.<\/p>\n<p>&nbsp;<\/p>\n<ol>\n<li>a) Web enlla\u00e7ada:<\/li>\n<\/ol>\n<p>En aquesta P\u00e0gina Web es poden incloure enlla\u00e7os de p\u00e0gines web de tercers que permetin a l\u2019Usuari accedir-hi. No obstant, COMERCIAL NAVARRO AUBANELL, S.A. no es fa responsable del contingut d\u2019aquestes p\u00e0gines web enlla\u00e7ades, sin\u00f3 que ser\u00e0 l\u2019Usuari l\u2019encarregat d\u2019acceptar i comprovar els accessos cada vegada que hi accedeixi.<\/p>\n<p>Tals enlla\u00e7os o esments tenen una finalitat que no impliquen el suport, l&#8217;aprovaci\u00f3, comercialitzaci\u00f3 o relaci\u00f3 alguna entre la p\u00e0gina i les persones o entitats titulars dels llocs on es trobin.<\/p>\n<p>&nbsp;<\/p>\n<ol start=\"6\">\n<li><strong>Propietat intel\u00b7lectual i industrial sobre els continguts<\/strong><\/li>\n<\/ol>\n<p>COMERCIAL NAVARRO AUBANELL, S.A., o els seus llicenciants, s\u00f3n titulars de tots els drets de propietat intel\u00b7lectual sobre els Continguts de la P\u00e0gina Web, entenent com a tal tots els dissenys, bases de dades, programes d\u2019ordinadors subjacents (codi font, incl\u00f2s), aix\u00ed com els diferents elements que integren la P\u00e0gina Web (textos, gr\u00e0fics, fotografies, v\u00eddeos, colors, etc.),\u00a0 estructura, ordre, etc. En relaci\u00f3 a les marques i noms comercials (\u201csignes distintius\u201d) s\u00f3n titularitat de COMERCIAL NAVARRO AUBANELL, S.A. o els llicenciants.<\/p>\n<p>L\u2019\u00fas de la P\u00e0gina Web per part de l\u2019Usuari no suposa la cessi\u00f3 de cap dret de propietat intel\u00b7lectual ni industrial. L\u2019Usuari t\u00e9 totalment prohibit de reproduir, copiar, distribuir, posar a disposici\u00f3 o de qualsevol altra forma de comunicar p\u00fablicament, transformar o modificar els Continguts o els Signes distintius, tret que es compti amb l&#8217;autoritzaci\u00f3 del titular dels corresponents drets o aix\u00f2 resulti legalment perm\u00e8s.<\/p>\n<p>&nbsp;<\/p>\n<ol start=\"7\">\n<li><strong>Publicitat <\/strong><\/li>\n<\/ol>\n<p>A la p\u00e0gina Web podran allotjar-se continguts publicitaris o patrocinats. Els anunciants o patrocinadors s\u00f3n els \u00fanics responsables d&#8217;assegurar-se que el material rem\u00e8s per a la seva inclusi\u00f3 en la Web compleix amb les lleis que en cada cas puguin ser aplicable.<\/p>\n<p>COMERCIAL NAVARRO AUBANELL, S.A. no ser\u00e0 responsable de cap error, inexactitud o irregularitat que puguin contenir els continguts publicitaris o dels patrocinadors.<\/p>\n<p>&nbsp;<\/p>\n<ol start=\"8\">\n<li><strong>Legislaci\u00f3 aplicable<\/strong><\/li>\n<\/ol>\n<p>L\u2019Av\u00eds Legal es regir\u00e0 i interpretar\u00e0 de conformitat amb la legislaci\u00f3 espanyola.<\/p>\n<p>Per la resoluci\u00f3 de qualsevol conflicte que pogu\u00e9s derivar-se de l\u2019acc\u00e9s al lloc web, es sotmetran als jutjats o tribunals pertinents de conformitat amb la normativa de consumidors i usuaris.<\/p>\n<p><strong>\u00a0<\/strong><\/p>\n<ol start=\"9\">\n<li><strong> Contacte<\/strong><\/li>\n<\/ol>\n<p>Per qualsevol pregunta o comentari sobre el present Av\u00eds Legal us podeu posar en contacte amb nosaltres a trav\u00e9s del correu electr\u00f2nic <a href=\"mailto:info@navarroaubanell.com\">info@navarroaubanell.com<\/a><\/p>\n","protected":false},"excerpt":{"rendered":"<p>En compliment de la Llei 34\/2002, d&#8217;11 de juliol, de Serveis de la Societat de la Informaci\u00f3 i de Comer\u00e7 electr\u00f2nic, s\u2019informa a l\u2019Usuari que el titular de la p\u00e0gina web www.navarroaubanell.com \u00e9s de COMERCIAL NAVARRO AUBANELL, S.A. i les seves dades d\u2019identificaci\u00f3 s\u00f3n les seg\u00fcents: Domicili social: Carrer Colom, 63 CP: 08370 Poblaci\u00f3: Calella&hellip;<\/p>\n","protected":false},"author":1,"featured_media":0,"parent":0,"menu_order":0,"comment_status":"closed","ping_status":"closed","template":"","meta":{"_acf_changed":false,"footnotes":""},"class_list":["post-20655","page","type-page","status-publish","hentry","description-off"],"acf":[],"yoast_head":"<!-- This site is optimized with the Yoast SEO plugin v27.5 - https:\/\/yoast.com\/product\/yoast-seo-wordpress\/ -->\n<title>Av\u00eds Legal - Navarro Aubanell<\/title>\n<meta name=\"description\" content=\"El titular de la web \u00e9s NAVARRO AUBANELL, en compliment de la Llei 34\/2002, de serveis de la societat de la informaci\u00f3 i de comer\u00e7 electr\u00f2nic.\" \/>\n<meta name=\"robots\" content=\"index, follow, max-snippet:-1, max-image-preview:large, max-video-preview:-1\" \/>\n<link rel=\"canonical\" href=\"https:\/\/www.navarroaubanell.com\/ca\/avis-legal\/\" \/>\n<meta property=\"og:locale\" content=\"ca_ES\" \/>\n<meta property=\"og:type\" content=\"article\" \/>\n<meta property=\"og:title\" content=\"Av\u00eds Legal - Navarro Aubanell\" \/>\n<meta property=\"og:description\" content=\"El titular de la web \u00e9s NAVARRO AUBANELL, en compliment de la Llei 34\/2002, de serveis de la societat de la informaci\u00f3 i de comer\u00e7 electr\u00f2nic.\" \/>\n<meta property=\"og:url\" content=\"https:\/\/www.navarroaubanell.com\/ca\/avis-legal\/\" \/>\n<meta property=\"og:site_name\" content=\"Navarro Aubanell\" \/>\n<meta property=\"article:modified_time\" content=\"2018-07-09T15:39:39+00:00\" \/>\n<meta name=\"twitter:label1\" content=\"Est. reading time\" \/>\n\t<meta name=\"twitter:data1\" content=\"6 minutes\" \/>\n<script type=\"application\/ld+json\" class=\"yoast-schema-graph\">{\"@context\":\"https:\\\/\\\/schema.org\",\"@graph\":[{\"@type\":\"WebPage\",\"@id\":\"https:\\\/\\\/www.navarroaubanell.com\\\/ca\\\/avis-legal\\\/\",\"url\":\"https:\\\/\\\/www.navarroaubanell.com\\\/ca\\\/avis-legal\\\/\",\"name\":\"Av\u00eds Legal - Navarro Aubanell\",\"isPartOf\":{\"@id\":\"https:\\\/\\\/www.navarroaubanell.com\\\/ca\\\/#website\"},\"datePublished\":\"2017-11-20T09:00:59+00:00\",\"dateModified\":\"2018-07-09T15:39:39+00:00\",\"description\":\"El titular de la web \u00e9s NAVARRO AUBANELL, en compliment de la Llei 34\\\/2002, de serveis de la societat de la informaci\u00f3 i de comer\u00e7 electr\u00f2nic.\",\"breadcrumb\":{\"@id\":\"https:\\\/\\\/www.navarroaubanell.com\\\/ca\\\/avis-legal\\\/#breadcrumb\"},\"inLanguage\":\"ca\",\"potentialAction\":[{\"@type\":\"ReadAction\",\"target\":[\"https:\\\/\\\/www.navarroaubanell.com\\\/ca\\\/avis-legal\\\/\"]}]},{\"@type\":\"BreadcrumbList\",\"@id\":\"https:\\\/\\\/www.navarroaubanell.com\\\/ca\\\/avis-legal\\\/#breadcrumb\",\"itemListElement\":[{\"@type\":\"ListItem\",\"position\":1,\"name\":\"Portada\",\"item\":\"https:\\\/\\\/www.navarroaubanell.com\\\/ca\\\/\"},{\"@type\":\"ListItem\",\"position\":2,\"name\":\"Av\u00eds Legal\"}]},{\"@type\":\"WebSite\",\"@id\":\"https:\\\/\\\/www.navarroaubanell.com\\\/ca\\\/#website\",\"url\":\"https:\\\/\\\/www.navarroaubanell.com\\\/ca\\\/\",\"name\":\"Navarro Aubanell\",\"description\":\"Mobiliario para hoteler\u00eda, colectividades y oficinas\",\"publisher\":{\"@id\":\"https:\\\/\\\/www.navarroaubanell.com\\\/ca\\\/#organization\"},\"potentialAction\":[{\"@type\":\"SearchAction\",\"target\":{\"@type\":\"EntryPoint\",\"urlTemplate\":\"https:\\\/\\\/www.navarroaubanell.com\\\/ca\\\/?s={search_term_string}\"},\"query-input\":{\"@type\":\"PropertyValueSpecification\",\"valueRequired\":true,\"valueName\":\"search_term_string\"}}],\"inLanguage\":\"ca\"},{\"@type\":\"Organization\",\"@id\":\"https:\\\/\\\/www.navarroaubanell.com\\\/ca\\\/#organization\",\"name\":\"COMERCIAL NAVARRO AUBANELL, S.A\",\"url\":\"https:\\\/\\\/www.navarroaubanell.com\\\/ca\\\/\",\"logo\":{\"@type\":\"ImageObject\",\"inLanguage\":\"ca\",\"@id\":\"https:\\\/\\\/www.navarroaubanell.com\\\/ca\\\/#\\\/schema\\\/logo\\\/image\\\/\",\"url\":\"https:\\\/\\\/www.navarroaubanell.com\\\/wp-content\\\/uploads\\\/2017\\\/07\\\/logo-navarro-aubuanell.png\",\"contentUrl\":\"https:\\\/\\\/www.navarroaubanell.com\\\/wp-content\\\/uploads\\\/2017\\\/07\\\/logo-navarro-aubuanell.png\",\"width\":6304,\"height\":1154,\"caption\":\"COMERCIAL NAVARRO AUBANELL, S.A\"},\"image\":{\"@id\":\"https:\\\/\\\/www.navarroaubanell.com\\\/ca\\\/#\\\/schema\\\/logo\\\/image\\\/\"}}]}<\/script>\n<!-- \/ Yoast SEO plugin. -->","yoast_head_json":{"title":"Av\u00eds Legal - Navarro Aubanell","description":"El titular de la web \u00e9s NAVARRO AUBANELL, en compliment de la Llei 34\/2002, de serveis de la societat de la informaci\u00f3 i de comer\u00e7 electr\u00f2nic.","robots":{"index":"index","follow":"follow","max-snippet":"max-snippet:-1","max-image-preview":"max-image-preview:large","max-video-preview":"max-video-preview:-1"},"canonical":"https:\/\/www.navarroaubanell.com\/ca\/avis-legal\/","og_locale":"ca_ES","og_type":"article","og_title":"Av\u00eds Legal - Navarro Aubanell","og_description":"El titular de la web \u00e9s NAVARRO AUBANELL, en compliment de la Llei 34\/2002, de serveis de la societat de la informaci\u00f3 i de comer\u00e7 electr\u00f2nic.","og_url":"https:\/\/www.navarroaubanell.com\/ca\/avis-legal\/","og_site_name":"Navarro Aubanell","article_modified_time":"2018-07-09T15:39:39+00:00","twitter_misc":{"Est. reading time":"6 minutes"},"schema":{"@context":"https:\/\/schema.org","@graph":[{"@type":"WebPage","@id":"https:\/\/www.navarroaubanell.com\/ca\/avis-legal\/","url":"https:\/\/www.navarroaubanell.com\/ca\/avis-legal\/","name":"Av\u00eds Legal - Navarro Aubanell","isPartOf":{"@id":"https:\/\/www.navarroaubanell.com\/ca\/#website"},"datePublished":"2017-11-20T09:00:59+00:00","dateModified":"2018-07-09T15:39:39+00:00","description":"El titular de la web \u00e9s NAVARRO AUBANELL, en compliment de la Llei 34\/2002, de serveis de la societat de la informaci\u00f3 i de comer\u00e7 electr\u00f2nic.","breadcrumb":{"@id":"https:\/\/www.navarroaubanell.com\/ca\/avis-legal\/#breadcrumb"},"inLanguage":"ca","potentialAction":[{"@type":"ReadAction","target":["https:\/\/www.navarroaubanell.com\/ca\/avis-legal\/"]}]},{"@type":"BreadcrumbList","@id":"https:\/\/www.navarroaubanell.com\/ca\/avis-legal\/#breadcrumb","itemListElement":[{"@type":"ListItem","position":1,"name":"Portada","item":"https:\/\/www.navarroaubanell.com\/ca\/"},{"@type":"ListItem","position":2,"name":"Av\u00eds Legal"}]},{"@type":"WebSite","@id":"https:\/\/www.navarroaubanell.com\/ca\/#website","url":"https:\/\/www.navarroaubanell.com\/ca\/","name":"Navarro Aubanell","description":"Mobiliario para hoteler\u00eda, colectividades y oficinas","publisher":{"@id":"https:\/\/www.navarroaubanell.com\/ca\/#organization"},"potentialAction":[{"@type":"SearchAction","target":{"@type":"EntryPoint","urlTemplate":"https:\/\/www.navarroaubanell.com\/ca\/?s={search_term_string}"},"query-input":{"@type":"PropertyValueSpecification","valueRequired":true,"valueName":"search_term_string"}}],"inLanguage":"ca"},{"@type":"Organization","@id":"https:\/\/www.navarroaubanell.com\/ca\/#organization","name":"COMERCIAL NAVARRO AUBANELL, S.A","url":"https:\/\/www.navarroaubanell.com\/ca\/","logo":{"@type":"ImageObject","inLanguage":"ca","@id":"https:\/\/www.navarroaubanell.com\/ca\/#\/schema\/logo\/image\/","url":"https:\/\/www.navarroaubanell.com\/wp-content\/uploads\/2017\/07\/logo-navarro-aubuanell.png","contentUrl":"https:\/\/www.navarroaubanell.com\/wp-content\/uploads\/2017\/07\/logo-navarro-aubuanell.png","width":6304,"height":1154,"caption":"COMERCIAL NAVARRO AUBANELL, S.A"},"image":{"@id":"https:\/\/www.navarroaubanell.com\/ca\/#\/schema\/logo\/image\/"}}]}},"_links":{"self":[{"href":"https:\/\/www.navarroaubanell.com\/ca\/wp-json\/wp\/v2\/pages\/20655","targetHints":{"allow":["GET"]}}],"collection":[{"href":"https:\/\/www.navarroaubanell.com\/ca\/wp-json\/wp\/v2\/pages"}],"about":[{"href":"https:\/\/www.navarroaubanell.com\/ca\/wp-json\/wp\/v2\/types\/page"}],"author":[{"embeddable":true,"href":"https:\/\/www.navarroaubanell.com\/ca\/wp-json\/wp\/v2\/users\/1"}],"replies":[{"embeddable":true,"href":"https:\/\/www.navarroaubanell.com\/ca\/wp-json\/wp\/v2\/comments?post=20655"}],"version-history":[{"count":0,"href":"https:\/\/www.navarroaubanell.com\/ca\/wp-json\/wp\/v2\/pages\/20655\/revisions"}],"wp:attachment":[{"href":"https:\/\/www.navarroaubanell.com\/ca\/wp-json\/wp\/v2\/media?parent=20655"}],"curies":[{"name":"wp","href":"https:\/\/api.w.org\/{rel}","templated":true}]}}