{"id":20006,"date":"2014-03-18T10:03:13","date_gmt":"2014-03-18T10:03:13","guid":{"rendered":"https:\/\/www.navarroaubanell.com\/empresa\/"},"modified":"2017-11-22T16:11:40","modified_gmt":"2017-11-22T15:11:40","slug":"empresa","status":"publish","type":"page","link":"https:\/\/www.navarroaubanell.com\/ca\/empresa\/","title":{"rendered":"Empresa"},"content":{"rendered":"<div class=\"wpb-content-wrapper\"><p>[vc_row type=&#8221;vc_default&#8221; margin_top=&#8221;-50&#8243; bg_type=&#8221;image&#8221; parallax_style=&#8221;vcpb-vz-jquery&#8221; bg_image_new=&#8221;id^18078|url^https:\/\/www.navarroaubanell.com\/wp-content\/uploads\/2014\/03\/nuestra-empresa-slider.jpg|caption^null|alt^null|title^nuestra-empresa-slider|description^null&#8221; bg_image_repeat=&#8221;no-repeat&#8221; bg_override=&#8221;ex-full&#8221; enable_overlay=&#8221;enable_overlay_value&#8221; overlay_color=&#8221;rgba(0,0,0,0.5)&#8221; overlay_pattern=&#8221;transperant&#8221; overlay_pattern_opacity=&#8221;25&#8243; css=&#8221;.vc_custom_1509973050531{padding-top: 10% !important;padding-bottom: 10% !important;background-color: #000000 !important;}&#8221; kswr_row_top_decor_enabled=&#8221;false&#8221; kswr_row_bottom_decor_enabled=&#8221;false&#8221;][vc_column width=&#8221;1\/2&#8243; offset=&#8221;vc_col-lg-12 vc_col-md-12&#8243; css=&#8221;.vc_custom_1476030031960{padding-bottom: 10px !important;}&#8221;]<div id=\"ultimate-heading-419769f8259a69307\" class=\"uvc-heading ult-adjust-bottom-margin ultimate-heading-419769f8259a69307 uvc-3345 accent-title-color\" data-hspacer=\"no_spacer\"  data-halign=\"center\" style=\"text-align:center\"><div class=\"uvc-heading-spacer no_spacer\" style=\"top\"><\/div><div class=\"uvc-main-heading ult-responsive\"  data-ultimate-target='.uvc-heading.ultimate-heading-419769f8259a69307 h2'  data-responsive-json-new='{\"font-size\":\"desktop:34px;mobile_landscape:22px;mobile:22px;\",\"line-height\":\"desktop:46px;mobile_landscape:32px;mobile:32px;\"}' ><h2 style=\"font-family:&#039;Raleway&#039;;font-weight:700;color:#ffffff;\">AL SERVEI DE L'HOTELERIA DES DE 1963<\/h2><\/div><div class=\"uvc-sub-heading ult-responsive\"  data-ultimate-target='.uvc-heading.ultimate-heading-419769f8259a69307 .uvc-sub-heading '  data-responsive-json-new='{\"font-size\":\"desktop:58px;mobile_landscape:38px;mobile:30px;\",\"line-height\":\"desktop:68px;mobile_landscape:48px;mobile:40px;\"}'  style=\"font-family:&#039;Raleway&#039;;font-weight:700;color:#ffffff;margin-top:10px;margin-bottom:20px;\">LA NOSTRA EMPRESA<\/div><\/div><style type=\"text\/css\" data-type=\"the7_shortcodes-inline-css\">.dt-breadcrumbs-id-00e7ad14fe45716ac790718ece057902 .breadcrumbs {\n  display: inline-block;\n  margin: 0;\n  padding: 2px 12px 2px 12px;\n  border: 1px solid rgba(255,255,255,0.25);\n  border-radius: 0px;\n}\n.dt-breadcrumbs-id-00e7ad14fe45716ac790718ece057902 .breadcrumbs * {\n  font-size: 13px;\n  line-height: 16px;\n  color: #ffffff;\n}<\/style><div class=\"dt-breadcrumbs-shortcode dt-breadcrumbs-id-00e7ad14fe45716ac790718ece057902 align-centre\"><div class=\"assistive-text\">You are here:<\/div><ol class=\"breadcrumbs text-small\" itemscope itemtype=\"https:\/\/schema.org\/BreadcrumbList\"><li itemprop=\"itemListElement\" itemscope itemtype=\"https:\/\/schema.org\/ListItem\"><a itemprop=\"item\" href=\"https:\/\/www.navarroaubanell.com\/ca\/\" title=\"Home\"><span itemprop=\"name\">Home<\/span><\/a><meta itemprop=\"position\" content=\"1\" \/><\/li><li class=\"current\" itemprop=\"itemListElement\" itemscope itemtype=\"https:\/\/schema.org\/ListItem\"><span itemprop=\"name\">Page<\/span><meta itemprop=\"position\" content=\"2\" \/><\/li><\/ol><\/div>[\/vc_column][\/vc_row][vc_row type=&#8221;vc_default&#8221; css=&#8221;.vc_custom_1490182889484{padding-top: 70px !important;padding-bottom: 20px !important;}&#8221;][vc_column width=&#8221;1\/2&#8243; css=&#8221;.vc_custom_1493397958301{padding-right: 30px !important;padding-left: 20px !important;}&#8221;]<div class=\"dt-fancy-separator title-left h2-size title-color\" style=\"width: 100%;\"><div class=\"dt-fancy-title\"><span class=\"separator-holder separator-left\" style=\"border-color: #f9a82f;\"><\/span>Qui som?<span class=\"separator-holder separator-right\" style=\"border-color: #f9a82f;\"><\/span><\/div><\/div>[vc_separator color=&#8221;white&#8221; border_width=&#8221;3&#8243; css=&#8221;.vc_custom_1505483944165{padding-top: 20px !important;background-color: #ffffff !important;}&#8221;][vc_wp_text]En primer lloc ens definim com una empresa de venda de mobiliari per a l&#8217;hoteleria i col\u00b7lectivitats. Per\u00f2 ens considerem molt m\u00e9s que aix\u00f2. Som vincles entre els teus desitjos decoratius i les opcions reals d&#8217;espai, oferint un assessorament sincer i de qualitat en relaci\u00f3 a l&#8217;interiorisme i el disseny. El nostre sector m\u00e9s fort s\u00f3n l&#8217;hoteleria, col\u00b7lectivitats i oficines, a les que servim amb gran atenci\u00f3 i qualitat des de fa d\u00e8cades.[\/vc_wp_text][\/vc_column][vc_column width=&#8221;1\/2&#8243; css=&#8221;.vc_custom_1493397964827{padding-right: 30px !important;padding-left: 20px !important;}&#8221;]<div class=\"dt-fancy-separator title-left h2-size title-color\" style=\"width: 100%;\"><div class=\"dt-fancy-title\"><span class=\"separator-holder separator-left\" style=\"border-color: #f9a82f;\"><\/span>Qu\u00e8 oferim?<span class=\"separator-holder separator-right\" style=\"border-color: #f9a82f;\"><\/span><\/div><\/div>[vc_separator color=&#8221;white&#8221; border_width=&#8221;2&#8243; css=&#8221;.vc_custom_1505483325292{padding-top: 20px !important;background-color: #ffffff !important;}&#8221;][vc_wp_text]Oferim mobiliari modern, funcional i a mida. Ens identifiquem per oferir un servei de qualitat, amb la intenci\u00f3 de millorar sempre i no deixar-nos v\u00e8ncer per la fabricaci\u00f3 en massa que inevitablement cau en l&#8217;escassa qualitat. Ens proposem oferir-te serveis d&#8217;assessorament en disseny i interiorisme perqu\u00e8 el que tu imagines pugui ser una realitat decorativa i funcional. El nostre punt de vista com a experts en venda i decoraci\u00f3 de mobiliari, col\u00b7laborar\u00e0 en crear espais harm\u00f2nics en els quals es poden millorar el rendiment i la confortabilitat de la teva pr\u00f2pia empresa.[\/vc_wp_text][\/vc_column][\/vc_row][vc_row type=&#8221;vc_default&#8221; css=&#8221;.vc_custom_1493996558415{padding-top: 70px !important;padding-bottom: 70px !important;}&#8221;][vc_column width=&#8221;1\/3&#8243;]<section class=\"shortcode-teaser img-full bounceInLeft animate-element\"><div class=\"shortcode-teaser-img\"><a class=\"rollover\" href=\"#\" target=\"_blank\"><img loading=\"lazy\" decoding=\"async\" src=\"https:\/\/www.navarroaubanell.com\/wp-content\/uploads\/2014\/03\/img-hoteleri\u0301a.jpg\" srcset=\"https:\/\/www.navarroaubanell.com\/wp-content\/uploads\/2014\/03\/img-hoteleri\u0301a.jpg 800w\" alt=\"Texto alternativo\" width=\"800\" height=\"600\" \/><\/a><\/div><div class=\"shortcode-teaser-content text-big\"><h1><span style=\"color: #868686;\">Mobles per a <span style=\"color: #000000;\">hoteleria<\/span><\/span><\/h1>\n<p>En Navarro Aubanell som especialistes en la creaci\u00f3 i implementaci\u00f3 de mobles per al sector hoteler.<\/p>\n<\/div><\/section>[\/vc_column][vc_column width=&#8221;1\/3&#8243;]<section class=\"shortcode-teaser img-full bounceInLeft animate-element\"><div class=\"shortcode-teaser-img\"><a class=\"rollover\" href=\"#\" target=\"_blank\"><img loading=\"lazy\" decoding=\"async\" src=\"https:\/\/www.navarroaubanell.com\/wp-content\/uploads\/2014\/03\/img-colectividades-1.jpg\" srcset=\"https:\/\/www.navarroaubanell.com\/wp-content\/uploads\/2014\/03\/img-colectividades-1.jpg 800w\" alt=\"Texto alternativo\" width=\"800\" height=\"600\" \/><\/a><\/div><div class=\"shortcode-teaser-content text-big\"><h1><span style=\"color: #868686;\">Mobles per a<\/span>\u00a0col\u00b7lectivitats<\/h1>\n<p>Servim amb gran atenci\u00f3 i qualitat diferents col\u00b7lectivitats cobrint les seves necessitats mobili\u00e0ries.<\/p>\n<\/div><\/section>[\/vc_column][vc_column width=&#8221;1\/3&#8243;]<section class=\"shortcode-teaser img-full bounceInLeft animate-element\"><div class=\"shortcode-teaser-img\"><a class=\"rollover\" href=\"#\" target=\"_blank\"><img loading=\"lazy\" decoding=\"async\" src=\"https:\/\/www.navarroaubanell.com\/wp-content\/uploads\/2014\/03\/img-oficinas-.jpg\" srcset=\"https:\/\/www.navarroaubanell.com\/wp-content\/uploads\/2014\/03\/img-oficinas-.jpg 800w\" alt=\"Texto alternativo\" width=\"800\" height=\"600\" \/><\/a><\/div><div class=\"shortcode-teaser-content text-big\"><h1><span style=\"color: #868686;\">Mobles per a<\/span> oficines<\/h1>\n<p>El millor moble per a l&#8217;oficina \u00e9s el moble que compleix amb les necessitats funcionals i decoratives<\/p>\n<\/div><\/section>[\/vc_column][\/vc_row]<\/p>\n<\/div>","protected":false},"excerpt":{"rendered":"<p>[vc_row type=&#8221;vc_default&#8221; margin_top=&#8221;-50&#8243; bg_type=&#8221;image&#8221; parallax_style=&#8221;vcpb-vz-jquery&#8221; bg_image_new=&#8221;id^18078|url^https:\/\/www.navarroaubanell.com\/wp-content\/uploads\/2014\/03\/nuestra-empresa-slider.jpg|caption^null|alt^null|title^nuestra-empresa-slider|description^null&#8221; bg_image_repeat=&#8221;no-repeat&#8221; bg_override=&#8221;ex-full&#8221; enable_overlay=&#8221;enable_overlay_value&#8221; overlay_color=&#8221;rgba(0,0,0,0.5)&#8221; overlay_pattern=&#8221;transperant&#8221; overlay_pattern_opacity=&#8221;25&#8243; css=&#8221;.vc_custom_1509973050531{padding-top: 10% !important;padding-bottom: 10% !important;background-color: #000000 !important;}&#8221; kswr_row_top_decor_enabled=&#8221;false&#8221; kswr_row_bottom_decor_enabled=&#8221;false&#8221;][vc_column width=&#8221;1\/2&#8243; offset=&#8221;vc_col-lg-12 vc_col-md-12&#8243; css=&#8221;.vc_custom_1476030031960{padding-bottom: 10px !important;}&#8221;][\/vc_column][\/vc_row][vc_row type=&#8221;vc_default&#8221; css=&#8221;.vc_custom_1490182889484{padding-top: 70px !important;padding-bottom: 20px !important;}&#8221;][vc_column width=&#8221;1\/2&#8243; css=&#8221;.vc_custom_1493397958301{padding-right: 30px !important;padding-left: 20px !important;}&#8221;][vc_separator color=&#8221;white&#8221; border_width=&#8221;3&#8243; css=&#8221;.vc_custom_1505483944165{padding-top: 20px !important;background-color: #ffffff !important;}&#8221;][vc_wp_text]En primer lloc ens definim com una empresa de venda&hellip;<\/p>\n","protected":false},"author":1,"featured_media":0,"parent":0,"menu_order":200,"comment_status":"closed","ping_status":"closed","template":"","meta":{"_acf_changed":false,"footnotes":""},"class_list":["post-20006","page","type-page","status-publish","hentry","description-off"],"acf":[],"yoast_head":"<!-- This site is optimized with the Yoast SEO plugin v27.0 - https:\/\/yoast.com\/product\/yoast-seo-wordpress\/ -->\n<title>Empresa de Mobles Artesanals a Mida - Navarro Aubanell<\/title>\n<meta name=\"description\" content=\"Empresa de mobles d&#039;alta qualitat: fabricaci\u00f3 i venda. Especialitzats en hoteleria i col\u00b7lectivitats. Podem complir amb tots els teus desigs decoratius.\" \/>\n<meta name=\"robots\" content=\"index, follow, max-snippet:-1, max-image-preview:large, max-video-preview:-1\" \/>\n<link rel=\"canonical\" href=\"https:\/\/www.navarroaubanell.com\/ca\/empresa\/\" \/>\n<meta property=\"og:locale\" content=\"ca_ES\" \/>\n<meta property=\"og:type\" content=\"article\" \/>\n<meta property=\"og:title\" content=\"Empresa de Mobles Artesanals a Mida - Navarro Aubanell\" \/>\n<meta property=\"og:description\" content=\"Empresa de mobles d&#039;alta qualitat: fabricaci\u00f3 i venda. Especialitzats en hoteleria i col\u00b7lectivitats. Podem complir amb tots els teus desigs decoratius.\" \/>\n<meta property=\"og:url\" content=\"https:\/\/www.navarroaubanell.com\/ca\/empresa\/\" \/>\n<meta property=\"og:site_name\" content=\"Navarro Aubanell\" \/>\n<meta property=\"article:modified_time\" content=\"2017-11-22T15:11:40+00:00\" \/>\n<meta name=\"twitter:label1\" content=\"Est. reading time\" \/>\n\t<meta name=\"twitter:data1\" content=\"3 minutes\" \/>\n<script type=\"application\/ld+json\" class=\"yoast-schema-graph\">{\"@context\":\"https:\/\/schema.org\",\"@graph\":[{\"@type\":\"WebPage\",\"@id\":\"https:\/\/www.navarroaubanell.com\/ca\/empresa\/\",\"url\":\"https:\/\/www.navarroaubanell.com\/ca\/empresa\/\",\"name\":\"Empresa de Mobles Artesanals a Mida - Navarro Aubanell\",\"isPartOf\":{\"@id\":\"https:\/\/www.navarroaubanell.com\/ca\/#website\"},\"datePublished\":\"2014-03-18T10:03:13+00:00\",\"dateModified\":\"2017-11-22T15:11:40+00:00\",\"description\":\"Empresa de mobles d'alta qualitat: fabricaci\u00f3 i venda. Especialitzats en hoteleria i col\u00b7lectivitats. Podem complir amb tots els teus desigs decoratius.\",\"breadcrumb\":{\"@id\":\"https:\/\/www.navarroaubanell.com\/ca\/empresa\/#breadcrumb\"},\"inLanguage\":\"ca\",\"potentialAction\":[{\"@type\":\"ReadAction\",\"target\":[\"https:\/\/www.navarroaubanell.com\/ca\/empresa\/\"]}]},{\"@type\":\"BreadcrumbList\",\"@id\":\"https:\/\/www.navarroaubanell.com\/ca\/empresa\/#breadcrumb\",\"itemListElement\":[{\"@type\":\"ListItem\",\"position\":1,\"name\":\"Portada\",\"item\":\"https:\/\/www.navarroaubanell.com\/ca\/\"},{\"@type\":\"ListItem\",\"position\":2,\"name\":\"Empresa\"}]},{\"@type\":\"WebSite\",\"@id\":\"https:\/\/www.navarroaubanell.com\/ca\/#website\",\"url\":\"https:\/\/www.navarroaubanell.com\/ca\/\",\"name\":\"Navarro Aubanell\",\"description\":\"Mobiliario para hoteler\u00eda, colectividades y oficinas\",\"publisher\":{\"@id\":\"https:\/\/www.navarroaubanell.com\/ca\/#organization\"},\"potentialAction\":[{\"@type\":\"SearchAction\",\"target\":{\"@type\":\"EntryPoint\",\"urlTemplate\":\"https:\/\/www.navarroaubanell.com\/ca\/?s={search_term_string}\"},\"query-input\":{\"@type\":\"PropertyValueSpecification\",\"valueRequired\":true,\"valueName\":\"search_term_string\"}}],\"inLanguage\":\"ca\"},{\"@type\":\"Organization\",\"@id\":\"https:\/\/www.navarroaubanell.com\/ca\/#organization\",\"name\":\"COMERCIAL NAVARRO AUBANELL, S.A\",\"url\":\"https:\/\/www.navarroaubanell.com\/ca\/\",\"logo\":{\"@type\":\"ImageObject\",\"inLanguage\":\"ca\",\"@id\":\"https:\/\/www.navarroaubanell.com\/ca\/#\/schema\/logo\/image\/\",\"url\":\"https:\/\/www.navarroaubanell.com\/wp-content\/uploads\/2017\/07\/logo-navarro-aubuanell.png\",\"contentUrl\":\"https:\/\/www.navarroaubanell.com\/wp-content\/uploads\/2017\/07\/logo-navarro-aubuanell.png\",\"width\":6304,\"height\":1154,\"caption\":\"COMERCIAL NAVARRO AUBANELL, S.A\"},\"image\":{\"@id\":\"https:\/\/www.navarroaubanell.com\/ca\/#\/schema\/logo\/image\/\"}}]}<\/script>\n<!-- \/ Yoast SEO plugin. -->","yoast_head_json":{"title":"Empresa de Mobles Artesanals a Mida - Navarro Aubanell","description":"Empresa de mobles d'alta qualitat: fabricaci\u00f3 i venda. Especialitzats en hoteleria i col\u00b7lectivitats. Podem complir amb tots els teus desigs decoratius.","robots":{"index":"index","follow":"follow","max-snippet":"max-snippet:-1","max-image-preview":"max-image-preview:large","max-video-preview":"max-video-preview:-1"},"canonical":"https:\/\/www.navarroaubanell.com\/ca\/empresa\/","og_locale":"ca_ES","og_type":"article","og_title":"Empresa de Mobles Artesanals a Mida - Navarro Aubanell","og_description":"Empresa de mobles d'alta qualitat: fabricaci\u00f3 i venda. Especialitzats en hoteleria i col\u00b7lectivitats. Podem complir amb tots els teus desigs decoratius.","og_url":"https:\/\/www.navarroaubanell.com\/ca\/empresa\/","og_site_name":"Navarro Aubanell","article_modified_time":"2017-11-22T15:11:40+00:00","twitter_misc":{"Est. reading time":"3 minutes"},"schema":{"@context":"https:\/\/schema.org","@graph":[{"@type":"WebPage","@id":"https:\/\/www.navarroaubanell.com\/ca\/empresa\/","url":"https:\/\/www.navarroaubanell.com\/ca\/empresa\/","name":"Empresa de Mobles Artesanals a Mida - Navarro Aubanell","isPartOf":{"@id":"https:\/\/www.navarroaubanell.com\/ca\/#website"},"datePublished":"2014-03-18T10:03:13+00:00","dateModified":"2017-11-22T15:11:40+00:00","description":"Empresa de mobles d'alta qualitat: fabricaci\u00f3 i venda. Especialitzats en hoteleria i col\u00b7lectivitats. Podem complir amb tots els teus desigs decoratius.","breadcrumb":{"@id":"https:\/\/www.navarroaubanell.com\/ca\/empresa\/#breadcrumb"},"inLanguage":"ca","potentialAction":[{"@type":"ReadAction","target":["https:\/\/www.navarroaubanell.com\/ca\/empresa\/"]}]},{"@type":"BreadcrumbList","@id":"https:\/\/www.navarroaubanell.com\/ca\/empresa\/#breadcrumb","itemListElement":[{"@type":"ListItem","position":1,"name":"Portada","item":"https:\/\/www.navarroaubanell.com\/ca\/"},{"@type":"ListItem","position":2,"name":"Empresa"}]},{"@type":"WebSite","@id":"https:\/\/www.navarroaubanell.com\/ca\/#website","url":"https:\/\/www.navarroaubanell.com\/ca\/","name":"Navarro Aubanell","description":"Mobiliario para hoteler\u00eda, colectividades y oficinas","publisher":{"@id":"https:\/\/www.navarroaubanell.com\/ca\/#organization"},"potentialAction":[{"@type":"SearchAction","target":{"@type":"EntryPoint","urlTemplate":"https:\/\/www.navarroaubanell.com\/ca\/?s={search_term_string}"},"query-input":{"@type":"PropertyValueSpecification","valueRequired":true,"valueName":"search_term_string"}}],"inLanguage":"ca"},{"@type":"Organization","@id":"https:\/\/www.navarroaubanell.com\/ca\/#organization","name":"COMERCIAL NAVARRO AUBANELL, S.A","url":"https:\/\/www.navarroaubanell.com\/ca\/","logo":{"@type":"ImageObject","inLanguage":"ca","@id":"https:\/\/www.navarroaubanell.com\/ca\/#\/schema\/logo\/image\/","url":"https:\/\/www.navarroaubanell.com\/wp-content\/uploads\/2017\/07\/logo-navarro-aubuanell.png","contentUrl":"https:\/\/www.navarroaubanell.com\/wp-content\/uploads\/2017\/07\/logo-navarro-aubuanell.png","width":6304,"height":1154,"caption":"COMERCIAL NAVARRO AUBANELL, S.A"},"image":{"@id":"https:\/\/www.navarroaubanell.com\/ca\/#\/schema\/logo\/image\/"}}]}},"_links":{"self":[{"href":"https:\/\/www.navarroaubanell.com\/ca\/wp-json\/wp\/v2\/pages\/20006","targetHints":{"allow":["GET"]}}],"collection":[{"href":"https:\/\/www.navarroaubanell.com\/ca\/wp-json\/wp\/v2\/pages"}],"about":[{"href":"https:\/\/www.navarroaubanell.com\/ca\/wp-json\/wp\/v2\/types\/page"}],"author":[{"embeddable":true,"href":"https:\/\/www.navarroaubanell.com\/ca\/wp-json\/wp\/v2\/users\/1"}],"replies":[{"embeddable":true,"href":"https:\/\/www.navarroaubanell.com\/ca\/wp-json\/wp\/v2\/comments?post=20006"}],"version-history":[{"count":0,"href":"https:\/\/www.navarroaubanell.com\/ca\/wp-json\/wp\/v2\/pages\/20006\/revisions"}],"wp:attachment":[{"href":"https:\/\/www.navarroaubanell.com\/ca\/wp-json\/wp\/v2\/media?parent=20006"}],"curies":[{"name":"wp","href":"https:\/\/api.w.org\/{rel}","templated":true}]}}